{"id":4751,"date":"2023-11-11T14:34:02","date_gmt":"2023-11-11T13:34:02","guid":{"rendered":"https:\/\/vetomshop.hu\/termek\/vita-medal\/"},"modified":"2023-11-11T14:34:02","modified_gmt":"2023-11-11T13:34:02","slug":"vita-medal","status":"publish","type":"product","link":"https:\/\/vetomshop.hu\/cs\/produkt\/vita-medal\/","title":{"rendered":"Medaile za debatu"},"content":{"rendered":"<h4>Medaile za debatu<\/h4>\n<p><strong>Hlavn\u00ed funkce:\u00a0<\/strong>Je dopl\u0148kov\u00fdm n\u00e1strojem pro prevenci a dopl\u0148kovou l\u00e9\u010dbu onemocn\u011bn\u00ed tr\u00e1vic\u00edho traktu a pro aktivaci regenera\u010dn\u00edch proces\u016f po onemocn\u011bn\u00ed.<\/p>\n<p><strong>Kr\u00e1tk\u00fd popis<\/strong><\/p>\n<p>Spektr\u00e1ln\u00ed vzor zaznamenan\u00fd na medailonu Vita Health odpov\u00edd\u00e1 vibrac\u00edm org\u00e1n\u016f, tk\u00e1n\u00ed a org\u00e1n\u016f tr\u00e1vic\u00edho traktu. Odpov\u00edd\u00e1<br \/>\nvibrac\u00ed antihomotoxick\u00fdch l\u00e9k\u016f, kter\u00e9 maj\u00ed imunomodula\u010dn\u00ed, protiz\u00e1n\u011btliv\u00e9 a desenzibilizuj\u00edc\u00ed (znecitlivuj\u00edc\u00ed) \u00fa\u010dinky.<\/p>\n<p>Tr\u00e1vic\u00ed soustava je soubor fyzik\u00e1ln\u00edch, chemick\u00fdch a fyziologick\u00fdch proces\u016f, p\u0159i nich\u017e se p\u0159ijat\u00e1 potrava p\u0159em\u011b\u0148uje na jednoduch\u00e9 chemick\u00e9 vazby a je asimilov\u00e1na bu\u0148kami.<\/p>\n<div class=\"su-spoiler su-spoiler-style-defoult su-spoiler-icon-caret su-spoiler-closed\" data-scroll-offset=\"0\" data-anchor-in-url=\"no\"><div class=\"su-spoiler-title\" tabindex=\"0\" role=\"button\"><span class=\"su-spoiler-icon\"><\/span>V\u0161echny<\/div><div class=\"su-spoiler-content su-u-clearfix su-u-trim\">\nTyto procesy prob\u00edhaj\u00ed v ur\u010dit\u00e9m po\u0159ad\u00ed v tr\u00e1vic\u00edm traktu (dutina \u00fastn\u00ed, hrdlo, j\u00edcen, \u017ealudek, tenk\u00e9 a tlust\u00e9 st\u0159evo, j\u00e1tra, \u017elu\u010d a slinivka b\u0159i\u0161n\u00ed). Proces je prov\u00e1d\u011bn regula\u010dn\u00edmi mechanismy na r\u016fzn\u00fdch \u00farovn\u00edch. Podstatou fungov\u00e1n\u00ed tr\u00e1vic\u00ed soustavy je jej\u00ed postupn\u00fd v\u00fdvoj, jeho\u017e v\u00fdsledkem je rozklad potravy na vst\u0159ebateln\u00e9 monomery.<br \/>\n<\/div><\/div>","protected":false},"excerpt":{"rendered":"<p>Vita Med\u00e1l F\u0151 funkci\u00f3ja:\u00a0Kieg\u00e9sz\u00edt\u0151 eszk\u00f6z a az em\u00e9szt\u0151rendszeri betegs\u00e9gek megel\u0151z\u00e9s\u00e9re \u00e9s kieg\u00e9sz\u00edt\u0151 kezel\u00e9s\u00e9re, a betegs\u00e9gek ut\u00e1ni regener\u00e1ci\u00f3s folyamatok aktiv\u00e1l\u00e1s\u00e1ra. R\u00f6vid ismertet\u0151 A spektr\u00e1lis minta, mely a Vita Eg\u00e9szs\u00e9g Med\u00e1lon van r\u00f6gz\u00edtve, megfelel az em\u00e9szt\u0151rendszer szervei, sz\u00f6vetei \u00e9s szervei rezg\u00e9s\u00e9nek. Megfelel azoknak az antihomotoxikus k\u00e9sz\u00edtm\u00e9nyek rezg\u00e9s\u00e9nek, melyek immunmodul\u00e1l\u00f3, gyullad\u00e1scs\u00f6kkent\u0151, deszenzibiliz\u00e1l\u00f3 (\u00e9rz\u00e9kenys\u00e9get cs\u00f6kkent\u0151) hat\u00e1ssal b\u00edrnak. Az em\u00e9szt\u0151rendszer [&hellip;]<\/p>\n","protected":false},"featured_media":4750,"comment_status":"open","ping_status":"closed","template":"","meta":[],"product_brand":[],"product_cat":[33,32],"product_tag":[],"class_list":{"0":"post-4751","1":"product","2":"type-product","3":"status-publish","4":"has-post-thumbnail","6":"product_cat-egeszseg-medalok","7":"product_cat-triomed","9":"first","10":"instock","11":"taxable","12":"shipping-taxable","13":"purchasable","14":"product-type-simple"},"_links":{"self":[{"href":"https:\/\/vetomshop.hu\/cs\/wp-json\/wp\/v2\/product\/4751","targetHints":{"allow":["GET"]}}],"collection":[{"href":"https:\/\/vetomshop.hu\/cs\/wp-json\/wp\/v2\/product"}],"about":[{"href":"https:\/\/vetomshop.hu\/cs\/wp-json\/wp\/v2\/types\/product"}],"replies":[{"embeddable":true,"href":"https:\/\/vetomshop.hu\/cs\/wp-json\/wp\/v2\/comments?post=4751"}],"wp:featuredmedia":[{"embeddable":true,"href":"https:\/\/vetomshop.hu\/cs\/wp-json\/wp\/v2\/media\/4750"}],"wp:attachment":[{"href":"https:\/\/vetomshop.hu\/cs\/wp-json\/wp\/v2\/media?parent=4751"}],"wp:term":[{"taxonomy":"product_brand","embeddable":true,"href":"https:\/\/vetomshop.hu\/cs\/wp-json\/wp\/v2\/product_brand?post=4751"},{"taxonomy":"product_cat","embeddable":true,"href":"https:\/\/vetomshop.hu\/cs\/wp-json\/wp\/v2\/product_cat?post=4751"},{"taxonomy":"product_tag","embeddable":true,"href":"https:\/\/vetomshop.hu\/cs\/wp-json\/wp\/v2\/product_tag?post=4751"}],"curies":[{"name":"wp","href":"https:\/\/api.w.org\/{rel}","templated":true}]}}