{"id":4753,"date":"2023-11-11T14:34:02","date_gmt":"2023-11-11T13:34:02","guid":{"rendered":"https:\/\/vetomshop.hu\/termek\/zold-dio-medal\/"},"modified":"2023-11-11T14:34:02","modified_gmt":"2023-11-11T13:34:02","slug":"zold-dio-medal","status":"publish","type":"product","link":"https:\/\/vetomshop.hu\/cs\/produkt\/zold-dio-medal\/","title":{"rendered":"Zelen\u00e1 o\u0159echov\u00e1 medaile"},"content":{"rendered":"<h4>Nuces Virides - Zelen\u00e1 o\u0159echov\u00e1 medaile<\/h4>\n<p>Tradi\u010dn\u00ed pou\u017eit\u00ed jako l\u00e9\u010div\u00e1 bylina: tonikum, povzbuzuj\u00edc\u00ed, tr\u00e1vic\u00ed a detoxika\u010dn\u00ed prost\u0159edek. Proto se doporu\u010duje p\u0159i ang\u00edn\u011b pectoris, lymfatick\u00fdch chorob\u00e1ch, tuberkul\u00f3ze plic a kost\u00ed. Dob\u0159e pozorovateln\u00e9 jsou jej\u00ed \u00fa\u010dinky na tr\u00e1vic\u00ed syst\u00e9m a svaly. Je \u010disti\u010dem krve, stimuluje \u010dinnost jater a krevn\u00ed ob\u011bh. Jeho antibiotick\u00e9 p\u016fsoben\u00ed je v lidov\u00e9m l\u00e9\u010ditelstv\u00ed zn\u00e1mo ji\u017e dlouho.<\/p>\n<p>Na venkov\u011b se pou\u017e\u00edval tak\u00e9 k l\u00e9\u010db\u011b sn\u011bti slezinn\u00e9. Je \u00fa\u010dinn\u00fd p\u0159i cukrovce, proto\u017ee upravuje metabolismus, sni\u017euje hladinu cukru v krvi, zm\u00edr\u0148uje \u017e\u00edze\u0148, sni\u017euje mo\u010den\u00ed a zabra\u0148uje komplikac\u00edm. Listy<br \/>\nmaj\u00ed stahuj\u00edc\u00ed \u00fa\u010dinky, tak\u017ee se pou\u017e\u00edvaj\u00ed p\u0159i m\u00edrn\u00e9m pr\u016fjmu a gastritid\u011b a p\u0159i za\u017e\u00edvac\u00edch pot\u00ed\u017e\u00edch. Je tak\u00e9 \u00fa\u010dinn\u00fd p\u0159i zastavov\u00e1n\u00ed krv\u00e1cen\u00ed a zlep\u0161ov\u00e1n\u00ed krevn\u00edho ob\u011bhu v noh\u00e1ch.<\/p>\n<div class=\"su-spoiler su-spoiler-style-defoult su-spoiler-icon-caret su-spoiler-closed\" data-scroll-offset=\"0\" data-anchor-in-url=\"no\"><div class=\"su-spoiler-title\" tabindex=\"0\" role=\"button\"><span class=\"su-spoiler-icon\"><\/span>V\u0161echny<\/div><div class=\"su-spoiler-content su-u-clearfix su-u-trim\">\nTi, kte\u0159\u00ed jej pou\u017e\u00edvali, uv\u00e1d\u011bj\u00ed vynikaj\u00edc\u00ed v\u00fdsledky p\u0159i l\u00e9\u010db\u011b \u017ealude\u010dn\u00edch a nosn\u00edch polyp\u016f.<\/p>\n<p>Lidov\u00e9 l\u00e9\u010ditelstv\u00ed ji u\u017e od starov\u011bku pou\u017e\u00edvalo v boji proti zhoubn\u00fdm i nezhoubn\u00fdm n\u00e1dor\u016fm.<br \/>\n<\/div><\/div>","protected":false},"excerpt":{"rendered":"<p>Nuces Virides \u2013 Z\u00f6ld Di\u00f3 Med\u00e1l Gy\u00f3gyn\u00f6v\u00e9nyk\u00e9nt val\u00f3 hagyom\u00e1nyos felhaszn\u00e1l\u00e1sa: toniz\u00e1l\u00f3, stimul\u00e1l\u00f3, em\u00e9szt\u00e9st el\u0151seg\u00edt\u0151 \u00e9s salaktalan\u00edt\u00f3. Ez\u00e9rt aj\u00e1nlj\u00e1k angolk\u00f3rra, nyirokrendszeri betegs\u00e9gekre, t\u00fcd\u0151-\u00e9s csont tbc-re. J\u00f3l megfigyelhet\u0151 hat\u00e1sa van az em\u00e9szt\u0151rendszerre \u00e9s az izomzatra. V\u00e9rtiszt\u00edt\u00f3, serkenti a m\u00e1j tev\u00e9kenys\u00e9g\u00e9t \u00e9s a v\u00e9rkering\u00e9st. Antibiotikus hat\u00e1sa r\u00e9g\u00f3ta ismert a n\u00e9pgy\u00f3gy\u00e1szatban. Vid\u00e9ken a l\u00e9pfen\u00e9t is k\u00far\u00e1lt\u00e1k vele. Cukorbetegs\u00e9gre az\u00e9rt [&hellip;]<\/p>\n","protected":false},"featured_media":4752,"comment_status":"open","ping_status":"closed","template":"","meta":[],"product_brand":[],"product_cat":[33,32],"product_tag":[],"class_list":{"0":"post-4753","1":"product","2":"type-product","3":"status-publish","4":"has-post-thumbnail","6":"product_cat-egeszseg-medalok","7":"product_cat-triomed","9":"first","10":"instock","11":"taxable","12":"shipping-taxable","13":"purchasable","14":"product-type-simple"},"_links":{"self":[{"href":"https:\/\/vetomshop.hu\/cs\/wp-json\/wp\/v2\/product\/4753","targetHints":{"allow":["GET"]}}],"collection":[{"href":"https:\/\/vetomshop.hu\/cs\/wp-json\/wp\/v2\/product"}],"about":[{"href":"https:\/\/vetomshop.hu\/cs\/wp-json\/wp\/v2\/types\/product"}],"replies":[{"embeddable":true,"href":"https:\/\/vetomshop.hu\/cs\/wp-json\/wp\/v2\/comments?post=4753"}],"wp:featuredmedia":[{"embeddable":true,"href":"https:\/\/vetomshop.hu\/cs\/wp-json\/wp\/v2\/media\/4752"}],"wp:attachment":[{"href":"https:\/\/vetomshop.hu\/cs\/wp-json\/wp\/v2\/media?parent=4753"}],"wp:term":[{"taxonomy":"product_brand","embeddable":true,"href":"https:\/\/vetomshop.hu\/cs\/wp-json\/wp\/v2\/product_brand?post=4753"},{"taxonomy":"product_cat","embeddable":true,"href":"https:\/\/vetomshop.hu\/cs\/wp-json\/wp\/v2\/product_cat?post=4753"},{"taxonomy":"product_tag","embeddable":true,"href":"https:\/\/vetomshop.hu\/cs\/wp-json\/wp\/v2\/product_tag?post=4753"}],"curies":[{"name":"wp","href":"https:\/\/api.w.org\/{rel}","templated":true}]}}