{"id":4755,"date":"2023-11-11T14:34:03","date_gmt":"2023-11-11T13:34:03","guid":{"rendered":"https:\/\/vetomshop.hu\/termek\/menedzser-kartya\/"},"modified":"2023-11-11T14:34:03","modified_gmt":"2023-11-11T13:34:03","slug":"menedzser-kartya","status":"publish","type":"product","link":"https:\/\/vetomshop.hu\/cs\/produkt\/menedzser-kartya\/","title":{"rendered":"Karta mana\u017eera"},"content":{"rendered":"<h4>K \u010demu slou\u017e\u00ed karta MENEDZSER CARD?<\/h4>\n<p><strong>KARTA MANA\u017dERA<\/strong> - p\u0159\u00edstroj pro prevenci a l\u00e9\u010dbu chronick\u00e9 \u00fanavy a syndromu z p\u0159epracov\u00e1n\u00ed, pro zv\u00fd\u0161en\u00ed pracovn\u00ed kapacity, aktivaci regenera\u010dn\u00edch proces\u016f po stresov\u00e9m pracovn\u00edm zat\u00ed\u017een\u00ed a zv\u00fd\u0161en\u00ed imunity.<\/p>\n<p>Fungov\u00e1n\u00ed karty MENEDZSER CARD podporuje kognitivn\u00ed procesy. Je zam\u011b\u0159ena na aktivaci pam\u011b\u0165ov\u00fdch proces\u016f, umo\u017e\u0148uje okam\u017eit\u00e9 zapamatov\u00e1n\u00ed pot\u0159ebn\u00fdch informac\u00ed, zvy\u0161uje rychlost my\u0161len\u00ed, obnovuje norm\u00e1ln\u00ed pr\u016fb\u011bh fyziologick\u00fdch proces\u016f v bu\u0148k\u00e1ch a tk\u00e1n\u00edch centr\u00e1ln\u00edho nervov\u00e9ho syst\u00e9mu, zvy\u0161uje jejich stabilitu v\u016f\u010di \u0161kodliv\u00fdm vliv\u016fm vn\u011bj\u0161\u00edho sv\u011bta.<\/p>\n<p><strong>\u00da\u010dinky:<\/strong><\/p>\n<ul>\n<li>podporuje krevn\u00ed ob\u011bh a metabolick\u00e9 procesy v centr\u00e1ln\u00ed nervov\u00e9 soustav\u011b a pom\u00e1h\u00e1 obnovovat funkce centr\u00e1ln\u00ed nervov\u00e9 soustavy;<\/li>\n<li>pom\u00e1h\u00e1 zlep\u0161ovat pam\u011b\u0165 a umo\u017e\u0148uje v\u00e1m vst\u0159ebat v\u00edce informac\u00ed;<\/li>\n<li>podporuje koncentraci,<\/li>\n<li>sni\u017euje \u00fanavu b\u011bhem aktivity;<\/li>\n<li>sni\u017euje nervov\u00e9 a emo\u010dn\u00ed nap\u011bt\u00ed p\u0159i pr\u00e1ci s po\u010d\u00edta\u010dem;<\/li>\n<li>harmonizuje emocion\u00e1ln\u011b-psychick\u00fd postoj;<\/li>\n<li>zlep\u0161uje intuici,<\/li>\n<li>pom\u00e1h\u00e1 p\u0159edch\u00e1zet vzniku chronick\u00e9ho stresu a \u00fanavy.<\/li>\n<\/ul>\n<div class=\"su-spoiler su-spoiler-style-defoult su-spoiler-icon-caret su-spoiler-closed\" data-scroll-offset=\"0\" data-anchor-in-url=\"no\"><div class=\"su-spoiler-title\" tabindex=\"0\" role=\"button\"><span class=\"su-spoiler-icon\"><\/span>V\u0161echny<\/div><div class=\"su-spoiler-content su-u-clearfix su-u-trim\">\n<strong>S pomoc\u00ed:<\/strong><\/p>\n<ul>\n<li>se zam\u011b\u0159\u00ed na hlavn\u00ed v\u011bci,<\/li>\n<li>podporuje pozitivn\u00ed p\u0159\u00edstup k \u017eivotu a rozvoj odhodl\u00e1n\u00ed,<\/li>\n<li>v\u00e1m pom\u016f\u017ee zam\u011b\u0159it se na \u00fasp\u011bch a c\u00edl,<\/li>\n<li>podporuje pocit \u00fasp\u011bchu, sebed\u016fv\u011bru a v\u00edru v \u00fasp\u011bch c\u00edle!<\/li>\n<\/ul>\n<\/div><\/div>","protected":false},"excerpt":{"rendered":"<p>Mire szolg\u00e1l a MENEDZSER K\u00c1RTYA? MENEDZSER K\u00c1RTYA \u2013 a kr\u00f3nikus f\u00e1rad\u00e9konys\u00e1g \u00e9s a t\u00falhajszolts\u00e1g szindr\u00f3m\u00e1ja megel\u0151z\u00e9s\u00e9re \u00e9s kezel\u00e9s\u00e9re, a munkab\u00edr\u00e1s n\u00f6vel\u00e9s\u00e9re, az \u00e1tv\u00e9szelt stressz-megterhel\u00e9seket k\u00f6vet\u0151 regener\u00e1ci\u00f3s folyamatok aktiviz\u00e1l\u00e1s\u00e1ra, az immunit\u00e1s n\u00f6vel\u00e9s\u00e9re szolg\u00e1l\u00f3 k\u00e9sz\u00fcl\u00e9k. A MENEDZSER K\u00c1RTYA m\u0171k\u00f6d\u00e9se a kognit\u00edv folyamatok m\u0171k\u00f6d\u00e9s\u00e9t t\u00e1mogatja. Az eml\u00e9kez\u00e9s folyamatainak aktiviz\u00e1l\u00e1s\u00e1ra, a sz\u00fcks\u00e9ges inform\u00e1ci\u00f3 azonnali memoriz\u00e1l\u00e1s\u00e1nak lehet\u0151s\u00e9g\u00e9re, a gondolkod\u00e1s sebess\u00e9g\u00e9nek [&hellip;]<\/p>\n","protected":false},"featured_media":4754,"comment_status":"open","ping_status":"closed","template":"","meta":[],"product_brand":[],"product_cat":[33,32],"product_tag":[],"class_list":{"0":"post-4755","1":"product","2":"type-product","3":"status-publish","4":"has-post-thumbnail","6":"product_cat-egeszseg-medalok","7":"product_cat-triomed","9":"first","10":"instock","11":"taxable","12":"shipping-taxable","13":"purchasable","14":"product-type-simple"},"_links":{"self":[{"href":"https:\/\/vetomshop.hu\/cs\/wp-json\/wp\/v2\/product\/4755","targetHints":{"allow":["GET"]}}],"collection":[{"href":"https:\/\/vetomshop.hu\/cs\/wp-json\/wp\/v2\/product"}],"about":[{"href":"https:\/\/vetomshop.hu\/cs\/wp-json\/wp\/v2\/types\/product"}],"replies":[{"embeddable":true,"href":"https:\/\/vetomshop.hu\/cs\/wp-json\/wp\/v2\/comments?post=4755"}],"wp:featuredmedia":[{"embeddable":true,"href":"https:\/\/vetomshop.hu\/cs\/wp-json\/wp\/v2\/media\/4754"}],"wp:attachment":[{"href":"https:\/\/vetomshop.hu\/cs\/wp-json\/wp\/v2\/media?parent=4755"}],"wp:term":[{"taxonomy":"product_brand","embeddable":true,"href":"https:\/\/vetomshop.hu\/cs\/wp-json\/wp\/v2\/product_brand?post=4755"},{"taxonomy":"product_cat","embeddable":true,"href":"https:\/\/vetomshop.hu\/cs\/wp-json\/wp\/v2\/product_cat?post=4755"},{"taxonomy":"product_tag","embeddable":true,"href":"https:\/\/vetomshop.hu\/cs\/wp-json\/wp\/v2\/product_tag?post=4755"}],"curies":[{"name":"wp","href":"https:\/\/api.w.org\/{rel}","templated":true}]}}