{"id":6957,"date":"2025-07-26T15:40:40","date_gmt":"2025-07-26T13:40:40","guid":{"rendered":"https:\/\/vetomshop.hu\/?post_type=product&#038;p=6957"},"modified":"2025-12-31T14:57:45","modified_gmt":"2025-12-31T13:57:45","slug":"bioseptin-probiotikus-kenocs-60-g","status":"publish","type":"product","link":"https:\/\/vetomshop.hu\/cs\/produkt\/bioseptin-probiotikus-kenocs-60-g\/","title":{"rendered":"Probiotick\u00e1 mast Bioseptin <span style=\"color:red\">60<\/span> g"},"content":{"rendered":"<p><span style=\"font-size: x-large;\"><b>Bioseptin probiotick\u00e1 mast 60 g<\/b><\/span><\/p>\n<p><span style=\"font-size: x-large;\">Bioseptinov\u00e1 mast m\u00e1 antiseptick\u00e9, protiz\u00e1n\u011btliv\u00e9 a b\u00edlkoviny \u0161t\u011bp\u00edc\u00ed vlastnosti. Obsahuje bakteri\u00e1ln\u00ed spory Bacillus subtilis a Bacillus licheniformis, kter\u00e9 jsou \u00fa\u010dinn\u00e9 proti \u0161irok\u00e9 \u0161k\u00e1le patogen\u016f. Ni\u010d\u00ed patogenn\u00ed bakterie na povrchu r\u00e1ny, a\u0165 u\u017e v prost\u0159ed\u00ed n\u00e1ro\u010dn\u00e9m na kysl\u00edk nebo bez n\u011bj, zejm\u00e9na grampozitivn\u00ed typy. Pom\u00e1haj\u00ed rozkl\u00e1dat odum\u0159elou tk\u00e1\u0148 a \u0161kodliv\u00e9 bakterie, \u010d\u00edm\u017e zabra\u0148uj\u00ed op\u011btovn\u00e9 infekci a urychluj\u00ed hojen\u00ed r\u00e1ny. Mast nezp\u016fsobuje podr\u00e1\u017ed\u011bn\u00ed a nedoch\u00e1z\u00ed k alergick\u00fdm reakc\u00edm.<\/span><\/p>\n<p><span style=\"font-size: x-large;\"><b>Slo\u017een\u00ed a prezentace:<\/b><\/span><\/p>\n<p><span style=\"font-size: x-large;\">Mast obsahuje spory dvou bakteri\u00e1ln\u00edch kmen\u016f v agarov\u00e9m (gelov\u00e9m) z\u00e1kladu a ethylalkohol. Neobsahuje \u017e\u00e1dn\u00e9 geneticky modifikovan\u00e9 slo\u017eky. Ka\u017ed\u00fd gram masti obsahuje nejm\u00e9n\u011b jeden milion \u017eiv\u00fdch bakteri\u00e1ln\u00edch bun\u011bk.<\/span><\/p>\n<p>N\u011bkolik zem\u00ed mezin\u00e1rodn\u00ed organizace spole\u010dn\u011b zavedlo z\u00e1kaz obchodov\u00e1n\u00ed (embargo) s kosmetick\u00fdmi p\u0159\u00edpravky, tak\u017ee mast Bioseptin byla v Ma\u010farsku registrov\u00e1na jako veterin\u00e1rn\u00ed l\u00e9\u010div\u00fd p\u0159\u00edpravek. .<\/p>\n<p><span style=\"font-size: x-large;\"><b>Jak pou\u017e\u00edvat:<\/b><\/span><\/p>\n<p><span style=\"font-size: x-large;\">Zevn\u011b by se m\u011bl nan\u00e1\u0161et na po\u0161kozenou oblast k\u016f\u017ee 1-2kr\u00e1t denn\u011b, dokud se nezhoj\u00ed. O\u0161et\u0159enou oblast nen\u00ed t\u0159eba obvazovat.<\/span><\/p>\n<p><span style=\"font-size: x-large;\"><b>Kdy nepou\u017e\u00edvat:<\/b><\/span><\/p>\n<p><span style=\"font-size: x-large;\">\u00a0 \u00a0Pokud jste citliv\u00ed na n\u011bkterou ze slo\u017eek tohoto produktu, nedoporu\u010dujeme jej pou\u017e\u00edvat. Nem\u011bl by se tak\u00e9 pou\u017e\u00edvat v kombinaci s antibiotiky, sulfonamidy nebo jin\u00fdmi p\u0159\u00edpravky na b\u00e1zi bakteri\u00ed.<\/span><\/p>\n<p><span style=\"font-size: x-large;\"><b>D\u016fle\u017eit\u00e9 informace:<\/b><\/span><\/p>\n<p><span style=\"font-size: x-large;\"><span style=\"color: #127622;\"><b>U lid\u00ed je pou\u017eit\u00ed masti:<\/b><\/span><\/span><\/p>\n<p><span style=\"font-size: large;\">Na posti\u017een\u00e9 m\u00edsto nan\u00e1\u0161ejte 1-2kr\u00e1t denn\u011b tenkou vrstvu, dokud se r\u00e1na nezahoj\u00ed.<\/span><\/p>\n<p><span style=\"font-size: large;\">P\u0159ed\u00e1vkov\u00e1n\u00ed nen\u00ed mo\u017en\u00e9.<\/span><\/p>\n<p><span style=\"font-size: x-large;\"><span style=\"color: #127622;\"><b>U zv\u00ed\u0159at aplikace masti:<\/b><\/span><\/span><\/p>\n<p><span style=\"font-size: x-large;\">Jakmile jsou zv\u00ed\u0159ata o\u0161et\u0159ena, nen\u00ed t\u0159eba \u010dekat na to, a\u017e bude mo\u017en\u00e9 jejich maso nebo jin\u00e9 produkty (nap\u0159. vejce, ml\u00e9ko) pou\u017e\u00edt jako potravinu - tj. lze je okam\u017eit\u011b konzumovat.<\/span><\/p>\n<p><span style=\"font-size: x-large;\"><b>Oblasti pou\u017eit\u00ed:<\/b><\/span><\/p>\n<p><span style=\"font-size: x-large;\">Lze jej pou\u017e\u00edt k o\u0161et\u0159en\u00ed ran, infikovan\u00e9 nebo odum\u0159el\u00e9 tk\u00e1n\u011b, pop\u00e1lenin a dermatitidy u r\u016fzn\u00fdch druh\u016f zv\u00ed\u0159at - dom\u00e1c\u00edch, hospod\u00e1\u0159sk\u00fdch, divok\u00fdch a ko\u017ee\u0161inov\u00fdch zv\u00ed\u0159at a dr\u016fbe\u017ee.<\/span><\/p>\n<p><span style=\"font-size: x-large;\"><b>Ne\u017e\u00e1douc\u00ed \u00fa\u010dinky:<\/b><\/span><\/p>\n<p><span style=\"font-size: x-large;\">P\u0159i spr\u00e1vn\u00e9m u\u017e\u00edv\u00e1n\u00ed jsou ne\u017e\u00e1douc\u00ed \u00fa\u010dinky vz\u00e1cn\u00e9 nebo \u017e\u00e1dn\u00e9.<\/span><\/p>\n<p><span style=\"font-size: x-large;\"><b>Skladov\u00e1n\u00ed :<\/b><\/span><\/p>\n<p><span style=\"font-size: x-large;\">Mast by m\u011bla b\u00fdt uchov\u00e1v\u00e1na na chladn\u00e9m (0-10 \u00b0C), such\u00e9m a tmav\u00e9m m\u00edst\u011b, mimo dosah d\u011bt\u00ed a zv\u00ed\u0159at. B\u011bhem p\u0159epravy by m\u011bla z\u016fstat p\u0159i teplot\u011b 20 \u00b0C maxim\u00e1ln\u011b 2 t\u00fddny. Lze pou\u017e\u00edvat po dobu 2 let od data v\u00fdroby.<\/span><\/p>","protected":false},"excerpt":{"rendered":"<p>A <strong>Bioseptin mast<\/strong> antiseptick\u00e9, protiz\u00e1n\u011btliv\u00e9 a proteolytick\u00e9 vlastnosti. Obsahuje <strong>Bacillus subtilis<\/strong> a <strong>Bacillus licheniformis<\/strong> bakteri\u00e1ln\u00ed spory jsou \u00fa\u010dinn\u00e9 proti \u0161irok\u00e9 \u0161k\u00e1le patogen\u016f. Zab\u00edjej\u00ed patogenn\u00ed bakterie na povrchu r\u00e1ny, a\u0165 u\u017e \u017eij\u00ed v prost\u0159ed\u00ed n\u00e1ro\u010dn\u00e9m na kysl\u00edk nebo bez n\u011bj, zejm\u00e9na grampozitivn\u00ed typy. Pom\u00e1haj\u00ed rozkl\u00e1dat odum\u0159elou tk\u00e1\u0148 a \u0161kodliv\u00e9 bakterie, \u010d\u00edm\u017e zabra\u0148uj\u00ed op\u011btovn\u00e9 infekci a urychluj\u00ed hojen\u00ed r\u00e1ny. Mast nezp\u016fsobuje podr\u00e1\u017ed\u011bn\u00ed a nedoch\u00e1z\u00ed k alergick\u00fdm reakc\u00edm.<\/p>\n<div class=\"plashka\">\n<h5>Vlastnosti a mechanismus \u00fa\u010dinku:<br \/>\nBioseptin - mast s pe\u010duj\u00edc\u00edmi, antiseptick\u00fdmi, protiz\u00e1n\u011btliv\u00fdmi a proteolytick\u00fdmi \u00fa\u010dinky.<\/h5>\n<\/div>","protected":false},"featured_media":6958,"comment_status":"open","ping_status":"closed","template":"","meta":[],"product_brand":[],"product_cat":[22],"product_tag":[],"class_list":{"0":"post-6957","1":"product","2":"type-product","3":"status-publish","4":"has-post-thumbnail","6":"product_cat-vetom-probiotikumok","8":"first","9":"outofstock","10":"taxable","11":"shipping-taxable","12":"purchasable","13":"product-type-simple"},"_links":{"self":[{"href":"https:\/\/vetomshop.hu\/cs\/wp-json\/wp\/v2\/product\/6957","targetHints":{"allow":["GET"]}}],"collection":[{"href":"https:\/\/vetomshop.hu\/cs\/wp-json\/wp\/v2\/product"}],"about":[{"href":"https:\/\/vetomshop.hu\/cs\/wp-json\/wp\/v2\/types\/product"}],"replies":[{"embeddable":true,"href":"https:\/\/vetomshop.hu\/cs\/wp-json\/wp\/v2\/comments?post=6957"}],"wp:featuredmedia":[{"embeddable":true,"href":"https:\/\/vetomshop.hu\/cs\/wp-json\/wp\/v2\/media\/6958"}],"wp:attachment":[{"href":"https:\/\/vetomshop.hu\/cs\/wp-json\/wp\/v2\/media?parent=6957"}],"wp:term":[{"taxonomy":"product_brand","embeddable":true,"href":"https:\/\/vetomshop.hu\/cs\/wp-json\/wp\/v2\/product_brand?post=6957"},{"taxonomy":"product_cat","embeddable":true,"href":"https:\/\/vetomshop.hu\/cs\/wp-json\/wp\/v2\/product_cat?post=6957"},{"taxonomy":"product_tag","embeddable":true,"href":"https:\/\/vetomshop.hu\/cs\/wp-json\/wp\/v2\/product_tag?post=6957"}],"curies":[{"name":"wp","href":"https:\/\/api.w.org\/{rel}","templated":true}]}}