{"id":7033,"date":"2025-08-19T14:24:55","date_gmt":"2025-08-19T12:24:55","guid":{"rendered":"https:\/\/vetomshop.hu\/?post_type=product&#038;p=7033"},"modified":"2025-10-21T17:32:52","modified_gmt":"2025-10-21T15:32:52","slug":"honey-vetom-biologiailag-aktiv-etrend-kiegeszito-60-ml","status":"publish","type":"product","link":"https:\/\/vetomshop.hu\/cs\/produkt\/honey-vetom-biologiailag-aktiv-etrend-kiegeszito-60-ml\/","title":{"rendered":"Honey Vetom - Biologicky aktivn\u00ed dopln\u011bk stravy <span style=\"color:red\">60<\/span> ml"},"content":{"rendered":"<p><span style=\"font-size: x-large;\"><b>Med Vetom - Biologicky aktivn\u00ed dopln\u011bk stravy 60 g<\/b><\/span><\/p>\n<h5><strong>Slo\u017een\u00ed (1 porce = 10 g):<\/strong><\/h5>\n<p>* P\u0159\u00edrodn\u00ed med: 8 g<\/p>\n<p>* Fermentovan\u00fd kuku\u0159i\u010dn\u00fd extrakt (s Bacillus subtilis VKPM B-10641): 1 g (obsahuje 1\u00d710\u2076 CFU\/g bakteri\u00ed)<\/p>\n<h5><strong>V\u00fd\u017eivov\u00e1 hodnota v 10 g:<\/strong><\/h5>\n<ul class=\"vetom-list\">\n<li>\u00a0 * Tuk: 0 g<\/li>\n<li>\u00a0 * Sacharidy: 8 g<\/li>\n<li>\u00a0 * B\u00edlkoviny: 0,08 g<\/li>\n<li>\u00a0 * Energie: 31,4 kcal<\/li>\n<\/ul>\n<h5><strong>Popis:<\/strong><\/h5>\n<ul class=\"vetom-list\">\n<li>Hust\u00e1, homogenn\u00ed l\u00e1tka na b\u00e1zi medu<\/li>\n<li>Barva: m\u016f\u017ee b\u00fdt od b\u00edl\u00e9 po tmav\u011b hn\u011bdou<\/li>\n<li>Textura: \u010d\u00e1ste\u010dn\u011b nebo zcela krystalick\u00e1<\/li>\n<li>V\u016fn\u011b: p\u0159\u00edjemn\u00e1 medov\u00e1 v\u016fn\u011b<\/li>\n<li>Chu\u0165: sladk\u00e1, bez ciz\u00ed p\u0159\u00edchuti<\/li>\n<\/ul>\n<h5><strong>V\u00fddej:<\/strong><\/h5>\n<ul class=\"vetom-list\">\n<li>60 ml tuba<\/li>\n<li>V kartonov\u00e9 krabici, s informa\u010dn\u00edm let\u00e1kem<\/li>\n<\/ul>\n<h5><strong>Pro\u010d se doporu\u010duje?<\/strong><\/h5>\n<ul class=\"vetom-list\">\n<li>Obohaceno o biologicky aktivn\u00ed l\u00e1tky probiotick\u00fdch mikroorganism\u016f<\/li>\n<li>Podporuje st\u0159evn\u00ed fl\u00f3ru a imunitn\u00ed syst\u00e9m<\/li>\n<li>Tak\u00e9 zdroj frukt\u00f3zy<\/li>\n<\/ul>\n<h5><strong>Pou\u017eit\u00ed a d\u00e1vkov\u00e1n\u00ed:<\/strong><\/h5>\n<p>Ne l\u00e9k<\/p>\n<ul class=\"vetom-list\">\n<li>Dosp\u011bl\u00ed: 3kr\u00e1t denn\u011b ve stejn\u00fdch intervalech po dobu 10 dn\u016f.<\/li>\n<li>Jedna porce: 10 g (asi 1 \u010dajov\u00e1 l\u017ei\u010dka)<\/li>\n<li>Lze u\u017e\u00edvat s j\u00eddlem nebo bez j\u00eddla (p\u0159ed, b\u011bhem nebo po)<\/li>\n<li>Doporu\u010duje se opakovat ka\u017ed\u00e9 3 m\u011bs\u00edce<\/li>\n<\/ul>\n<h5><strong>Skladov\u00e1n\u00ed:<\/strong><\/h5>\n<div class=\"plashka\">\n<p>* Such\u00e9, chladn\u00e9 m\u00edsto* Chr\u00e1n\u011bno p\u0159ed slune\u010dn\u00edm z\u00e1\u0159en\u00edm<\/p>\n<p>* Max. p\u0159i +20 \u00b0C<\/p>\n<p>* Po otev\u0159en\u00ed: lze pou\u017e\u00edvat 12 m\u011bs\u00edc\u016f<\/p>\n<p>* Doba pou\u017eitelnosti: 2 roky od v\u00fdroby<\/p>\n<\/div>\n<p><strong>Varov\u00e1n\u00ed:<\/strong><\/p>\n<p><strong>Nedoporu\u010duje se:<\/strong><\/p>\n<ul>\n<li>V p\u0159\u00edpad\u011b individu\u00e1ln\u00ed citlivosti nebo alergie<\/li>\n<li>Pro t\u011bhotn\u00e9 \u017eeny, koj\u00edc\u00ed \u017eeny a osoby mlad\u0161\u00ed 18 let<\/li>\n<li>Pro diabetiky<\/li>\n<li>V p\u0159\u00edpad\u011b rakoviny<\/li>\n<li>Nep\u0159ekra\u010dujte doporu\u010denou denn\u00ed d\u00e1vku!<\/li>\n<li>P\u0159ed pou\u017eit\u00edm se pora\u010fte s l\u00e9ka\u0159em<\/li>\n<\/ul>\n<p>Obsah frukt\u00f3zy (na 30 g denn\u011b):<\/p>\n<p>12 g frukt\u00f3zy, co\u017e je 68,6% doporu\u010den\u00e9 denn\u00ed d\u00e1vky (podle stanoven\u00fdch norem).<\/p>\n<p><strong>Marketingov\u00e9 informace:<\/strong><\/p>\n<p><strong>V\u00fdrobce:<\/strong> OOO NPF Issledovatelsky Tsentr, Novosibirsk, Rusko<\/p>\n<p><strong>Distributor:<\/strong> Cemmedic Europe Ltd., Zichy\u00fajfalu, Ma\u010farsko<\/p>\n<p>+36305573846, vetomshop.hu@gmail.com<\/p>","protected":false},"excerpt":{"rendered":"<div class=\"plashka\">\n<h5><strong>Slo\u017een\u00ed (1 porce = 10 g):<\/strong><\/h5>\n<p>- P\u0159\u00edrodn\u00ed med: 8 g<br \/>\n- Fermentovan\u00fd kuku\u0159i\u010dn\u00fd extrakt (Bacillus subtilis VKPM B-10641): 1 g (obsahuje 1\u00d710\u2076 CFU\/g bakteri\u00ed)<\/p>\n<\/div>\n<h5><strong>Popis:<\/strong><\/h5>\n<ul class=\"vetom-list\">\n<li>Hust\u00e1, homogenn\u00ed l\u00e1tka na b\u00e1zi medu<\/li>\n<li>Barva: m\u016f\u017ee b\u00fdt od b\u00edl\u00e9 po tmav\u011b hn\u011bdou<\/li>\n<li>Textura: \u010d\u00e1ste\u010dn\u011b nebo zcela krystalick\u00e1<\/li>\n<li>V\u016fn\u011b: p\u0159\u00edjemn\u00e1 medov\u00e1 v\u016fn\u011b<\/li>\n<li>Chu\u0165: sladk\u00e1, bez ciz\u00ed p\u0159\u00edchuti<\/li>\n<\/ul>\n<div class=\"plashka\">\n<h5><strong>Pro\u010d se doporu\u010duje?<\/strong><\/h5>\n<ul class=\"vetom-list\">\n<li>Obohaceno o biologicky aktivn\u00ed l\u00e1tky probiotick\u00fdch mikroorganism\u016f<\/li>\n<li>Podporuje st\u0159evn\u00ed fl\u00f3ru a imunitn\u00ed syst\u00e9m<\/li>\n<li>Tak\u00e9 zdroj frukt\u00f3zy<\/li>\n<\/ul>\n<\/div>","protected":false},"featured_media":7034,"comment_status":"open","ping_status":"closed","template":"","meta":[],"product_brand":[],"product_cat":[37,22],"product_tag":[],"class_list":{"0":"post-7033","1":"product","2":"type-product","3":"status-publish","4":"has-post-thumbnail","6":"product_cat-mezpaszta","7":"product_cat-vetom-probiotikumok","9":"first","10":"outofstock","11":"taxable","12":"shipping-taxable","13":"purchasable","14":"product-type-simple"},"_links":{"self":[{"href":"https:\/\/vetomshop.hu\/cs\/wp-json\/wp\/v2\/product\/7033","targetHints":{"allow":["GET"]}}],"collection":[{"href":"https:\/\/vetomshop.hu\/cs\/wp-json\/wp\/v2\/product"}],"about":[{"href":"https:\/\/vetomshop.hu\/cs\/wp-json\/wp\/v2\/types\/product"}],"replies":[{"embeddable":true,"href":"https:\/\/vetomshop.hu\/cs\/wp-json\/wp\/v2\/comments?post=7033"}],"wp:featuredmedia":[{"embeddable":true,"href":"https:\/\/vetomshop.hu\/cs\/wp-json\/wp\/v2\/media\/7034"}],"wp:attachment":[{"href":"https:\/\/vetomshop.hu\/cs\/wp-json\/wp\/v2\/media?parent=7033"}],"wp:term":[{"taxonomy":"product_brand","embeddable":true,"href":"https:\/\/vetomshop.hu\/cs\/wp-json\/wp\/v2\/product_brand?post=7033"},{"taxonomy":"product_cat","embeddable":true,"href":"https:\/\/vetomshop.hu\/cs\/wp-json\/wp\/v2\/product_cat?post=7033"},{"taxonomy":"product_tag","embeddable":true,"href":"https:\/\/vetomshop.hu\/cs\/wp-json\/wp\/v2\/product_tag?post=7033"}],"curies":[{"name":"wp","href":"https:\/\/api.w.org\/{rel}","templated":true}]}}