{"id":7345,"date":"2026-01-20T13:35:59","date_gmt":"2026-01-20T12:35:59","guid":{"rendered":"https:\/\/vetomshop.hu\/?post_type=product&#038;p=7345"},"modified":"2026-03-02T20:19:42","modified_gmt":"2026-03-02T19:19:42","slug":"vektor-animals-1-2-vetom-1-2-probiotikum-por-formajaban-3-bakteriumtorzzsel-allatok-szamara-belflora-es-immunitas-50x5-g","status":"publish","type":"product","link":"https:\/\/vetomshop.hu\/cs\/produkt\/vektor-animals-1-2-vetom-1-2-probiotikum-por-formajaban-3-bakteriumtorzzsel-allatok-szamara-belflora-es-immunitas-50x5-g\/","title":{"rendered":"Vektor Animals 1.2 (Vetom 1.2) - probiotikum v pr\u00e1\u0161ku se 3 kmeny bakteri\u00ed pro zv\u00ed\u0159ata (st\u0159evn\u00ed fl\u00f3ra a imunita) - <span style=\"color:red\">50\u00d75 g<\/span>"},"content":{"rendered":"<h3>Vektor Animals 1.2 (Vetom 1.2) - \u0161irokospektr\u00e1ln\u00ed probiotikum (3 kmeny)<\/h3>\n<div class=\"plashka\">A <strong>Vektorov\u00e1 zv\u00ed\u0159ata <span style=\"color: red;\">1.2<\/span><\/strong> pos\u00edlen\u00fd vzorec, kter\u00fd <strong>t\u0159i typy aktivn\u00edch bakteri\u00e1ln\u00edch kmen\u016f<\/strong> zahrnuj\u00ed. Jedn\u00e1 se o univerz\u00e1ln\u00ed p\u0159\u00edpravek: je vhodn\u00fd pro savce, pt\u00e1ky, ryby, plazy a v\u010dely k obnoven\u00ed p\u0159irozen\u00e9 odolnosti.<\/div>\n<h5>\u00da\u010dinn\u00e9 l\u00e1tky - trojit\u00e1 ochrana<\/h5>\n<p>\u00da\u010dinnost p\u0159\u00edpravku je zaji\u0161t\u011bna kombinac\u00ed n\u00e1sleduj\u00edc\u00edch speci\u00e1ln\u011b vybran\u00fdch bakteri\u00e1ln\u00edch kmen\u016f:<\/p>\n<ul class=\"vetom-list\">\n<li>Bacillus subtilis VKPM B-10641<\/li>\n<li>Bacillus amyloliquefaciens VKPM B-10642<\/li>\n<li>Bacillus amyloliquefaciens VKPM B-10643<\/li>\n<\/ul>\n<h5>Pro koho se doporu\u010duje? (C\u00edlov\u00e1 zv\u00ed\u0159ata)<\/h5>\n<p>V\u00fdrobek je jedine\u010dn\u00fd t\u00edm, \u017ee jej lze pou\u017e\u00edt t\u00e9m\u011b\u0159 pro v\u0161echny druhy zv\u00ed\u0159at:<\/p>\n<ul class=\"vetom-list\">\n<li><strong>Dom\u00e1c\u00ed zv\u00ed\u0159ata:<\/strong> Psi, ko\u010dky (v\u0161ech plemen), hlodavci (k\u0159e\u010dek, mor\u010de, kr\u00e1l\u00edk atd.).<\/li>\n<li><strong>U\u017eite\u010dn\u00e1 zv\u00ed\u0159ata:<\/strong> Skot, prasata, ovce, kozy, kon\u011b.<\/li>\n<li><strong>Pt\u00e1ci:<\/strong> Okrasn\u00e9 ptactvo (papou\u0161ek, kan\u00e1r) a dr\u016fbe\u017e.<\/li>\n<li><strong>Speci\u00e1ln\u00ed zv\u00ed\u0159ata:<\/strong> Plazi (\u017eelva, je\u0161t\u011brka, had), oboj\u017eiveln\u00edci a akvarijn\u00ed ryby (rozpu\u0161t\u011bn\u00e9 ve vod\u011b).<\/li>\n<li><strong>V\u010dely:<\/strong> Sn\u00ed\u017een\u00ed \u00famrtnosti na infekce.<\/li>\n<\/ul>\n<h5>Kdy ji pou\u017e\u00edt?<\/h5>\n<p>P\u0159\u00edpravek lze pou\u017e\u00edt k profylaktick\u00fdm (preventivn\u00edm) a terapeutick\u00fdm \u00fa\u010del\u016fm:<\/p>\n<ul class=\"vetom-list\">\n<li><strong>Po pod\u00e1n\u00ed antibiotik:<\/strong> Obnoven\u00ed st\u0159evn\u00ed fl\u00f3ry a l\u00e9\u010dba dysbi\u00f3zy.<\/li>\n<li><strong>Ve stresov\u00fdch situac\u00edch:<\/strong> P\u0159i v\u00fdm\u011bn\u011b krmiva, p\u0159eprav\u011b nebo stresu z pr\u016fmyslov\u00e9ho chovu.<\/li>\n<li><strong>Pos\u00edlen\u00ed imunity:<\/strong> Jako dopln\u011bk k o\u010dkov\u00e1n\u00ed pro trvalej\u0161\u00ed imunitn\u00ed odpov\u011b\u010f.<\/li>\n<li><strong>Zv\u00fd\u0161en\u00ed produkce:<\/strong> Ke zv\u00fd\u0161en\u00ed produkce vajec u dr\u016fbe\u017ee a ke stimulaci p\u0159\u00edr\u016fstku hmotnosti a r\u016fstu hospod\u00e1\u0159sk\u00fdch zv\u00ed\u0159at.<\/li>\n<li><strong>Prevence nemoc\u00ed:<\/strong> Nap\u0159\u00edklad ke sn\u00ed\u017een\u00ed infekc\u00ed u v\u010del a poporodn\u00edch z\u00e1n\u011bt\u016f (endometritida, mastitida) u krav.<\/li>\n<\/ul>\n<h5>Pokyny pro d\u00e1vkov\u00e1n\u00ed<\/h5>\n<p>Pr\u00e1\u0161ek lze pod\u00e1vat jednotliv\u011b (rozm\u00edchan\u00fd ve vod\u011b\/j\u00eddle) nebo ve skupin\u00e1ch. <strong>Z\u00e1kladn\u00ed d\u00e1vka: 50 mg\/kg \u017eiv\u00e9 hmotnosti.<\/strong> <\/p>\n<ul class=\"vetom-list\">\n<li><strong>Prevence (l\u00e9\u010dba):<\/strong> 1\u00d7 denn\u011b po dobu 15-20 dn\u016f. Opakujte ka\u017ed\u00e9 \u010dtvrtlet\u00ed.<\/li>\n<li><strong>Terapie (v p\u0159\u00edpad\u011b nemoci):<\/strong> 2kr\u00e1t denn\u011b (ka\u017ed\u00fdch 8-10 hodin) a\u017e do vymizen\u00ed p\u0159\u00edznak\u016f. V z\u00e1va\u017en\u00fdch p\u0159\u00edpadech 4kr\u00e1t denn\u011b (ka\u017ed\u00fdch 6 hodin).<\/li>\n<li><strong>Korekce imunitn\u00ed nedostate\u010dnosti:<\/strong> 1-2kr\u00e1t denn\u011b po dobu 5-10 dn\u016f.<\/li>\n<li><strong>Skupinov\u00e9 d\u00e1vkov\u00e1n\u00ed:<\/strong> 15 000 d\u00e1vek na tunu krmiva nebo vody.<\/li>\n<\/ul>\n<p><em>Pozn\u00e1mka: P\u0159\u00edpravek nezp\u016fsobuje n\u00e1vyk ani rezistenci.<\/em><\/p>","protected":false},"excerpt":{"rendered":"<div class=\"plashka\">A <strong>Vektorov\u00e1 zv\u00ed\u0159ata <span style=\"color: red;\">1.2<\/span><\/strong> (Vetom 1.2) je probiotikum obsahuj\u00edc\u00ed 3 kmeny bakteri\u00ed, kter\u00e9 <strong>Bacillus subtilis<\/strong> a <strong>Bacillus amyloliquefaciens<\/strong> podporuje zdrav\u00ed zv\u00ed\u0159at pomoc\u00ed spor.<\/div>\n<h5>Hlavn\u00ed v\u00fdhody:<\/h5>\n<ul class=\"vetom-list\">\n<li><strong>Univerz\u00e1ln\u00ed:<\/strong> Lze jej pod\u00e1vat ps\u016fm, ko\u010dk\u00e1m, hospod\u00e1\u0159sk\u00fdm zv\u00ed\u0159at\u016fm a dokonce i ryb\u00e1m a v\u010del\u00e1m.<\/li>\n<li><strong>Troj\u00ed efekt:<\/strong> 3 r\u016fzn\u00e9 kmeny bakteri\u00ed poskytuj\u00ed \u0161ir\u0161\u00ed ochranu p\u0159ed infekcemi.<\/li>\n<li><strong>Efektivita:<\/strong> Zvy\u0161uje produktivitu, zlep\u0161uje r\u016fst a sni\u017euje pot\u0159ebu l\u00e9k\u016f.<\/li>\n<li><strong>Zabezpe\u010den\u00ed:<\/strong> Nevznik\u00e1 na n\u011bj rezistence a doporu\u010duje se po l\u00e9\u010db\u011b antibiotiky.<\/li>\n<\/ul>","protected":false},"featured_media":7349,"comment_status":"open","ping_status":"closed","template":"","meta":[],"product_brand":[],"product_cat":[38,40],"product_tag":[],"class_list":{"0":"post-7345","1":"product","2":"type-product","3":"status-publish","4":"has-post-thumbnail","6":"product_cat-vektor-animals-vetom","7":"product_cat-vektor-animals-1-2","9":"first","10":"instock","11":"featured","12":"taxable","13":"shipping-taxable","14":"purchasable","15":"product-type-simple"},"_links":{"self":[{"href":"https:\/\/vetomshop.hu\/cs\/wp-json\/wp\/v2\/product\/7345","targetHints":{"allow":["GET"]}}],"collection":[{"href":"https:\/\/vetomshop.hu\/cs\/wp-json\/wp\/v2\/product"}],"about":[{"href":"https:\/\/vetomshop.hu\/cs\/wp-json\/wp\/v2\/types\/product"}],"replies":[{"embeddable":true,"href":"https:\/\/vetomshop.hu\/cs\/wp-json\/wp\/v2\/comments?post=7345"}],"wp:featuredmedia":[{"embeddable":true,"href":"https:\/\/vetomshop.hu\/cs\/wp-json\/wp\/v2\/media\/7349"}],"wp:attachment":[{"href":"https:\/\/vetomshop.hu\/cs\/wp-json\/wp\/v2\/media?parent=7345"}],"wp:term":[{"taxonomy":"product_brand","embeddable":true,"href":"https:\/\/vetomshop.hu\/cs\/wp-json\/wp\/v2\/product_brand?post=7345"},{"taxonomy":"product_cat","embeddable":true,"href":"https:\/\/vetomshop.hu\/cs\/wp-json\/wp\/v2\/product_cat?post=7345"},{"taxonomy":"product_tag","embeddable":true,"href":"https:\/\/vetomshop.hu\/cs\/wp-json\/wp\/v2\/product_tag?post=7345"}],"curies":[{"name":"wp","href":"https:\/\/api.w.org\/{rel}","templated":true}]}}