{"id":7358,"date":"2026-01-20T16:45:04","date_gmt":"2026-01-20T15:45:04","guid":{"rendered":"https:\/\/vetomshop.hu\/?post_type=product&#038;p=7358"},"modified":"2026-03-03T07:55:22","modified_gmt":"2026-03-03T06:55:22","slug":"vektor-animals-3-vetom-3-probiotikum-por-allatoknak-bacillus-amyloliquefaciens-1x50-g","status":"publish","type":"product","link":"https:\/\/vetomshop.hu\/cs\/produkt\/vektor-animals-3-vetom-3-probiotikum-por-allatoknak-bacillus-amyloliquefaciens-1x50-g\/","title":{"rendered":"Vektor Animals 3 (Vetom 3) - Probiotick\u00fd pr\u00e1\u0161ek pro zv\u00ed\u0159ata (Bacillus amyloliquefaciens) <span style=\"color:red\">1\u00d750 g<\/span>"},"content":{"rendered":"<h3>Vektor Animals 3 (Vetom 3) - probiotikum se speci\u00e1ln\u00edm bakteri\u00e1ln\u00edm kmenem<\/h3>\n<div class=\"plashka\">\n<p>Vetom 3 je p\u0159\u00edrodn\u00ed probiotikum zalo\u017een\u00e9 na p\u0159\u00edzniv\u00fdch \u00fa\u010dinc\u00edch bakteri\u00e1ln\u00edho kmene Bacillus amyloliquefaciens. Tato bakterie p\u016fsob\u00ed p\u0159edev\u0161\u00edm v tlust\u00e9m st\u0159ev\u011b, kde produkuje enzymy a \u00fa\u010dinn\u00e9 l\u00e1tky. Jedn\u00e1 se o:<\/p>\n<p>* potla\u010duj\u00ed \u0161kodliv\u00e9 (patogenn\u00ed a podm\u00edn\u011bn\u011b patogenn\u00ed) bakterie a houby,<br \/>\n* pom\u00e1haj\u00ed odstra\u0148ovat nestr\u00e1ven\u00e9 l\u00e1tky ze st\u0159evn\u00edho traktu,<br \/>\n* podporuj\u00ed snadn\u011bj\u0161\u00ed a lep\u0161\u00ed vst\u0159eb\u00e1v\u00e1n\u00ed \u017eivin,<br \/>\n* pom\u00e1haj\u00ed detoxikovat organismus.<\/p>\n<p>Vetom 3 pom\u00e1h\u00e1 obnovit p\u0159irozenou rovnov\u00e1hu st\u0159evn\u00ed fl\u00f3ry, zlep\u0161uje tr\u00e1ven\u00ed a metabolismus a p\u0159isp\u00edv\u00e1 k efektivn\u011bj\u0161\u00edmu vyu\u017eit\u00ed \u017eivin.<\/p>\n<h2>V\u00fdhody:<\/h2>\n<p>* Antibakteri\u00e1ln\u00ed a protipl\u00eds\u0148ov\u00e9 vlastnosti<br \/>\n* Antivirov\u00e9, enzymatick\u00e9, podporuj\u00edc\u00ed tr\u00e1ven\u00ed<br \/>\n* Posiluje bun\u011b\u010dnou a humor\u00e1ln\u00ed imunitn\u00ed odpov\u011b\u010f<br \/>\n* Zvy\u0161uje odolnost organismu<br \/>\n* Pom\u00e1h\u00e1 sni\u017eovat alergick\u00e9 reakce<br \/>\n* podporuje obnovu bun\u011bk, m\u016f\u017ee br\u00e1nit tvorb\u011b n\u00e1dorov\u00fdch bun\u011bk<br \/>\n* Zlep\u0161uje \u00fa\u010dinek jin\u00fdch l\u00e9k\u016f a sni\u017euje jejich vedlej\u0161\u00ed \u00fa\u010dinky.<br \/>\n* Chr\u00e1n\u00ed t\u011blo na bun\u011b\u010dn\u00e9 \u00farovni, pom\u00e1h\u00e1 p\u0159edch\u00e1zet vzniku n\u00e1dor\u016f.<\/p>\n<h2>N\u00e1vrh pou\u017eit\u00ed:<\/h2>\n<p><strong>Doporu\u010den\u00e9 d\u00e1vkov\u00e1n\u00ed:<\/strong><br \/>\n* Doporu\u010duje se 1 tobolka 2-3kr\u00e1t denn\u011b po dobu 10 dn\u016f, p\u0159ed j\u00eddlem, b\u011bhem j\u00eddla nebo po j\u00eddle, s mal\u00fdm mno\u017estv\u00edm tekutiny (voda, \u010daj nebo d\u017eus). V pr\u016fb\u011bhu l\u00e9\u010dby sledujte reakci organismu a v p\u0159\u00edpad\u011b pot\u0159eby d\u00e1vku postupn\u011b zvy\u0161ujte a\u017e na 5-10 tobolek denn\u011b.<\/p>\n<p>*O\u0161et\u0159en\u00ed lze kdykoli opakovat po 1-2t\u00fddenn\u00ed p\u0159est\u00e1vce. Pro plnou podporu zdrav\u00ed organismu a st\u0159evn\u00edho traktu se doporu\u010duje \u010das od \u010dasu st\u0159\u00eddat s jin\u00fdm typem p\u0159\u00edpravku Vetom.<\/p>\n<h2>Kl\u00ed\u010dov\u00e9 vlastnosti:<\/h2>\n<p>*\u017d\u00e1dn\u00e9 vedlej\u0161\u00ed \u00fa\u010dinky<br \/>\n*\u017d\u00e1dn\u00e9 v\u011bkov\u00e9 omezen\u00ed<br \/>\n*Nep\u0159ed\u00e1vkovat se<br \/>\n*\u017d\u00e1dn\u00e1 z\u00e1vislost<\/p>\n<h2>Oblast pou\u017eit\u00ed:<\/h2>\n<p>Doporu\u010duje se jako biologicky aktivn\u00ed dopln\u011bk stravy ke zlep\u0161en\u00ed stavu gastrointestin\u00e1ln\u00edho traktu a k obnoven\u00ed rovnov\u00e1hy st\u0159evn\u00ed fl\u00f3ry.<\/p>\n<h2>Kontraindikace:<\/h2>\n<p>V\u00fdrobek se nedoporu\u010duje, pokud jste alergi\u010dt\u00ed nebo p\u0159ecitliv\u011bl\u00ed na n\u011bkterou z jeho slo\u017eek.<\/p>\n<h2>D\u016fle\u017eit\u00e9 informace:<\/h2>\n<p>* Pou\u017eit\u00ed v t\u011bhotenstv\u00ed a p\u0159i kojen\u00ed pouze na doporu\u010den\u00ed l\u00e9ka\u0159e.<br \/>\n* Nem\u00e1 vliv na \u0159\u00edzen\u00ed nebo obsluhu nebezpe\u010dn\u00fdch stroj\u016f.<\/p>\n<h2>D\u00e1vkov\u00e1n\u00ed a slo\u017een\u00ed:<\/h2>\n<p>* 10 kapsl\u00ed v blistrech, 5 balen\u00ed v kartonu (celkem 50 kapsl\u00ed)<br \/>\n* \u010cist\u00e1 hmotnost: 0,1 kg<br \/>\n* Velikost: 4,5 \u00d7 6,5 \u00d7 8 cm<\/p>\n<h2>Obsah jedn\u00e9 kapsle:<\/h2>\n<p>* extrakt z kuku\u0159ice: 133 mg<br \/>\n* Bramborov\u00fd \u0161krob: 100 mg<br \/>\n* sachar\u00f3za (mou\u010dkov\u00fd cukr): 67 mg<br \/>\n* bakteri\u00e1ln\u00ed kultura Bacillus amyloliquefaciens* (DSM 24613) - 30 mg (1\u00d710\u2079 CFU\/g)<\/p>\n<p>Alternativn\u00ed ekvivalent ve form\u011b kapek: Vetom 3.22 (10 ml)<\/p>\n<p>Zem\u011b p\u016fvodu: <strong>Rusko<\/strong><\/p>\n<\/div>","protected":false},"excerpt":{"rendered":"<div class=\"plashka\">A <strong>Vektorov\u00e1 zv\u00ed\u0159ata <span style=\"color: red;\">3<\/span><\/strong> (Vetom 3) <strong>Bacillus amyloliquefaciens<\/strong> probiotikum obsahuj\u00edc\u00ed spory, kter\u00e9 pom\u00e1haj\u00ed udr\u017eovat zdrav\u00fd tr\u00e1vic\u00ed syst\u00e9m a posiluj\u00ed imunitn\u00ed syst\u00e9m.<\/div>\n<h5>Hlavn\u00ed v\u00fdhody:<\/h5>\n<ul class=\"vetom-list\">\n<li><strong>Ochrana st\u0159evn\u00ed fl\u00f3ry:<\/strong> Obzvl\u00e1\u0161t\u011b \u00fa\u010dinn\u00fd po l\u00e9\u010db\u011b antibiotiky.<\/li>\n<li><strong>\u0160irok\u00e9 spektrum:<\/strong> Lze jej pod\u00e1vat v\u0161em druh\u016fm zv\u00ed\u0159at, od ryb a\u017e po kon\u011b.<\/li>\n<li><strong>\u00dasporn\u00e9:<\/strong> Zlep\u0161uje vyu\u017eit\u00ed krmiva a sni\u017euje riziko onemocn\u011bn\u00ed.<\/li>\n<li><strong>Je bezpe\u010dn\u00fd:<\/strong> Zcela p\u0159\u00edrodn\u00ed, bez vedlej\u0161\u00edch \u00fa\u010dink\u016f.<\/li>\n<\/ul>","protected":false},"featured_media":7359,"comment_status":"open","ping_status":"closed","template":"","meta":[],"product_brand":[],"product_cat":[38,41],"product_tag":[],"class_list":{"0":"post-7358","1":"product","2":"type-product","3":"status-publish","4":"has-post-thumbnail","6":"product_cat-vektor-animals-vetom","7":"product_cat-vektor-animals-3","9":"first","10":"instock","11":"featured","12":"taxable","13":"shipping-taxable","14":"purchasable","15":"product-type-simple"},"_links":{"self":[{"href":"https:\/\/vetomshop.hu\/cs\/wp-json\/wp\/v2\/product\/7358","targetHints":{"allow":["GET"]}}],"collection":[{"href":"https:\/\/vetomshop.hu\/cs\/wp-json\/wp\/v2\/product"}],"about":[{"href":"https:\/\/vetomshop.hu\/cs\/wp-json\/wp\/v2\/types\/product"}],"replies":[{"embeddable":true,"href":"https:\/\/vetomshop.hu\/cs\/wp-json\/wp\/v2\/comments?post=7358"}],"wp:featuredmedia":[{"embeddable":true,"href":"https:\/\/vetomshop.hu\/cs\/wp-json\/wp\/v2\/media\/7359"}],"wp:attachment":[{"href":"https:\/\/vetomshop.hu\/cs\/wp-json\/wp\/v2\/media?parent=7358"}],"wp:term":[{"taxonomy":"product_brand","embeddable":true,"href":"https:\/\/vetomshop.hu\/cs\/wp-json\/wp\/v2\/product_brand?post=7358"},{"taxonomy":"product_cat","embeddable":true,"href":"https:\/\/vetomshop.hu\/cs\/wp-json\/wp\/v2\/product_cat?post=7358"},{"taxonomy":"product_tag","embeddable":true,"href":"https:\/\/vetomshop.hu\/cs\/wp-json\/wp\/v2\/product_tag?post=7358"}],"curies":[{"name":"wp","href":"https:\/\/api.w.org\/{rel}","templated":true}]}}