{"id":7361,"date":"2026-01-20T13:30:12","date_gmt":"2026-01-20T12:30:12","guid":{"rendered":"https:\/\/vetomshop.hu\/?post_type=product&#038;p=7361"},"modified":"2026-03-30T09:24:55","modified_gmt":"2026-03-30T07:24:55","slug":"vektor-animals-3-vetom-3-probiotikum-por-allatoknak-bacillus-amyloliquefaciens-50x5-g","status":"publish","type":"product","link":"https:\/\/vetomshop.hu\/cs\/produkt\/vektor-animals-3-vetom-3-probiotikum-por-allatoknak-bacillus-amyloliquefaciens-50x5-g\/","title":{"rendered":"Vektor Animals 3 (Vetom 3) - Probiotick\u00fd pr\u00e1\u0161ek pro zv\u00ed\u0159ata (Bacillus amyloliquefaciens) - <span style=\"color:red\">50\u00d75 g<\/span>"},"content":{"rendered":"<h3>Vektor Animals 3 (Vetom 3) - probiotikum se speci\u00e1ln\u00edm bakteri\u00e1ln\u00edm kmenem<\/h3>\n<div class=\"plashka\">A <strong>Vektorov\u00e1 zv\u00ed\u0159ata <span style=\"color: red;\">3<\/span><\/strong> (Vetom 3) je probiotick\u00fd p\u0159\u00edpravek, kter\u00fd <strong>Bacillus amyloliquefaciens<\/strong> (VKPM B-10642) obnovuje rovnov\u00e1hu st\u0159evn\u00ed fl\u00f3ry d\u00edky s\u00edle bakteri\u00e1ln\u00edho kmene. Univerz\u00e1ln\u00ed pro v\u0161echny druhy zv\u00ed\u0159at, v\u010detn\u011b v\u010del a akvarijn\u00edch ryb.<\/div>\n<h5>\u00da\u010dinn\u00e1 l\u00e1tka a mechanismus \u00fa\u010dinku<\/h5>\n<p>Jeho z\u00e1kladem je speci\u00e1ln\u00ed bakterie tvo\u0159\u00edc\u00ed spory:<\/p>\n<ul class=\"vetom-list\">\n<li><strong>Bacillus amyloliquefaciens<\/strong> VKPM B-10642 (DSM 24614)<\/li>\n<\/ul>\n<p>Tento kmen je aktivn\u00ed v tlust\u00e9m st\u0159ev\u011b a produkuje proteolytick\u00e9, amylolytick\u00e9 a celulolytick\u00e9 enzymy, kter\u00e9 pom\u00e1haj\u00ed rozkl\u00e1dat a vst\u0159eb\u00e1vat \u017eiviny a br\u00e1n\u00ed mno\u017een\u00ed patogen\u016f.<\/p>\n<h5>Kdy se doporu\u010duje jeho pou\u017eit\u00ed?<\/h5>\n<p>P\u0159\u00edpravek je vynikaj\u00edc\u00ed preventivn\u00ed a dopl\u0148kovou terapi\u00ed pro:<\/p>\n<ul class=\"vetom-list\">\n<li><strong>Po pod\u00e1n\u00ed antibiotik:<\/strong> K regeneraci st\u0159evn\u00ed fl\u00f3ry po\u0161kozen\u00e9 l\u00e9ky.<\/li>\n<li><strong>Na za\u017e\u00edvac\u00ed pot\u00ed\u017ee:<\/strong> V p\u0159\u00edpad\u011b pr\u016fjmu, dysbi\u00f3zy nebo stresu zp\u016fsoben\u00e9ho zm\u011bnou krmiva.<\/li>\n<li><strong>Pos\u00edlen\u00ed imunity:<\/strong> Zv\u00fd\u0161en\u00ed \u00fa\u010dinnosti o\u010dkov\u00e1n\u00ed a l\u00e9\u010dby l\u00e9ky.<\/li>\n<li><strong>Maximalizovat produkci:<\/strong> Zlep\u0161en\u00ed p\u0159\u00edr\u016fstku hmotnosti a konverze krmiva u hospod\u00e1\u0159sk\u00fdch zv\u00ed\u0159at.<\/li>\n<li><strong>U v\u010del:<\/strong> Zv\u00fd\u0161en\u00ed odolnosti v\u010delstev a sn\u00ed\u017een\u00ed \u00famrtnosti na infekce.<\/li>\n<\/ul>\n<h5>C\u00edlov\u00e1 zv\u00ed\u0159ata<\/h5>\n<p>\u0160irok\u00e9 pou\u017eit\u00ed:<\/p>\n<ul class=\"vetom-list\">\n<li><strong>Dom\u00e1c\u00ed zv\u00ed\u0159ata:<\/strong> Psi, ko\u010dky, hlodavci.<\/li>\n<li><strong>U\u017eite\u010dn\u00e1 zv\u00ed\u0159ata:<\/strong> Skot, prasata, ovce, kozy, kon\u011b, dr\u016fbe\u017e.<\/li>\n<li><strong>Exotick\u00e1 zv\u00ed\u0159ata:<\/strong> Plazi, oboj\u017eiveln\u00edci, okrasn\u00e9 ryby (rozpu\u0161t\u011bn\u00e9 ve vod\u011b).<\/li>\n<\/ul>\n<h5>Doporu\u010den\u00e9 d\u00e1vkov\u00e1n\u00ed<\/h5>\n<p>Pr\u00e1\u0161ek je t\u0159eba rozm\u00edchat ve vod\u011b, krmivu nebo premixu. <strong>Z\u00e1kladn\u00ed d\u00e1vka: 50 mg\/kg \u017eiv\u00e9 hmotnosti.<\/strong><\/p>\n<ul class=\"vetom-list\">\n<li><strong>Prevence (l\u00e9\u010dba):<\/strong> 1\u00d7 denn\u011b po dobu 15-20 dn\u016f. Opakujte 3-4kr\u00e1t ro\u010dn\u011b.<\/li>\n<li><strong>Terapie:<\/strong> 2kr\u00e1t denn\u011b (ka\u017ed\u00fdch 8-10 hodin) a\u017e do vymizen\u00ed p\u0159\u00edznak\u016f. V z\u00e1va\u017en\u00fdch p\u0159\u00edpadech m\u016f\u017ee b\u00fdt frekvence zv\u00fd\u0161ena na 4kr\u00e1t denn\u011b (ka\u017ed\u00fdch 6 hodin).<\/li>\n<li><strong>Korekce imunitn\u00ed nedostate\u010dnosti:<\/strong> 1-2kr\u00e1t denn\u011b po dobu 5-10 dn\u016f.<\/li>\n<li><strong>Skupinov\u00e9 d\u00e1vkov\u00e1n\u00ed:<\/strong> 15 000 d\u00e1vek na tunu krmiva.<\/li>\n<\/ul>\n<h5>D\u016fle\u017eit\u00e9 informace<\/h5>\n<ul class=\"vetom-list\">\n<li>Nevyvol\u00e1v\u00e1 odpor ani n\u00e1vyk.<\/li>\n<li>P\u0159\u00edznaky p\u0159ed\u00e1vkov\u00e1n\u00ed nejsou zn\u00e1my.<\/li>\n<li>Na j\u00eddlo se ne\u010dek\u00e1.<\/li>\n<\/ul>","protected":false},"excerpt":{"rendered":"<div class=\"plashka\">A <strong>Vektorov\u00e1 zv\u00ed\u0159ata <span style=\"color: red;\">3<\/span><\/strong> (Vetom 3) <strong>Bacillus amyloliquefaciens<\/strong> probiotikum obsahuj\u00edc\u00ed spory, kter\u00e9 pom\u00e1haj\u00ed udr\u017eovat zdrav\u00fd tr\u00e1vic\u00ed syst\u00e9m a posiluj\u00ed imunitn\u00ed syst\u00e9m.<\/div>\n<h5>Hlavn\u00ed v\u00fdhody:<\/h5>\n<ul class=\"vetom-list\">\n<li><strong>Ochrana st\u0159evn\u00ed fl\u00f3ry:<\/strong> Obzvl\u00e1\u0161t\u011b \u00fa\u010dinn\u00fd po l\u00e9\u010db\u011b antibiotiky.<\/li>\n<li><strong>\u0160irok\u00e9 spektrum:<\/strong> Lze jej pod\u00e1vat v\u0161em druh\u016fm zv\u00ed\u0159at, od ryb a\u017e po kon\u011b.<\/li>\n<li><strong>\u00dasporn\u00e9:<\/strong> Zlep\u0161uje vyu\u017eit\u00ed krmiva a sni\u017euje riziko onemocn\u011bn\u00ed.<\/li>\n<li><strong>Je bezpe\u010dn\u00fd:<\/strong> Zcela p\u0159\u00edrodn\u00ed, bez vedlej\u0161\u00edch \u00fa\u010dink\u016f.<\/li>\n<\/ul>","protected":false},"featured_media":7362,"comment_status":"open","ping_status":"closed","template":"","meta":[],"product_brand":[],"product_cat":[38,41],"product_tag":[],"class_list":{"0":"post-7361","1":"product","2":"type-product","3":"status-publish","4":"has-post-thumbnail","6":"product_cat-vektor-animals-vetom","7":"product_cat-vektor-animals-3","9":"first","10":"instock","11":"featured","12":"taxable","13":"shipping-taxable","14":"purchasable","15":"product-type-simple"},"_links":{"self":[{"href":"https:\/\/vetomshop.hu\/cs\/wp-json\/wp\/v2\/product\/7361","targetHints":{"allow":["GET"]}}],"collection":[{"href":"https:\/\/vetomshop.hu\/cs\/wp-json\/wp\/v2\/product"}],"about":[{"href":"https:\/\/vetomshop.hu\/cs\/wp-json\/wp\/v2\/types\/product"}],"replies":[{"embeddable":true,"href":"https:\/\/vetomshop.hu\/cs\/wp-json\/wp\/v2\/comments?post=7361"}],"wp:featuredmedia":[{"embeddable":true,"href":"https:\/\/vetomshop.hu\/cs\/wp-json\/wp\/v2\/media\/7362"}],"wp:attachment":[{"href":"https:\/\/vetomshop.hu\/cs\/wp-json\/wp\/v2\/media?parent=7361"}],"wp:term":[{"taxonomy":"product_brand","embeddable":true,"href":"https:\/\/vetomshop.hu\/cs\/wp-json\/wp\/v2\/product_brand?post=7361"},{"taxonomy":"product_cat","embeddable":true,"href":"https:\/\/vetomshop.hu\/cs\/wp-json\/wp\/v2\/product_cat?post=7361"},{"taxonomy":"product_tag","embeddable":true,"href":"https:\/\/vetomshop.hu\/cs\/wp-json\/wp\/v2\/product_tag?post=7361"}],"curies":[{"name":"wp","href":"https:\/\/api.w.org\/{rel}","templated":true}]}}