{"id":7379,"date":"2026-01-20T17:30:45","date_gmt":"2026-01-20T16:30:45","guid":{"rendered":"https:\/\/vetomshop.hu\/?post_type=product&#038;p=7379"},"modified":"2026-04-27T03:16:23","modified_gmt":"2026-04-27T01:16:23","slug":"bioseptin-probiotikus-sebkezelo-kenocs-60-g","status":"publish","type":"product","link":"https:\/\/vetomshop.hu\/cs\/produkt\/bioseptin-probiotikus-sebkezelo-kenocs-60-g\/","title":{"rendered":"Bioseptin - Probiotick\u00e1 mast na o\u0161et\u0159en\u00ed ran pro zv\u00ed\u0159ata (Bacillus amyloliquefaciens) - <span style=\"color:red\">60 g<\/span>"},"content":{"rendered":"<h3>Bioseptin - Probiotick\u00e1 mast na o\u0161et\u0159en\u00ed ran pro zv\u00ed\u0159ata<\/h3>\n<div class=\"plashka\">A <strong>Bioseptin<\/strong> jedine\u010dn\u00e1 probiotick\u00e1 mast pro vn\u011bj\u0161\u00ed pou\u017eit\u00ed. \u017div\u011b na <strong>Bacillus amyloliquefaciens<\/strong> obsahuje bakterie, kter\u00e9 p\u0159irozen\u011b \u010dist\u00ed r\u00e1ny, potla\u010duj\u00ed z\u00e1n\u011bty a vytv\u00e1\u0159ej\u00ed biologickou bari\u00e9ru na po\u0161kozen\u00e9 poko\u017ece.<\/div>\n<h5>\u00da\u010dinn\u00e1 l\u00e1tka a mechanismus \u00fa\u010dinku<\/h5>\n<p>Mast obsahuje dva speci\u00e1ln\u00ed pr\u016fmyslov\u00e9 kmeny bakteri\u00ed (VKPM B-10642 a B-10643), kter\u00e9 p\u016fsob\u00ed pronik\u00e1n\u00edm do r\u00e1ny:<\/p>\n<ul class=\"vetom-list\">\n<li><strong>\u010ci\u0161t\u011bn\u00ed ran (l\u00fdza):<\/strong> Produkuj\u00ed proteolytick\u00e9 enzymy, kter\u00e9 rozpou\u0161t\u011bj\u00ed (lyzuj\u00ed) odum\u0159elou, nekrotickou tk\u00e1\u0148 a \u010dist\u00ed r\u00e1nu.<\/li>\n<li><strong>\u0160kolen\u00ed o biofilmu:<\/strong> Bakterie vytv\u00e1\u0159ej\u00ed tenk\u00fd biofilm, kter\u00fd zabra\u0148uje pronik\u00e1n\u00ed vn\u011bj\u0161\u00edch patogen\u016f do dutiny r\u00e1ny (tak\u017ee nen\u00ed t\u0159eba obvaz).<\/li>\n<li><strong>Antiseptick\u00fd \u00fa\u010dinek:<\/strong> Potla\u010duj\u00ed r\u016fst hnisav\u00fdch a jin\u00fdch patogenn\u00edch bakteri\u00ed.<\/li>\n<li><strong>Sn\u00ed\u017een\u00ed z\u00e1n\u011btu:<\/strong> Urychluj\u00ed regeneraci a zklid\u0148uj\u00ed po\u0161kozen\u00e9 m\u00edsto.<\/li>\n<\/ul>\n<h5>Oblasti pou\u017eit\u00ed<\/h5>\n<p>V\u00fdrobek lze pou\u017e\u00edt pro v\u0161echny druhy zv\u00ed\u0159at (dom\u00e1c\u00ed zv\u00ed\u0159ata, hospod\u00e1\u0159sk\u00e1 zv\u00ed\u0159ata, divok\u00e1 zv\u00ed\u0159ata, pt\u00e1ci):<\/p>\n<ul class=\"vetom-list\">\n<li>O\u0161et\u0159en\u00ed \u0159ezn\u00fdch a od\u0159en\u00fdch ran.<\/li>\n<li>K hojen\u00ed pop\u00e1lenin.<\/li>\n<li>P\u0159i z\u00e1n\u011btech k\u016f\u017ee (dermatitid\u011b) a jin\u00fdch ko\u017en\u00edch l\u00e9z\u00edch.<\/li>\n<li>K p\u00e9\u010di o nehoj\u00edc\u00ed se v\u0159edov\u00e9 r\u00e1ny.<\/li>\n<\/ul>\n<h5>N\u00e1vod k pou\u017eit\u00ed<\/h5>\n<p>Pouze pro extern\u00ed pou\u017eit\u00ed!<\/p>\n<ul class=\"vetom-list\">\n<li><strong>D\u00e1vkov\u00e1n\u00ed:<\/strong> Nan\u00e1\u0161ejte tenkou vrstvu na po\u0161kozen\u00fd povrch 1-2kr\u00e1t denn\u011b.<\/li>\n<li><strong>Doba trv\u00e1n\u00ed:<\/strong> V l\u00e9\u010db\u011b je t\u0159eba pokra\u010dovat a\u017e do \u00fapln\u00e9ho uzdraven\u00ed.<\/li>\n<li><strong>Vazba:<\/strong> R\u00e1ny o\u0161et\u0159en\u00e9 p\u0159\u00edpravkem Bioseptin <strong>nen\u00ed nutn\u00e9 \u017e\u00e1dn\u00e9 obvazov\u00e1n\u00ed<\/strong>, proto\u017ee vytvo\u0159en\u00fd biofilm chr\u00e1n\u00ed danou oblast.<\/li>\n<\/ul>\n<h5>Zabezpe\u010den\u00ed a skladov\u00e1n\u00ed<\/h5>\n<ul class=\"vetom-list\">\n<li><strong>Je bezpe\u010dn\u00fd:<\/strong> Lze pou\u017e\u00edt i u b\u0159ez\u00edch a koj\u00edc\u00edch zv\u00ed\u0159at. Nejsou zn\u00e1my \u017e\u00e1dn\u00e9 vedlej\u0161\u00ed \u00fa\u010dinky.<\/li>\n<li><strong>Kontraindikace:<\/strong> Nepou\u017e\u00edvejte sou\u010dasn\u011b s mastmi obsahuj\u00edc\u00edmi antibiotika nebo sulfonamidy.<\/li>\n<li><strong>Skladov\u00e1n\u00ed:<\/strong> Neotev\u0159en\u00e9 uchov\u00e1vejte v chladni\u010dce (0-10 \u00b0C). <strong>Po otev\u0159en\u00ed a skladov\u00e1n\u00ed p\u0159i pokojov\u00e9 teplot\u011b vydr\u017e\u00ed 15 dn\u00ed!<\/strong><\/li>\n<\/ul>","protected":false},"excerpt":{"rendered":"<div class=\"plashka\">A <strong>Bioseptin<\/strong> probiotick\u00e1 mast hoj\u00ed r\u00e1ny, pop\u00e1leniny a ko\u017en\u00ed z\u00e1n\u011bty pomoc\u00ed \u017eiv\u00e9 bakteri\u00e1ln\u00ed fl\u00f3ry. P\u0159\u00edrodn\u00ed alternativa tradi\u010dn\u00edch antiseptik.<\/div>\n<h5>Hlavn\u00ed v\u00fdhody:<\/h5>\n<ul class=\"vetom-list\">\n<li><strong>P\u0159\u00edrodn\u00ed hojen\u00ed ran:<\/strong> Odstra\u0148uje odum\u0159elou tk\u00e1\u0148 a regeneruje poko\u017eku.<\/li>\n<li><strong>Neviditeln\u00e9 obvazy:<\/strong> V r\u00e1n\u011b se vytvo\u0159\u00ed biofilm, tak\u017ee nen\u00ed pot\u0159eba \u017e\u00e1dn\u00fd obvaz.<\/li>\n<li><strong>Univerz\u00e1ln\u00ed:<\/strong> Bezpe\u010dn\u00e9 pro psy, ko\u010dky, kon\u011b a dal\u0161\u00ed zv\u00ed\u0159ata.<\/li>\n<li><strong>Jemn\u00e9:<\/strong> Ne\u0161t\u00edpe, p\u016fsob\u00ed protiz\u00e1n\u011btliv\u011b.<\/li>\n<\/ul>","protected":false},"featured_media":7380,"comment_status":"open","ping_status":"closed","template":"","meta":[],"product_brand":[],"product_cat":[42,38],"product_tag":[],"class_list":{"0":"post-7379","1":"product","2":"type-product","3":"status-publish","4":"has-post-thumbnail","6":"product_cat-bioseptin-kenocs","7":"product_cat-vektor-animals-vetom","9":"first","10":"outofstock","11":"featured","12":"taxable","13":"shipping-taxable","14":"purchasable","15":"product-type-simple"},"_links":{"self":[{"href":"https:\/\/vetomshop.hu\/cs\/wp-json\/wp\/v2\/product\/7379","targetHints":{"allow":["GET"]}}],"collection":[{"href":"https:\/\/vetomshop.hu\/cs\/wp-json\/wp\/v2\/product"}],"about":[{"href":"https:\/\/vetomshop.hu\/cs\/wp-json\/wp\/v2\/types\/product"}],"replies":[{"embeddable":true,"href":"https:\/\/vetomshop.hu\/cs\/wp-json\/wp\/v2\/comments?post=7379"}],"wp:featuredmedia":[{"embeddable":true,"href":"https:\/\/vetomshop.hu\/cs\/wp-json\/wp\/v2\/media\/7380"}],"wp:attachment":[{"href":"https:\/\/vetomshop.hu\/cs\/wp-json\/wp\/v2\/media?parent=7379"}],"wp:term":[{"taxonomy":"product_brand","embeddable":true,"href":"https:\/\/vetomshop.hu\/cs\/wp-json\/wp\/v2\/product_brand?post=7379"},{"taxonomy":"product_cat","embeddable":true,"href":"https:\/\/vetomshop.hu\/cs\/wp-json\/wp\/v2\/product_cat?post=7379"},{"taxonomy":"product_tag","embeddable":true,"href":"https:\/\/vetomshop.hu\/cs\/wp-json\/wp\/v2\/product_tag?post=7379"}],"curies":[{"name":"wp","href":"https:\/\/api.w.org\/{rel}","templated":true}]}}