{"id":1020,"date":"2020-02-17T14:15:30","date_gmt":"2020-02-17T14:15:30","guid":{"rendered":"https:\/\/vetomshop.hu\/?page_id=1020"},"modified":"2024-09-26T18:57:13","modified_gmt":"2024-09-26T16:57:13","slug":"gyakori-kerdesek","status":"publish","type":"page","link":"https:\/\/vetomshop.hu\/da\/gyakori-kerdesek\/","title":{"rendered":"Ofte stillede sp\u00f8rgsm\u00e5l"},"content":{"rendered":"<div class=\"wpb-content-wrapper\">\n<div  data-mk-stretch-content=\"true\" class=\"wpb_row vc_row vc_row-fluid jupiter-donut- mk-fullwidth-false  attched-false     js-master-row  mk-grid\">\n\t\t\t\t\n<div class=\"vc_col-sm-12 wpb_column column_container  jupiter-donut- _ jupiter-donut-height-full\">\n\t\n<div data-style=\"accordion-style\" data-initialindex=\"0\" id=\"mk-accordion-2\" class=\"mk-accordion mobile-false fancy-style\">\n\t<div class=\"wpb_accordion_wrapper\">\n\t\t\n<div id=\"\"class=\"mk-accordion-single\">\n\n\t<div class=\"mk-accordion-tab\">\n\t\t<i><svg  class=\"mk-svg-icon\" data-name=\"mk-icon-medkit\" data-cacheid=\"icon-69f7d54847aa1\" xmlns=\"http:\/\/www.w3.org\/2000\/svg\" viewbox=\"0 0 1792 1792\"><path d=\"M1280 1120v-192q0-14-9-23t-23-9h-224v-224q0-14-9-23t-23-9h-192q-14 0-23 9t-9 23v224h-224q-14 0-23 9t-9 23v192q0 14 9 23t23 9h224v224q0 14 9 23t23 9h192q14 0 23-9t9-23v-224h224q14 0 23-9t9-23zm-640-736h512v-128h-512v128zm-384 0v1280h-32q-92 0-158-66t-66-158v-832q0-92 66-158t158-66h32zm1184 0v1280h-1088v-1280h160v-160q0-40 28-68t68-28h576q40 0 68 28t28 68v160h160zm352 224v832q0 92-66 158t-158 66h-32v-1280h32q92 0 158 66t66 158z\"\/><\/svg><\/i>\t\t<span>Hvad er Vetom?<\/span>\n\t\t<svg  class=\"mk-svg-icon\" data-name=\"mk-icon-chevron-right\" data-cacheid=\"icon-69f7d54847cf7\" style=\" height:13px; width: 9.2857142857143px; \"  xmlns=\"http:\/\/www.w3.org\/2000\/svg\" viewbox=\"0 0 1280 1792\"><path d=\"M1107 877l-742 742q-19 19-45 19t-45-19l-166-166q-19-19-19-45t19-45l531-531-531-531q-19-19-19-45t19-45l166-166q19-19 45-19t45 19l742 742q19 19 19 45t-19 45z\"\/><\/svg>\t<\/div>\n\n\t<div class=\"mk-accordion-pane\">\n\t\t\t<div class=\"vc_custom_1716651722549\">\n\n<div id=\"text-block-3\" class=\"mk-text-block  jupiter-donut-\">\n\n\t\n\t<p><span style=\"color: #a58904;\"><strong>VETOM<\/strong><\/span>\u00a0- et meget kraftigt probiotikum, der genopretter og bevarer strukturen i tarmslimhinden og mikrofloraen i maven.<\/p>\n<p><img loading=\"lazy\" decoding=\"async\" class=\"size-full wp-image-623 aligncenter\" src=\"https:\/\/vetomshop.hu\/wp-content\/uploads\/2024\/05\/vetom-laboratorium.jpg\" alt=\"\" width=\"1464\" height=\"560\" \/><\/p>\n<p><strong><span style=\"color: #a58904;\">Hvordan bek\u00e6mper Vetom virus- og bakterieinfektioner?<\/span><\/strong><\/p>\n<p>Det aktive stof i Vetom er Bacillus subtilis stamme VKPM B 10641. Bakterier, der tilh\u00f8rer denne art, undertrykker specifikt v\u00e6ksten og udviklingen af mikrofloraen uden for mave-tarmkanalen ved direkte antagonisme over for infekti\u00f8se stoffer og indirekte ved at optimere kroppens immunsystem gennem produktion af humant leukocyt interferon \u03b1-2.<\/p>\n<p>Interferon - et proteinmolekyle, der giver antiviral immunitet!<\/p>\n<p>Den vigtigste virkningsmekanisme for interferon er undertrykkelse af udvikling og deling. Ved fysiologiske doser regulerer denne handling replikationen af vira.<\/p>\n<p>Den sunde krop reagerer p\u00e5 invasionen af virus ved at producere interferoner, som forhindrer den efterf\u00f8lgende udvikling af infektion.<\/p>\n<p><img loading=\"lazy\" decoding=\"async\" class=\"size-full wp-image-5647 aligncenter\" src=\"https:\/\/vetomshop.hu\/wp-content\/uploads\/2024\/05\/laborator.jpg\" alt=\"\" width=\"1000\" height=\"534\" srcset=\"https:\/\/vetomshop.hu\/wp-content\/uploads\/2024\/05\/laborator.jpg 1000w, https:\/\/vetomshop.hu\/wp-content\/uploads\/2024\/05\/laborator-300x160.jpg 300w, https:\/\/vetomshop.hu\/wp-content\/uploads\/2024\/05\/laborator-768x410.jpg 768w, https:\/\/vetomshop.hu\/wp-content\/uploads\/2024\/05\/laborator-600x320.jpg 600w\" sizes=\"auto, (max-width: 1000px) 100vw, 1000px\" \/>Fordi Vetom stimulerer produktionen af interferon, bruges det ogs\u00e5 til at bek\u00e6mpe vira og infektioner, herunder coronavirus:<\/p>\n<ul>\n<li>SARS (rhinovirus, coronavirusinfektion, influenza- og parainfluenzavirus);<\/li>\n<li>infektionssygdomme - forskellige former for herpesl\u00e6sioner (viral keratoconjunctivitis og keratitis, keratouveitis, genital herpes, helvedesild);<\/li>\n<li>Akut og kronisk viral hepatitis (A, B, C, D (delta)).<\/li>\n<\/ul>\n\n\t<div class=\"clearboth\"><\/div>\n<\/div>\n\n\t<\/div>\n\n\t\t<div class=\"clearboth\"><\/div>\n\t<\/div>\n\n<\/div>\n\n<div id=\"\"class=\"mk-accordion-single\">\n\n\t<div class=\"mk-accordion-tab\">\n\t\t<i><svg  class=\"mk-svg-icon\" data-name=\"mk-icon-medkit\" data-cacheid=\"icon-69f7d5484829d\" xmlns=\"http:\/\/www.w3.org\/2000\/svg\" viewbox=\"0 0 1792 1792\"><path d=\"M1280 1120v-192q0-14-9-23t-23-9h-224v-224q0-14-9-23t-23-9h-192q-14 0-23 9t-9 23v224h-224q-14 0-23 9t-9 23v192q0 14 9 23t23 9h224v224q0 14 9 23t23 9h192q14 0 23-9t9-23v-224h224q14 0 23-9t9-23zm-640-736h512v-128h-512v128zm-384 0v1280h-32q-92 0-158-66t-66-158v-832q0-92 66-158t158-66h32zm1184 0v1280h-1088v-1280h160v-160q0-40 28-68t68-28h576q40 0 68 28t28 68v160h160zm352 224v832q0 92-66 158t-158 66h-32v-1280h32q92 0 158 66t66 158z\"\/><\/svg><\/i>\t\t<span>Er Vetom egnet til b\u00f8rn?<\/span>\n\t\t<svg  class=\"mk-svg-icon\" data-name=\"mk-icon-chevron-right\" data-cacheid=\"icon-69f7d54848372\" style=\" height:13px; width: 9.2857142857143px; \"  xmlns=\"http:\/\/www.w3.org\/2000\/svg\" viewbox=\"0 0 1280 1792\"><path d=\"M1107 877l-742 742q-19 19-45 19t-45-19l-166-166q-19-19-19-45t19-45l531-531-531-531q-19-19-19-45t19-45l166-166q19-19 45-19t45 19l742 742q19 19 19 45t-19 45z\"\/><\/svg>\t<\/div>\n\n\t<div class=\"mk-accordion-pane\">\n\t\t\t<div class=\"vc_custom_1675849573805\">\n\n<div id=\"text-block-4\" class=\"mk-text-block  jupiter-donut-\">\n\n\t\n\t<p><img loading=\"lazy\" decoding=\"async\" class=\"size-full wp-image-612 aligncenter\" src=\"\/\/vetom-egeszsegshop.hu\/wp-content\/uploads\/2023\/02\/probio-dity.jpg\" alt=\"\" width=\"1105\" height=\"600\" \/><\/p>\n<p>Probiotikummet har ingen aldersgr\u00e6nse, s\u00e5 det kan tages af b\u00e5de voksne og b\u00f8rn.<\/p>\n<p>Du kan bruge den flydende form af probiotika: 1-2 dr\u00e5ber 2-3 gange om dagen, fortyndet i lidt vand. Helst som en kur i 10-14 dage.<\/p>\n<p>Eller det gives som et pulver, 1 g pulver pr. 10 kg af barnets v\u00e6gt, 2-3 gange om dagen. Pulveret kan fortyndes i en lille m\u00e6ngde v\u00e6ske.<\/p>\n<p>Helst en kur, der varer 10-14 dage.<\/p>\n\n\t<div class=\"clearboth\"><\/div>\n<\/div>\n\n\t<\/div>\n\n\t\t<div class=\"clearboth\"><\/div>\n\t<\/div>\n\n<\/div>\n\n<div id=\"\"class=\"mk-accordion-single\">\n\n\t<div class=\"mk-accordion-tab\">\n\t\t<i><svg  class=\"mk-svg-icon\" data-name=\"mk-icon-medkit\" data-cacheid=\"icon-69f7d54848733\" xmlns=\"http:\/\/www.w3.org\/2000\/svg\" viewbox=\"0 0 1792 1792\"><path d=\"M1280 1120v-192q0-14-9-23t-23-9h-224v-224q0-14-9-23t-23-9h-192q-14 0-23 9t-9 23v224h-224q-14 0-23 9t-9 23v192q0 14 9 23t23 9h224v224q0 14 9 23t23 9h192q14 0 23-9t9-23v-224h224q14 0 23-9t9-23zm-640-736h512v-128h-512v128zm-384 0v1280h-32q-92 0-158-66t-66-158v-832q0-92 66-158t158-66h32zm1184 0v1280h-1088v-1280h160v-160q0-40 28-68t68-28h576q40 0 68 28t28 68v160h160zm352 224v832q0 92-66 158t-158 66h-32v-1280h32q92 0 158 66t66 158z\"\/><\/svg><\/i>\t\t<span>Hvordan tager man Vetom-produkter?<\/span>\n\t\t<svg  class=\"mk-svg-icon\" data-name=\"mk-icon-chevron-right\" data-cacheid=\"icon-69f7d548487fd\" style=\" height:13px; width: 9.2857142857143px; \"  xmlns=\"http:\/\/www.w3.org\/2000\/svg\" viewbox=\"0 0 1280 1792\"><path d=\"M1107 877l-742 742q-19 19-45 19t-45-19l-166-166q-19-19-19-45t19-45l531-531-531-531q-19-19-19-45t19-45l166-166q19-19 45-19t45 19l742 742q19 19 19 45t-19 45z\"\/><\/svg>\t<\/div>\n\n\t<div class=\"mk-accordion-pane\">\n\t\t\t<div class=\"vc_custom_1716651401497\">\n\n<div id=\"text-block-5\" class=\"mk-text-block  jupiter-donut-\">\n\n\t\n\t<p>For at opn\u00e5 maksimal effekt skal du tage Vetom en time f\u00f8r m\u00e5ltiderne med en lille m\u00e6ngde almindeligt vand. Det tilr\u00e5des at udelukke alkohol og krydret mad i indtagelsesperioden. N\u00e5r man v\u00e6lger dosering og indtagelseshyppighed, skal man huske p\u00e5, at den terapeutiske effekt ikke afh\u00e6nger direkte af m\u00e6ngden af produktet, der tages p\u00e5 \u00e9n gang, men af indtagelseshyppigheden i en kur - jo hyppigere dosis, jo st\u00e6rkere effekt.<\/p>\n<p><img decoding=\"async\" class=\"alignnone size-full wp-image-5645\" src=\"https:\/\/vetomshop.hu\/wp-content\/uploads\/2024\/05\/gettyimages.jpg\" alt=\"\" width=\"100%\" srcset=\"https:\/\/vetomshop.hu\/wp-content\/uploads\/2024\/05\/gettyimages.jpg 1920w, https:\/\/vetomshop.hu\/wp-content\/uploads\/2024\/05\/gettyimages-300x171.jpg 300w, https:\/\/vetomshop.hu\/wp-content\/uploads\/2024\/05\/gettyimages-1024x585.jpg 1024w, https:\/\/vetomshop.hu\/wp-content\/uploads\/2024\/05\/gettyimages-768x438.jpg 768w, https:\/\/vetomshop.hu\/wp-content\/uploads\/2024\/05\/gettyimages-1536x877.jpg 1536w, https:\/\/vetomshop.hu\/wp-content\/uploads\/2024\/05\/gettyimages-1320x754.jpg 1320w, https:\/\/vetomshop.hu\/wp-content\/uploads\/2024\/05\/gettyimages-600x343.jpg 600w\" sizes=\"(max-width: 1920px) 100vw, 1920px\" \/><\/p>\n<p>En dosis skal indeholde mindst 5 millioner mikroorganismer, f.eks. mindst 5 g pulver (ca. 1 teskefuld), 1 pose eller 1 kapsel. Hvis du tager Vetom i flydende form, er 1 dosis = 1 dr\u00e5be.<\/p>\n<p><span style=\"color: #a58904;\"><strong>Overdosering har ingen negative virkninger.<\/strong><\/span><\/p>\n<p>Forebyggende dosering til raske mennesker for at forhindre mulige sygdomme<em>:\u00a0<\/em><\/p>\n<ul>\n<li>Tag Vetom'en <span style=\"color: #ff0000;\">1.1<\/span>-et eller Veto <span style=\"color: #ff0000;\">1.23<\/span>-(du v\u00e6lger din egen formulering - tilstedev\u00e6relsen af den aktive ingrediens er vigtig - Bacillus subtilis VKPM B-10641 (DSM 24613) stamme) i 10-14 dage, i flere doser p\u00e5 7-10 gange dagligt, med omtrent lige store intervaller. for eksempel tager du det i 2 uger, tager derefter en 3 ugers pause og gentager behandlingen igen. .<\/li>\n<li>Gentag kuren mindst 2 gange om \u00e5ret, helst i perioden f\u00f8r fork\u00f8lelser er mere sandsynlige.<\/li>\n<li>Anbefales til Vetom <span style=\"color: #ff0000;\">1.1<\/span> kapsel - dr\u00e5beform Vetom <span style=\"color: #ff0000;\">1.23<\/span> mellem kurene skal du indtage Vetom <span style=\"color: #ff0000;\">3<\/span>-at og <span style=\"color: #ff0000;\">4<\/span>-(eller jeg tager <span style=\"color: #ff0000;\">2<\/span>-t) 2-3 doser om dagen i 10-14 dage.<\/li>\n<li>I stedet for Vetom-pulver eller -kapsler kan du tage et flydende probiotikum, som alle kan f\u00e5: Vetom <span style=\"color: #ff0000;\">1.23<\/span> Vetom <span style=\"color: #ff0000;\">3.22<\/span>, Vetom <span style=\"color: #ff0000;\">4.24<\/span> eller jeg nedl\u00e6gger veto <span style=\"color: #ff0000;\">2.25<\/span>, Vetom <span style=\"color: #ff0000;\">2.26<\/span>.<\/li>\n<\/ul>\n<p>Hvis du har et rigtig godt immunforsvar, kan et kursus p\u00e5 1-2 kurser p\u00e5 10-14 dage med Vetom <span style=\"color: #ff0000;\">1.1<\/span> Du vil ikke m\u00e6rke nogen s\u00e6rlige effekter efter behandlingen.<\/p>\n<p><strong><span style=\"color: #a58904;\">Terapeutisk plukning:<\/span><\/strong><\/p>\n<ul>\n<li>Tag Vetom <span style=\"color: #ff0000;\">1.1<\/span> kapsler eller Vetom <span style=\"color: #ff0000;\">1.23<\/span> 10 dr\u00e5ber om dagen (10 kapsler - 10 dr\u00e5ber) i 10-14 dage. Derefter min. 14 dages pause. .<\/li>\n<li>Indtagelsesregimet skal gentages efter 1 til 2 m\u00e5neder .<\/li>\n<li>Vetom'en <span style=\"color: #ff0000;\">1.1<\/span> (Vetom <span style=\"color: #ff0000;\">1.23<\/span> ) mellem behandlingerne fors\u00f8ge at Vetom <span style=\"color: #ff0000;\">3<\/span>-at og <span style=\"color: #ff0000;\">4<\/span>-(eller jeg tager <span style=\"color: #ff0000;\">2<\/span>-) i 10-14 dage om dagen.<\/li>\n<li>For at du kan f\u00e5 det bedre, Vetom <span style=\"color: #ff0000;\">1.1<\/span> b\u00f8r intervallet mellem behandlingerne \u00f8ges til 2-3 om \u00e5ret. I overensstemmelse hermed er Vetom <span style=\"color: #ff0000;\">2<\/span> Hyppigheden af indtag af 3 og 4 kan ogs\u00e5 gradvist reduceres over tid fra 10 til 2-3 doser.<\/li>\n<\/ul>\n\n\t<div class=\"clearboth\"><\/div>\n<\/div>\n\n\t<\/div>\n\n\t\t<div class=\"clearboth\"><\/div>\n\t<\/div>\n\n<\/div>\n\n<div id=\"\"class=\"mk-accordion-single\">\n\n\t<div class=\"mk-accordion-tab\">\n\t\t<i><svg  class=\"mk-svg-icon\" data-name=\"mk-icon-medkit\" data-cacheid=\"icon-69f7d54848c9d\" xmlns=\"http:\/\/www.w3.org\/2000\/svg\" viewbox=\"0 0 1792 1792\"><path d=\"M1280 1120v-192q0-14-9-23t-23-9h-224v-224q0-14-9-23t-23-9h-192q-14 0-23 9t-9 23v224h-224q-14 0-23 9t-9 23v192q0 14 9 23t23 9h224v224q0 14 9 23t23 9h192q14 0 23-9t9-23v-224h224q14 0 23-9t9-23zm-640-736h512v-128h-512v128zm-384 0v1280h-32q-92 0-158-66t-66-158v-832q0-92 66-158t158-66h32zm1184 0v1280h-1088v-1280h160v-160q0-40 28-68t68-28h576q40 0 68 28t28 68v160h160zm352 224v832q0 92-66 158t-158 66h-32v-1280h32q92 0 158 66t66 158z\"\/><\/svg><\/i>\t\t<span>Hvilken Vetom er den bedste?<\/span>\n\t\t<svg  class=\"mk-svg-icon\" data-name=\"mk-icon-chevron-right\" data-cacheid=\"icon-69f7d54848d57\" style=\" height:13px; width: 9.2857142857143px; \"  xmlns=\"http:\/\/www.w3.org\/2000\/svg\" viewbox=\"0 0 1280 1792\"><path d=\"M1107 877l-742 742q-19 19-45 19t-45-19l-166-166q-19-19-19-45t19-45l531-531-531-531q-19-19-19-45t19-45l166-166q19-19 45-19t45 19l742 742q19 19 19 45t-19 45z\"\/><\/svg>\t<\/div>\n\n\t<div class=\"mk-accordion-pane\">\n\t\t\t<div class=\"vc_custom_1727369822448\">\n\n<div id=\"text-block-6\" class=\"mk-text-block  jupiter-donut-\">\n\n\t\n\t<p><img decoding=\"async\" class=\"wp-image-621 aligncenter\" src=\"https:\/\/vetomshop.hu\/wp-content\/uploads\/2024\/05\/nutrigenomics.jpg\" alt=\"\" width=\"100%\" \/><\/p>\n<p>Det er umuligt at afg\u00f8re, hvilket af disse probiotika der er bedst. De bruges til n\u00e6sten de samme sygdomme, men hver Vetom har en anden effekt.  De supplerer hinanden.<\/p>\n<p>Det hele afh\u00e6nger af kroppens individuelle egenskaber og tilstand. Den bedste l\u00f8sning ville v\u00e6re at bruge hele forl\u00f8bet af alle Vetom-produkter.<\/p>\n<p>De 4 forskellige kapsler udg\u00f8r faktisk 1 stor helhed.<\/p>\n\n\t<div class=\"clearboth\"><\/div>\n<\/div>\n\n\t<\/div>\n\n\t\t<div class=\"clearboth\"><\/div>\n\t<\/div>\n\n<\/div>\n\n<div id=\"\"class=\"mk-accordion-single\">\n\n\t<div class=\"mk-accordion-tab\">\n\t\t<i><svg  class=\"mk-svg-icon\" data-name=\"mk-icon-medkit\" data-cacheid=\"icon-69f7d5484911b\" xmlns=\"http:\/\/www.w3.org\/2000\/svg\" viewbox=\"0 0 1792 1792\"><path d=\"M1280 1120v-192q0-14-9-23t-23-9h-224v-224q0-14-9-23t-23-9h-192q-14 0-23 9t-9 23v224h-224q-14 0-23 9t-9 23v192q0 14 9 23t23 9h224v224q0 14 9 23t23 9h192q14 0 23-9t9-23v-224h224q14 0 23-9t9-23zm-640-736h512v-128h-512v128zm-384 0v1280h-32q-92 0-158-66t-66-158v-832q0-92 66-158t158-66h32zm1184 0v1280h-1088v-1280h160v-160q0-40 28-68t68-28h576q40 0 68 28t28 68v160h160zm352 224v832q0 92-66 158t-158 66h-32v-1280h32q92 0 158 66t66 158z\"\/><\/svg><\/i>\t\t<span>I hvilken emballage f\u00e5s Vetom?<\/span>\n\t\t<svg  class=\"mk-svg-icon\" data-name=\"mk-icon-chevron-right\" data-cacheid=\"icon-69f7d548491e1\" style=\" height:13px; width: 9.2857142857143px; \"  xmlns=\"http:\/\/www.w3.org\/2000\/svg\" viewbox=\"0 0 1280 1792\"><path d=\"M1107 877l-742 742q-19 19-45 19t-45-19l-166-166q-19-19-19-45t19-45l531-531-531-531q-19-19-19-45t19-45l166-166q19-19 45-19t45 19l742 742q19 19 19 45t-19 45z\"\/><\/svg>\t<\/div>\n\n\t<div class=\"mk-accordion-pane\">\n\t\t\t<div class=\"vc_custom_1716650901197\">\n\n<div id=\"text-block-7\" class=\"mk-text-block  jupiter-donut-\">\n\n\t\n\t<p><strong>I hvilken emballage f\u00e5s Vetom?<\/strong><\/p>\n<p>Vetom findes i tre doseringsformer:<\/p>\n<ul>\n<li>Pulver 5, pakke med 500 g<\/li>\n<li>Kapsler i pakninger med 50 korn<\/li>\n<li>V\u00e6ske 10 ml<\/li>\n<\/ul>\n<p><img loading=\"lazy\" decoding=\"async\" class=\"wp-image-625 aligncenter\" src=\"https:\/\/vetomshop.hu\/wp-content\/uploads\/2024\/05\/biotech-deepdive.webp\" alt=\"\" width=\"869\" height=\"365\" \/><\/p>\n\n\t<div class=\"clearboth\"><\/div>\n<\/div>\n\n\t<\/div>\n\n\t\t<div class=\"clearboth\"><\/div>\n\t<\/div>\n\n<\/div>\n\n<div id=\"\"class=\"mk-accordion-single\">\n\n\t<div class=\"mk-accordion-tab\">\n\t\t<i><svg  class=\"mk-svg-icon\" data-name=\"mk-icon-medkit\" data-cacheid=\"icon-69f7d5484957a\" xmlns=\"http:\/\/www.w3.org\/2000\/svg\" viewbox=\"0 0 1792 1792\"><path d=\"M1280 1120v-192q0-14-9-23t-23-9h-224v-224q0-14-9-23t-23-9h-192q-14 0-23 9t-9 23v224h-224q-14 0-23 9t-9 23v192q0 14 9 23t23 9h224v224q0 14 9 23t23 9h192q14 0 23-9t9-23v-224h224q14 0 23-9t9-23zm-640-736h512v-128h-512v128zm-384 0v1280h-32q-92 0-158-66t-66-158v-832q0-92 66-158t158-66h32zm1184 0v1280h-1088v-1280h160v-160q0-40 28-68t68-28h576q40 0 68 28t28 68v160h160zm352 224v832q0 92-66 158t-158 66h-32v-1280h32q92 0 158 66t66 158z\"\/><\/svg><\/i>\t\t<span>Hvordan adskiller probiotika sig fra fr\u00f8?<\/span>\n\t\t<svg  class=\"mk-svg-icon\" data-name=\"mk-icon-chevron-right\" data-cacheid=\"icon-69f7d54849649\" style=\" height:13px; width: 9.2857142857143px; \"  xmlns=\"http:\/\/www.w3.org\/2000\/svg\" viewbox=\"0 0 1280 1792\"><path d=\"M1107 877l-742 742q-19 19-45 19t-45-19l-166-166q-19-19-19-45t19-45l531-531-531-531q-19-19-19-45t19-45l166-166q19-19 45-19t45 19l742 742q19 19 19 45t-19 45z\"\/><\/svg>\t<\/div>\n\n\t<div class=\"mk-accordion-pane\">\n\t\t\t<div class=\"vc_custom_1722780911439\">\n\n<div id=\"text-block-8\" class=\"mk-text-block  jupiter-donut-\">\n\n\t\n\t<h3><span style=\"color: #a58904;\">Vetom probiotika kan ogs\u00e5 variere i deres bakterielle ingredienser og emballage.<\/span><\/h3>\n<p><span style=\"color: #a58904;\"><strong>Forskellen i probiotiske mikroorganismer i Vetom-produkter:<\/strong><\/span><\/p>\n<p>De legendariske VETOM Probiotika har v\u00e6ret i produktion i over 20 \u00e5r, men de f\u00e6rreste ved, hvorfor kurset best\u00e5r af 4 numre, og hvad forskellen er.<\/p>\n<p><img loading=\"lazy\" decoding=\"async\" class=\"size-full wp-image-623 aligncenter\" src=\"https:\/\/vetomshop.hu\/wp-content\/uploads\/2024\/05\/tech-biotechnology.webp\" alt=\"\" width=\"1464\" height=\"560\" \/><\/p>\n<p>S\u00e5 de pr\u00f8ver at finde ud af det.<\/p>\n<p>\u2713 A VETOM <span style=\"color: #ff0000;\">1<\/span> i kapsel- og dr\u00e5beform <span style=\"color: #ff0000;\">1.23<\/span> virker som en kost i den mest cystiske del af tyktarmen. Det stimulerer produktionen af interferon.<\/p>\n<p>Organellerne i tyndtarmens lymfeknuder er ofte i dvale p\u00e5 grund af stress, antibiotikabehandling, milj\u00f8faktorer osv.<\/p>\n<p>VETOMET <span style=\"color: #ff0000;\">1.1<\/span> Bakterier har plasmider indlejret i deres sammens\u00e6tning, som v\u00e6kker disse organeller og tvinger os til at producere vores eget interferon i m\u00e6ngder, der passer til kroppens aktuelle tilstand.<\/p>\n<p>\u2713 A VETOM <span style=\"color: #ff0000;\">2<\/span> i kapsel- og dr\u00e5beform <span style=\"color: #ff0000;\">2.25<\/span> eller <span style=\"color: #ff0000;\">2.26<\/span> Den indeholder 2 bakteriestammer, hvoraf den ene forts\u00e6tter med at desinficere tyktarmen, og den anden arbejder i tyndtarmen (og eliminerer den patogene floras fors\u00f8g p\u00e5 at \u201eflygte\u201d fra tyktarmen til tyndtarmen).<\/p>\n<p>\u2713 A VETOM <span style=\"color: #ff0000;\">3<\/span> i kapsel- og dr\u00e5beform <span style=\"color: #ff0000;\">3.22<\/span>\u00a0 den \u201emest aggressive\u201d, den renser tyktarmen.<\/p>\n<p>\u2713 A VETOM <span style=\"color: #ff0000;\">4<\/span> i kapsel- og dr\u00e5beform <span style=\"color: #ff0000;\">4.24<\/span> er den hurtigste og mest grundige og g\u00f8r det, som de f\u00f8rste 3 VETOM'er ikke gjorde, og fungerer som en \u201ereparerende\u201d kuffert.<\/p>\n<p>Ved at anvende alle VETOM'erne efter hinanden elimineres forr\u00e5dnelsesprocesserne i tarmene, da det har en permanent effekt p\u00e5 den resterende patogene flora.<\/p>\n<p>Ved at aflaste bugspytkirtlen og leveren giver vi kroppen mulighed for selv at reparere systemet, forbedre stofskiftet og underst\u00f8tte det generelle immunforsvar.<\/p>\n<p>Sk\u00e5l!<\/p>\n<p>VETOM <span style=\"color: #ff0000;\">1.1<\/span> st\u00f8v, Vetom <span style=\"color: #ff0000;\">1.1<\/span> Kapsel, Vetom <span style=\"color: #ff0000;\">1.23<\/span> dr\u00e5be - indeholder bakteriestammen Subtilis Bacilluis B-10641<\/p>\n<p>VETOM <span style=\"color: #ff0000;\">2<\/span>, Vetom <span style=\"color: #ff0000;\">2<\/span> Kapsel, Vetom <span style=\"color: #ff0000;\">2.25<\/span>\u00a0 dr\u00e5be - Bacillus amyloliquefaciens stamme B-10642 (Dsm 24614) og Bacillus amyloliquefaciens stamme B-10643 (Dsm 24615)<\/p>\n<p>Vetom <span style=\"color: #ff0000;\">2.26<\/span>\u00a0 Dr\u00e5ben indeholder Bacillus Subtilis 10641 og Bacillus amylolique faciens 10643.<\/p>\n<p>VETOM <span style=\"color: #ff0000;\">3<\/span>, Vetom <span style=\"color: #ff0000;\">3<\/span> Kapsel, Vetom <span style=\"color: #ff0000;\">3.22<\/span> dr\u00e5be - Bacillus amyloliquefaciens stamme B-10642 (Dsm 24614)<\/p>\n<p>VETOM <span style=\"color: #ff0000;\">4<\/span>, Vetom <span style=\"color: #ff0000;\">4<\/span> kapsler eller Vetom <span style=\"color: #ff0000;\">4.24<\/span> dr\u00e5be - Bacillus amyloliquefaciens stamme B-10643 (Dsm 24614)<\/p>\n<p>Emballering af produkterne: i plastpakker med 500 g pulver, 50 kapsler med 50 g pulver eller i flydende form 10 ml.<\/p>\n<p>For kr\u00e6ftpatienter, diabetespatienter og patienter med meget d\u00e5rlige ford\u00f8jelsesproblemer anbefales det at indtage det i form af v\u00e6ske. <span style=\"color: #ff0000;\">1.23<\/span>,Vetom <span style=\"color: #ff0000;\">2.26<\/span>, Vetom <span style=\"color: #ff0000;\">3.22<\/span>, Vetom <span style=\"color: #ff0000;\">4.24<\/span>)<\/p>\n<p>Vetom'en <span style=\"color: #ff0000;\">1.23<\/span>, Vetom <span style=\"color: #ff0000;\">2.25<\/span>, Vetom <span style=\"color: #ff0000;\">2.26<\/span>, Vetom <span style=\"color: #ff0000;\">3.22<\/span>, Vetom <span style=\"color: #ff0000;\">4.24<\/span> Pr\u00e6paraterne er identiske i deres virkning. De indeholder forskellige mikroorganismer, der virker i tarmkanalen og leverer forskellige biologisk aktive stoffer til de omkringliggende organer. Som f\u00f8lge heraf er deres samlede effekt p\u00e5 menneskekroppen forskellig. For at opn\u00e5 maksimal positiv effekt anbefales det at bruge alle Vetom-produkter skiftevis for at rense tarmkanalen og patogene systemer som helhed.<\/p>\n\n\t<div class=\"clearboth\"><\/div>\n<\/div>\n\n\t<\/div>\n\n\t\t<div class=\"clearboth\"><\/div>\n\t<\/div>\n\n<\/div>\n\t<\/div>\n<\/div>\n\n\n\t<div class=\"vc_custom_1675852632641\">\n\n<div id=\"text-block-9\" class=\"mk-text-block  jupiter-donut-\">\n\n\t\n\t<hr \/>\n<h3 style=\"padding-left: 40px;\"><span style=\"color: #9c810c;\"><strong>Du kan bestille VETOM probiotika p\u00e5 vores hjemmeside<\/strong>:<\/span><\/h3>\n<p style=\"padding-left: 80px;\"><a href=\"https:\/\/vetomshop.hu\/da\/\">Vetomshop.hu<\/a><\/p>\n<p style=\"padding-left: 80px;\"><a href=\"https:\/\/vetom-egeszsegshop.hu\" target=\"_blank\" rel=\"noopener noreferrer nofollow\">Vetomegeszsegshop.hu<\/a><\/p>\n<p style=\"padding-left: 80px;\"><a href=\"https:\/\/www.facebook.com\/Vetomshop.hu\" target=\"_blank\" rel=\"noopener noreferrer nofollow\">Facebook (Vetom-Ungarn)<\/a><\/p>\n<p style=\"padding-left: 40px;\">Emag<\/p>\n<hr \/>\n\n\t<div class=\"clearboth\"><\/div>\n<\/div>\n\n\t<\/div>\n<\/div>\n\t<\/div>\n\n<\/div>","protected":false},"excerpt":{"rendered":"Mi az a Vetom? VETOM\u00a0\u2014 egy nagyon er\u0151s probiotikum, amely helyre\u00e1ll\u00edtja \u00e9s meg\u0151rzi a b\u00e9lny\u00e1lkah\u00e1rtya szerkezet\u00e9t \u00e9s a gyomor mikrofl\u00f3r\u00e1j\u00e1t. Hogyan harcol a Vetom a v\u00edrusos \u00e9s bakteri\u00e1lis fert\u0151z\u00e9sekkel? A Vetom k\u00e9sz\u00edtm\u00e9ny hat\u00f3anyaga a Bacillus subtilis VKPM B 10641 t\u00f6rzs. Az ezen fajokhoz tartoz\u00f3 bakt\u00e9riumok kifejezetten elnyomj\u00e1k a gyomor-b\u00e9l traktuson k\u00edv\u00fcli mikrofl\u00f3ra n\u00f6veked\u00e9s\u00e9t \u00e9s fejl\u0151d\u00e9s\u00e9t [...]","protected":false},"author":1,"featured_media":0,"parent":0,"menu_order":0,"comment_status":"closed","ping_status":"closed","template":"","meta":{"footnotes":""},"class_list":["post-1020","page","type-page","status-publish","hentry"],"_links":{"self":[{"href":"https:\/\/vetomshop.hu\/da\/wp-json\/wp\/v2\/pages\/1020","targetHints":{"allow":["GET"]}}],"collection":[{"href":"https:\/\/vetomshop.hu\/da\/wp-json\/wp\/v2\/pages"}],"about":[{"href":"https:\/\/vetomshop.hu\/da\/wp-json\/wp\/v2\/types\/page"}],"author":[{"embeddable":true,"href":"https:\/\/vetomshop.hu\/da\/wp-json\/wp\/v2\/users\/1"}],"replies":[{"embeddable":true,"href":"https:\/\/vetomshop.hu\/da\/wp-json\/wp\/v2\/comments?post=1020"}],"version-history":[{"count":0,"href":"https:\/\/vetomshop.hu\/da\/wp-json\/wp\/v2\/pages\/1020\/revisions"}],"wp:attachment":[{"href":"https:\/\/vetomshop.hu\/da\/wp-json\/wp\/v2\/media?parent=1020"}],"curies":[{"name":"wp","href":"https:\/\/api.w.org\/{rel}","templated":true}]}}