{"id":389,"date":"2019-11-07T12:36:23","date_gmt":"2019-11-07T12:36:23","guid":{"rendered":"https:\/\/vetomshop.hu\/my-account\/"},"modified":"2024-03-06T15:55:51","modified_gmt":"2024-03-06T14:55:51","slug":"sajat-fiok","status":"publish","type":"page","link":"https:\/\/vetomshop.hu\/da\/sajat-fiok\/","title":{"rendered":"Min konto"},"content":{"rendered":"<div class=\"su-spoiler su-spoiler-style-fancy su-spoiler-icon-chevron su-spoiler-closed\" data-scroll-offset=\"0\" data-anchor-in-url=\"no\"><div class=\"su-spoiler-title\" tabindex=\"0\" role=\"button\"><span class=\"su-spoiler-icon\"><\/span> Levering og betaling<\/div><div class=\"su-spoiler-content su-u-clearfix su-u-trim\">\n<h2>Personlig kvittering<\/h2>\n<p style=\"padding-left: 40px;\">8112, Zichy\u00fajfalu, Kast\u00e9lykert 1<\/p>\n<p style=\"padding-left: 40px;\">Tidspunkt for personlig afhentning: kun efter aftale p\u00e5 f\u00f8lgende kontaktoplysninger<\/p>\n<ul>\n<li style=\"list-style-type: none;\">\n<ul>\n<li><strong>Telefon<\/strong>:\u00a0<a href=\"http:\/\/Tel:+36305573846\" target=\"_blank\" rel=\"noopener noreferrer nofollow\">+36305573846<\/a> Tam\u00e1s Pap<\/li>\n<li><strong>E-mail-1<\/strong>: i<a href=\"mailto:infoshop.vetom.magyarorszag@gmail.com\" target=\"_blank\" rel=\"noopener\">nfoshop.vetom.magyarorszag@<wbr \/>gmail.com<\/a><\/li>\n<li><strong>E-mail 2<\/strong>:\u00a0 <a href=\"mailto:vetomshop.hu@gmail.com\" target=\"_blank\" rel=\"noopener\">vetomshop.hu@gmail.com<\/a><\/li>\n<li>eller fra vores partnere i hele landet, hvis kontaktoplysninger kan findes p\u00e5 vores hjemmeside<\/li>\n<\/ul>\n<\/li>\n<\/ul>\n<h2><span style=\"color: #ff0000;\">Levering:<\/span><\/h2>\n<p>I vores butik kan du v\u00e6lge mellem f\u00f8lgende leverings- og betalingsmuligheder:<\/p>\n<p style=\"padding-left: 40px;\"><span style=\"color: #339966;\"><strong>GLS kurertjeneste<\/strong><\/span> og <span style=\"color: #339966;\"><strong>Foxpost pakkeautomat<\/strong><\/span><\/p>\n<p style=\"padding-left: 40px;\"><em><strong>30.000<\/strong> Gratis levering over HUF ordrev\u00e6rdi!<\/em><\/p>\n<h2><span style=\"color: #008000;\">GLS kurertjeneste:<\/span><\/h2>\n<p>For GLS ParcelPoint-ordrer kan du betale med kontanter eller kreditkort p\u00e5 nogle steder (tjek med ParcelPoint p\u00e5 forh\u00e5nd). <b>Hvis du anmoder om levering til en GLS ParcelService eller GLS ParcelPoint, skal du indtaste adressen p\u00e5 pakkeautomaten i feltet for leveringsadresse.<\/b><\/p>\n<ul>\n<li>N\u00e5r pakken er afsendt, vil GLS Courier-systemet give modtageren besked via e-mail om, at pakken vil blive leveret den n\u00e6ste arbejdsdag. E-mailen indeholder pakkenummeret og bel\u00f8bet for eventuel efterkrav. Om morgenen p\u00e5 leveringsdagen modtager modtageren en meddelelse med kur\u00e9rens telefonnummer, GLS' kundeservicetelefonnummer og et tidsvindue p\u00e5 3 timer for forventet levering. I tilf\u00e6lde af et mislykket leveringsfors\u00f8g vil der blive sendt en e-mail til modtageren.<\/li>\n<li><b>GLS ParcelSpot-s\u00f8gning:<\/b> <a href=\"https:\/\/gls-group.com\/HU\/hu\/depo-csomagpont-kereses\" target=\"_blank\" rel=\"noopener noreferrer nofollow\">https:\/\/gls-group.com\/HU\/hu\/depo-csomagpont-kereses<\/a><br \/>\n<b>Leveringstid:<\/b> 1-3 arbejdsdage<br \/>\n<b>Leveringsgebyr:<\/b> 1590, - Ft,<br \/>\n<strong>Betaling:<\/strong> Forudbetaling (0,- Ft) eller efterbetaling, som koster + 400,- Ft<\/li>\n<\/ul>\n<p>Disse priser g\u00e6lder kun for leverancer inden for Ungarn. Hvis du gerne vil sende din pakke til udlandet, bedes du kontakte os direkte via e-mail f\u00f8r eller efter din bestilling for at forh\u00f8re dig om forsendelsesomkostningerne.<\/p>\n<h2><span style=\"color: #008000;\">FOXPOSTs kurertjeneste:<\/span><\/h2>\n<p>Du kan ogs\u00e5 anmode om levering til en Foxpost-pakkeautomat i vores butik.<\/p>\n<p style=\"padding-left: 40px;\"><a href=\"https:\/\/foxpost.hu\/csomagautomatak\" target=\"_blank\" rel=\"noopener noreferrer nofollow\" data-saferedirecturl=\"https:\/\/www.google.com\/url?q=https:\/\/foxpost.hu\/csomagautomatak&amp;source=gmail&amp;ust=1709714712502000&amp;usg=AOvVaw1Y_RPFbUPlHU38HiM-T9Re\">https:\/\/foxpost.hu\/<wbr \/>Bagagerummet<\/a><\/p>\n<p><strong>Hvis du \u00f8nsker levering til en Foxpost-pakkeautomat, skal du indtaste pakkeautomatens adresse i feltet for leveringsadresse.<\/strong><\/p>\n<h3>Betalingsmetoder:<\/h3>\n<p><strong>Leveringstid:<\/strong> 1-3 arbejdsdage<br \/>\n<strong>Leveringsgebyr:<\/strong> 1390, - Ft,<br \/>\n<strong>Betaling:<\/strong> Forudbetaling (0, - Ft) eller efterbetaling, som koster +350, - Ft<\/p>\n<h3>Betalingsmetoder:<\/h3>\n<h4 style=\"padding-left: 40px;\">Opf\u00f8lgning<\/h4>\n<p>Hvis du v\u00e6lger betalingsmetoden kontant ved levering, foretages betalingen p\u00e5 modtagelsesstedet (kurer eller posthus\/pakkested). Denne betalingsmetode har et h\u00e5ndteringsgebyr, s\u00e5 vi opkr\u00e6ver yderligere 350 eller 400 HUF pr. pakke oven i det grundl\u00e6ggende leveringsgebyr. Hvis du betaler kontant, bedes du have det n\u00f8jagtige bel\u00f8b klar, da kureren ikke altid har tilstr\u00e6kkelige byttepenge.<\/p>\n<h4 style=\"padding-left: 40px;\">Bankoverf\u00f8rsel p\u00e5 forh\u00e5nd<\/h4>\n<p>Hvis du v\u00e6lger at betale via bankoverf\u00f8rsel p\u00e5 forh\u00e5nd, sender vi dig en faktura via e-mail efter en lagerkontrol, som indeholder de oplysninger, der er n\u00f8dvendige for overf\u00f8rslen, og det endelige n\u00f8jagtige bel\u00f8b. Overf\u00f8r venligst k\u00f8bsprisen til vores bankkonto inden for 72 timer efter, at fakturaen er sendt, ellers vil din ordre blive betragtet som ugyldig. Vi vil gerne minde dig om, at du ikke skal p\u00e5begynde bankoverf\u00f8rslen, f\u00f8r fakturaen er ankommet til din postkasse! De oplysninger, der kr\u00e6ves til overf\u00f8rslen, er inkluderet i den udstedte faktura.<\/p>\n<h4 style=\"padding-left: 40px;\">V\u00e6r ogs\u00e5 opm\u00e6rksom p\u00e5 f\u00f8lgende:<\/h4>\n<p>Du f\u00e5r besked via e-mail om afsendelse og forventet ankomst af din pakke, s\u00e5 tjek venligst din indbakke regelm\u00e6ssigt, n\u00e5r du har afgivet din ordre, for at undg\u00e5 misforst\u00e5elser eller besv\u00e6r. Hvis du oplever uregelm\u00e6ssigheder med din ordre, bedes du kontakte os p\u00e5 <a href=\"mailto:vetomshop.hu@gmail.com\" target=\"_blank\" rel=\"noopener\">vetomshop.hu@gmail.com<\/a> p\u00e5. N\u00e5r du afgiver din bestilling, skal du s\u00f8rge for at angive dit korrekte navn, adresse, e-mailadresse og telefonnummer. Det er ikke sikkert, at pakkeleveringsfirmaet kender de lokale forhold, s\u00e5 du bedes give yderligere oplysninger for at hj\u00e6lpe med en vellykket levering, hvis det er n\u00f8dvendigt. Hvis leveringen mislykkes p\u00e5 grund af din fejl, vil vi kun v\u00e6re i stand til at levere pakken til transport\u00f8ren igen, n\u00e5r du har betalt leveringsgebyret igen. Det er vigtigt, at du ikke tager imod pakken, hvis den er synligt beskadiget eller \u00e5ben, og at du giver os besked s\u00e5 hurtigt som muligt.<\/p>\n<\/div><\/div>\n<div class=\"woocommerce\"><\/div>","protected":false},"excerpt":{"rendered":"Sz\u00e1ll\u00edt\u00e1s \u00e9s fizet\u00e9s Szem\u00e9lyes \u00e1tv\u00e9tel 8112, Zichy\u00fajfalu, Kast\u00e9lykert 1 A szem\u00e9lyes \u00e1tv\u00e9tel ideje: kiz\u00e1r\u00f3lag el\u0151zetes egyeztet\u00e9ssel a k\u00f6vetkez\u0151 el\u00e9rhet\u0151s\u00e9geken Telefon:\u00a0+36305573846 Pap Tam\u00e1s Email-1: infoshop.vetom.magyarorszag@gmail.com Email-2:\u00a0 vetomshop.hu@gmail.com vagy orsz\u00e1gszerte a partnereinkt\u0151l, melyeknek el\u00e9rhet\u0151s\u00e9g\u00fck a weboldalunkon is megtal\u00e1lhat\u00f3 Kisz\u00e1ll\u00edt\u00e1s: \u00c1ruh\u00e1zunkban az al\u00e1bbi kisz\u00e1ll\u00edt\u00e1si \u00e9s fizet\u00e9si lehet\u0151s\u00e9gek k\u00f6z\u00fcl v\u00e1laszthat: GLS fut\u00e1rszolg\u00e1lat \u00e9s Foxpost csomagautomata 30.000 Forint rendel\u00e9si \u00e9rt\u00e9k [...]","protected":false},"author":1,"featured_media":0,"parent":0,"menu_order":0,"comment_status":"closed","ping_status":"closed","template":"","meta":{"footnotes":""},"class_list":["post-389","page","type-page","status-publish","hentry"],"_links":{"self":[{"href":"https:\/\/vetomshop.hu\/da\/wp-json\/wp\/v2\/pages\/389","targetHints":{"allow":["GET"]}}],"collection":[{"href":"https:\/\/vetomshop.hu\/da\/wp-json\/wp\/v2\/pages"}],"about":[{"href":"https:\/\/vetomshop.hu\/da\/wp-json\/wp\/v2\/types\/page"}],"author":[{"embeddable":true,"href":"https:\/\/vetomshop.hu\/da\/wp-json\/wp\/v2\/users\/1"}],"replies":[{"embeddable":true,"href":"https:\/\/vetomshop.hu\/da\/wp-json\/wp\/v2\/comments?post=389"}],"version-history":[{"count":0,"href":"https:\/\/vetomshop.hu\/da\/wp-json\/wp\/v2\/pages\/389\/revisions"}],"wp:attachment":[{"href":"https:\/\/vetomshop.hu\/da\/wp-json\/wp\/v2\/media?parent=389"}],"curies":[{"name":"wp","href":"https:\/\/api.w.org\/{rel}","templated":true}]}}