{"id":5809,"date":"2024-06-16T14:36:41","date_gmt":"2024-06-16T12:36:41","guid":{"rendered":"https:\/\/vetomshop.hu\/?page_id=5809"},"modified":"2025-02-17T22:00:25","modified_gmt":"2025-02-17T21:00:25","slug":"kulfoldi-csomagszallitas","status":"publish","type":"page","link":"https:\/\/vetomshop.hu\/da\/kulfoldi-csomagszallitas\/","title":{"rendered":"International pakkelevering"},"content":{"rendered":"<h3 style=\"text-align: center;\"><span style=\"color: #bf1919; font-size: 27px;\">Vores virksomhed besk\u00e6ftiger sig med engros- og detailhandel b\u00e5de indenlandsk og internationalt!<\/span><\/h3>\n<div class=\"wp-image-5837\" style=\"float: right; margin-left: 0px; margin-bottom: 1em; margin-top: 15px; padding: 0;\">\n<p><img loading=\"lazy\" decoding=\"async\" src=\"https:\/\/vetomshop.hu\/wp-content\/uploads\/2024\/06\/szalitasa.png\" alt=\"K\u00fclf\u00f6ldi csomagsz\u00e1ll\u00edt\u00e1s. A Vetom probioticum nemzetk\u00f6zi sz\u00e1ll\u00edt\u00e1sa\" width=\"788\" height=\"444\" \/><\/p>\n<div style=\"text-align: center; font-size: 18px; line-height: 1.1em; margin-top: -15px; padding-top: 0;\"><b>International levering af Vetom probiotikum<\/b><\/div>\n<\/div>\n<h3>International transport:<\/h3>\n<ul class=\"country-list\">\n<li>\u00d8strig<\/li>\n<li>Belgien<\/li>\n<li>Holland<\/li>\n<li>Kroatien<\/li>\n<li>Frankrig<\/li>\n<li>Tyskland<\/li>\n<li>Italien<\/li>\n<li>Rum\u00e6nien<\/li>\n<li>Spanien<\/li>\n<li>Schweiz<\/li>\n<li>Ukraine<\/li>\n<li>Til andre lande<\/li>\n<\/ul>\n<div style=\"clear: both;\"><\/div>\n<ul style=\"list-style: none;\">\n<li>Til en udenlandsk adresse p\u00e5 grundlag af en individuel leveringsafgift og <span style=\"color: #bf0404;\">Vi leverer kun efter forudg\u00e5ende bankoverf\u00f8rsel<\/span>.<\/li>\n<li>Hvis det produkt, du har bestilt, ikke ankommer p\u00e5 den forventede dato, bedes du kontakte vores kundeserviceteam, s\u00e5 vi kan l\u00f8se problemet med det samme.<\/li>\n<li>Vi hj\u00e6lper dig ogs\u00e5 gerne med leverancer til andre lande, kontakt os venligst. Vi gl\u00e6der os over dine foresp\u00f8rgsler.<\/li>\n<\/ul>\n<h3 style=\"text-align: center; color: #bf1919; font-size: 28px;\">Jeg s\u00e6lger Vetom probiotika med international forsendelse!<\/h3>\n<p style=\"text-align: justify; font-size: 25px;\">Vores virksomhed besk\u00e6ftiger sig med b\u00e5de engros- og detailhandel p\u00e5 det nationale og internationale marked! Vi leverer til overs\u00f8iske adresser p\u00e5 grundlag af individuelle forsendelsesomkostninger og kun efter forudg\u00e5ende bankoverf\u00f8rsel. Hvis den bestilte vare ikke ankommer inden for den angivne tidsramme, bedes du kontakte vores supportteam, s\u00e5 vi kan l\u00f8se problemet med det samme.<br \/>\nVi hj\u00e6lper dig ogs\u00e5 gerne med forsendelse til andre lande, kontakt os venligst i s\u00e5danne tilf\u00e6lde: <strong>vetomshop.hu@gmail.com<\/strong>.<\/p>\n<p style=\"text-align: center; font-size: 27px; color: #bf1919;\"><strong>Vi ser frem til dine bestillinger!<\/strong><\/p>\n<div class=\"logo-posta\"><img decoding=\"async\" class=\"alignnone size-full wp-image-5757\" src=\"https:\/\/vetomshop.hu\/wp-content\/uploads\/2024\/06\/gls_logo.jpg\" alt=\"\" width=\"250\" \/><br \/>\n<img decoding=\"async\" class=\"alignnone size-full wp-image-5758\" src=\"https:\/\/vetomshop.hu\/wp-content\/uploads\/2024\/08\/tnt_logo.jpg\" alt=\"\" width=\"250\" \/><br \/>\n<img decoding=\"async\" class=\"alignnone size-full wp-image-5760\" src=\"https:\/\/vetomshop.hu\/wp-content\/uploads\/2024\/08\/dpd_logo.jpg\" alt=\"\" width=\"250\" \/><br \/>\n<img decoding=\"async\" class=\"alignnone size-full wp-image-5759\" src=\"https:\/\/vetomshop.hu\/wp-content\/uploads\/2024\/06\/packeta_logo.jpg\" alt=\"\" width=\"250\" \/><\/div>","protected":false},"excerpt":{"rendered":"<p>C\u00e9g\u00fcnk Kis \u00e9s Nagykereskedelemmel foglalkozik Belf\u00f6ld\u00f6n \u00e9s K\u00fclf\u00f6ld\u00f6n egyar\u00e1nt! A Vetom probioticum nemzetk\u00f6zi sz\u00e1ll\u00edt\u00e1sa K\u00fclf\u00f6ldi sz\u00e1ll\u00edt\u00e1s: Ausztria Belgium Hollandia Horv\u00e1torsz\u00e1g Franciaorsz\u00e1g N\u00e9metorsz\u00e1g Olaszorsz\u00e1g Rom\u00e1nia Spanyolorsz\u00e1g Sv\u00e1jc Ukrajna Egy\u00e9b orszagokba K\u00fclf\u00f6ldi c\u00edmre egyedi sz\u00e1ll\u00edt\u00e1si d\u00edj meg\u00e1llap\u00edt\u00e1sa alapj\u00e1n \u00e9s kiz\u00e1r\u00f3lag Banki el\u0151re utal\u00e1st k\u00f6vet\u0151en sz\u00e1ll\u00edtjuk ki. Amennyiben a megrendelt Term\u00e9k nem \u00e9rkezik meg \u00d6nh\u00f6z a v\u00e1rt id\u0151pontig, [&hellip;]<\/p>\n","protected":false},"author":104,"featured_media":0,"parent":0,"menu_order":0,"comment_status":"closed","ping_status":"closed","template":"","meta":{"footnotes":""},"class_list":["post-5809","page","type-page","status-publish","hentry"],"_links":{"self":[{"href":"https:\/\/vetomshop.hu\/da\/wp-json\/wp\/v2\/pages\/5809","targetHints":{"allow":["GET"]}}],"collection":[{"href":"https:\/\/vetomshop.hu\/da\/wp-json\/wp\/v2\/pages"}],"about":[{"href":"https:\/\/vetomshop.hu\/da\/wp-json\/wp\/v2\/types\/page"}],"author":[{"embeddable":true,"href":"https:\/\/vetomshop.hu\/da\/wp-json\/wp\/v2\/users\/104"}],"replies":[{"embeddable":true,"href":"https:\/\/vetomshop.hu\/da\/wp-json\/wp\/v2\/comments?post=5809"}],"version-history":[{"count":1,"href":"https:\/\/vetomshop.hu\/da\/wp-json\/wp\/v2\/pages\/5809\/revisions"}],"predecessor-version":[{"id":6443,"href":"https:\/\/vetomshop.hu\/da\/wp-json\/wp\/v2\/pages\/5809\/revisions\/6443"}],"wp:attachment":[{"href":"https:\/\/vetomshop.hu\/da\/wp-json\/wp\/v2\/media?parent=5809"}],"curies":[{"name":"wp","href":"https:\/\/api.w.org\/{rel}","templated":true}]}}