{"id":6007,"date":"2024-09-08T14:07:02","date_gmt":"2024-09-08T12:07:02","guid":{"rendered":"https:\/\/vetomshop.hu\/?page_id=6007"},"modified":"2024-09-16T19:32:12","modified_gmt":"2024-09-16T17:32:12","slug":"akcios-ajanlat","status":"publish","type":"page","link":"https:\/\/vetomshop.hu\/da\/akcios-ajanlat\/","title":{"rendered":"S\u00e6rligt tilbud"},"content":{"rendered":"<div class=\"wpb-content-wrapper\">\n<div  data-mk-stretch-content=\"true\" class=\"wpb_row vc_row vc_row-fluid jupiter-donut- mk-fullwidth-false  attched-false     js-master-row  mk-grid\">\n\t\t\t\t\n<div class=\"vc_col-sm-12 wpb_column column_container  jupiter-donut- _ jupiter-donut-height-full\">\n\t\t<div class=\"vc_custom_1726507905827\">\n\n<div id=\"text-block-2\" class=\"mk-text-block  jupiter-donut-\">\n\n\t\n\t<h2 style=\"text-align: center; font-size: 1.2em;\"><strong>Goddag, k\u00e6re kunder!<\/strong><\/h2>\n<p><img loading=\"lazy\" decoding=\"async\" class=\"alignright wp-image-6014\" src=\"https:\/\/vetomshop.hu\/wp-content\/uploads\/2024\/09\/vetom_hands-op.png\" alt=\"\" width=\"447\" height=\"238\" srcset=\"https:\/\/vetomshop.hu\/wp-content\/uploads\/2024\/09\/vetom_hands-op.png 425w, https:\/\/vetomshop.hu\/wp-content\/uploads\/2024\/09\/vetom_hands-op-300x160.png 300w\" sizes=\"auto, (max-width: 447px) 100vw, 447px\" \/><\/p>\n<p style=\"font-size: 0.9em;\">Brugeroplevelsen af de produkter, der s\u00e6lges p\u00e5 vores hjemmeside, spiller en vigtig rolle i beslutninger om onlinek\u00f8b.<\/p>\n<p style=\"font-size: 0.9em;\">Anmeldelser og erfaringer med vores produkter hj\u00e6lper potentielle kunder med at tr\u00e6ffe beslutninger om produkter, der tvivler p\u00e5 kvaliteten af Vetom probiotika og vores andre produkter.<\/p>\n<p style=\"font-size: 0.9em;\">S\u00e5 sammen med dig kan vi hj\u00e6lpe andre.<\/p>\n<p style=\"font-size: 0.9em; color: green;\">Derfor skal du for hver afgivet ordre, produkt, leveringsgebyr <strong>-10%<\/strong> en rabat, der g\u00e6lder i 10 dage for alle, der deler en anmeldelse p\u00e5 vores hjemmeside fra i dag <strong>2024.09.16<\/strong>.<\/p>\n<p style=\"font-size: 0.9em; color: green;\">S\u00e6lgerne af de dog <strong>Vetom Vores partnere<\/strong> kan ikke udelades, s\u00e5 de <strong>-5%<\/strong> Vi tilbyder rabat p\u00e5 engrospriserne.<\/p>\n<p style=\"font-size: 1em;\"><strong>F\u00f8lg nedenst\u00e5ende trin for at g\u00f8re krav p\u00e5 rabatten:<\/strong><\/p>\n<ol>\n<li>Nederst p\u00e5 siden skal du klikke p\u00e5 det Vetom-produkt, du allerede har k\u00f8bt (hos os eller i en anden butik), og som du har noget at sige om: anmeldelser, udtalelser, erfaringer;<\/li>\n<li>G\u00e5 ind p\u00e5 produktsiden, og giv feedback om produktets funktioner, effektivitet, anbefalinger osv;<\/li>\n<li>Bestil et produkt fra Vetom-serien, og skriv \u201cReview -10%\u201c i bestillingsnoterne.<br \/>\n<img loading=\"lazy\" decoding=\"async\" class=\"alignnone wp-image-6066\" src=\"https:\/\/vetomshop.hu\/wp-content\/uploads\/2024\/09\/00.png\" alt=\"\" width=\"894\" height=\"749\" srcset=\"https:\/\/vetomshop.hu\/wp-content\/uploads\/2024\/09\/00.png 1055w, https:\/\/vetomshop.hu\/wp-content\/uploads\/2024\/09\/00-300x251.png 300w, https:\/\/vetomshop.hu\/wp-content\/uploads\/2024\/09\/00-1024x858.png 1024w, https:\/\/vetomshop.hu\/wp-content\/uploads\/2024\/09\/00-768x644.png 768w, https:\/\/vetomshop.hu\/wp-content\/uploads\/2024\/09\/00-600x503.png 600w\" sizes=\"auto, (max-width: 894px) 100vw, 894px\" \/><\/li>\n<li>N\u00e5r vi behandler din ordre, tager vi h\u00f8jde for 10%-rabatten for produkter, der er k\u00f8bt hos os: b\u00e5de for det k\u00f8bte produkt og for levering.<\/li>\n<\/ol>\n<p style=\"font-size: 0.9em;\">Kampagnen slutter kl. 23:59 den 26.09.2024 (der kr\u00e6ves ingen adresse, telefonnummer eller andre personlige data).<\/p>\n\n\t<div class=\"clearboth\"><\/div>\n<\/div>\n\n\t<\/div>\n<\/div>\n\t<\/div>\n\n<div  data-mk-stretch-content=\"true\" class=\"wpb_row vc_row vc_row-fluid jupiter-donut- mk-fullwidth-false  attched-false    vc_custom_1725805942210  js-master-row  mk-grid\">\n\t\t\t\t\n<div class=\"vc_col-sm-3 wpb_column column_container  jupiter-donut- _ jupiter-donut-height-full\">\n\t<div  class=\"mk-image mk-image-4 jupiter-donut-  mk-image-lazyload align-left rounded-frame inside-image\" style=\"margin-bottom:0px\"><div class=\"mk-image-container\" style=\"max-width: 300px;\"><div  class=\"mk-image-holder\" style=\"max-width: 300px;\"><div class=\"mk-image-inner\"><a href=\"https:\/\/vetomshop.hu\/da\/vare\/vetom1-1-etrend-kiegeszito\/\" target=\"_self\" class=\"mk-image-link\"><img loading=\"lazy\" decoding=\"async\" class=\"lightbox-false\" alt=\"vetom-1-1-kapsuly-50\" title=\"vetom-1-1-kapsuly-50\" width=\"300\" height=\"298\" src=\"https:\/\/vetomshop.hu\/wp-content\/uploads\/2016\/09\/vetom-1-1-kapsuly-50-300x298.jpg\" \/><\/a><\/div><\/div><div class=\"clearboth\"><\/div><\/div><\/div><\/div>\n\n<div class=\"vc_col-sm-3 wpb_column column_container  jupiter-donut- _ jupiter-donut-height-full\">\n\t<div  class=\"mk-image mk-image-6 jupiter-donut-  mk-image-lazyload align-left rounded-frame inside-image\" style=\"margin-bottom:0px\"><div class=\"mk-image-container\" style=\"max-width: 300px;\"><div  class=\"mk-image-holder\" style=\"max-width: 300px;\"><div class=\"mk-image-inner\"><a href=\"https:\/\/vetomshop.hu\/da\/vare\/vetom-2-etrend-kiegeszito\/\" target=\"_self\" class=\"mk-image-link\"><img loading=\"lazy\" decoding=\"async\" class=\"lightbox-false\" alt=\"vetom_caps_2\" title=\"vetom_caps_2\" width=\"300\" height=\"300\" src=\"https:\/\/vetomshop.hu\/wp-content\/uploads\/2019\/11\/vetom_caps_2-300x300.jpg\" \/><\/a><\/div><\/div><div class=\"clearboth\"><\/div><\/div><\/div><\/div>\n\n<div class=\"vc_col-sm-3 wpb_column column_container  jupiter-donut- _ jupiter-donut-height-full\">\n\t<div  class=\"mk-image mk-image-8 jupiter-donut-  mk-image-lazyload align-left rounded-frame inside-image\" style=\"margin-bottom:0px\"><div class=\"mk-image-container\" style=\"max-width: 300px;\"><div  class=\"mk-image-holder\" style=\"max-width: 300px;\"><div class=\"mk-image-inner\"><a href=\"https:\/\/vetomshop.hu\/da\/vare\/vetom-3-etrend-kiegeszito\/\" target=\"_self\" class=\"mk-image-link\"><img loading=\"lazy\" decoding=\"async\" class=\"lightbox-false\" alt=\"vetom_caps_3\" title=\"vetom_caps_3\" width=\"300\" height=\"300\" src=\"https:\/\/vetomshop.hu\/wp-content\/uploads\/2019\/11\/vetom_caps_3-300x300.jpg\" \/><\/a><\/div><\/div><div class=\"clearboth\"><\/div><\/div><\/div><\/div>\n\n<div class=\"vc_col-sm-3 wpb_column column_container  jupiter-donut- _ jupiter-donut-height-full\">\n\t<div  class=\"mk-image mk-image-10 jupiter-donut-  mk-image-lazyload align-left rounded-frame inside-image\" style=\"margin-bottom:0px\"><div class=\"mk-image-container\" style=\"max-width: 300px;\"><div  class=\"mk-image-holder\" style=\"max-width: 300px;\"><div class=\"mk-image-inner\"><a href=\"https:\/\/vetomshop.hu\/da\/vare\/vetom-4-etrend-kiegeszito\/\" target=\"_self\" class=\"mk-image-link\"><img loading=\"lazy\" decoding=\"async\" class=\"lightbox-false\" alt=\"Vetom 4 probiotikum kapszula 50 szem\" title=\"vetom caps 4\" width=\"300\" height=\"300\" src=\"https:\/\/vetomshop.hu\/wp-content\/uploads\/2019\/11\/vetom_caps_4-300x300.jpg\" \/><\/a><\/div><\/div><div class=\"clearboth\"><\/div><\/div><\/div><\/div>\n\t<\/div>\n\n<div  data-mk-stretch-content=\"true\" class=\"wpb_row vc_row vc_row-fluid jupiter-donut- mk-fullwidth-false  attched-false    vc_custom_1725805947363  js-master-row  mk-grid\">\n\t\t\t\t\n<div class=\"vc_col-sm-3 wpb_column column_container  jupiter-donut- _ jupiter-donut-height-full\">\n\t<div  class=\"mk-image mk-image-12 jupiter-donut-  mk-image-lazyload align-left rounded-frame inside-image\" style=\"margin-bottom:0px\"><div class=\"mk-image-container\" style=\"max-width: 300px;\"><div  class=\"mk-image-holder\" style=\"max-width: 300px;\"><div class=\"mk-image-inner\"><a href=\"https:\/\/vetomshop.hu\/da\/vare\/vetom-1-23-probiotikum-csepp\/\" target=\"_self\" class=\"mk-image-link\"><img loading=\"lazy\" decoding=\"async\" class=\"lightbox-false\" alt=\"1-2\" title=\"1-2\" width=\"300\" height=\"297\" src=\"https:\/\/vetomshop.hu\/wp-content\/uploads\/2019\/11\/1-2-300x297.jpg\" \/><\/a><\/div><\/div><div class=\"clearboth\"><\/div><\/div><\/div><\/div>\n\n<div class=\"vc_col-sm-3 wpb_column column_container  jupiter-donut- _ jupiter-donut-height-full\">\n\t<div  class=\"mk-image mk-image-14 jupiter-donut-  mk-image-lazyload align-left rounded-frame inside-image\" style=\"margin-bottom:0px\"><div class=\"mk-image-container\" style=\"max-width: 300px;\"><div  class=\"mk-image-holder\" style=\"max-width: 300px;\"><div class=\"mk-image-inner\"><a href=\"https:\/\/vetomshop.hu\/da\/vare\/vetom-2-25-probiotikum-10-ml-csepp\/\" target=\"_self\" class=\"mk-image-link\"><img loading=\"lazy\" decoding=\"async\" class=\"lightbox-false\" alt=\"2_25_drop\" title=\"2_25_drop\" width=\"300\" height=\"297\" src=\"https:\/\/vetomshop.hu\/wp-content\/uploads\/2020\/10\/2_25_drop-300x297.jpg\" \/><\/a><\/div><\/div><div class=\"clearboth\"><\/div><\/div><\/div><\/div>\n\n<div class=\"vc_col-sm-3 wpb_column column_container  jupiter-donut- _ jupiter-donut-height-full\">\n\t<div  class=\"mk-image mk-image-16 jupiter-donut-  mk-image-lazyload align-left rounded-frame inside-image\" style=\"margin-bottom:0px\"><div class=\"mk-image-container\" style=\"max-width: 300px;\"><div  class=\"mk-image-holder\" style=\"max-width: 300px;\"><div class=\"mk-image-inner\"><a href=\"https:\/\/vetomshop.hu\/da\/vare\/vetom-2-26-probiotikum-10-ml-csepp\/\" target=\"_self\" class=\"mk-image-link\"><img loading=\"lazy\" decoding=\"async\" class=\"lightbox-false\" alt=\"22-6\" title=\"22-6\" width=\"300\" height=\"297\" src=\"https:\/\/vetomshop.hu\/wp-content\/uploads\/2019\/11\/22-6-300x297.jpg\" \/><\/a><\/div><\/div><div class=\"clearboth\"><\/div><\/div><\/div><\/div>\n\n<div class=\"vc_col-sm-3 wpb_column column_container  jupiter-donut- _ jupiter-donut-height-full\">\n\t<div  class=\"mk-image mk-image-18 jupiter-donut-  mk-image-lazyload align-left rounded-frame inside-image\" style=\"margin-bottom:0px\"><div class=\"mk-image-container\" style=\"max-width: 300px;\"><div  class=\"mk-image-holder\" style=\"max-width: 300px;\"><div class=\"mk-image-inner\"><a href=\"https:\/\/vetomshop.hu\/da\/vare\/vetom-3-22-probiotikum-csepp\/\" target=\"_self\" class=\"mk-image-link\"><img loading=\"lazy\" decoding=\"async\" class=\"lightbox-false\" alt=\"3-2-2\" title=\"3-2-2\" width=\"300\" height=\"297\" src=\"https:\/\/vetomshop.hu\/wp-content\/uploads\/2019\/11\/3-2-2-300x297.jpg\" \/><\/a><\/div><\/div><div class=\"clearboth\"><\/div><\/div><\/div><\/div>\n\t<\/div>\n\n<div  data-mk-stretch-content=\"true\" class=\"wpb_row vc_row vc_row-fluid jupiter-donut- mk-fullwidth-false  attched-false    vc_custom_1725805954200  js-master-row  mk-grid\">\n\t\t\t\t\n<div class=\"vc_col-sm-3 wpb_column column_container  jupiter-donut- _ jupiter-donut-height-full\">\n\t<div  class=\"mk-image mk-image-20 jupiter-donut-  mk-image-lazyload align-left rounded-frame inside-image\" style=\"margin-bottom:0px\"><div class=\"mk-image-container\" style=\"max-width: 300px;\"><div  class=\"mk-image-holder\" style=\"max-width: 300px;\"><div class=\"mk-image-inner\"><a href=\"https:\/\/vetomshop.hu\/da\/vare\/vetom-4-24-probiotikum-csepp\/\" target=\"_self\" class=\"mk-image-link\"><img loading=\"lazy\" decoding=\"async\" class=\"lightbox-false\" alt=\"4.2\" title=\"4.2\" width=\"300\" height=\"297\" src=\"https:\/\/vetomshop.hu\/wp-content\/uploads\/2019\/11\/4.2-300x297.jpg\" \/><\/a><\/div><\/div><div class=\"clearboth\"><\/div><\/div><\/div><\/div>\n\n<div class=\"vc_col-sm-3 wpb_column column_container  jupiter-donut- _ jupiter-donut-height-full\">\n\t<div  class=\"mk-image mk-image-22 jupiter-donut-  mk-image-lazyload align-left rounded-frame inside-image\" style=\"margin-bottom:0px\"><div class=\"mk-image-container\" style=\"max-width: 300px;\"><div  class=\"mk-image-holder\" style=\"max-width: 300px;\"><div class=\"mk-image-inner\"><a href=\"https:\/\/vetomshop.hu\/da\/vare\/vetom-1-1-probiotikum-por-500-g-etrend-kiegeszito\/\" target=\"_self\" class=\"mk-image-link\"><img loading=\"lazy\" decoding=\"async\" class=\"lightbox-false\" alt=\"vetom_1_por\" title=\"vetom_1_por\" width=\"300\" height=\"300\" src=\"https:\/\/vetomshop.hu\/wp-content\/uploads\/2024\/06\/vetom_1_por-300x300.jpg\" \/><\/a><\/div><\/div><div class=\"clearboth\"><\/div><\/div><\/div><\/div>\n\n<div class=\"vc_col-sm-3 wpb_column column_container  jupiter-donut- _ jupiter-donut-height-full\">\n\t<div  class=\"mk-image mk-image-24 jupiter-donut-  mk-image-lazyload align-left rounded-frame inside-image\" style=\"margin-bottom:0px\"><div class=\"mk-image-container\" style=\"max-width: 300px;\"><div  class=\"mk-image-holder\" style=\"max-width: 300px;\"><div class=\"mk-image-inner\"><a href=\"https:\/\/vetomshop.hu\/da\/vare\/komarov-por-etrend-kiegeszito-40-tasak\/\" target=\"_self\" class=\"mk-image-link\"><img loading=\"lazy\" decoding=\"async\" class=\"lightbox-false\" alt=\"komarov-por\" title=\"komarov-por\" width=\"300\" height=\"300\" src=\"https:\/\/vetomshop.hu\/wp-content\/uploads\/2023\/08\/komarov-por-300x300.jpg\" \/><\/a><\/div><\/div><div class=\"clearboth\"><\/div><\/div><\/div><\/div>\n\n<div class=\"vc_col-sm-3 wpb_column column_container  jupiter-donut- _ jupiter-donut-height-full\">\n\t<div  class=\"mk-image mk-image-26 jupiter-donut-  mk-image-lazyload align-left rounded-frame inside-image\" style=\"margin-bottom:0px\"><div class=\"mk-image-container\" style=\"max-width: 300px;\"><div  class=\"mk-image-holder\" style=\"max-width: 300px;\"><div class=\"mk-image-inner\"><a href=\"https:\/\/vetomshop.hu\/da\/vare\/vetomgin-8-21\/\" target=\"_self\" class=\"mk-image-link\"><img loading=\"lazy\" decoding=\"async\" class=\"lightbox-false\" alt=\"vetomgin\" title=\"vetomgin\" width=\"300\" height=\"300\" src=\"https:\/\/vetomshop.hu\/wp-content\/uploads\/2020\/10\/vetomgin-300x300.jpg\" \/><\/a><\/div><\/div><div class=\"clearboth\"><\/div><\/div><\/div><\/div>\n\t<\/div>\n\n<div  data-mk-stretch-content=\"true\" class=\"wpb_row vc_row vc_row-fluid jupiter-donut- mk-fullwidth-false  attched-false    vc_custom_1725805341644  js-master-row  mk-grid\">\n\t\t\t\t\n<div class=\"vc_col-sm-12 wpb_column column_container  jupiter-donut- _ jupiter-donut-height-full\">\n\t\t<div class=\"vc_custom_1725805308003\">\n\n<div id=\"text-block-28\" class=\"mk-text-block  jupiter-donut-\">\n\n\t\n\t<p style=\"font-size: 1em;\"><strong>Med tak og venlig hilsen Tam\u00e1s Pap, administrerende direkt\u00f8r<\/strong><\/p>\n<p style=\"font-size: 1.1em;\"><a href=\"https:\/\/probiotikum-magyarorszag.hu\" target=\"_blank\" rel=\"noopener noreferrer nofollow\">Probiotika Ungarn<\/a> \u00a0\u00a0 \u00a0\u00a0<a href=\"https:\/\/vetom-magyarorszag.hu\" target=\"_blank\" rel=\"noopener noreferrer nofollow\">Vetom Ungarn<\/a> \u00a0 \u00a0\u00a0 \u00a0<a href=\"https:\/\/vetomshop.hu\/da\/\">Vetomshop<\/a>\u00a0 \u00a0 \u00a0 \u00a0<a href=\"https:\/\/www.facebook.com\/Vetomshop.hu\" target=\"_blank\" rel=\"noopener noreferrer nofollow\">Vetom Facebook<\/a><\/p>\n\n\t<div class=\"clearboth\"><\/div>\n<\/div>\n\n\t<\/div>\n<\/div>\n\t<\/div>\n\n<\/div>","protected":false},"excerpt":{"rendered":"Sz\u00e9p napot kedves v\u00e1s\u00e1rl\u00f3ink! A weboldalunkon \u00e9rt\u00e9kes\u00edtett term\u00e9kek felhaszn\u00e1l\u00f3i tapasztalatok fontos szerepet j\u00e1tszanak az online v\u00e1s\u00e1rl\u00e1si d\u00f6nt\u00e9sek meghozatal\u00e1ban. A term\u00e9kekkel kapcsolatos v\u00e9lem\u00e9nyek \u00e9s tapasztalatok seg\u00edtenek a potenci\u00e1lis v\u00e1s\u00e1rl\u00f3knak abban, hogy d\u00f6nt\u00e9st hozzanak a term\u00e9kekkel kapcsolatban, akik k\u00e9telkednek a Vetom probiotikum \u00e9s egy\u00e9b term\u00e9keink min\u0151s\u00e9g\u00e9ben. \u00cdgy, \u2013 \u00d6n\u00f6kkel egy\u00fctt seg\u00edthet\u00fcnk m\u00e1soknak. Ez\u00e9rt minden leadott rendel\u00e9sre, term\u00e9kre, [...]","protected":false},"author":104,"featured_media":0,"parent":0,"menu_order":0,"comment_status":"closed","ping_status":"closed","template":"","meta":{"footnotes":""},"class_list":["post-6007","page","type-page","status-publish","hentry"],"_links":{"self":[{"href":"https:\/\/vetomshop.hu\/da\/wp-json\/wp\/v2\/pages\/6007","targetHints":{"allow":["GET"]}}],"collection":[{"href":"https:\/\/vetomshop.hu\/da\/wp-json\/wp\/v2\/pages"}],"about":[{"href":"https:\/\/vetomshop.hu\/da\/wp-json\/wp\/v2\/types\/page"}],"author":[{"embeddable":true,"href":"https:\/\/vetomshop.hu\/da\/wp-json\/wp\/v2\/users\/104"}],"replies":[{"embeddable":true,"href":"https:\/\/vetomshop.hu\/da\/wp-json\/wp\/v2\/comments?post=6007"}],"version-history":[{"count":0,"href":"https:\/\/vetomshop.hu\/da\/wp-json\/wp\/v2\/pages\/6007\/revisions"}],"wp:attachment":[{"href":"https:\/\/vetomshop.hu\/da\/wp-json\/wp\/v2\/media?parent=6007"}],"curies":[{"name":"wp","href":"https:\/\/api.w.org\/{rel}","templated":true}]}}