{"id":225,"date":"2016-09-02T11:41:41","date_gmt":"2016-09-02T09:41:41","guid":{"rendered":"https:\/\/demos.artbees.net\/jupiter\/herse\/?post_type=product&#038;p=225"},"modified":"2026-04-12T08:29:44","modified_gmt":"2026-04-12T06:29:44","slug":"vetom1-1-etrend-kiegeszito","status":"publish","type":"product","link":"https:\/\/vetomshop.hu\/da\/vare\/vetom1-1-etrend-kiegeszito\/","title":{"rendered":"Probiotisk Vetom <span style=\"color:red\">1.1<\/span><br> Kapsel <span style=\"color:red\">50 korn<\/span> (kosttilskud)"},"content":{"rendered":"<h2>Vetom 1.1 probiotiske kapsler 50 korn (kosttilskud)<\/h2>\n<p>I bund og grund kan VETOM-probiotika bruges til enhver form for sygdom, da de er i stand til at l\u00f8se alvorlige problemer - genoprette mikrofloraen og optimere immunsystemets aktivitet.<\/p>\n<p>De gavnlige virkninger af Vetom 1.1 skyldes de *Bacillus subtilis*-bakterier, den indeholder. Disse gavnlige bakterier formerer sig i tyktarmen og producerer forskellige enzymer og biologisk aktive stoffer, der..:<\/p>\n<p>* h\u00e6mmer v\u00e6ksten af skadelige bakterier og svampe,<br \/>\n* hj\u00e6lper med at nedbryde proteiner, stivelse og plantefibre,<br \/>\n* st\u00f8tte immunforsvaret,<br \/>\n* hj\u00e6lper med at afgifte kroppen,<br \/>\n* fremmer bedre optagelse af n\u00e6ringsstoffer.<\/p>\n<h2>Regelm\u00e6ssig brug af produktet:<\/h2>\n<p>* Genopretter en sund balance i tarmfloraen,<br \/>\n* forbedrer ford\u00f8jelsen,<br \/>\n* lindrer allergisymptomer,<br \/>\n* underst\u00f8tter regenerering af kroppen og fjernelse af syge celler,<br \/>\n* forst\u00e6rker virkningen af andre l\u00e6gemidler og reducerer samtidig deres bivirkninger.<br \/>\n* Beskytter kroppen p\u00e5 celleniveau, hj\u00e6lper med at forhindre udvikling af tumorer<\/p>\n<h2>Funktioner:<\/h2>\n<p>* Antibakteriel og svampedr\u00e6bende<br \/>\n* Antiviral, immunforst\u00e6rkende, anti-tumor<br \/>\n* Ingen bivirkninger<br \/>\n* Ingen afh\u00e6ngighed<br \/>\n* M\u00e5 ikke overdoseres<\/p>\n<h2>Anvendelse:<\/h2>\n<p>Vetom 1.1 anbefales til at forbedre mave-tarmkanalens tilstand og genoprette balancen i tarmfloraen.<\/p>\n<h2>Dosering:<\/h2>\n<p>* 1 kapsel 2-3 gange dagligt anbefales i 10 dage, f\u00f8r, under eller efter m\u00e5ltider, med en lille m\u00e6ngde v\u00e6ske (vand, te eller juice). Overv\u00e5g kroppens reaktion i l\u00f8bet af behandlingen, og \u00f8g dosis gradvist, hvis det er n\u00f8dvendigt, op til 5-10 kapsler om dagen.<\/p>\n<p>* Behandlingen kan gentages n\u00e5r som helst efter en pause p\u00e5 1-2 uger. Af og til anbefales det at veksle med andre typer Vetom-produkter for at st\u00f8tte hele kroppen.<\/p>\n<h2>Kontraindikationer:<\/h2>\n<p>* Overf\u00f8lsomhed over for nogen af ingredienserne<br \/>\n* M\u00e5 ikke bruges sammen med antibiotika eller andre probiotika<br \/>\n* Under graviditet og amning kun med medicinsk godkendelse<\/p>\n<h2>Andre oplysninger:<\/h2>\n<p>* P\u00e5virker ikke k\u00f8rsel eller betjening af farlige maskiner<br \/>\n* Opbevaring: p\u00e5 et t\u00f8rt, k\u00f8ligt sted (maks. 30 \u00b0C), utilg\u00e6ngeligt for b\u00f8rn<br \/>\n* Garanti: 2 \u00e5r fra fremstillingsdatoen<br \/>\n* Pakning: 10 kapsler i blister, 5 pakker i en \u00e6ske (50 kapsler i alt)<\/p>\n<h2>Sammens\u00e6tning pr. kapsel:<\/h2>\n<p>* majsekstrakt: 133 mg<br \/>\n* Kartoffelstivelse: 100 mg<br \/>\n* Pulveriseret sukker: 67 mg<br \/>\n* Bacillus subtilis-stamme: 0,03 mg<\/p>\n<p>Alternativ tilsvarende i dr\u00e5beform: Vetom 1.23 (10 ml)<\/p>\n<p>Oprindelsessted: <strong>Rusland<\/strong><\/p>","protected":false},"excerpt":{"rendered":"<h5>Vetom <span style=\"color: red;\">1.1<\/span> probiotiske kapsler 50 korn (kosttilskud)<\/h5>\n<p>Dens gavnlige virkninger skyldes virkningen af de gavnlige bakterier Bacillus subtilis, som hovedsageligt produceres ved at formere sig i tyktarmen:<\/p>\n<ul class=\"vetom-list\">\n<li>proteolytiske, amylolytiske og cellulosolytiske enzymer;<\/li>\n<li>a-2 interferon i humane leukocytter;<\/li>\n<li>bacitracin mg, som h\u00e6mmer v\u00e6kst og udvikling af patogene og potentielt patogene mikrofloraer;<\/li>\n<li>og andre biologisk aktive stoffer.<\/li>\n<\/ul>\n<div class=\"plashka\">Som f\u00f8lge heraf omdannes den bakterielle sammens\u00e6tning af tarmindholdet til den rette udviklingsnorm, tarmv\u00e6ggene renses for uford\u00f8jede rester, hvilket bidrager til aktiv fjernelse af toksiner fra kroppen og uhindret transport af biologisk aktive n\u00e6ringsstoffer.<\/div>\n<p>A <strong>Vetom <span style=\"color: red;\">1.1<\/span><\/strong> normaliserer stofskiftet, ford\u00f8jelsen og optagelsen af biologisk aktive f\u00f8devarekomponenter i mave-tarmkanalen.<\/p>\n<p>A <strong>Vetom <span style=\"color: red;\">1.1<\/span><\/strong> \u00f8ger l\u00e6gemidlers effektivitet og reducerer deres negative bivirkninger p\u00e5 menneskekroppen.<\/p>\n<div class=\"plashka\"><strong>Farmakologiske virkninger:<\/strong> immunmodulerende, antitumor, antiviral, antiproliferativ, bakteriedr\u00e6bende, svampedr\u00e6bende, antiklamydial.<\/div>\n<h5>Funktioner:<\/h5>\n<ul class=\"vetom-list\">\n<li>Det har h\u00f8j antagonistisk aktivitet mod patogene og betinget patogene svampe og bakterier, antivirale, proteolytiske, amylytiske og cellulolytiske egenskaber.<\/li>\n<li>stimulerer cellul\u00e6re og humorale immunitetsfaktorer<\/li>\n<li>\u00f8ger kroppens uspecifikke modstandskraft<\/li>\n<li>Stabiliserer allergisk resistens<\/li>\n<li>normaliserer stofskiftet<\/li>\n<li>stimulerer regenereringsprocesser, angriber og \u00f8del\u00e6gger kr\u00e6ftceller og syge celler<\/li>\n<\/ul>","protected":false},"featured_media":6597,"comment_status":"open","ping_status":"closed","template":"","meta":[],"product_brand":[],"product_cat":[22],"product_tag":[],"class_list":{"0":"post-225","1":"product","2":"type-product","3":"status-publish","4":"has-post-thumbnail","6":"product_cat-vetom-probiotikumok","8":"first","9":"instock","10":"featured","11":"taxable","12":"shipping-taxable","13":"purchasable","14":"product-type-simple"},"_links":{"self":[{"href":"https:\/\/vetomshop.hu\/da\/wp-json\/wp\/v2\/product\/225","targetHints":{"allow":["GET"]}}],"collection":[{"href":"https:\/\/vetomshop.hu\/da\/wp-json\/wp\/v2\/product"}],"about":[{"href":"https:\/\/vetomshop.hu\/da\/wp-json\/wp\/v2\/types\/product"}],"replies":[{"embeddable":true,"href":"https:\/\/vetomshop.hu\/da\/wp-json\/wp\/v2\/comments?post=225"}],"wp:featuredmedia":[{"embeddable":true,"href":"https:\/\/vetomshop.hu\/da\/wp-json\/wp\/v2\/media\/6597"}],"wp:attachment":[{"href":"https:\/\/vetomshop.hu\/da\/wp-json\/wp\/v2\/media?parent=225"}],"wp:term":[{"taxonomy":"product_brand","embeddable":true,"href":"https:\/\/vetomshop.hu\/da\/wp-json\/wp\/v2\/product_brand?post=225"},{"taxonomy":"product_cat","embeddable":true,"href":"https:\/\/vetomshop.hu\/da\/wp-json\/wp\/v2\/product_cat?post=225"},{"taxonomy":"product_tag","embeddable":true,"href":"https:\/\/vetomshop.hu\/da\/wp-json\/wp\/v2\/product_tag?post=225"}],"curies":[{"name":"wp","href":"https:\/\/api.w.org\/{rel}","templated":true}]}}