{"id":2478,"date":"2020-10-20T18:54:23","date_gmt":"2020-10-20T16:54:23","guid":{"rendered":"https:\/\/vetomshop.hu\/?post_type=product&#038;p=2478"},"modified":"2026-04-12T08:28:28","modified_gmt":"2026-04-12T06:28:28","slug":"vetom-2-25-probiotikum-10-ml-csepp","status":"publish","type":"product","link":"https:\/\/vetomshop.hu\/da\/vare\/vetom-2-25-probiotikum-10-ml-csepp\/","title":{"rendered":"Probiotisk Vetom <span style=\"color: red\">2.25<\/span><br>fald <span style=\"color: red\">10 ml<\/span> (kosttilskud)"},"content":{"rendered":"<h3>Vetom 2.25 probiotiske dr\u00e5ber 10 ml (kosttilskud)<\/h3>\n<p>To stammer af Bacillus amyloliquefaciens (VKPM B-10642 og B-10643)<\/p>\n<p>Vetom 2.25 er et naturligt baseret flydende probiotikum, der er designet til at genoprette tarmfloraen, st\u00f8tte ford\u00f8jelsessundheden og styrke kroppens generelle forsvar. Dens enest\u00e5ende effektivitet skyldes de to stammer af *Bacillus amyloliquefaciens*-bakterier, den indeholder.<\/p>\n<h2>Vigtigste virkninger og fordele:<\/h2>\n<p>*Antibakterielle, antivirale, svampedr\u00e6bende og klamydiabek\u00e6mpende virkninger<br \/>\n*Hj\u00e6lper tyktarmen og tyndtarmen med at fungere, genopretter normal tarmflora<br \/>\n*St\u00f8tter immunsystemet, b\u00e5de p\u00e5 celleniveau og p\u00e5 det generelle forsvarsniveau.<br \/>\n* Normaliserer stofskiftet, is\u00e6r vand-salt-balancen<br \/>\n*Afgiftende effekt, hj\u00e6lper med at eliminere nedbrydningsprocesser i tarmen<br \/>\n* Reducerer symptomer p\u00e5 d\u00e5rlig \u00e5nde og svedtendens<br \/>\n*Bruges som supplement til en r\u00e6kke tilstande som leversygdom, tarmbet\u00e6ndelse, maves\u00e5r, kronisk hepatitis.<br \/>\n*Menneskelige leukocytter producerer interferon, som beskytter kroppen mod virusinfektioner.<br \/>\n*Ingen afh\u00e6ngighed, overdosis eller bivirkninger<br \/>\n*For b\u00e5de b\u00f8rn og voksne<\/p>\n<h2>Hvorn\u00e5r anbefales det at bruge det?<\/h2>\n<p>* efter antibiotikabehandling, for at regenerere tarmfloraen<br \/>\n*At supplere behandlingen i tilf\u00e6lde af kr\u00e6ft<br \/>\n*Ford\u00f8jelsesproblemer, diarr\u00e9, forstoppelse, mavesmerter<br \/>\n*Ved immundefekttilstande<br \/>\n*I tilf\u00e6lde af ubehagelig kropslugt eller \u00e5nde<br \/>\n*Supplerende behandling af nyresten, leversygdom, mave-tarm-problemer<\/p>\n<h2>\nAnbefalet dosering:<\/h2>\n<p>*Supplement til voksne og b\u00f8rn: 2 dr\u00e5ber anbefales de f\u00f8rste par dage, derefter kan dosis gradvist \u00f8ges til 4-6 dr\u00e5ber. Hold \u00f8je med kroppens reaktioner under indtagelsen.<br \/>\n*Til almindelige sygdomme: 10 dr\u00e5ber dagligt i 10 dage<br \/>\n* Behandlingen kan gentages efter 1-2 uger<br \/>\n* Det anbefales at bruge det skiftevis med andre Vetom-produkter (f.eks. Vetom 1, 3, 4 osv.).<\/p>\n<p>Det er vigtigt:<br \/>\nDet b\u00f8r ikke tages sammen med andre orale probiotika eller antibiotika, is\u00e6r sulfanilamid, kr\u00e6ftmidler.<\/p>\n<h2>Ingredienser:<\/h2>\n<p>* Fermenteret majsekstrakt med f\u00f8lgende bakteriestammer:<br \/>\n*Bacillus amyloliquefaciens* VKPM B-10642 (DSM 24614)<br \/>\n*Bacillus amyloliquefaciens* VKPM B-10643 (DSM 24615)<br \/>\n* Viveware<\/p>\n<h2>Emballage og udseende:<\/h2>\n<p>* 10 ml v\u00e6ske i en glas- eller plastflaske, pakket i en papkasse<br \/>\n* Farve: lysegul til m\u00f8rkebrun<br \/>\n* Typisk lugt, nogle gange kan der forekomme let sediment (ikke en kvalitetsfejl)<\/p>\n<p>*V\u00e6gt: 0,02 kg<br \/>\n*M\u00e5l: 3 \u00d7 3 \u00d7 7 cm<br \/>\n*Ans\u00e6ttelsessted: <strong>Rusland<\/strong><\/p>\n<h2>Opbevarings- og transportbetingelser:<\/h2>\n<p>*Opbevaring: 0-10 \u00b0C, maks. luftfugtighed 75%<br \/>\n*Kan opbevares ved 10-30 \u00b0C i op til 18 dage<br \/>\n*Efter adskillelse: opbevares p\u00e5 k\u00f8l (0-10 \u00b0C)<\/p>","protected":false},"excerpt":{"rendered":"<h5>Sammens\u00e6tning:<\/h5>\n<p>Bacillus amyloliquefaciens, VKPM B- 10642 <strong>(DSM 24614)<\/strong> og VKPM B- 10643 <strong>(DSM 24615)<\/strong> bakterielt fermenteret majsekstrakt af bacilus-stammer, b\u00e6rer.<br \/>\n<strong>Hvordan produktet ser ud: <\/strong>A <strong>Vetom<\/strong> <span style=\"color: red; font-weight: 800;\">2.25<\/span> <strong>Probiotiske dr\u00e5ber<\/strong> en v\u00e6ske med en bestemt lugt, der varierer i farve fra lysegul til m\u00f8rkebrun.<\/p>\n<p><strong>Udpakning:<\/strong>\u00a0 glas- eller plastflaske i en karton.<\/p>\n<div class=\"plashka\">A <strong>Vetom<\/strong> <span style=\"color: red; font-weight: 800;\">2.25<\/span> \u00f8ger l\u00e6gemidlers effektivitet og reducerer deres negative bivirkninger p\u00e5 menneskekroppen.<\/div>\n<h6>Funktioner:<\/h6>\n<ul class=\"vetom-list\">\n<li>stimulerer cellul\u00e6re og humorale immunitetsfaktorer<\/li>\n<li>\u00f8ger kroppens uspecifikke modstandskraft<\/li>\n<li>Stabiliserer allergisk resistens<\/li>\n<li>normaliserer stofskiftet<\/li>\n<li>stimulerer regenereringsprocesser, angriber og \u00f8del\u00e6gger kr\u00e6ftceller og syge celler<\/li>\n<\/ul>\n<div class=\"plashka\">Det \u00e6ndrer membranen og stofskiftet i celleskelettet og forhindrer udviklingen af kr\u00e6ftceller.<\/div>","protected":false},"featured_media":6611,"comment_status":"open","ping_status":"closed","template":"","meta":[],"product_brand":[],"product_cat":[22],"product_tag":[],"class_list":{"0":"post-2478","1":"product","2":"type-product","3":"status-publish","4":"has-post-thumbnail","6":"product_cat-vetom-probiotikumok","8":"first","9":"instock","10":"featured","11":"taxable","12":"shipping-taxable","13":"purchasable","14":"product-type-simple"},"_links":{"self":[{"href":"https:\/\/vetomshop.hu\/da\/wp-json\/wp\/v2\/product\/2478","targetHints":{"allow":["GET"]}}],"collection":[{"href":"https:\/\/vetomshop.hu\/da\/wp-json\/wp\/v2\/product"}],"about":[{"href":"https:\/\/vetomshop.hu\/da\/wp-json\/wp\/v2\/types\/product"}],"replies":[{"embeddable":true,"href":"https:\/\/vetomshop.hu\/da\/wp-json\/wp\/v2\/comments?post=2478"}],"wp:featuredmedia":[{"embeddable":true,"href":"https:\/\/vetomshop.hu\/da\/wp-json\/wp\/v2\/media\/6611"}],"wp:attachment":[{"href":"https:\/\/vetomshop.hu\/da\/wp-json\/wp\/v2\/media?parent=2478"}],"wp:term":[{"taxonomy":"product_brand","embeddable":true,"href":"https:\/\/vetomshop.hu\/da\/wp-json\/wp\/v2\/product_brand?post=2478"},{"taxonomy":"product_cat","embeddable":true,"href":"https:\/\/vetomshop.hu\/da\/wp-json\/wp\/v2\/product_cat?post=2478"},{"taxonomy":"product_tag","embeddable":true,"href":"https:\/\/vetomshop.hu\/da\/wp-json\/wp\/v2\/product_tag?post=2478"}],"curies":[{"name":"wp","href":"https:\/\/api.w.org\/{rel}","templated":true}]}}