{"id":2483,"date":"2020-10-20T19:35:14","date_gmt":"2020-10-20T17:35:14","guid":{"rendered":"https:\/\/vetomshop.hu\/?post_type=product&#038;p=2483"},"modified":"2026-04-12T08:28:16","modified_gmt":"2026-04-12T06:28:16","slug":"vetomgin-8-21","status":"publish","type":"product","link":"https:\/\/vetomshop.hu\/da\/vare\/vetomgin-8-21\/","title":{"rendered":"Probiotisk Vetomgin <span style=\"color:red\">8.21<\/span> Champagnetablet <span style=\"color:red\">15 stykker<\/span> (kosttilskud)"},"content":{"rendered":"<h2><strong>Vetomgin 8.21 probiotiske brusetabletter 15 (kosttilskud)<\/strong><\/h2>\n<p><span style=\"color: #ff0000;\">Sammens\u00e6tning<\/span><\/p>\n<p>1 portion (1 brusetablet) indeholder: tils\u00e6tningsstof: \u0415500 (natriumkarbonat) - 1200 \u00b5g \u0415330(citronstang) - 750 \u00b5g ; t\u00f8rrede probiotiske kulturer af Bacillus subtilis, VKPM B - 10641(DSM 24613),Bacillus amyloliquefaciens, VKPM B - 10642(DSM 24614) , Bacillus amyloliquefaciens, VKPM B - 10643 (DSM 24615) 1\u0445106 KTJ\/g - 50 mg.<\/p>\n<p>De gavnlige virkninger skyldes egenskaberne ved bestanddelene i Vetomgin 8.21. Under deres virkning dannes der en specifik mikrobiel sammens\u00e6tning i tarmen hos hver person, og Krebs' cyklus aktiveres. Denne proces resulterer i optimering af funktionen af systemer, der beskytter kroppen mod fremmede angribere, herunder smitsomme mikroorganismer, og optimerer kroppens reguleringssystem, som sikrer en aktiv iltforsyning til cellerne; dannelse af energireserver; aktivering af syntesen af molekyler, der er essentielle for kroppen: aminosyrer, kulhydrater, fedtsyrer osv.<\/p>\n<p>Vetomgin 8.21 \u00f8ger l\u00e6gemidlers effektivitet og reducerer deres negative bivirkninger p\u00e5 menneskekroppen.<\/p>\n<h5>Funktioner:<\/h5>\n<ul>\n<li>\u00a0INGEN BIVIRKNINGER<\/li>\n<li>\u00a0INGEN ALDERSBEGR\u00c6NSNING<\/li>\n<li>INGEN OVERDOSERING<\/li>\n<li>IKKE VANEDANNENDE<\/li>\n<\/ul>\n<ul class=\"vetom-list\">\n<li>Det har h\u00f8j antagonistisk aktivitet mod patogene og betinget patogene svampe og bakterier, antivirale, proteolytiske, amylytiske og cellulolytiske egenskaber.<\/li>\n<li>stimulerer cellul\u00e6re og humorale immunitetsfaktorer<\/li>\n<li>\u00f8ger kroppens uspecifikke modstandskraft<\/li>\n<li>Stabiliserer allergisk resistens<\/li>\n<li>normaliserer stofskiftet<\/li>\n<li>stimulerer regenereringsprocesser, angriber og \u00f8del\u00e6gger kr\u00e6ftceller og syge celler<\/li>\n<\/ul>\n<p><span style=\"color: #ff0000;\">Anvendelsesomr\u00e5de<\/span><br \/>\nProbiotiske mikroorganismer er en supplerende kilde til at forbedre livskvaliteten.<br \/>\n<span style=\"color: #ff0000;\">Ans\u00f8g p\u00e5<\/span><br \/>\nAnbefales 3 brusetabletter om dagen i 10 dage med j\u00e6vne mellemrum.<br \/>\n1 tablet opl\u00f8ses i et glas vand. .<br \/>\nTabletten m\u00e5 ikke sluges, tygges eller suges.<br \/>\n<span style=\"color: #ff0000;\">Kontraindikationer<\/span><br \/>\nOverf\u00f8lsomhed over for visse ingredienser i medicinen.<br \/>\nS\u00e6rlige instruktioner<br \/>\nM\u00e5 kun anvendes under graviditet og amning efter aftale med en l\u00e6ge. Pr\u00e6paratet p\u00e5virker ikke evnen til at k\u00f8re bil eller betjene potentielt farlige mekanismer.<br \/>\n<span style=\"color: #ff0000;\">Udlevering<\/span><br \/>\n15 champagnetabletter p\u00e5 2 gram, 3 pr. tablet, pakket i en pap\u00e6ske indpakket i pergamentpapir. Brugsanvisning vedlagt.<br \/>\n<span style=\"color: #ff0000;\">Opbevaringsforhold<\/span><br \/>\nKan opbevares ved 75 % relativ luftfugtighed under 30\u00b0C. Opbevares utilg\u00e6ngeligt for b\u00f8rn.<br \/>\n<span style=\"color: #ff0000;\">Holdbarhed<\/span><br \/>\n4 \u00e5r fra fremstillingsdatoen. M\u00e5 ikke indtages efter udl\u00f8bsdatoen.<br \/>\nVetomgin 8.21 er ikke et l\u00e6gemiddel.<\/p>\n<p><span style=\"color: #0000ff;\">Jeg k\u00f8ber probiotika direkte fra fabrikken til den bedste pris, - f\u00f8rsteklasses kvalitet.<\/span><\/p>\n<h3><strong><span style=\"color: #ff0000;\">Cemmedic Europe Kft \u201eOfficiel distribut\u00f8r i Ungarn\u201d!<\/span><\/strong><\/h3>","protected":false},"excerpt":{"rendered":"<h5>Sammens\u00e6tning<\/h5>\n<p>1 portion (<strong>1 brusetablet<\/strong>) indeholder et additiv:<\/p>\n<ul>\n<li><strong>\u0415500<\/strong> (natriumkarbonat) - 1200 mg<\/li>\n<li><strong>\u0415330<\/strong> (citronbar) - 750 mg;<\/li>\n<li>t\u00f8rrede probiotiske kulturer <strong>Bacillus subtilis<\/strong>, VKPM B - 10641(DSM 24613),<\/li>\n<li><strong>Bacillus amyloliquefaciens<\/strong>, VKPM B - 10642 (DSM 24614),<\/li>\n<li><strong>Bacillus amyloliquefaciens<\/strong>, VKPM B - 10643 (DSM 24615) 1X106 KTJ\/g - 50 mg.<\/li>\n<\/ul>\n<p>De gavnlige virkninger af <strong>Vetomgin <span style=\"color:red\">8.21<\/span><\/strong> egenskaber af de indg\u00e5ende elementer. Under deres indflydelse dannes hver persons specifikke mikrobielle sammens\u00e6tning i tarmen, og Krebs' cyklus aktiveres. Denne proces resulterer i optimering af systemer, der beskytter kroppen mod fremmede angribere, herunder smitsomme mikroorganismer, og optimerer kroppens reguleringssystem, der sikrer en aktiv iltforsyning til cellerne; dannelse af energireserver; aktivering af syntesen af molekyler, der er essentielle for kroppen: aminosyrer, kulhydrater, fedtsyrer osv.<\/p>\n<div class=\"plashka\">A <strong>Vetomgin <span style=\"color:red\">8.21<\/span><\/strong> \u00f8ger l\u00e6gemidlers effektivitet og reducerer deres negative bivirkninger p\u00e5 menneskekroppen.<\/div>\n<h6>Funktioner:<\/h6>\n<ul class=\"vetom-list\">\n<li>Det har h\u00f8j antagonistisk aktivitet mod patogene og betinget patogene svampe og bakterier, antivirale, proteolytiske, amylytiske og cellulolytiske egenskaber.<\/li>\n<li>stimulerer cellul\u00e6re og humorale immunitetsfaktorer<\/li>\n<li>\u00f8ger kroppens uspecifikke modstandskraft<\/li>\n<li>Stabiliserer allergisk resistens<\/li>\n<li>normaliserer stofskiftet<\/li>\n<li>stimulerer regenereringsprocesser, angriber og \u00f8del\u00e6gger kr\u00e6ftceller og syge celler<\/li>\n<\/ul>\n<div class=\"plashka\"><strong>Anvendelsesomr\u00e5de<\/strong><br \/>\nProbiotiske mikroorganismer er en supplerende kilde til at forbedre livskvaliteten.<\/div>","protected":false},"featured_media":5558,"comment_status":"open","ping_status":"closed","template":"","meta":[],"product_brand":[],"product_cat":[22],"product_tag":[],"class_list":{"0":"post-2483","1":"product","2":"type-product","3":"status-publish","4":"has-post-thumbnail","6":"product_cat-vetom-probiotikumok","8":"first","9":"instock","10":"featured","11":"taxable","12":"shipping-taxable","13":"purchasable","14":"product-type-simple"},"_links":{"self":[{"href":"https:\/\/vetomshop.hu\/da\/wp-json\/wp\/v2\/product\/2483","targetHints":{"allow":["GET"]}}],"collection":[{"href":"https:\/\/vetomshop.hu\/da\/wp-json\/wp\/v2\/product"}],"about":[{"href":"https:\/\/vetomshop.hu\/da\/wp-json\/wp\/v2\/types\/product"}],"replies":[{"embeddable":true,"href":"https:\/\/vetomshop.hu\/da\/wp-json\/wp\/v2\/comments?post=2483"}],"wp:featuredmedia":[{"embeddable":true,"href":"https:\/\/vetomshop.hu\/da\/wp-json\/wp\/v2\/media\/5558"}],"wp:attachment":[{"href":"https:\/\/vetomshop.hu\/da\/wp-json\/wp\/v2\/media?parent=2483"}],"wp:term":[{"taxonomy":"product_brand","embeddable":true,"href":"https:\/\/vetomshop.hu\/da\/wp-json\/wp\/v2\/product_brand?post=2483"},{"taxonomy":"product_cat","embeddable":true,"href":"https:\/\/vetomshop.hu\/da\/wp-json\/wp\/v2\/product_cat?post=2483"},{"taxonomy":"product_tag","embeddable":true,"href":"https:\/\/vetomshop.hu\/da\/wp-json\/wp\/v2\/product_tag?post=2483"}],"curies":[{"name":"wp","href":"https:\/\/api.w.org\/{rel}","templated":true}]}}