{"id":2687,"date":"2021-05-05T20:33:49","date_gmt":"2021-05-05T18:33:49","guid":{"rendered":"https:\/\/vetomshop.hu\/?post_type=product&#038;p=2687"},"modified":"2023-02-13T18:43:24","modified_gmt":"2023-02-13T17:43:24","slug":"enterosgel-1-db","status":"publish","type":"product","link":"https:\/\/vetomshop.hu\/da\/vare\/enterosgel-1-db\/","title":{"rendered":"Enteros gel (1 stk.)"},"content":{"rendered":"<p>Fra <strong>Enterosgel<\/strong> (1 stk.) Fjerner stoffer, der er skadelige for kroppen, men absorberer ikke ingredienser, der er gavnlige for kroppen. Desinficerende, beskyttende og afgiftende produkt. Det er et organisk stof med fysiske og kemiske egenskaber, der ligner kul, og er derfor sk\u00e5nsomt mod kroppen.<\/p>\n<p>Det hj\u00e6lper med at afgifte og endda eliminere vira, bakterier, svampe og parasitter, hvis rester lurer og for\u00e5rsager symptomer, som kan v\u00e6re meget sv\u00e6re at finde.<\/p>\n<p>Let at bruge, kan blandes med vand eller andre v\u00e6sker \/ 1-2 dl\/.<br \/>\nTil voksne, en spiseskefuld \/15 gr\/ 3 gange om dagen, halvanden til to timer f\u00f8r eller efter et m\u00e5ltid.<br \/>\nTil b\u00f8rn en teskefuld \/5-10 gr\/ 1-3 gange om dagen.<br \/>\nAnbefalet brug: 7-14 dage.<\/p>","protected":false},"excerpt":{"rendered":"<p>Enteroskelettet (1 stk.) fjerner stoffer, der er skadelige for kroppen, men absorberer ikke de ingredienser, der er nyttige for kroppen. Desinficerende, beskyttende og afgiftende produkt. Det er et organisk stof med fysiske og kemiske egenskaber, der ligner kul, og er derfor godt for kroppen.<\/p>\n<p>Det hj\u00e6lper med at afgifte og endda eliminere vira, bakterier, svampe og parasitter, hvis rester lurer og for\u00e5rsager symptomer, som kan v\u00e6re meget sv\u00e6re at finde.<\/p>","protected":false},"featured_media":2688,"comment_status":"open","ping_status":"closed","template":"","meta":[],"product_brand":[],"product_cat":[28],"product_tag":[],"class_list":{"0":"post-2687","1":"product","2":"type-product","3":"status-publish","4":"has-post-thumbnail","6":"product_cat-enterosgel","8":"first","9":"instock","10":"sale","11":"taxable","12":"shipping-taxable","13":"purchasable","14":"product-type-simple"},"_links":{"self":[{"href":"https:\/\/vetomshop.hu\/da\/wp-json\/wp\/v2\/product\/2687","targetHints":{"allow":["GET"]}}],"collection":[{"href":"https:\/\/vetomshop.hu\/da\/wp-json\/wp\/v2\/product"}],"about":[{"href":"https:\/\/vetomshop.hu\/da\/wp-json\/wp\/v2\/types\/product"}],"replies":[{"embeddable":true,"href":"https:\/\/vetomshop.hu\/da\/wp-json\/wp\/v2\/comments?post=2687"}],"wp:featuredmedia":[{"embeddable":true,"href":"https:\/\/vetomshop.hu\/da\/wp-json\/wp\/v2\/media\/2688"}],"wp:attachment":[{"href":"https:\/\/vetomshop.hu\/da\/wp-json\/wp\/v2\/media?parent=2687"}],"wp:term":[{"taxonomy":"product_brand","embeddable":true,"href":"https:\/\/vetomshop.hu\/da\/wp-json\/wp\/v2\/product_brand?post=2687"},{"taxonomy":"product_cat","embeddable":true,"href":"https:\/\/vetomshop.hu\/da\/wp-json\/wp\/v2\/product_cat?post=2687"},{"taxonomy":"product_tag","embeddable":true,"href":"https:\/\/vetomshop.hu\/da\/wp-json\/wp\/v2\/product_tag?post=2687"}],"curies":[{"name":"wp","href":"https:\/\/api.w.org\/{rel}","templated":true}]}}