{"id":4392,"date":"2023-08-06T13:27:56","date_gmt":"2023-08-06T11:27:56","guid":{"rendered":"https:\/\/vetomshop.hu\/?post_type=product&#038;p=4392"},"modified":"2026-04-12T08:28:06","modified_gmt":"2026-04-12T06:28:06","slug":"komarov-por-etrend-kiegeszito-40-tasak","status":"publish","type":"product","link":"https:\/\/vetomshop.hu\/da\/vare\/komarov-por-etrend-kiegeszito-40-tasak\/","title":{"rendered":"Probiotisk Komarov-pulver <span style=\"color: red\">40 tassaq<\/span> (kosttilskud)"},"content":{"rendered":"<h2><strong>Komarov pulver - 40 poser (Kosttilskud)<\/strong><\/h2>\n<p>Naturligt probiotikum med vitaminer og spirulina - til st\u00f8tte for ford\u00f8jelsessystemet og immunforsvaret<\/p>\n<p>Komarov-pulver er et komplekst kosttilskud, der indeholder probiotika, kostfibre, vitaminer, mineraler og spirulina. De aktive ingredienser underst\u00f8tter balancen i tarmfloraen, afgiftning, stofskifte og styrker kroppens forsvar.<\/p>\n<p>&nbsp;<\/p>\n<h2><strong>Hovedingredienser:<\/strong><\/h2>\n<p>*Bacillus subtilis VKPM V-10641 (DSM 24613) - gavnlige tarmbakterier<\/p>\n<p>*Spirulina (bl\u00e5gr\u00f8nne alger) - en naturlig kilde til vitaminer og protein<\/p>\n<p>*Hvedeklid - en kilde til kostfibre<\/p>\n<p>*Citronsyre, natriumklorid - naturlige b\u00e6rere<\/p>\n<p>&nbsp;<\/p>\n<h2><strong>Ogs\u00e5 inkluderet i produktet:<\/strong><\/h2>\n<p>*Vitaminer: A, B1, B2, B6, B12, B5, B9, biotin<\/p>\n<p>*Mineraler: calcium, kalium, magnesium, fosfor, jern, zink, kobber, mangan, selen, molybd\u00e6n.<\/p>\n<p>*Um\u00e6ttede fedtsyrer: linolsyre, linolensyre, arachidonsyre<\/p>\n<p>&nbsp;<\/p>\n<h2><strong>Gunstige virkninger:<\/strong><\/h2>\n<p>\u2705 Hj\u00e6lper med ford\u00f8jelsen og bedre optagelse af n\u00e6ringsstoffer<\/p>\n<p>\u2705 Underst\u00f8tter balancen i tarmfloraen, har en afgiftende effekt<\/p>\n<p>\u2705 Styrker immunforsvaret, \u00f8ger kroppens modstandskraft<\/p>\n<p>\u2705 Normaliserer stofskiftet<\/p>\n<p>\u2705 Hj\u00e6lper med regenereringsprocesser og kan bidrage til kampen mod skadelige celler<\/p>\n<p>\u2705 Aktiverer Krebs' cyklus (cellul\u00e6r energiproduktion)<\/p>\n<p>\u2705 Antibakterielle, antivirale og svampedr\u00e6bende egenskaber<\/p>\n<p>&nbsp;<\/p>\n<h2><strong>Anbefalet dosering:<\/strong><\/h2>\n<p>*For en sund krop: min. 2-3 poser om dagen i 10-14 dage Overv\u00e5g kroppens reaktioner under indtagelsen, og \u00f8g dosis gradvist, hvis det er n\u00f8dvendigt.<\/p>\n<p>* For visse sygdomme: 7-10 poser om dagen i 10 dage<\/p>\n<p>* 1 portion = 1 pose<\/p>\n<p>* Pulveret skal tages oralt, hvilket anbefales sammen med eller efter m\u00e5ltider. Det er mere praktisk at tage det med en skefuld blandet med yoghurt, creme fraiche eller kefir.<\/p>\n<p>&nbsp;<\/p>\n<h2><strong>Vigtig information:<\/strong><\/h2>\n<p>*Ingen bivirkninger, ingen overdosering, ikke vanedannende<\/p>\n<p>*Ingen aldersbegr\u00e6nsninger<\/p>\n<p>*M\u00e5 ikke tages sammen med antibiotika eller andre probiotika<\/p>\n<p>*Anbefales ikke i tilf\u00e6lde af overf\u00f8lsomhed over for nogen af ingredienserne<\/p>\n<p>&nbsp;<\/p>\n<h2><strong>Udlevering:<\/strong><\/h2>\n<p>40 poser med 2,5 g pulver, i lamineret emballage<\/p>\n<p>V\u00e6gt: 0,17 kg<\/p>\n<p>St\u00f8rrelse: 18 \u00d7 7 \u00d7 7 cm<\/p>\n<p>Oprindelsessted: Rusland<\/p>\n<p>&nbsp;<\/p>\n<h2><strong>Opbevaring:<\/strong><\/h2>\n<p>Opbevares t\u00f8rt og k\u00f8ligt mellem 0-30 \u00b0C, med en maksimal luftfugtighed p\u00e5 75%.<\/p>\n<p>Garanti: 4<strong> \u00e5r fra fremstillingsdatoen<\/strong>.<\/p>\n<p>Oprindelsessted : <strong>Rusland<\/strong><\/p>","protected":false},"excerpt":{"rendered":"<h5>Bacilus subtilis stamme VKPM V 10 641 (DSM 24613)<\/h5>\n<div class=\"plashka\"><strong>Levende materiale:<\/strong> hvedeklid, natriumklorid, bl\u00e5gr\u00f8n alge spirulina, citronsyre.<br \/>\nPulver pakket i en 2,5 g lamineret papirpose.<\/div>\n<h5>Anvendelse:<\/h5>\n<p>Komarov-pulver er et biologisk aktivt stof, der indeholder probiotiske mikroorganismer, kostfibre, vitaminer (<strong>A, B1, B2, B6, B12, B5, B9, biotin<\/strong>), makro- (calcium, magnesium, fosfor, kalium) og mikron\u00e6ringsstoffer (jern, mangan, kobber, zink, molybd\u00e6n, selen), um\u00e6ttede fedtsyrer (linolsyre, linolensyre, arachidonsyre).<\/p>\n<h6>Funktioner:<\/h6>\n<ul class=\"vetom-list\">\n<li>Det har h\u00f8j antagonistisk aktivitet mod patogene og betinget patogene svampe og bakterier, antivirale, proteolytiske, amylytiske og cellulolytiske egenskaber.<\/li>\n<li>stimulerer cellul\u00e6re og humorale immunitetsfaktorer<\/li>\n<li>\u00f8ger kroppens uspecifikke modstandskraft<\/li>\n<li>Stabiliserer allergisk resistens<\/li>\n<li>normaliserer stofskiftet<\/li>\n<li>stimulerer regenereringsprocesser, angriber og \u00f8del\u00e6gger kr\u00e6ftceller og syge celler<\/li>\n<\/ul>","protected":false},"featured_media":5557,"comment_status":"open","ping_status":"closed","template":"","meta":[],"product_brand":[],"product_cat":[22],"product_tag":[],"class_list":{"0":"post-4392","1":"product","2":"type-product","3":"status-publish","4":"has-post-thumbnail","6":"product_cat-vetom-probiotikumok","8":"first","9":"instock","10":"featured","11":"taxable","12":"shipping-taxable","13":"purchasable","14":"product-type-simple"},"_links":{"self":[{"href":"https:\/\/vetomshop.hu\/da\/wp-json\/wp\/v2\/product\/4392","targetHints":{"allow":["GET"]}}],"collection":[{"href":"https:\/\/vetomshop.hu\/da\/wp-json\/wp\/v2\/product"}],"about":[{"href":"https:\/\/vetomshop.hu\/da\/wp-json\/wp\/v2\/types\/product"}],"replies":[{"embeddable":true,"href":"https:\/\/vetomshop.hu\/da\/wp-json\/wp\/v2\/comments?post=4392"}],"wp:featuredmedia":[{"embeddable":true,"href":"https:\/\/vetomshop.hu\/da\/wp-json\/wp\/v2\/media\/5557"}],"wp:attachment":[{"href":"https:\/\/vetomshop.hu\/da\/wp-json\/wp\/v2\/media?parent=4392"}],"wp:term":[{"taxonomy":"product_brand","embeddable":true,"href":"https:\/\/vetomshop.hu\/da\/wp-json\/wp\/v2\/product_brand?post=4392"},{"taxonomy":"product_cat","embeddable":true,"href":"https:\/\/vetomshop.hu\/da\/wp-json\/wp\/v2\/product_cat?post=4392"},{"taxonomy":"product_tag","embeddable":true,"href":"https:\/\/vetomshop.hu\/da\/wp-json\/wp\/v2\/product_tag?post=4392"}],"curies":[{"name":"wp","href":"https:\/\/api.w.org\/{rel}","templated":true}]}}