{"id":443,"date":"2019-11-12T14:57:08","date_gmt":"2019-11-12T13:57:08","guid":{"rendered":"https:\/\/vetomshop.hu\/?post_type=product&#038;p=443"},"modified":"2026-04-12T08:29:34","modified_gmt":"2026-04-12T06:29:34","slug":"vetom-2-etrend-kiegeszito","status":"publish","type":"product","link":"https:\/\/vetomshop.hu\/da\/vare\/vetom-2-etrend-kiegeszito\/","title":{"rendered":"Probiotisk Vetom <span style=\"color:red\">2<\/span><br> Kapsel <span style=\"color:red\">50 korn<\/span> (kosttilskud)"},"content":{"rendered":"<h2>Vetom 2 probiotiske kapsler 50 korn (kosttilskud)<\/h2>\n<p>De 2 vigtigste aktive ingredienser i Vetom er de gavnlige bakteriestammer af *Bacillus amyloliquefaciens* , som hovedsageligt virker i tyktarmen, hvor de formerer sig og producerer forskellige enzymer (protein-, stivelses- og fibernedbrydende enzymer) og aktive forbindelser, der:<\/p>\n<p>* Undertrykker skadelige bakterier og svampe,<br \/>\n* Rens tarmv\u00e6ggen for uford\u00f8jede rester,<br \/>\n* underst\u00f8tter bedre optagelse af n\u00e6ringsstoffer,<br \/>\n* hj\u00e6lper med at afgifte kroppen.<\/p>\n<p>Regelm\u00e6ssig brug af Vetom 2 hj\u00e6lper med at genoprette en sund balance i tarmfloraen, stimulerer ford\u00f8jelsen og forbedrer immunforsvaret. Probiotikummet underst\u00f8tter regenereringsprocesser, hj\u00e6lper med cellefornyelse og kan endda forhindre udviklingen af kr\u00e6ftceller.<\/p>\n<p>Det forst\u00e6rker ogs\u00e5 medicinens virkning og reducerer dens bivirkninger.<\/p>\n<h2>Fordelagtige egenskaber:<\/h2>\n<p>* St\u00e6rk antibakteriel og svampedr\u00e6bende virkning<br \/>\n* Antiviral, ford\u00f8jelsesfremmende, immunforst\u00e6rkende<br \/>\n* Cellebeskyttelse og forebyggelse af tumorer<br \/>\n* Normaliserer stofskiftet<br \/>\n* Styrker modstandsdygtigheden over for allergier<br \/>\n* Regenererer kroppen p\u00e5 celleniveau<br \/>\n* For\u00e5rsager ikke bivirkninger, overdosering eller afh\u00e6ngighed<br \/>\n* Beskytter kroppen p\u00e5 celleniveau, hj\u00e6lper med at forhindre udvikling af tumorer<\/p>\n<h2>Foresl\u00e5et brug:<\/h2>\n<p>Vetom 2 anbefales til at genoprette balancen i tarmfloraen, st\u00f8tte tarmsundheden og styrke immunforsvaret.<\/p>\n<h2>Dosering:<\/h2>\n<p>* 1 kapsel 2-3 gange dagligt anbefales i 10 dage, f\u00f8r, under eller efter m\u00e5ltider, med en lille m\u00e6ngde v\u00e6ske (vand, te eller juice). Overv\u00e5g kroppens reaktion i l\u00f8bet af behandlingen, og \u00f8g dosis gradvist, hvis det er n\u00f8dvendigt, op til 5-10 kapsler om dagen.<\/p>\n<p>* Behandlingen kan gentages efter 1-2 ugers pause. Af og til anbefales det at skifte til et andet nummereret Vetom-produkt for at st\u00f8tte kroppen generelt.<\/p>\n<h2>Kontraindikationer:<\/h2>\n<p>* Anbefales ikke i tilf\u00e6lde af overf\u00f8lsomhed over for nogen af ingredienserne.<br \/>\n* M\u00e5 kun anvendes under graviditet og amning efter l\u00e6gelig r\u00e5dgivning.<br \/>\n* P\u00e5virker ikke k\u00f8rsel eller betjening af farlige maskiner.<\/p>\n<h2>Dosering og ingredienser:<\/h2>\n<p>* 10 kapsler i blister, 5 pakker i karton (50 kapsler i alt)<br \/>\n* Indhold af 1 kapsel:<\/p>\n<p>* majsekstrakt - 133 mg<br \/>\n* Kartoffelstivelse - 100 mg<br \/>\n* sukrose (flormelis) - 67 mg<br \/>\n* Bacillus amyloliquefaciens-bakteriekultur (DSM 24614) og stammer DSM 24615 - 30 mg (1\u00d710\u2079 CFU\/g)<\/p>\n<h2>Mere information:<\/h2>\n<p>* Nettov\u00e6gt: 0,1 kg<br \/>\n* St\u00f8rrelse: 4,5 \u00d7 6,5 \u00d7 8 cm<br \/>\n* Oprindelsesland: Rusland<br \/>\n* Opbevaring: p\u00e5 et k\u00f8ligt, t\u00f8rt sted (maks. 30 \u00b0C), utilg\u00e6ngeligt for b\u00f8rn<br \/>\n* Holdbarhed: 2 \u00e5r fra produktionsdato<\/p>\n<p>Alternativ tilsvarende i dr\u00e5beform: Vetom 2.25 (10 ml)<\/p>\n<p>Oprindelsessted : <strong>Rusland<\/strong><\/p>","protected":false},"excerpt":{"rendered":"<h5><strong>Vetom <span style=\"color: red;\">2<\/span><\/strong> probiotiske kapsler 50 korn (kosttilskud)<\/h5>\n<div class=\"plashka\">\n<p>A <strong>Vetom <span style=\"color: red;\">2<\/span><\/strong> normaliserer stofskiftet, ford\u00f8jelsen og optagelsen af biologisk aktive f\u00f8devarekomponenter i mave-tarmkanalen.<\/p>\n<p>A <strong>Vetom <span style=\"color: red;\">2<\/span><\/strong> prpbiotika \u00f8ger l\u00e6gemidlers effektivitet og reducerer deres negative bivirkninger p\u00e5 menneskekroppen.<\/p>\n<\/div>\n<p>Gavnlig effekt p\u00e5 <strong>Bacillus amyloliquefaciens<\/strong> som hovedsageligt produceres ved at formere sig i tyktarmen:<\/p>\n<ul class=\"vetom-list\">\n<li>proteolytiske, amylolytiske og cellulosolytiske enzymer,<\/li>\n<li>et biologisk aktivt stof, der h\u00e6mmer v\u00e6kst og udvikling af patogene og potentielt patogene mikrofloraer.<\/li>\n<\/ul>\n<p>Som f\u00f8lge heraf omdannes den bakterielle sammens\u00e6tning af tarmindholdet til den rette udviklingsnorm, tarmv\u00e6ggene renses for uford\u00f8jede rester, hvilket bidrager til aktiv fjernelse af toksiner fra kroppen og uhindret transport af biologisk aktive n\u00e6ringsstoffer.<\/p>","protected":false},"featured_media":6598,"comment_status":"open","ping_status":"closed","template":"","meta":[],"product_brand":[],"product_cat":[22],"product_tag":[],"class_list":{"0":"post-443","1":"product","2":"type-product","3":"status-publish","4":"has-post-thumbnail","6":"product_cat-vetom-probiotikumok","8":"first","9":"instock","10":"featured","11":"taxable","12":"shipping-taxable","13":"purchasable","14":"product-type-simple"},"_links":{"self":[{"href":"https:\/\/vetomshop.hu\/da\/wp-json\/wp\/v2\/product\/443","targetHints":{"allow":["GET"]}}],"collection":[{"href":"https:\/\/vetomshop.hu\/da\/wp-json\/wp\/v2\/product"}],"about":[{"href":"https:\/\/vetomshop.hu\/da\/wp-json\/wp\/v2\/types\/product"}],"replies":[{"embeddable":true,"href":"https:\/\/vetomshop.hu\/da\/wp-json\/wp\/v2\/comments?post=443"}],"wp:featuredmedia":[{"embeddable":true,"href":"https:\/\/vetomshop.hu\/da\/wp-json\/wp\/v2\/media\/6598"}],"wp:attachment":[{"href":"https:\/\/vetomshop.hu\/da\/wp-json\/wp\/v2\/media?parent=443"}],"wp:term":[{"taxonomy":"product_brand","embeddable":true,"href":"https:\/\/vetomshop.hu\/da\/wp-json\/wp\/v2\/product_brand?post=443"},{"taxonomy":"product_cat","embeddable":true,"href":"https:\/\/vetomshop.hu\/da\/wp-json\/wp\/v2\/product_cat?post=443"},{"taxonomy":"product_tag","embeddable":true,"href":"https:\/\/vetomshop.hu\/da\/wp-json\/wp\/v2\/product_tag?post=443"}],"curies":[{"name":"wp","href":"https:\/\/api.w.org\/{rel}","templated":true}]}}