{"id":445,"date":"2019-11-12T15:06:44","date_gmt":"2019-11-12T14:06:44","guid":{"rendered":"https:\/\/vetomshop.hu\/?post_type=product&#038;p=445"},"modified":"2026-04-12T08:29:25","modified_gmt":"2026-04-12T06:29:25","slug":"vetom-3-etrend-kiegeszito","status":"publish","type":"product","link":"https:\/\/vetomshop.hu\/da\/vare\/vetom-3-etrend-kiegeszito\/","title":{"rendered":"Probiotisk Vetom <span style=\"color:red\">3<\/span><br> Kapsel <span style=\"color:red\">50 korn<\/span> (kosttilskud)"},"content":{"rendered":"<p>Vetom 3 probiotiske kapsler 50 korn (kosttilskud)<\/p>\n<p>Dens gavnlige virkninger skyldes virkningen af Bacillus amyloliquefaciens, som hovedsageligt ved at formere sig i tyktarmen producerer: proteolytiske, amylolytiske, cellulolytiske enzymer, biologisk aktive stoffer, der h\u00e6mmer v\u00e6ksten og udviklingen af patogen og potentielt patogen mikroflora. Som f\u00f8lge heraf omdannes den bakterielle sammens\u00e6tning af tarmindholdet til den passende udviklingsnorm, tarmv\u00e6ggene renses for uford\u00f8jede rester, hvilket bidrager til den aktive fjernelse af toksiner fra kroppen, den uhindrede transport af biologisk aktive n\u00e6ringsstoffer.<br \/>\nVed hj\u00e6lp af Vetom 3 normaliseres stofskiftet, ford\u00f8jelsen og optagelsen af biologisk aktive f\u00f8devarekomponenter i mave-tarmkanalen.<br \/>\nVetom 3 \u00f8ger l\u00e6gemidlers effektivitet og reducerer deres negative bivirkninger p\u00e5 menneskekroppen.<br \/>\nAnbefalet dosis: 1 kapsel (2*3) dagligt i 10 dage, tages sammen med eller efter et m\u00e5ltid med en lille m\u00e6ngde vand, juice eller te.<br \/>\nVetom 3 er ikke vanedannende.<br \/>\nDet anbefales at gentage kure efter 1-2 ugers pause, og det er tilr\u00e5deligt at skifte til et andet nummereret Vetom-produkt med mellemrum. .<br \/>\nP\u00e5 den m\u00e5de kan vi st\u00f8tte hele vores krop, ogs\u00e5 vores tarmkanal. .<br \/>\nFunktioner:<br \/>\n- Det har h\u00f8j antagonistisk aktivitet mod patogene og betinget patogene svampe og bakterier, antivirale, proteolytiske, amylytiske og cellulolytiske egenskaber.<br \/>\n- stimulerer cellul\u00e6re og humorale immunitetsfaktorer<br \/>\n- \u00f8ger kroppens uspecifikke modstandskraft<br \/>\n- Stabiliserer allergisk resistens<br \/>\n- normaliserer stofskiftet<br \/>\n- stimulerer regenereringsprocesser, angriber og \u00f8del\u00e6gger kr\u00e6ftceller og syge celler<br \/>\nDet \u00e6ndrer membranen og stofskiftet i celleskelettet og forhindrer udviklingen af kr\u00e6ftceller.<\/p>\n<ul>\n<li>INGEN BIVIRKNINGER<\/li>\n<li>INGEN ALDERSBEGR\u00c6NSNING<\/li>\n<li>INGEN OVERDOSERING<\/li>\n<li>IKKE VANEDANNENDE<\/li>\n<\/ul>\n<p>Anvendelsesomr\u00e5de<br \/>\nBrug af probiotiske mikroorganismer som et biologisk aktivt f\u00f8devaretils\u00e6tningsstof anbefales til reparation af mave-tarmkanalen og genoprettelse af tarmens mikroflora.<br \/>\nKontraindikationer<br \/>\nOverf\u00f8lsomhed over for visse ingredienser i produktet.<br \/>\nS\u00e6rlige instruktioner<br \/>\nM\u00e5 kun anvendes under graviditet og amning efter l\u00e6gelig r\u00e5dgivning. Pr\u00e6paratet p\u00e5virker ikke evnen til at k\u00f8re bil eller betjene potentielt farlige mekanismer.<br \/>\nUdlevering<br \/>\n10 kapsler 0,33 g i individuelle blisterpakninger, 5 blisterpakninger i en karton. Indpakket i b\u00f8lgepapir, nettov\u00e6gt: 5 g, 50 kapsler i en karton.<br \/>\nSammens\u00e6tning<br \/>\n1 kapsel indeholder: majsekstrakt - 133 mg; kartoffelstivelse - 100 mg; saccharose (puddersukker) - 67 mg, probiotisk t\u00f8rret Bacillus amyloliquefaciens VKPM B - 10641 bakteriestamkultur (DSM 24613), 1\u00d7109 KTJ\/g - 30 mg kolonidannende enhed.<\/p>\n<p>V\u00e6gt :0,1 kg<br \/>\nM\u00e5l: 4,5 x 6,5 x 8 cm<br \/>\nOprindelsessted: Rusland<\/p>\n<p>Jeg k\u00f8ber probiotika direkte fra fabrikken til den bedste pris, - f\u00f8rsteklasses kvalitet.<br \/>\n\u201eCemmedic Europe Kft\u201d officiel distribut\u00f8r af Vetom Probiotics i Ungarn!<\/p>","protected":false},"excerpt":{"rendered":"<h5><strong>Vetom <span style=\"color: red;\">3<\/span><\/strong> probiotiske kapsler 50 korn (kosttilskud)<\/h5>\n<div class=\"plashka\">\n<p>A <strong>Vetom <span style=\"color: red;\">3<\/span><\/strong> normaliserer stofskiftet, ford\u00f8jelsen og optagelsen af biologisk aktive f\u00f8devarekomponenter i mave-tarmkanalen.<\/p>\n<p>A <strong>Vetom <span style=\"color: red;\">3<\/span><\/strong> \u00f8ger l\u00e6gemidlers effektivitet og reducerer deres negative bivirkninger p\u00e5 menneskekroppen.<\/p>\n<\/div>\n<p>Gavnlig effekt p\u00e5 <strong>Bacillus amyloliquefaciens<\/strong> som hovedsageligt produceres ved at formere sig i tyktarmen:<\/p>\n<ul class=\"vetom-list\">\n<li>proteolytiske, amylolytiske og cellulosolytiske enzymer,<\/li>\n<li>et biologisk aktivt stof, der h\u00e6mmer v\u00e6kst og udvikling af patogene og potentielt patogene mikrofloraer.<\/li>\n<\/ul>\n<p>Som f\u00f8lge heraf omdannes den bakterielle sammens\u00e6tning af tarmindholdet til den rette udviklingsnorm, tarmv\u00e6ggene renses for uford\u00f8jede rester, hvilket bidrager til aktiv fjernelse af toksiner fra kroppen og uhindret transport af biologisk aktive n\u00e6ringsstoffer.<\/p>\n<p><strong>Dosering<\/strong>: Det anbefales at tage 1 kapsel (2*3) dagligt i 10 dage med eller efter et m\u00e5ltid med en lille m\u00e6ngde vand, juice eller te.<\/p>\n<p>Det anbefales at gentage kurene efter 1-2 ugers pause og at skifte til et andet nummereret Vetom-produkt med mellemrum.<br \/>\nP\u00e5 den m\u00e5de kan vi st\u00f8tte hele vores krop og vores tarmsystem.<\/p>\n<p>A <strong>Vetom <span style=\"color: red;\">3<\/span><\/strong> er ikke vanedannende.<\/p>\n<h5>Funktioner:<\/h5>\n<ul class=\"vetom-list\">\n<li>Det har h\u00f8j antagonistisk aktivitet mod patogene og betinget patogene svampe og bakterier, antivirale, proteolytiske, amylytiske og cellulolytiske egenskaber.<\/li>\n<li>stimulerer cellul\u00e6re og humorale immunitetsfaktorer<\/li>\n<li>\u00f8ger kroppens uspecifikke modstandskraft<\/li>\n<li>Stabiliserer allergisk resistens<\/li>\n<li>normaliserer stofskiftet<\/li>\n<li>stimulerer regenereringsprocesser, angriber og \u00f8del\u00e6gger kr\u00e6ftceller og syge celler<\/li>\n<\/ul>\n<div class=\"plashka\">Det \u00e6ndrer membranen og stofskiftet i celleskelettet og forhindrer udviklingen af kr\u00e6ftceller.<\/div>","protected":false},"featured_media":6599,"comment_status":"open","ping_status":"closed","template":"","meta":[],"product_brand":[],"product_cat":[22],"product_tag":[],"class_list":{"0":"post-445","1":"product","2":"type-product","3":"status-publish","4":"has-post-thumbnail","6":"product_cat-vetom-probiotikumok","8":"first","9":"instock","10":"featured","11":"taxable","12":"shipping-taxable","13":"purchasable","14":"product-type-simple"},"_links":{"self":[{"href":"https:\/\/vetomshop.hu\/da\/wp-json\/wp\/v2\/product\/445","targetHints":{"allow":["GET"]}}],"collection":[{"href":"https:\/\/vetomshop.hu\/da\/wp-json\/wp\/v2\/product"}],"about":[{"href":"https:\/\/vetomshop.hu\/da\/wp-json\/wp\/v2\/types\/product"}],"replies":[{"embeddable":true,"href":"https:\/\/vetomshop.hu\/da\/wp-json\/wp\/v2\/comments?post=445"}],"wp:featuredmedia":[{"embeddable":true,"href":"https:\/\/vetomshop.hu\/da\/wp-json\/wp\/v2\/media\/6599"}],"wp:attachment":[{"href":"https:\/\/vetomshop.hu\/da\/wp-json\/wp\/v2\/media?parent=445"}],"wp:term":[{"taxonomy":"product_brand","embeddable":true,"href":"https:\/\/vetomshop.hu\/da\/wp-json\/wp\/v2\/product_brand?post=445"},{"taxonomy":"product_cat","embeddable":true,"href":"https:\/\/vetomshop.hu\/da\/wp-json\/wp\/v2\/product_cat?post=445"},{"taxonomy":"product_tag","embeddable":true,"href":"https:\/\/vetomshop.hu\/da\/wp-json\/wp\/v2\/product_tag?post=445"}],"curies":[{"name":"wp","href":"https:\/\/api.w.org\/{rel}","templated":true}]}}