{"id":447,"date":"2019-11-12T15:10:57","date_gmt":"2019-11-12T14:10:57","guid":{"rendered":"https:\/\/vetomshop.hu\/?post_type=product&#038;p=447"},"modified":"2026-04-12T08:29:15","modified_gmt":"2026-04-12T06:29:15","slug":"vetom-4-etrend-kiegeszito","status":"publish","type":"product","link":"https:\/\/vetomshop.hu\/da\/vare\/vetom-4-etrend-kiegeszito\/","title":{"rendered":"Probiotisk Vetom <span style=\"color:red\">4<\/span><br> Kapsel <span style=\"color:red\">50 korn<\/span> (kosttilskud)"},"content":{"rendered":"<p>Vetom 4 probiotiske kapsler 50 korn (kosttilskud med Bacillus amyloliquefaciens)<\/p>\n<p>Dens gavnlige virkninger skyldes virkningen af Bacillus amyloliquefaciens, som hovedsageligt ved at formere sig i tyndtarmen producerer: proteolytiske, amylolytiske, cellulolytiske enzymer, biologisk aktive stoffer, der h\u00e6mmer v\u00e6kst og udvikling af patogen og potentielt patogen mikroflora. Som f\u00f8lge heraf omdannes den bakterielle sammens\u00e6tning af tarmindholdet til den passende udviklingsnorm, tarmv\u00e6ggene renses for uford\u00f8jede rester, hvilket bidrager til den aktive fjernelse af toksiner fra kroppen, den uhindrede transport af biologisk aktive n\u00e6ringsstoffer.<br \/>\nUnder indflydelse af Vetom 4 normaliseres stofskiftet, ford\u00f8jelsen og optagelsen af biologisk aktive f\u00f8devarekomponenter i mave-tarmkanalen.<br \/>\nVetom 1.1 \u00f8ger medicinens effektivitet og reducerer dens negative bivirkninger p\u00e5 menneskekroppen.<br \/>\nAnbefalet dosis: 1 kapsel (2*3) dagligt i 10 dage, tages sammen med eller efter et m\u00e5ltid med en lille m\u00e6ngde vand, juice eller te.<br \/>\nVetom 4 er ikke vanedannende.<br \/>\nDet anbefales at gentage kure efter 1-2 ugers pause, og det er tilr\u00e5deligt at skifte til et andet nummereret Vetom-produkt med mellemrum. .<br \/>\nP\u00e5 den m\u00e5de kan vi st\u00f8tte hele vores krop, ogs\u00e5 vores tarmkanal. .<br \/>\nFunktioner:<br \/>\n- Det har h\u00f8j antagonistisk aktivitet mod patogene og betinget patogene svampe og bakterier, antivirale, proteolytiske, amylytiske og cellulolytiske egenskaber.<br \/>\n- stimulerer cellul\u00e6re og humorale immunitetsfaktorer<br \/>\n- \u00f8ger kroppens uspecifikke modstandskraft<br \/>\n- Stabiliserer allergisk resistens<br \/>\n- normaliserer stofskiftet<br \/>\n- stimulerer regenereringsprocesser, angriber og \u00f8del\u00e6gger kr\u00e6ftceller og syge celler<br \/>\nDet \u00e6ndrer membranen og stofskiftet i celleskelettet og forhindrer udviklingen af kr\u00e6ftceller.<\/p>\n<p>- INGEN BIVIRKNINGER<br \/>\n- INGEN ALDERSBEGR\u00c6NSNING<br \/>\n- INGEN OVERDOSERING<br \/>\n- IKKE VANEDANNENDE<\/p>\n<p>Anvendelsesomr\u00e5de<br \/>\nBrug af probiotiske mikroorganismer som et biologisk aktivt f\u00f8devaretils\u00e6tningsstof anbefales til reparation af mave-tarmkanalen og genoprettelse af tarmens mikroflora.<\/p>\n<p>Kontraindikationer<br \/>\nOverf\u00f8lsomhed over for visse ingredienser i produktet.<\/p>\n<p>S\u00e6rlige instruktioner<br \/>\nM\u00e5 kun anvendes under graviditet og amning efter l\u00e6gelig r\u00e5dgivning. Pr\u00e6paratet p\u00e5virker ikke evnen til at k\u00f8re bil eller betjene potentielt farlige mekanismer.<br \/>\nUdlevering<br \/>\n10 kapsler 0,33 g i individuelle blisterpakninger, 5 blisterpakninger i en karton. Plastkasse, nettov\u00e6gt: 500 g. Indpakket i b\u00f8lgepap, nettov\u00e6gt: 5 g, 50 kapsler i en papkasse.<br \/>\nOpbevaringsforhold<br \/>\nKan opbevares ved 75 % relativ luftfugtighed under 30\u00b0C. Opbevares utilg\u00e6ngeligt for b\u00f8rn.<br \/>\nHoldbarhed<br \/>\n2 \u00e5r fra fremstillingsdatoen. M\u00e5 ikke indtages efter udl\u00f8bsdatoen.<br \/>\nSammens\u00e6tning<br \/>\n1 kapsel indeholder: majsekstrakt - 133 mg; kartoffelstivelse - 100 mg; saccharose (puddersukker) - 67 mg: probiotisk t\u00f8rret Bacillus amyloliquefaciens VKPM B - 10643 bakteriestamkultur (DSM 24615), 1\u00d7109 KTJ\/g - 30 mg kolonidannende enhed.<br \/>\nJeg k\u00f8ber probiotika direkte fra fabrikken til den bedste pris, - f\u00f8rsteklasses kvalitet.<br \/>\n\u201eCemmedic Europe Kft\u201d officiel distribut\u00f8r af Vetom Probiotics i Ungarn!<\/p>","protected":false},"excerpt":{"rendered":"<h5><strong>Vetom <span style=\"color:red\">4<\/span><\/strong> probiotiske kapsler 50 korn (kosttilskud) <strong>Bacillus amyloliquefaciens<\/strong> bakterier)<\/h5>\n<div class=\"plashka\">\n<p>A <strong>Vetom <span style=\"color:red\">4<\/span><\/strong> normaliserer stofskiftet, ford\u00f8jelsen og optagelsen af biologisk aktive f\u00f8devarekomponenter i mave-tarmkanalen.<\/p>\n<p>A <strong>Vetom <span style=\"color:red\">4<\/span><\/strong> \u00f8ger l\u00e6gemidlers effektivitet og reducerer deres negative bivirkninger p\u00e5 menneskekroppen.<\/p>\n<\/div>\n<p>De gavnlige virkninger af <strong>Bacillus amyloliquefaciens<\/strong> som hovedsageligt produceres ved at formere sig i tyndtarmen:<\/p>\n<ul class=\"vetom-list\">\n<li>proteolytiske, amylolytiske og cellulosolytiske enzymer,<\/li>\n<li>et biologisk aktivt stof, der h\u00e6mmer v\u00e6kst og udvikling af patogene og potentielt patogene mikrofloraer.<\/li>\n<\/ul>\n<p>Som f\u00f8lge heraf omdannes den bakterielle sammens\u00e6tning af tarmindholdet til den rette udviklingsnorm, tarmv\u00e6ggene renses for uford\u00f8jede rester, hvilket bidrager til aktiv fjernelse af toksiner fra kroppen og uhindret transport af biologisk aktive n\u00e6ringsstoffer.<\/p>\n<p><strong>Dosering:<\/strong> Det anbefales at tage 1 kapsel (2*3) dagligt i 10 dage med eller efter et m\u00e5ltid med en lille m\u00e6ngde vand, juice eller te.<\/p>\n<div class=\"plashka\">Det anbefales at gentage kuren efter 1-2 ugers pause og at skifte til et andet nummereret Vetom-produkt med mellemrum. P\u00e5 den m\u00e5de kan vi st\u00f8tte hele vores krop og tarmsystem p\u00e5 samme m\u00e5de.<\/div>\n<p>A <strong>Vetom <span style=\"color:red\">4<\/span><\/strong> er ikke vanedannende.<\/p>","protected":false},"featured_media":6596,"comment_status":"open","ping_status":"closed","template":"","meta":[],"product_brand":[],"product_cat":[22],"product_tag":[],"class_list":{"0":"post-447","1":"product","2":"type-product","3":"status-publish","4":"has-post-thumbnail","6":"product_cat-vetom-probiotikumok","8":"first","9":"instock","10":"featured","11":"taxable","12":"shipping-taxable","13":"purchasable","14":"product-type-simple"},"_links":{"self":[{"href":"https:\/\/vetomshop.hu\/da\/wp-json\/wp\/v2\/product\/447","targetHints":{"allow":["GET"]}}],"collection":[{"href":"https:\/\/vetomshop.hu\/da\/wp-json\/wp\/v2\/product"}],"about":[{"href":"https:\/\/vetomshop.hu\/da\/wp-json\/wp\/v2\/types\/product"}],"replies":[{"embeddable":true,"href":"https:\/\/vetomshop.hu\/da\/wp-json\/wp\/v2\/comments?post=447"}],"wp:featuredmedia":[{"embeddable":true,"href":"https:\/\/vetomshop.hu\/da\/wp-json\/wp\/v2\/media\/6596"}],"wp:attachment":[{"href":"https:\/\/vetomshop.hu\/da\/wp-json\/wp\/v2\/media?parent=447"}],"wp:term":[{"taxonomy":"product_brand","embeddable":true,"href":"https:\/\/vetomshop.hu\/da\/wp-json\/wp\/v2\/product_brand?post=447"},{"taxonomy":"product_cat","embeddable":true,"href":"https:\/\/vetomshop.hu\/da\/wp-json\/wp\/v2\/product_cat?post=447"},{"taxonomy":"product_tag","embeddable":true,"href":"https:\/\/vetomshop.hu\/da\/wp-json\/wp\/v2\/product_tag?post=447"}],"curies":[{"name":"wp","href":"https:\/\/api.w.org\/{rel}","templated":true}]}}