{"id":449,"date":"2019-11-12T15:17:02","date_gmt":"2019-11-12T14:17:02","guid":{"rendered":"https:\/\/vetomshop.hu\/?post_type=product&#038;p=449"},"modified":"2026-04-12T08:29:02","modified_gmt":"2026-04-12T06:29:02","slug":"vetom-1-23-probiotikum-csepp","status":"publish","type":"product","link":"https:\/\/vetomshop.hu\/da\/vare\/vetom-1-23-probiotikum-csepp\/","title":{"rendered":"Probiotisk Vetom <span style=\"color: red\">1.23<\/span><br>fald <span style=\"color: red\">10 ml<\/span> (kosttilskud)"},"content":{"rendered":"<h3>Vetom Probiotic 1,23 dr\u00e5ber 10 ml (kosttilskud)<\/h3>\n<p><strong>Bacillus subtilis med gavnlige bakteriestammer<\/strong><\/p>\n<p>Vetom 1.23 er et flydende probiotikum baseret p\u00e5 de gavnlige virkninger af Bacillus subtilis VKPM V 10641, en bakteriestamme, der prim\u00e6rt virker i tyktarmen, hvor den formerer sig aktivt og producerer en r\u00e6kke ford\u00f8jelsesenzymer og biologisk aktive stoffer.<\/p>\n<p>&nbsp;<\/p>\n<h2><strong>Dette er materialerne:<\/strong><\/h2>\n<p>* undertrykker v\u00e6ksten af skadelige bakterier og svampe,<\/p>\n<p>* hj\u00e6lper med at rense tarmv\u00e6ggene for uford\u00f8jede rester,<\/p>\n<p>* st\u00f8tter fjernelsen af giftstoffer,<\/p>\n<p>* fremmer en effektiv optagelse af n\u00e6ringsstoffer, vitaminer og mineraler.<\/p>\n<p>&nbsp;<\/p>\n<p>Vetom 1.23 forbedrer syre-base-balancen i ford\u00f8jelsessystemet og optimerer oms\u00e6tningen af jern, calcium, proteiner, fedtstoffer, kulhydrater og andre n\u00e6ringsstoffer. Det g\u00f8r det muligt for kroppen at styrke og regenerere sig selv p\u00e5 en naturlig m\u00e5de.<\/p>\n<p>&nbsp;<\/p>\n<h2><strong>Vigtige fordele:<\/strong><\/h2>\n<p>* Antibakteriel og svampedr\u00e6bende virkning<\/p>\n<p>* Antivirale egenskaber<\/p>\n<p>* Immunforst\u00e6rkende, cellul\u00e6r beskyttelse<\/p>\n<p>* Fremmer cellefornyelse<\/p>\n<p>* H\u00e6mmer dannelsen af unormale celler, herunder tumorceller<\/p>\n<p>* For\u00e5rsager ikke bivirkninger, afh\u00e6ngighed eller overdosering<\/p>\n<p>* Sikker at bruge i alle aldre<\/p>\n<p>&nbsp;<\/p>\n<p>&nbsp;<\/p>\n<h2><strong>Dosering og indgivelsesm\u00e5de:<\/strong><\/h2>\n<p>*Til oral brug<\/p>\n<p>*Supplement til voksne og b\u00f8rn: 2 dr\u00e5ber anbefales de f\u00f8rste par dage, derefter kan dosis gradvist \u00f8ges til 4-6 dr\u00e5ber. Hold \u00f8je med kroppens reaktioner under indtagelsen.<\/p>\n<p>*Til almindelige sygdomme: 10 dr\u00e5ber dagligt i 10 dage<\/p>\n<p>*Gentag behandlingen: anbefales efter 1-2 ugers pause<\/p>\n<p>*Foresl\u00e5et at skifte med andre Vetom-produkter fra tid til anden for at f\u00e5 bredere st\u00f8tte til organisationen<\/p>\n<p>&nbsp;<\/p>\n<h2><strong>Hvorn\u00e5r anbefales det at bruge det?<\/strong><\/h2>\n<p>* efter antibiotikabehandling, for at regenerere tarmfloraen<\/p>\n<p>*At supplere behandlingen i tilf\u00e6lde af kr\u00e6ft<\/p>\n<p>*Ford\u00f8jelsesproblemer, diarr\u00e9, forstoppelse, mavesmerter<\/p>\n<p>*Ved immundefekttilstande<\/p>\n<p>*I tilf\u00e6lde af ubehagelig kropslugt eller \u00e5nde<\/p>\n<p>*Supplerende behandling af nyresten, leversygdom, mave-tarm-problemer<\/p>\n<p>V\u00e6r opm\u00e6rksom:<\/p>\n<p>M\u00e5 ikke bruges sammen med orale antibiotika eller andre probiotika. Det kan kombineres med topisk antibiotika.<\/p>\n<p>&nbsp;<\/p>\n<h2><strong>Det er vigtigt:<\/strong><\/h2>\n<p>Det b\u00f8r ikke tages sammen med andre orale probiotika eller antibiotika, is\u00e6r sulfanilamid, kr\u00e6ftmidler.<\/p>\n<p>&nbsp;<\/p>\n<h2><strong>Ingredienser:<\/strong><\/h2>\n<p>* Majsekstrakt fermenteret med *Bacillus subtilis*-stamme (VKPM V 10641 \/ DSM 24613)<\/p>\n<p>* Natriumklorid<\/p>\n<p>* Viveware<\/p>\n<p><strong>\u00a0<\/strong><\/p>\n<h2><strong>Udlevering:<\/strong><\/h2>\n<p>* 10 ml dr\u00e5beflaske eller plastflaske<\/p>\n<p>* Kan indeholde naturligt sediment, hvilket ikke er en kvalitetsfejl<\/p>\n<p>&nbsp;<\/p>\n<h2><strong>K\u00fcllem:<\/strong><\/h2>\n<p>Lys gulbrun v\u00e6ske med en karakteristisk lugt<\/p>\n<p>*V\u00e6gt: 0,02 kg<\/p>\n<p>*M\u00e5l: 3 \u00d7 3 \u00d7 7 cm<\/p>\n<p>*Levering: Rusland<\/p>\n<p>&nbsp;<\/p>\n<h2>Oplysninger om opbevaring:<\/h2>\n<p>*Opbevaring: 0-10 \u00b0C ved en relativ luftfugtighed p\u00e5 op til 75%<\/p>\n<p>*Transport og midlertidig opbevaring: 10-30 \u00b0C i maks. 18 dage<\/p>\n<p>*Efter adskillelse: opbevares i k\u00f8leskab (0-10 \u00b0C)<\/p>","protected":false},"excerpt":{"rendered":"<h5>Ans\u00f8g p\u00e5<\/h5>\n<p>A <strong>Vetom 1.23<\/strong> bruges som en supplerende kilde til probiotiske mikroorganismer for at forbedre menneskekroppens sundhed. Den robuste effekt af <strong>Bacillus subtilis<\/strong> som hovedsageligt produceres af tyktarmen:<\/p>\n<ul class=\"vetom-list\">\n<li>proteolytiske, amylolytiske og cellulolytiske enzymer;<\/li>\n<li>a-2 interferon fra menneskelige hvide blodlegemer;<\/li>\n<li>bacitracin og andre biologisk aktive stoffer for at forhindre betydelig v\u00e6kst af patogene eller relativt patogene mikrofloraer.<\/li>\n<\/ul>\n<p>Som f\u00f8lge af denne proces omdannes tarmkanalens bakteriepopulation, indtil den er identisk med den evolution\u00e6re norm, tarmv\u00e6ggene ryddes for uford\u00f8jelige madrester, hvilket letter den aktive eliminering af giftige stoffer fra kroppen og den uhindrede transport af biologisk aktive stoffer og n\u00e6ringsstoffer.<\/p>\n<div class=\"plashka\">A <strong>Vetom 1.23<\/strong> normaliserer ford\u00f8jelsen, absorptionen og metabolismen af jern, calcium, fedtstoffer, proteiner, kulhydrater, triglycerider, aminosyrer, dipeptider, galdesalte, normaliserer det sure medium i ford\u00f8jelseskanalen. Brugen af Vetom 1.23 hj\u00e6lper kroppen med at bevare sundheden.<\/div>\n<p>A <strong>Vetom 1.23<\/strong> \u00f8ger l\u00e6gemidlers effektivitet og reducerer deres negative bivirkninger p\u00e5 menneskekroppen.<\/p>\n<h6>Funktioner:<\/h6>\n<ul class=\"vetom-list\">\n<li>Det har h\u00f8j antagonistisk aktivitet mod patogene og betinget patogene svampe og bakterier, antivirale, proteolytiske, amylytiske og cellulolytiske egenskaber.<\/li>\n<li>stimulerer cellul\u00e6re og humorale immunitetsfaktorer<\/li>\n<li>\u00f8ger kroppens uspecifikke modstandskraft<\/li>\n<li>Stabiliserer allergisk resistens<\/li>\n<li>normaliserer stofskiftet<\/li>\n<li>stimulerer regenereringsprocesser, angriber og \u00f8del\u00e6gger kr\u00e6ftceller og syge celler<\/li>\n<\/ul>\n<div class=\"plashka\">Det \u00e6ndrer membranen og stofskiftet i celleskelettet og forhindrer udviklingen af kr\u00e6ftceller.<\/div>","protected":false},"featured_media":6615,"comment_status":"open","ping_status":"closed","template":"","meta":[],"product_brand":[],"product_cat":[22],"product_tag":[],"class_list":{"0":"post-449","1":"product","2":"type-product","3":"status-publish","4":"has-post-thumbnail","6":"product_cat-vetom-probiotikumok","8":"first","9":"instock","10":"featured","11":"taxable","12":"shipping-taxable","13":"purchasable","14":"product-type-simple"},"_links":{"self":[{"href":"https:\/\/vetomshop.hu\/da\/wp-json\/wp\/v2\/product\/449","targetHints":{"allow":["GET"]}}],"collection":[{"href":"https:\/\/vetomshop.hu\/da\/wp-json\/wp\/v2\/product"}],"about":[{"href":"https:\/\/vetomshop.hu\/da\/wp-json\/wp\/v2\/types\/product"}],"replies":[{"embeddable":true,"href":"https:\/\/vetomshop.hu\/da\/wp-json\/wp\/v2\/comments?post=449"}],"wp:featuredmedia":[{"embeddable":true,"href":"https:\/\/vetomshop.hu\/da\/wp-json\/wp\/v2\/media\/6615"}],"wp:attachment":[{"href":"https:\/\/vetomshop.hu\/da\/wp-json\/wp\/v2\/media?parent=449"}],"wp:term":[{"taxonomy":"product_brand","embeddable":true,"href":"https:\/\/vetomshop.hu\/da\/wp-json\/wp\/v2\/product_brand?post=449"},{"taxonomy":"product_cat","embeddable":true,"href":"https:\/\/vetomshop.hu\/da\/wp-json\/wp\/v2\/product_cat?post=449"},{"taxonomy":"product_tag","embeddable":true,"href":"https:\/\/vetomshop.hu\/da\/wp-json\/wp\/v2\/product_tag?post=449"}],"curies":[{"name":"wp","href":"https:\/\/api.w.org\/{rel}","templated":true}]}}