{"id":453,"date":"2019-11-12T15:33:21","date_gmt":"2019-11-12T14:33:21","guid":{"rendered":"https:\/\/vetomshop.hu\/?post_type=product&#038;p=453"},"modified":"2026-04-12T08:28:47","modified_gmt":"2026-04-12T06:28:47","slug":"vetom-3-22-probiotikum-csepp","status":"publish","type":"product","link":"https:\/\/vetomshop.hu\/da\/vare\/vetom-3-22-probiotikum-csepp\/","title":{"rendered":"Probiotisk Vetom <span style=\"color: red\">3.22<\/span><br>fald <span style=\"color: red\">10 ml<\/span> (kosttilskud)"},"content":{"rendered":"<h3>Vetom 3.22 probiotiske dr\u00e5ber (kosttilskud)<\/h3>\n<p>Vetom 4 er et naturligt probiotikum baseret p\u00e5 de gavnlige virkninger af *Bacillus amyloliquefaciens*, en bakterie, der hovedsageligt formerer sig i *tyk- og tyndtarmen*, hvor den producerer forskellige enzymer (protein-, stivelses- og fibernedbrydende) og biologisk aktive stoffer.<\/p>\n<h2>Disse er:<\/h2>\n<p>* h\u00e6mmer v\u00e6ksten af skadelige bakterier og svampe,<br \/>\n* hj\u00e6lper med at rense tarmv\u00e6ggen for uford\u00f8jet materiale,<br \/>\n* underst\u00f8tter optagelsen af n\u00e6ringsstoffer,<br \/>\n* hj\u00e6lper med at afgifte kroppen.<\/p>\n<p>Regelm\u00e6ssig brug af Vetom 4 bidrager til en sund tarmflora, forbedrer ford\u00f8jelsen og hj\u00e6lper kroppen med at udnytte n\u00e6ringsstoffer og energi.<\/p>\n<h2>Vetom 4<\/h2>\n<p>* Underst\u00f8tter den naturlige balance i tarmkanalen<br \/>\n* Normaliserer ford\u00f8jelsen og stofskiftet<br \/>\n* Forbedrer immunsystemets funktion<br \/>\n* Reducerer bivirkningerne af medicin<br \/>\n* Beskytter kroppen p\u00e5 celleniveau, hj\u00e6lper med at forhindre udvikling af tumorer<\/p>\n<h2>Fordelagtige egenskaber:<\/h2>\n<p>* Antibakteriel og svampedr\u00e6bende virkning<br \/>\n* Antiviral og immunforst\u00e6rkende<br \/>\n* Underst\u00f8tter ford\u00f8jelsen gennem sine enzymproducerende egenskaber<br \/>\n* Hj\u00e6lper med cellefornyelse<br \/>\n* H\u00e6mmer dannelsen og spredningen af syge celler og kr\u00e6ftceller<br \/>\n*Ingen afh\u00e6ngighed, overdosis eller bivirkninger<br \/>\n*G\u00e6lder for alle voksne (over 14 \u00e5r)<\/p>\n<h2>Anvendelsesomr\u00e5de:<\/h2>\n<p>Det anbefales som et biologisk aktivt kosttilskud til at underst\u00f8tte mave-tarmkanalens funktion og genoprette tarmfloraen.<\/p>\n<h2>Dosering:<\/h2>\n<p>* 1 kapsel 2-3 gange dagligt anbefales i 10 dage, f\u00f8r, under eller efter m\u00e5ltider, med en lille m\u00e6ngde v\u00e6ske (vand, te eller juice). Overv\u00e5g kroppens reaktion i l\u00f8bet af behandlingen, og \u00f8g dosis gradvist, hvis det er n\u00f8dvendigt, op til 5-10 kapsler om dagen.<\/p>\n<p>* Behandlingen kan gentages n\u00e5r som helst efter en pause p\u00e5 1-2 uger. Af og til anbefales det at veksle med andre typer Vetom-produkter for at st\u00f8tte hele kroppen.<\/p>\n<h2>Forslag:<\/h2>\n<p>Behandlingen b\u00f8r gentages efter 1-2 ugers pause. Af og til anbefales det at skifte til en anden type Vetom-produkt for at give kroppen en bred st\u00f8tte.<\/p>\n<h2>Vigtig information:<\/h2>\n<p>*Kontraindikation: overf\u00f8lsomhed over for visse ingredienser<br \/>\n*Graviditet\/amning: kun efter aftale med l\u00e6ge<br \/>\n*P\u00e5virker ikke k\u00f8rsel eller brug af farlige maskiner<\/p>\n<h2>Andre oplysninger:<\/h2>\n<p>* P\u00e5virker ikke k\u00f8rsel eller betjening af farlige maskiner<br \/>\n* Opbevaring: p\u00e5 et t\u00f8rt, k\u00f8ligt sted (maks. 30 \u00b0C), utilg\u00e6ngeligt for b\u00f8rn<br \/>\n* Garanti: 2 \u00e5r fra fremstillingsdatoen<br \/>\n* Pakning: 10 kapsler i blister, 5 pakker i en \u00e6ske (50 kapsler i alt)<\/p>\n<h2>Opbevaringsforhold:<\/h2>\n<p>* K\u00f8ligt, t\u00f8rt sted (maks. 30 \u00b0C, maks. 75% luftfugtighed)<br \/>\n* Opbevares utilg\u00e6ngeligt for b\u00f8rn<br \/>\n*Garantiperiode:** 2 \u00e5r fra produktionsdato<br \/>\nOprindelsesland: Rusland<\/p>\n<h2>Indhold af en kapsel:<\/h2>\n<p>* majsekstrakt - 133 mg<br \/>\n* Kartoffelstivelse - 100 mg<br \/>\n* sukrose (flormelis) - 67 mg<br \/>\n* **Bacillus amyloliquefaciens VKPM B-10643** probiotisk bakteriestamme (DSM 24615) - 30 mg (1\u00d710\u2079 CFU\/g)<\/p>\n<p>Alternativ tilsvarende i dr\u00e5beform: Vetom 4.24 (10 ml)<\/p>\n<p>Oprindelsessted : <strong>Rusland<\/strong><\/p>","protected":false},"excerpt":{"rendered":"<h5>Ans\u00f8g p\u00e5<\/h5>\n<p>Fra <strong>Vetom<\/strong> <span style=\"color: red; font-weight: 800;\">3.22<\/span> bruges som en supplerende kilde til probiotiske mikroorganismer for at forbedre menneskekroppens sundhed. Den robuste effekt af <strong>Bacillus myloliquefaciens<\/strong>, som hovedsageligt formerer sig i tyktarmen og producerer proteolytiske, amylolytiske, cellulolytiske enzymer og andre biologisk aktive stoffer.<\/p>\n<div class=\"plashka\">Som f\u00f8lge af denne proces omdannes tarmkanalens bakteriepopulation, indtil den er identisk med den evolution\u00e6re norm, tarmv\u00e6ggene ryddes for uford\u00f8jelige madrester, hvilket letter den aktive eliminering af giftige stoffer fra kroppen og den uhindrede transport af biologisk aktive stoffer og n\u00e6ringsstoffer.<\/div>\n<p>A <strong>Vetom<\/strong> <span style=\"color: red; font-weight: 800;\">3.22<\/span> \u00f8ger l\u00e6gemidlers effektivitet og reducerer deres negative bivirkninger p\u00e5 menneskekroppen.<\/p>\n<h6>Funktioner:<\/h6>\n<ul class=\"vetom-list\">\n<li>Det har h\u00f8j antagonistisk aktivitet mod patogene og betinget patogene svampe og bakterier, antivirale, proteolytiske, amylytiske og cellulolytiske egenskaber.<\/li>\n<li>stimulerer cellul\u00e6re og humorale immunitetsfaktorer<\/li>\n<li>\u00f8ger kroppens uspecifikke modstandskraft<\/li>\n<li>Stabiliserer allergisk resistens<\/li>\n<li>normaliserer stofskiftet<\/li>\n<li>stimulerer regenereringsprocesser, angriber og \u00f8del\u00e6gger kr\u00e6ftceller og syge celler<\/li>\n<\/ul>\n<div class=\"plashka\">A <strong>Vetom<\/strong> <span style=\"color: red; font-weight: 800;\">3.22<\/span> normaliserer ford\u00f8jelsen, absorptionen og metabolismen af jern, calcium, fedtstoffer, proteiner, kulhydrater, triglycerider, aminosyrer, dipeptider, galdesalte og normaliserer det sure medium i ford\u00f8jelseskanalen.<\/div>","protected":false},"featured_media":6613,"comment_status":"open","ping_status":"closed","template":"","meta":[],"product_brand":[],"product_cat":[22],"product_tag":[],"class_list":{"0":"post-453","1":"product","2":"type-product","3":"status-publish","4":"has-post-thumbnail","6":"product_cat-vetom-probiotikumok","8":"first","9":"instock","10":"featured","11":"taxable","12":"shipping-taxable","13":"purchasable","14":"product-type-simple"},"_links":{"self":[{"href":"https:\/\/vetomshop.hu\/da\/wp-json\/wp\/v2\/product\/453","targetHints":{"allow":["GET"]}}],"collection":[{"href":"https:\/\/vetomshop.hu\/da\/wp-json\/wp\/v2\/product"}],"about":[{"href":"https:\/\/vetomshop.hu\/da\/wp-json\/wp\/v2\/types\/product"}],"replies":[{"embeddable":true,"href":"https:\/\/vetomshop.hu\/da\/wp-json\/wp\/v2\/comments?post=453"}],"wp:featuredmedia":[{"embeddable":true,"href":"https:\/\/vetomshop.hu\/da\/wp-json\/wp\/v2\/media\/6613"}],"wp:attachment":[{"href":"https:\/\/vetomshop.hu\/da\/wp-json\/wp\/v2\/media?parent=453"}],"wp:term":[{"taxonomy":"product_brand","embeddable":true,"href":"https:\/\/vetomshop.hu\/da\/wp-json\/wp\/v2\/product_brand?post=453"},{"taxonomy":"product_cat","embeddable":true,"href":"https:\/\/vetomshop.hu\/da\/wp-json\/wp\/v2\/product_cat?post=453"},{"taxonomy":"product_tag","embeddable":true,"href":"https:\/\/vetomshop.hu\/da\/wp-json\/wp\/v2\/product_tag?post=453"}],"curies":[{"name":"wp","href":"https:\/\/api.w.org\/{rel}","templated":true}]}}