{"id":455,"date":"2019-11-12T15:37:52","date_gmt":"2019-11-12T14:37:52","guid":{"rendered":"https:\/\/vetomshop.hu\/?post_type=product&#038;p=455"},"modified":"2026-04-12T08:28:38","modified_gmt":"2026-04-12T06:28:38","slug":"vetom-4-24-probiotikum-csepp","status":"publish","type":"product","link":"https:\/\/vetomshop.hu\/da\/vare\/vetom-4-24-probiotikum-csepp\/","title":{"rendered":"Probiotisk Vetom <span style=\"color: red\">4.24<\/span><br>fald <span style=\"color: red\">10 ml<\/span> (kosttilskud)"},"content":{"rendered":"<h3>Vetom 4.24 probiotiske dr\u00e5ber 10 ml (kosttilskud)<\/h3>\n<p>Med Bacillus amyloliquefaciens VKPM B-10643 (DSM 24615) stamme<\/p>\n<p>Vetom 4.24 er et avanceret, naturligt probiotikum, der underst\u00f8tter balancen i tarmfloraen, forbedrer ford\u00f8jelsen og styrker immunforsvaret. Den vigtigste aktive ingrediens er bakterien *Bacillus amyloliquefaciens*, som prim\u00e6rt er gavnlig i tyndtarmen.<\/p>\n<h2>Hvordan hj\u00e6lper det?<\/h2>\n<p>* St\u00f8tter udviklingen af en sund tarmflora<br \/>\n* Fremmer optagelsen af n\u00e6ringsstoffer (f.eks. jern, calcium, proteiner, fedtstoffer, kulhydrater)<br \/>\n* Hj\u00e6lper med at udskille giftstoffer fra kroppen<br \/>\n* Styrker immunforsvaret, har antivirale, antibakterielle og svampedr\u00e6bende virkninger<br \/>\n* Fremmer cellefornyelse, kan reducere spredningen af skadelige celler<br \/>\n* Stabiliserer stofskiftet og syrebalancen i ford\u00f8jelsessystemet<br \/>\n* Forbedrer effekten af andre l\u00e6gemidler og reducerer deres bivirkninger<\/p>\n<h2>Fordele:<\/h2>\n<p>\u2705 Fri for bivirkninger<br \/>\n\u2705 Kan bruges i alle aldre<br \/>\n\u2705 For\u00e5rsager ikke tilv\u00e6nning<br \/>\n\u2705 Overdosering ikke mulig<\/p>\n<h2>Anbefalet dosering:<\/h2>\n<p>*Supplement til voksne og b\u00f8rn: 2 dr\u00e5ber anbefales de f\u00f8rste par dage, derefter kan dosis gradvist \u00f8ges til 4-6 dr\u00e5ber. Hold \u00f8je med kroppens reaktioner under indtagelsen.<br \/>\n*Til almindelig sygdom:10 dr\u00e5ber dagligt i 10 dage<br \/>\n* Behandlingen kan gentages efter 1-2 uger<br \/>\n* Det anbefales at skifte med andre typer Vetom-produkter fra tid til anden (f.eks. Vetom 1.23, 2.25, 3.22) for at sikre komplet tarmst\u00f8tte.<\/p>\n<h2>\nDet er vigtigt:<\/h2>\n<p>Det b\u00f8r ikke tages sammen med andre orale probiotika eller antibiotika, is\u00e6r sulfanilamid, kr\u00e6ftmidler.<\/p>\n<h2>Ingredienser:<\/h2>\n<p>* Fermenteret majsekstrakt af Bacillus amyloliquefaciens (VKPM B-10643 \/ DSM 24615)<br \/>\n* Natriumklorid<br \/>\n* Viveware<\/p>\n<h2>Udlevering:<\/h2>\n<p>* 10 ml dr\u00e5beflaske eller plastflaske<br \/>\n* Kan indeholde naturligt sediment, hvilket ikke er en kvalitetsfejl<\/p>\n<h2>K\u00fcllem:<\/h2>\n<p>Lys gulbrun v\u00e6ske med en karakteristisk lugt<\/p>\n<p>*V\u00e6gt: 0,02 kg<br \/>\n*M\u00e5l: 3 \u00d7 3 \u00d7 7 cm<br \/>\n*Levering: Rusland<\/p>\n<h2>Oplysninger om opbevaring:<\/h2>\n<p>*Opbevaring: 0-10 \u00b0C ved en relativ luftfugtighed p\u00e5 op til 75%<br \/>\n*Opbevaring og midlertidig opbevaring: 10-30 \u00b0C<br \/>\n*Efter adskillelse: opbevares i k\u00f8leskab (0-10 \u00b0C)<\/p>","protected":false},"excerpt":{"rendered":"<h5>Ans\u00f8g p\u00e5<\/h5>\n<p>A <strong>Vetom<\/strong> <span style=\"color: red; font-weight: 800;\">4.24<\/span> bruges som en supplerende kilde til probiotiske mikroorganismer for at forbedre menneskekroppens sundhed. Den robuste effekt af <strong>Bacillus myloliquefaciens<\/strong>, som producerer proteolytiske, amylolytiske, cellulolytiske enzymer og andre biologisk aktive stoffer, hovedsageligt ved at formere sig i tyndtarmen.<\/p>\n<div class=\"plashka\">Som f\u00f8lge af denne proces omdannes tarmkanalens bakteriepopulation, indtil den er identisk med den evolution\u00e6re norm, tarmv\u00e6ggene ryddes for uford\u00f8jelige madrester, hvilket letter den aktive eliminering af giftige stoffer fra kroppen og den uhindrede transport af biologisk aktive stoffer og n\u00e6ringsstoffer.<\/div>\n<p>A <strong>Vetom<\/strong> <span style=\"color: red; font-weight: 800;\">4.24<\/span> normaliserer ford\u00f8jelsen, absorptionen og metabolismen af jern, calcium, fedtstoffer, proteiner, kulhydrater, triglycerider, aminosyrer, dipeptider, galdesalte og normaliserer det sure medium i ford\u00f8jelseskanalen.<\/p>\n<div class=\"plashka\">A <strong>Vetom<\/strong> <span style=\"color: red; font-weight: 800;\">4.24<\/span> brug hj\u00e6lper kroppen med at holde sig sund.<\/div>\n<p>A <strong>Vetom<\/strong> <span style=\"color: red; font-weight: 800;\">4.24<\/span> \u00f8ger l\u00e6gemidlers effektivitet og reducerer deres negative bivirkninger p\u00e5 menneskekroppen.<\/p>\n<h6>Funktioner:<\/h6>\n<ul class=\"vetom-list\">\n<li>Det har h\u00f8j antagonistisk aktivitet mod patogene og betinget patogene svampe og bakterier, antivirale, proteolytiske, amylytiske og cellulolytiske egenskaber.<\/li>\n<li>stimulerer cellul\u00e6re og humorale immunitetsfaktorer<\/li>\n<li>\u00f8ger kroppens uspecifikke modstandskraft<\/li>\n<li>Stabiliserer allergisk resistens<\/li>\n<li>normaliserer stofskiftet<\/li>\n<li>stimulerer regenereringsprocesser, angriber og \u00f8del\u00e6gger kr\u00e6ftceller og syge celler<\/li>\n<\/ul>","protected":false},"featured_media":6614,"comment_status":"open","ping_status":"closed","template":"","meta":[],"product_brand":[],"product_cat":[22],"product_tag":[],"class_list":{"0":"post-455","1":"product","2":"type-product","3":"status-publish","4":"has-post-thumbnail","6":"product_cat-vetom-probiotikumok","8":"first","9":"instock","10":"featured","11":"taxable","12":"shipping-taxable","13":"purchasable","14":"product-type-simple"},"_links":{"self":[{"href":"https:\/\/vetomshop.hu\/da\/wp-json\/wp\/v2\/product\/455","targetHints":{"allow":["GET"]}}],"collection":[{"href":"https:\/\/vetomshop.hu\/da\/wp-json\/wp\/v2\/product"}],"about":[{"href":"https:\/\/vetomshop.hu\/da\/wp-json\/wp\/v2\/types\/product"}],"replies":[{"embeddable":true,"href":"https:\/\/vetomshop.hu\/da\/wp-json\/wp\/v2\/comments?post=455"}],"wp:featuredmedia":[{"embeddable":true,"href":"https:\/\/vetomshop.hu\/da\/wp-json\/wp\/v2\/media\/6614"}],"wp:attachment":[{"href":"https:\/\/vetomshop.hu\/da\/wp-json\/wp\/v2\/media?parent=455"}],"wp:term":[{"taxonomy":"product_brand","embeddable":true,"href":"https:\/\/vetomshop.hu\/da\/wp-json\/wp\/v2\/product_brand?post=455"},{"taxonomy":"product_cat","embeddable":true,"href":"https:\/\/vetomshop.hu\/da\/wp-json\/wp\/v2\/product_cat?post=455"},{"taxonomy":"product_tag","embeddable":true,"href":"https:\/\/vetomshop.hu\/da\/wp-json\/wp\/v2\/product_tag?post=455"}],"curies":[{"name":"wp","href":"https:\/\/api.w.org\/{rel}","templated":true}]}}