{"id":4664,"date":"2023-11-11T14:33:45","date_gmt":"2023-11-11T13:33:45","guid":{"rendered":"https:\/\/vetomshop.hu\/termek\/aphrodita-medal\/"},"modified":"2023-11-11T14:33:45","modified_gmt":"2023-11-11T13:33:45","slug":"aphrodita-medal","status":"publish","type":"product","link":"https:\/\/vetomshop.hu\/da\/vare\/aphrodita-medal\/","title":{"rendered":"Afrodite vedh\u00e6ng"},"content":{"rendered":"<p><strong>Afrodite vedh\u00e6ng<\/strong><\/p>\n<p>Takket v\u00e6re BioTrEM-teknologien er det nu muligt at skabe et spektralt m\u00f8nster af en bestemt karakter p\u00e5 en s\u00e6rlig krystal. N\u00e5r vilk\u00e5rlige energikvanter - selv varme - kommer i kontakt med krystallens overflade, udsender generatoren ekstremt svage signaler af det spektrale m\u00f8nster, der er optaget p\u00e5 den.<br \/>\nI mellemtiden interagerer den elektromagnetiske str\u00e5ling fra vedh\u00e6nget med den levende organisme.<\/p>\n<div class=\"su-spoiler su-spoiler-style-defoult su-spoiler-icon-caret su-spoiler-closed\" data-scroll-offset=\"0\" data-anchor-in-url=\"no\"><div class=\"su-spoiler-title\" tabindex=\"0\" role=\"button\"><span class=\"su-spoiler-icon\"><\/span>Alle<\/div><div class=\"su-spoiler-content su-u-clearfix su-u-trim\">\n<p>De ekstremt svage tegn p\u00e5 APHRODITE-vedh\u00e6nget stimulerer syntesen af kvindelige feromoner, de s\u00e6rlige kirtler i kvindekroppen producerer mere intensivt feromoner, androstenol og copulin. Jo flere feromoner en kvinde producerer, jo mere seksuelt tiltr\u00e6kkende er hun for m\u00e6nd. Androstenol opmuntrer andre til at kommunikere og f\u00e5r andre til at se dig som yngre.<\/p>\n<p>Copulin er et kvindeligt hormon, der er ansvarligt for seksuel tiltr\u00e6kningskraft.<\/p>\n<p>N\u00e5r man bruger APHRODITE-vedh\u00e6nget, \u00f8ges produktionen af kvindelige feromoner (androstenol og copulin), hvilket igen \u00f8ger produktionen af feromoner:<\/p>\n<ul>\n<li>tiltr\u00e6kke sig m\u00e6nds opm\u00e6rksomhed,<\/li>\n<li>V\u00e6kke sympati,<\/li>\n<li>lettere at l\u00e6re at kende,<\/li>\n<li>opn\u00e5 st\u00f8rre forretningsm\u00e6ssig succes, f\u00e5 mere selvtillid,<\/li>\n<li>de skaber for deres partner \u201eden eneste ene uimodst\u00e5elige person\u201d.<\/li>\n<\/ul>\n<p>Androstenol fremskynder udviklingen af sympati, v\u00e6kker en f\u00f8lelse af venskab hos samtalepartneren, skaber romantiske f\u00f8lelser, skaber en aura af ungdom og opstemthed, uanset hvor gammel du er!<\/p>\n<\/div><\/div>","protected":false},"excerpt":{"rendered":"<p>Aphrodita med\u00e1l A BioTrEM-technol\u00f3gi\u00e1nak k\u00f6sz\u00f6nhet\u0151en lehets\u00e9gess\u00e9 v\u00e1lt l\u00e9trehozni a speci\u00e1lis krist\u00e1lyon egy adott term\u00e9szet\u0171 spektr\u00e1lis mint\u00e1t. Amikor tetsz\u0151leges energiakvantumok \u2013 ak\u00e1r h\u0151 &#8211; \u00e9rintkezik a krist\u00e1ly fel\u00fclet\u00e9vel, a gener\u00e1tor a rajta r\u00f6gz\u00edtett spektr\u00e1lis minta extr\u00e9m gyenge jeleit bocs\u00e1jtja ki. Ek\u00f6zben a med\u00e1l elektrom\u00e1gneses sug\u00e1rz\u00e1sa k\u00f6lcs\u00f6nhat\u00e1sba ker\u00fcl az \u00e9l\u0151 szervezettel.<\/p>","protected":false},"featured_media":4663,"comment_status":"open","ping_status":"closed","template":"","meta":[],"product_brand":[],"product_cat":[33,32],"product_tag":[],"class_list":{"0":"post-4664","1":"product","2":"type-product","3":"status-publish","4":"has-post-thumbnail","6":"product_cat-egeszseg-medalok","7":"product_cat-triomed","9":"first","10":"instock","11":"taxable","12":"shipping-taxable","13":"purchasable","14":"product-type-simple"},"_links":{"self":[{"href":"https:\/\/vetomshop.hu\/da\/wp-json\/wp\/v2\/product\/4664","targetHints":{"allow":["GET"]}}],"collection":[{"href":"https:\/\/vetomshop.hu\/da\/wp-json\/wp\/v2\/product"}],"about":[{"href":"https:\/\/vetomshop.hu\/da\/wp-json\/wp\/v2\/types\/product"}],"replies":[{"embeddable":true,"href":"https:\/\/vetomshop.hu\/da\/wp-json\/wp\/v2\/comments?post=4664"}],"wp:featuredmedia":[{"embeddable":true,"href":"https:\/\/vetomshop.hu\/da\/wp-json\/wp\/v2\/media\/4663"}],"wp:attachment":[{"href":"https:\/\/vetomshop.hu\/da\/wp-json\/wp\/v2\/media?parent=4664"}],"wp:term":[{"taxonomy":"product_brand","embeddable":true,"href":"https:\/\/vetomshop.hu\/da\/wp-json\/wp\/v2\/product_brand?post=4664"},{"taxonomy":"product_cat","embeddable":true,"href":"https:\/\/vetomshop.hu\/da\/wp-json\/wp\/v2\/product_cat?post=4664"},{"taxonomy":"product_tag","embeddable":true,"href":"https:\/\/vetomshop.hu\/da\/wp-json\/wp\/v2\/product_tag?post=4664"}],"curies":[{"name":"wp","href":"https:\/\/api.w.org\/{rel}","templated":true}]}}