{"id":4666,"date":"2023-11-11T14:33:45","date_gmt":"2023-11-11T13:33:45","guid":{"rendered":"https:\/\/vetomshop.hu\/termek\/alfa-medal\/"},"modified":"2023-11-11T14:33:45","modified_gmt":"2023-11-11T13:33:45","slug":"alfa-medal","status":"publish","type":"product","link":"https:\/\/vetomshop.hu\/da\/vare\/alfa-medal\/","title":{"rendered":"Alfa-medalje"},"content":{"rendered":"<h4>ALFAs sundhedsmedalje<\/h4>\n<p><strong>Hovedfunktioner:<\/strong><\/p>\n<p>Det er et supplerende v\u00e6rkt\u00f8j til at normalisere den psykiske og f\u00f8lelsesm\u00e6ssige sf\u00e6res funktion, det forbedrer hum\u00f8r, motivation og handlekraft og reducerer de negative virkninger af psykisk og f\u00f8lelsesm\u00e6ssig stress.<\/p>\n<p><strong>Kort beskrivelse:<\/strong><\/p>\n<p>Det informationssignal, der registreres p\u00e5 ALFA Health Medallion, svarer til den elektromagnetiske vibration i det center, der regulerer de psykiske og f\u00f8lelsesm\u00e6ssige sf\u00e6rer.<br \/>\nDet er velkendt, at en persons f\u00f8lelsesm\u00e6ssige tilstand, som afh\u00e6nger af flere eksterne og interne faktorer, reguleres af centralnervesystemet.<\/p>\n<div class=\"su-spoiler su-spoiler-style-defoult su-spoiler-icon-caret su-spoiler-closed\" data-scroll-offset=\"0\" data-anchor-in-url=\"no\"><div class=\"su-spoiler-title\" tabindex=\"0\" role=\"button\"><span class=\"su-spoiler-icon\"><\/span>Alle<\/div><div class=\"su-spoiler-content su-u-clearfix su-u-trim\">\nDe f\u00f8rste tegn p\u00e5 stress er f\u00f8lelsesm\u00e6ssige sp\u00e6ndinger, frygt, angst, uro og \u00f8get irritabilitet. Det kan f\u00f8re til s\u00f8vnforstyrrelser, der resulterer i tr\u00e6thed, generelt d\u00e5rligt hum\u00f8r og sv\u00e6kkede kognitive funktioner (hukommelse, opm\u00e6rksomhed, t\u00e6nkning).<\/p>\n<p>Langvarige psykologiske og f\u00f8lelsesm\u00e6ssige forstyrrelser har en negativ indvirkning p\u00e5 kroppens generelle tilstand og reaktivitet. Mennesker, der oplever kronisk psykologisk og f\u00f8lelsesm\u00e6ssig stress, er mere tilb\u00f8jelige til at blive fork\u00f8lede og f\u00e5 tilbagefald af allerede eksisterende kroniske sygdomme (isk\u00e6misk hjertesygdom, bugspytkirtelsygdomme, bl\u00e6rebet\u00e6ndelse, pyelonefritis, adnexitis, prostatitis osv.).<\/p>\n<p>Stressfaktorer er \u00e5rsag til klassiske psykosomatiske sygdomme som forh\u00f8jet blodtryk, bronkialastma, maves\u00e5r, s\u00e5r p\u00e5 tolvfingertarmen, allergiske hudsygdomme (eksem, neurodermatitis) og andre, herunder syns- og h\u00f8reneds\u00e6ttelse.<\/p>\n<p><strong>Hvorn\u00e5r skal man bruge ALFA Sundhedsmedalje?<\/strong><\/p>\n<p>Apparatet har en positiv effekt p\u00e5 kroppens funktion. Det kan bruges som et optimerende og korrigerende apparat i kombination med andre metoder til at forebygge og behandle sygdomme:<\/p>\n<ul>\n<li>agitation, neurasteni, tilpasningsproblemer, ledsaget af en disharmonisk f\u00f8lelsesm\u00e6ssig tilstand,<\/li>\n<li>en funktionsforstyrrelse i nervesystemet, der ledsages af mental tr\u00e6thed, irritabilitet, langsomhed og tab af tankekvalitet,<\/li>\n<li>S\u00f8vnl\u00f8shed for\u00e5rsaget af panikanfald,<\/li>\n<li>i de indledende og tilbagevendende faser af psykosomatiske sygdomme (bronkialastma, sensitivt tarmsyndrom - IBS, isk\u00e6misk hjertesygdom, forh\u00f8jet blodtryk, hudsygdomme og andre sygdomme),<\/li>\n<li>symptomer p\u00e5 kronisk psykologisk og f\u00f8lelsesm\u00e6ssig stress.<\/li>\n<\/ul>\n<p>Opm\u00e6rksomhed, vigtigt!<\/p>\n<p>Kontakt en l\u00e6ge, hvis du har et markant fald i hum\u00f8ret, f\u00f8lelsesm\u00e6ssig ustabilitet og irritabilitet, vedvarende s\u00f8vnl\u00f8shed, der ikke forsvinder. Brug ALFA Health Medal sidel\u00f8bende med den ordinerede behandling for at styrke behandlingens effektivitet og kroppens genoptr\u00e6ningsevne.<br \/>\n<\/div><\/div>","protected":false},"excerpt":{"rendered":"<p>ALFA Eg\u00e9szs\u00e9g Med\u00e1l F\u0151 funkci\u00f3i: Kieg\u00e9sz\u00edt\u0151 eszk\u00f6z a pszich\u00e9s \u00e9s \u00e9rzelmi szf\u00e9ra m\u0171k\u00f6d\u00e9s\u00e9nek normaliz\u00e1l\u00e1s\u00e1ra, hangulatjav\u00edt\u00f3, motiv\u00e1ci\u00f3 \u00e9s cselekv\u0151k\u00e9pess\u00e9g n\u00f6vel\u0151, cs\u00f6kkenti a pszich\u00e9s \u00e9s \u00e9rzelmi stressz \u00e1ldatlan hat\u00e1sait. R\u00f6vid ismertet\u0151: Az inform\u00e1ci\u00f3s jel, mely az ALFA Eg\u00e9szs\u00e9g Med\u00e1lra r\u00f6gz\u00edt\u00e9sre ker\u00fclt, megfelel a pszich\u00e9s \u00e9s \u00e9rzelmi szf\u00e9r\u00e1kat szab\u00e1lyoz\u00f3 k\u00f6zpont elektrom\u00e1gneses rezg\u00e9s\u00e9nek. K\u00f6ztudott, hogy az ember \u00e9rzelmi \u00e1llapota, [&hellip;]<\/p>\n","protected":false},"featured_media":4665,"comment_status":"open","ping_status":"closed","template":"","meta":[],"product_brand":[],"product_cat":[33,32],"product_tag":[],"class_list":{"0":"post-4666","1":"product","2":"type-product","3":"status-publish","4":"has-post-thumbnail","6":"product_cat-egeszseg-medalok","7":"product_cat-triomed","9":"first","10":"instock","11":"taxable","12":"shipping-taxable","13":"purchasable","14":"product-type-simple"},"_links":{"self":[{"href":"https:\/\/vetomshop.hu\/da\/wp-json\/wp\/v2\/product\/4666","targetHints":{"allow":["GET"]}}],"collection":[{"href":"https:\/\/vetomshop.hu\/da\/wp-json\/wp\/v2\/product"}],"about":[{"href":"https:\/\/vetomshop.hu\/da\/wp-json\/wp\/v2\/types\/product"}],"replies":[{"embeddable":true,"href":"https:\/\/vetomshop.hu\/da\/wp-json\/wp\/v2\/comments?post=4666"}],"wp:featuredmedia":[{"embeddable":true,"href":"https:\/\/vetomshop.hu\/da\/wp-json\/wp\/v2\/media\/4665"}],"wp:attachment":[{"href":"https:\/\/vetomshop.hu\/da\/wp-json\/wp\/v2\/media?parent=4666"}],"wp:term":[{"taxonomy":"product_brand","embeddable":true,"href":"https:\/\/vetomshop.hu\/da\/wp-json\/wp\/v2\/product_brand?post=4666"},{"taxonomy":"product_cat","embeddable":true,"href":"https:\/\/vetomshop.hu\/da\/wp-json\/wp\/v2\/product_cat?post=4666"},{"taxonomy":"product_tag","embeddable":true,"href":"https:\/\/vetomshop.hu\/da\/wp-json\/wp\/v2\/product_tag?post=4666"}],"curies":[{"name":"wp","href":"https:\/\/api.w.org\/{rel}","templated":true}]}}