{"id":4670,"date":"2023-11-11T14:33:46","date_gmt":"2023-11-11T13:33:46","guid":{"rendered":"https:\/\/vetomshop.hu\/termek\/antivir-medal\/"},"modified":"2023-11-11T14:33:46","modified_gmt":"2023-11-11T13:33:46","slug":"antivir-medal","status":"publish","type":"product","link":"https:\/\/vetomshop.hu\/da\/vare\/antivir-medal\/","title":{"rendered":"Antivir-medalje"},"content":{"rendered":"<h4>Antivir-medalje<\/h4>\n<p>Influenza er en sygdom, der for\u00e5rsages af influenzavirus, som altid for\u00e5rsages af en type influenzavirus. Influenza A og B er de to typer influenzavirus, der kan g\u00f8re folk syge i stort antal. A-vira kan inddeles i undertyper baseret p\u00e5 proteinerne p\u00e5 deres overflade (h\u00e6magglutinin - H og neuraminidase - N), hvoraf H1N1- og H3N2-virus har v\u00e6ret de mest almindelige siden 1977. B-vira er mindre tilb\u00f8jelige til at for\u00e5rsage alvorlig sygdom. Influenzavira \u00e6ndrer sig og muterer hurtigt og giver anledning til nye undertyper. Beskyttelse mod den ene undertype giver ringe eller ingen beskyttelse mod den anden, hvilket forklarer de s\u00e6sonbetingede epidemier, der opst\u00e5r hvert \u00e5r, som regel om vinteren.<\/p>\n<div class=\"su-spoiler su-spoiler-style-defoult su-spoiler-icon-caret su-spoiler-closed\" data-scroll-offset=\"0\" data-anchor-in-url=\"no\"><div class=\"su-spoiler-title\" tabindex=\"0\" role=\"button\"><span class=\"su-spoiler-icon\"><\/span>Alle<\/div><div class=\"su-spoiler-content su-u-clearfix su-u-trim\">\n<p>Influenzasymptomer er stort set de samme som ved almindelig fork\u00f8lelse, men sygdommen er mere alvorlig. Den er normalt forbundet med h\u00f8j feber, hovedpine, muskelsmerter, t\u00f8r hoste, sl\u00f8vhed og svaghed. Ondt i halsen er sj\u00e6ldent, og kun 30-50% tilf\u00e6lde har l\u00f8bende n\u00e6se og tilstoppet n\u00e6se. Komplikationer er s\u00e6rligt farlige hos sm\u00e5 b\u00f8rn, \u00e6ldre og mennesker med kroniske sygdomme.<\/p>\n<p>Derfor er det vigtigt at \u00f8ge kroppens modstandskraft.<\/p>\n<p><strong>Hvem anbefales det til?<\/strong><\/p>\n<ul>\n<li>For alle, der \u00f8nsker at forbedre deres modstandskraft,<\/li>\n<li>som er i risikogruppen for influenzavirus,<\/li>\n<li>der rejser meget rundt i verden eller bruger offentlig transport,<\/li>\n<li>De er konstant ude i samfundet og arbejder med mennesker.<\/li>\n<\/ul>\n<p><strong>Opm\u00e6rksomhed, vigtigt!<\/strong><\/p>\n<p>Hvis du har en influenzavirusinfektion, er syg, har feber eller f\u00f8ler dig utilpas, skal du s\u00f8ge l\u00e6ge. Brug Triomed Antiviral Medal sammen med den ordinerede behandling.<br \/>\nB\u00f8rn under 6 \u00e5r b\u00f8r kun bruge den under for\u00e6ldrenes opsyn!<\/p>\n<\/div><\/div>","protected":false},"excerpt":{"rendered":"<p>Antivir Med\u00e1l Az influenza v\u00edrus okozta betegs\u00e9g, k\u00f3rokoz\u00f3ja mindig az influenza v\u00edrus valamelyik fajt\u00e1ja. Az influenza A \u00e9s B az a k\u00e9t t\u00edpusa az influenza v\u00edrusoknak, amely nagysz\u00e1mbanbeteg\u00edthet meg embereket. Az A v\u00edrusokat a fel\u00fclet\u00fck\u00f6n elhelyezked\u0151 feh\u00e9rj\u00e9k (a haemaglutinin -H \u00e9s a neuraminidase \u2013 N) alapj\u00e1n alt\u00edpusokra lehet bontani, ezek k\u00f6z\u00fcl 1977 \u00f3ta t\u00f6bbnyire a [&hellip;]<\/p>\n","protected":false},"featured_media":4669,"comment_status":"open","ping_status":"closed","template":"","meta":[],"product_brand":[],"product_cat":[33,32],"product_tag":[],"class_list":{"0":"post-4670","1":"product","2":"type-product","3":"status-publish","4":"has-post-thumbnail","6":"product_cat-egeszseg-medalok","7":"product_cat-triomed","9":"first","10":"instock","11":"taxable","12":"shipping-taxable","13":"purchasable","14":"product-type-simple"},"_links":{"self":[{"href":"https:\/\/vetomshop.hu\/da\/wp-json\/wp\/v2\/product\/4670","targetHints":{"allow":["GET"]}}],"collection":[{"href":"https:\/\/vetomshop.hu\/da\/wp-json\/wp\/v2\/product"}],"about":[{"href":"https:\/\/vetomshop.hu\/da\/wp-json\/wp\/v2\/types\/product"}],"replies":[{"embeddable":true,"href":"https:\/\/vetomshop.hu\/da\/wp-json\/wp\/v2\/comments?post=4670"}],"wp:featuredmedia":[{"embeddable":true,"href":"https:\/\/vetomshop.hu\/da\/wp-json\/wp\/v2\/media\/4669"}],"wp:attachment":[{"href":"https:\/\/vetomshop.hu\/da\/wp-json\/wp\/v2\/media?parent=4670"}],"wp:term":[{"taxonomy":"product_brand","embeddable":true,"href":"https:\/\/vetomshop.hu\/da\/wp-json\/wp\/v2\/product_brand?post=4670"},{"taxonomy":"product_cat","embeddable":true,"href":"https:\/\/vetomshop.hu\/da\/wp-json\/wp\/v2\/product_cat?post=4670"},{"taxonomy":"product_tag","embeddable":true,"href":"https:\/\/vetomshop.hu\/da\/wp-json\/wp\/v2\/product_tag?post=4670"}],"curies":[{"name":"wp","href":"https:\/\/api.w.org\/{rel}","templated":true}]}}