{"id":4672,"date":"2023-11-11T14:33:46","date_gmt":"2023-11-11T13:33:46","guid":{"rendered":"https:\/\/vetomshop.hu\/termek\/aqua-medal\/"},"modified":"2023-11-11T14:33:46","modified_gmt":"2023-11-11T13:33:46","slug":"aqua-medal","status":"publish","type":"product","link":"https:\/\/vetomshop.hu\/da\/vare\/aqua-medal\/","title":{"rendered":"Aqua Medal"},"content":{"rendered":"<p><strong>Aqua Medal<\/strong> - Livgivende vand er livgivende, forfriskende, livsopretholdende og livsaktiverende og genopretter livsenergien.<\/p>\n<p>Det er netop form\u00e5let med AQUA -BioTrEM stand-alone informationsb\u00e6reren. Takket v\u00e6re den eksklusive BioTrEM-teknologi indeholder enhedens halvleder kodet information af dynamisk karakter, der g\u00f8r det muligt at opn\u00e5 den anf\u00f8rte effekt. En lignende egenskab findes i ressourcer, der desv\u00e6rre bliver mere og mere sj\u00e6ldne p\u00e5 jorden, og som p\u00e5 mirakul\u00f8s vis bevarer deres renhed.<\/p>\n<div class=\"su-spoiler su-spoiler-style-defoult su-spoiler-icon-caret su-spoiler-closed\" data-scroll-offset=\"0\" data-anchor-in-url=\"no\"><div class=\"su-spoiler-title\" tabindex=\"0\" role=\"button\"><span class=\"su-spoiler-icon\"><\/span>Alle<\/div><div class=\"su-spoiler-content su-u-clearfix su-u-trim\">\n<p>Udviklingen af enheden blev n\u00f8dvendiggjort af de \u00e6ndrede forhold i vores tid. I de senere \u00e5r har sundhedssektoren v\u00e6ret bekymret over stigningen i sygelighed og d\u00f8delighed, ikke kun blandt b\u00f8rn og \u00e6ldre, men ogs\u00e5 blandt den arbejdende befolkning. Desv\u00e6rre er vi vidne til en sv\u00e6kkelse af immunforsvaret og et tab af vital energi, som er afg\u00f8rende for sygdomsbek\u00e6mpelse og rehabilitering. Med andre ord er de n\u00f8dvendige programmer for tilpasning til et \u00e6ndret milj\u00f8 og for selvregenerering blevet beskadiget eller omorganiseret. Tiltagende kosmo-fysiske forandringer kr\u00e6ver en hurtig regenerering og genopretning af beskadigede adaptive og selvhelbredende genetiske programmer. Ellers kan individets og endda hele menneskehedens overlevelse v\u00e6re i fare.<\/p>\n<p>Vand - livets vugge, som l\u00e6nge har bevaret livets prim\u00e6re matrix og orienteringen af dets variationer som reaktion p\u00e5 milj\u00f8p\u00e5virkninger. Vand tilpasser sig og forandrer sig hurtigere som reaktion p\u00e5 milj\u00f8p\u00e5virkninger og -krav end biologiske organismer og det biologiske milj\u00f8. Jordens vandkappe har altid bevaret de oprindelige selvgenererende programmer og deres potentiale for at blive realiseret, som interagerede med organismernes vandige medium for at blive operationelle. Samtidig har \u00f8kologer observeret, at de strukturelt-informationelle egenskaber i det naturlige vand, der gav n\u00e6ring til Jordens vandkappe, er blevet kompromitteret. Denne skade skyldes ikke kun kosmofysiske \u00e6ndringer, men ogs\u00e5 menneskets destruktive handlinger. Det er det, der forhindrer vitale evolution\u00e6re \u00e6ndringer i at finde sted og dermed livets forts\u00e6ttelse p\u00e5 Jorden.<\/p>\n<p>AQUA-informationsb\u00e6rerens komplekse multiplanfelt er designet som en reference til at tilpasse sig nye h\u00f8jfrekvente \u00e6ndringer i milj\u00f8et og udl\u00f8se de n\u00f8dvendige programmer for overgangen gennem vandet. Apparatet strukturerer vandfeltet, og vandet, der resonerer med kroppens vandige medium (blod, lymfe, lymfe, intercellul\u00e6r v\u00e6ske, v\u00e6ske i celler), strukturerer det \u201ei sit eget billede\u201d. S\u00e5 snart den interne vandregelm\u00e6ssighed stiger til over 60%, udl\u00f8ses kroppens selvregenererende genetiske program.<br \/>\n<\/div><\/div>","protected":false},"excerpt":{"rendered":"<p>Aqua Med\u00e1l \u2013 az \u00e9letalkot\u00f3 v\u00edz \u00e9letet ad, \u00e9l\u00e9nk\u00edt, \u00e9letmeg\u00f3v\u00f3, valamint aktiv\u00e1l\u00f3, \u00e9letenergi\u00e1t vissza\u00e1ll\u00edt\u00f3 hat\u00e1ssal b\u00edr. \u00c9ppen ezt a c\u00e9lt szolg\u00e1lja az AQUA \u2013BioTrEM \u00f6n\u00e1ll\u00f3 inform\u00e1ci\u00f3hordoz\u00f3 alkalmaz\u00e1sa. Az exkluz\u00edv BioTrEM-technol\u00f3gi\u00e1nak k\u00f6sz\u00f6nhet\u0151en a k\u00e9sz\u00fcl\u00e9k f\u00e9lvezet\u0151je olyan k\u00f3dolt inform\u00e1ci\u00f3t tartalmaz, mely dinamikus term\u00e9szettel b\u00edr \u00e9s seg\u00edts\u00e9g\u00e9vel a felsorolt hat\u00e1s el\u00e9rhet\u0151v\u00e9 v\u00e1lik. Hasonl\u00f3 tulajdons\u00e1ggal rendelkeznek a F\u00f6ld\u00f6n sajnos [&hellip;]<\/p>\n","protected":false},"featured_media":4671,"comment_status":"open","ping_status":"closed","template":"","meta":[],"product_brand":[],"product_cat":[33,32],"product_tag":[],"class_list":{"0":"post-4672","1":"product","2":"type-product","3":"status-publish","4":"has-post-thumbnail","6":"product_cat-egeszseg-medalok","7":"product_cat-triomed","9":"first","10":"instock","11":"taxable","12":"shipping-taxable","13":"purchasable","14":"product-type-simple"},"_links":{"self":[{"href":"https:\/\/vetomshop.hu\/da\/wp-json\/wp\/v2\/product\/4672","targetHints":{"allow":["GET"]}}],"collection":[{"href":"https:\/\/vetomshop.hu\/da\/wp-json\/wp\/v2\/product"}],"about":[{"href":"https:\/\/vetomshop.hu\/da\/wp-json\/wp\/v2\/types\/product"}],"replies":[{"embeddable":true,"href":"https:\/\/vetomshop.hu\/da\/wp-json\/wp\/v2\/comments?post=4672"}],"wp:featuredmedia":[{"embeddable":true,"href":"https:\/\/vetomshop.hu\/da\/wp-json\/wp\/v2\/media\/4671"}],"wp:attachment":[{"href":"https:\/\/vetomshop.hu\/da\/wp-json\/wp\/v2\/media?parent=4672"}],"wp:term":[{"taxonomy":"product_brand","embeddable":true,"href":"https:\/\/vetomshop.hu\/da\/wp-json\/wp\/v2\/product_brand?post=4672"},{"taxonomy":"product_cat","embeddable":true,"href":"https:\/\/vetomshop.hu\/da\/wp-json\/wp\/v2\/product_cat?post=4672"},{"taxonomy":"product_tag","embeddable":true,"href":"https:\/\/vetomshop.hu\/da\/wp-json\/wp\/v2\/product_tag?post=4672"}],"curies":[{"name":"wp","href":"https:\/\/api.w.org\/{rel}","templated":true}]}}