{"id":4676,"date":"2023-11-11T14:33:47","date_gmt":"2023-11-11T13:33:47","guid":{"rendered":"https:\/\/vetomshop.hu\/termek\/beauty-medal\/"},"modified":"2023-11-11T14:33:47","modified_gmt":"2023-11-11T13:33:47","slug":"beauty-medal","status":"publish","type":"product","link":"https:\/\/vetomshop.hu\/da\/vare\/beauty-medal\/","title":{"rendered":"Sk\u00f8nhedsvedh\u00e6ng"},"content":{"rendered":"<h4>Sk\u00f8nhedsvedh\u00e6ng<\/h4>\n<p>Takket v\u00e6re BioTrEM-teknologien er det nu muligt at skabe et spektralt m\u00f8nster af en bestemt karakter p\u00e5 en s\u00e6rlig krystal. N\u00e5r vilk\u00e5rlige energikvanter - selv varme - kommer i kontakt med krystallens overflade, udsender generatoren ekstremt svage signaler af det spektrale m\u00f8nster, der er registreret p\u00e5 den. I mellemtiden interagerer den elektromagnetiske str\u00e5ling fra vedh\u00e6nget med den levende organisme.<\/p>\n<p>Hovedform\u00e5let med \u201eBEAUTY\u201d-medaljen er at genoprette de normale fysiologiske processer i hudens celler og v\u00e6v og \u00f8ge modstandsdygtigheden over for skadelige milj\u00f8faktorer.<\/p>\n<p>Dette v\u00e6rkt\u00f8j har en positiv effekt p\u00e5 huden i ansigtet og p\u00e5 kroppen, h\u00e5ret og neglene.<\/p>\n<div class=\"su-spoiler su-spoiler-style-defoult su-spoiler-icon-caret su-spoiler-closed\" data-scroll-offset=\"0\" data-anchor-in-url=\"no\"><div class=\"su-spoiler-title\" tabindex=\"0\" role=\"button\"><span class=\"su-spoiler-icon\"><\/span>Alle<\/div><div class=\"su-spoiler-content su-u-clearfix su-u-trim\">\nEffekter:<\/p>\n<ul>\n<li>Det hj\u00e6lper med at genoprette det beskadigede intracellul\u00e6re stofskifte i huden.<\/li>\n<li>Det stimulerer den naturlige produktion af kollagen og elastin.<\/li>\n<li>Forhindrer sv\u00e6kkelse af hudens v\u00e6v.<\/li>\n<li>Forbedrer mikrocirkulationen og forbedrer hudens elasticitet.<\/li>\n<li>For\u00e6dler og styrker hudv\u00e6vet.<\/li>\n<li>Bremser aldring og forynger huden.<\/li>\n<li>Forbedrer teint og hudtone.<\/li>\n<li>Hj\u00e6lper med at styrke h\u00e5r og negle.<\/li>\n<\/ul>\n<\/div><\/div>","protected":false},"excerpt":{"rendered":"<p>Beauty Med\u00e1l A BioTrEM-technol\u00f3gi\u00e1nak k\u00f6sz\u00f6nhet\u0151en lehets\u00e9gess\u00e9 v\u00e1lt l\u00e9trehozni a speci\u00e1lis krist\u00e1lyon egy adott term\u00e9szet\u0171 spektr\u00e1lis mint\u00e1t. Amikor tetsz\u0151leges energiakvantumok \u2013 ak\u00e1r h\u0151 &#8211; \u00e9rintkezik a krist\u00e1ly fel\u00fclet\u00e9vel, a gener\u00e1tor a rajta r\u00f6gz\u00edtett spektr\u00e1lis minta extr\u00e9m gyenge jeleit bocs\u00e1jtja ki. Ek\u00f6zben a med\u00e1l elektrom\u00e1gneses sug\u00e1rz\u00e1sa k\u00f6lcs\u00f6nhat\u00e1sba ker\u00fcl az \u00e9l\u0151 szervezettel. A &#8222;BEAUTY&#8221; Med\u00e1l f\u0151 c\u00e9lja a [&hellip;]<\/p>\n","protected":false},"featured_media":4675,"comment_status":"open","ping_status":"closed","template":"","meta":[],"product_brand":[],"product_cat":[33,32],"product_tag":[],"class_list":{"0":"post-4676","1":"product","2":"type-product","3":"status-publish","4":"has-post-thumbnail","6":"product_cat-egeszseg-medalok","7":"product_cat-triomed","9":"first","10":"instock","11":"taxable","12":"shipping-taxable","13":"purchasable","14":"product-type-simple"},"_links":{"self":[{"href":"https:\/\/vetomshop.hu\/da\/wp-json\/wp\/v2\/product\/4676","targetHints":{"allow":["GET"]}}],"collection":[{"href":"https:\/\/vetomshop.hu\/da\/wp-json\/wp\/v2\/product"}],"about":[{"href":"https:\/\/vetomshop.hu\/da\/wp-json\/wp\/v2\/types\/product"}],"replies":[{"embeddable":true,"href":"https:\/\/vetomshop.hu\/da\/wp-json\/wp\/v2\/comments?post=4676"}],"wp:featuredmedia":[{"embeddable":true,"href":"https:\/\/vetomshop.hu\/da\/wp-json\/wp\/v2\/media\/4675"}],"wp:attachment":[{"href":"https:\/\/vetomshop.hu\/da\/wp-json\/wp\/v2\/media?parent=4676"}],"wp:term":[{"taxonomy":"product_brand","embeddable":true,"href":"https:\/\/vetomshop.hu\/da\/wp-json\/wp\/v2\/product_brand?post=4676"},{"taxonomy":"product_cat","embeddable":true,"href":"https:\/\/vetomshop.hu\/da\/wp-json\/wp\/v2\/product_cat?post=4676"},{"taxonomy":"product_tag","embeddable":true,"href":"https:\/\/vetomshop.hu\/da\/wp-json\/wp\/v2\/product_tag?post=4676"}],"curies":[{"name":"wp","href":"https:\/\/api.w.org\/{rel}","templated":true}]}}