{"id":4684,"date":"2023-11-11T14:33:48","date_gmt":"2023-11-11T13:33:48","guid":{"rendered":"https:\/\/vetomshop.hu\/termek\/detox-medal\/"},"modified":"2023-11-11T14:33:48","modified_gmt":"2023-11-11T13:33:48","slug":"detox-medal","status":"publish","type":"product","link":"https:\/\/vetomshop.hu\/da\/vare\/detox-medal\/","title":{"rendered":"Detox-medaljon"},"content":{"rendered":"<h4>Detox Medal er for dem, der \u00f8nsker at harmonisere deres krop p\u00e5 en blid m\u00e5de.<\/p>\n<p>Det spektrale signal, der registreres p\u00e5 Detox Medallion, underst\u00f8tter organers og organsystemers bioenergetiske funktion.<\/h4>\n<p>Ungdommens og sundhedens st\u00f8rste fjende er en krop fuld af affaldsstoffer. Vores krop er et selvregulerende biologisk system, hvor en af de vigtigste funktioner er afgiftning - udskillelse af stoffer, som kroppen ikke har brug for. Men naturen er ikke forberedt p\u00e5 en s\u00e5dan civilisation, s\u00e5 store m\u00e6ngder kunstige kemikalier i mad, vand og luft. Dyr fodres med v\u00e6ksthormoner og antibiotika, som ogs\u00e5 kommer ind i vores kroppe. Tungmetaller, nitrit, nitrat, radioaktive stoffer, dioxin og medicinrester ophobes i v\u00e6v og celler.<\/p>\n<div class=\"su-spoiler su-spoiler-style-defoult su-spoiler-icon-caret su-spoiler-closed\" data-scroll-offset=\"0\" data-anchor-in-url=\"no\"><div class=\"su-spoiler-title\" tabindex=\"0\" role=\"button\"><span class=\"su-spoiler-icon\"><\/span>Alle<\/div><div class=\"su-spoiler-content su-u-clearfix su-u-trim\">\n<p>Giftige stoffer kan komme udefra, men det kan ogs\u00e5 v\u00e6re giftstoffer fra interne nedbrydningsprocesser som f\u00f8lge af et stofskifteproblem. Hvis dette forst\u00e6rkes af en stillesiddende livsstil, bremses kroppens processer endnu mere.<\/p>\n<p>Et h\u00f8jt stressniveau kan ogs\u00e5 udmatte de organer, der er involveret i afgiftningen. I starten er kun ubehag en indikation p\u00e5 et problem, men senere kan situationen forv\u00e6rres. Der kan udvikles kroniske sygdomme, som kan have stor indflydelse p\u00e5 vores livskvalitet.<br \/>\n<\/div><\/div>","protected":false},"excerpt":{"rendered":"<p>Detox Med\u00e1l azok sz\u00e1m\u00e1ra k\u00e9sz\u00fclt, akik l\u00e1gyan szeretn\u00e9k a szervezet\u00fcket harmoniz\u00e1lni. A spektr\u00e1lis jel, mely a Detox Med\u00e1lon r\u00f6gz\u00edt\u00e9sre ker\u00fclt, t\u00e1mogatja a szervek \u00e9s szervrendszerek bioenergetikai m\u0171k\u00f6d\u00e9s\u00e9t. A fiatals\u00e1g \u00e9s az eg\u00e9szs\u00e9g legnagyobb ellens\u00e9ge a salakanyagokkal tel\u00edtett szervezet. Szervezet\u00fcnk egy \u00f6nszab\u00e1lyoz\u00f3 biol\u00f3giai rendszer, melynek egyik legfontosabb funkci\u00f3ja a m\u00e9regtelen\u00edt\u00e9s \u2013 kivezet\u00e9se azoknak az anyagoknak, melyekre [&hellip;]<\/p>\n","protected":false},"featured_media":4683,"comment_status":"open","ping_status":"closed","template":"","meta":[],"product_brand":[],"product_cat":[33,32],"product_tag":[],"class_list":{"0":"post-4684","1":"product","2":"type-product","3":"status-publish","4":"has-post-thumbnail","6":"product_cat-egeszseg-medalok","7":"product_cat-triomed","9":"first","10":"instock","11":"taxable","12":"shipping-taxable","13":"purchasable","14":"product-type-simple"},"_links":{"self":[{"href":"https:\/\/vetomshop.hu\/da\/wp-json\/wp\/v2\/product\/4684","targetHints":{"allow":["GET"]}}],"collection":[{"href":"https:\/\/vetomshop.hu\/da\/wp-json\/wp\/v2\/product"}],"about":[{"href":"https:\/\/vetomshop.hu\/da\/wp-json\/wp\/v2\/types\/product"}],"replies":[{"embeddable":true,"href":"https:\/\/vetomshop.hu\/da\/wp-json\/wp\/v2\/comments?post=4684"}],"wp:featuredmedia":[{"embeddable":true,"href":"https:\/\/vetomshop.hu\/da\/wp-json\/wp\/v2\/media\/4683"}],"wp:attachment":[{"href":"https:\/\/vetomshop.hu\/da\/wp-json\/wp\/v2\/media?parent=4684"}],"wp:term":[{"taxonomy":"product_brand","embeddable":true,"href":"https:\/\/vetomshop.hu\/da\/wp-json\/wp\/v2\/product_brand?post=4684"},{"taxonomy":"product_cat","embeddable":true,"href":"https:\/\/vetomshop.hu\/da\/wp-json\/wp\/v2\/product_cat?post=4684"},{"taxonomy":"product_tag","embeddable":true,"href":"https:\/\/vetomshop.hu\/da\/wp-json\/wp\/v2\/product_tag?post=4684"}],"curies":[{"name":"wp","href":"https:\/\/api.w.org\/{rel}","templated":true}]}}