{"id":4686,"date":"2023-11-11T14:33:48","date_gmt":"2023-11-11T13:33:48","guid":{"rendered":"https:\/\/vetomshop.hu\/termek\/ekuples-medal\/"},"modified":"2023-11-11T14:33:48","modified_gmt":"2023-11-11T13:33:48","slug":"ekuples-medal","status":"publish","type":"product","link":"https:\/\/vetomshop.hu\/da\/vare\/ekuples-medal\/","title":{"rendered":"Ecuples-medalje"},"content":{"rendered":"<p><strong>Hovedfunktion:<\/strong><\/p>\n<p>I tilf\u00e6lde af tilstande for\u00e5rsaget af svampeinfektioner kan optimering af immunsystemet og den harmoniske<br \/>\net v\u00e6rkt\u00f8j, der hj\u00e6lper dig med at udf\u00f8re dit arbejde.<\/p>\n<p><strong>St\u00f8ttet af:<\/strong><\/p>\n<ul>\n<li>normalisering af immunsystemet,<\/li>\n<li>regenerering efter skader (is\u00e6r skader p\u00e5 slimhinderne),<\/li>\n<li>kampen mod h\u00e5r- og neglesvamp,<\/li>\n<li>processen med neutralisering og udskillelse af giftige stoffer fra kroppen.<\/li>\n<\/ul>\n<div class=\"su-spoiler su-spoiler-style-defoult su-spoiler-icon-caret su-spoiler-closed\" data-scroll-offset=\"0\" data-anchor-in-url=\"no\"><div class=\"su-spoiler-title\" tabindex=\"0\" role=\"button\"><span class=\"su-spoiler-icon\"><\/span>Alle<\/div><div class=\"su-spoiler-content su-u-clearfix su-u-trim\">\n<p><strong>Hvorn\u00e5r kan Ekuples Health-vedh\u00e6nget bruges?<\/strong><\/p>\n<p>Det givne Health Pendant har en positiv effekt p\u00e5 kroppens funktion, det kan bruges som en supplerende behandling - som et generelt optimerende og korrigerende v\u00e6rkt\u00f8j til b\u00e5de forebyggelse og genoprettelse af helbredet:<\/p>\n<ul>\n<li>hudsygdomme for\u00e5rsaget af svampeinfektioner, bet\u00e6ndelser, mundinfektioner - stomatitis,<\/li>\n<li>Candidiasis,<\/li>\n<li>Bronkitis af allergisk oprindelse,<\/li>\n<li>andre sygdomme for\u00e5rsaget af svampeinfektioner.<\/li>\n<\/ul>\n<p><strong>Vigtig advarsel!<\/strong><\/p>\n<p>Hvis der er mistanke om en svampeinfektion, skal du kontakte en l\u00e6ge! Brug Ekuples Health Pendant sammen med den behandling, din l\u00e6ge har anbefalet, for at \u00f8ge dens effektivitet.<\/p>\n<\/div><\/div>","protected":false},"excerpt":{"rendered":"<p>F\u0151 funkci\u00f3ja: A gomb\u00e1s megbeteged\u00e9sek k\u00f6vetkezt\u00e9ben kialakult \u00e1llapotok eset\u00e9n az immunrendszer munk\u00e1j\u00e1nak optimaliz\u00e1ci\u00f3j\u00e1t \u00e9s a szervezet harmonikus munk\u00e1j\u00e1t seg\u00edt\u0151 eszk\u00f6z. T\u00e1mogatja: az immunrendszer m\u0171k\u00f6d\u00e9s\u00e9nek normaliz\u00e1l\u00e1s\u00e1t, a s\u00e9r\u00fcl\u00e9sek ut\u00e1ni regener\u00e1ci\u00f3t (k\u00fcl\u00f6n\u00f6s tekintettel a ny\u00e1lkah\u00e1rtya s\u00e9r\u00fcl\u00e9seire), a haj- \u00e9s k\u00f6r\u00f6mgomba elleni harcot, a toxikus anyagok semleges\u00edt\u00e9s\u00e9nek \u00e9s kivezet\u00e9s\u00e9nek folyamat\u00e1t a szervezetb\u0151l.<\/p>","protected":false},"featured_media":4685,"comment_status":"open","ping_status":"closed","template":"","meta":[],"product_brand":[],"product_cat":[33,32],"product_tag":[],"class_list":{"0":"post-4686","1":"product","2":"type-product","3":"status-publish","4":"has-post-thumbnail","6":"product_cat-egeszseg-medalok","7":"product_cat-triomed","9":"first","10":"instock","11":"taxable","12":"shipping-taxable","13":"purchasable","14":"product-type-simple"},"_links":{"self":[{"href":"https:\/\/vetomshop.hu\/da\/wp-json\/wp\/v2\/product\/4686","targetHints":{"allow":["GET"]}}],"collection":[{"href":"https:\/\/vetomshop.hu\/da\/wp-json\/wp\/v2\/product"}],"about":[{"href":"https:\/\/vetomshop.hu\/da\/wp-json\/wp\/v2\/types\/product"}],"replies":[{"embeddable":true,"href":"https:\/\/vetomshop.hu\/da\/wp-json\/wp\/v2\/comments?post=4686"}],"wp:featuredmedia":[{"embeddable":true,"href":"https:\/\/vetomshop.hu\/da\/wp-json\/wp\/v2\/media\/4685"}],"wp:attachment":[{"href":"https:\/\/vetomshop.hu\/da\/wp-json\/wp\/v2\/media?parent=4686"}],"wp:term":[{"taxonomy":"product_brand","embeddable":true,"href":"https:\/\/vetomshop.hu\/da\/wp-json\/wp\/v2\/product_brand?post=4686"},{"taxonomy":"product_cat","embeddable":true,"href":"https:\/\/vetomshop.hu\/da\/wp-json\/wp\/v2\/product_cat?post=4686"},{"taxonomy":"product_tag","embeddable":true,"href":"https:\/\/vetomshop.hu\/da\/wp-json\/wp\/v2\/product_tag?post=4686"}],"curies":[{"name":"wp","href":"https:\/\/api.w.org\/{rel}","templated":true}]}}