{"id":4688,"date":"2023-11-11T14:33:49","date_gmt":"2023-11-11T13:33:49","guid":{"rendered":"https:\/\/vetomshop.hu\/termek\/eros-medal-feriaknak\/"},"modified":"2023-11-11T14:33:49","modified_gmt":"2023-11-11T13:33:49","slug":"eros-medal-feriaknak","status":"publish","type":"product","link":"https:\/\/vetomshop.hu\/da\/vare\/eros-medal-feriaknak\/","title":{"rendered":"Eros-vedh\u00e6ng til m\u00e6nd"},"content":{"rendered":"<p><strong>Hovedfunktion:<\/strong><\/p>\n<p>Komplement\u00e6rt v\u00e6rkt\u00f8j til forebyggelse og behandling af kopulationsforstyrrelser, komplement\u00e6r behandling af tab af seksuel lyst, f\u00f8lelsesm\u00e6ssige-psykologiske forstyrrelser relateret til samleje, v\u00e6rkt\u00f8j til aktivering af regenerative processer i den komplement\u00e6re behandling af sygdomme, der p\u00e5virker k\u00f8nsorganerne. Det anbefales at bruge det i forbindelse med den behandling, der anbefales af en specialist (androlog, sexolog, endokrinolog).<\/p>\n<p><strong>St\u00f8ttet af:<\/strong><\/p>\n<ul>\n<li>blodcirkulation, immunsystem og stofskifte, hvilket forhindrer udvikling af sygdomme<\/li>\n<li>underst\u00f8tter den kvalitative forbedring af seksuelle oplevelser,<\/li>\n<li>underst\u00f8tter regenereringsprocesser.<\/li>\n<\/ul>\n<div class=\"su-spoiler su-spoiler-style-defoult su-spoiler-icon-caret su-spoiler-closed\" data-scroll-offset=\"0\" data-anchor-in-url=\"no\"><div class=\"su-spoiler-title\" tabindex=\"0\" role=\"button\"><span class=\"su-spoiler-icon\"><\/span>Alle<\/div><div class=\"su-spoiler-content su-u-clearfix su-u-trim\">\n<p><strong>Hvorn\u00e5r skal man bruge Eros Health Pendant?<\/strong><\/p>\n<p>Apparatet har en positiv effekt p\u00e5 kroppens funktion og kan bruges som en generel sundhedsfremme, optimering og korrigerende komplement\u00e6r metode i kombination med andre metoder til komplement\u00e6r behandling og forebyggelse af f\u00f8lgende problemer:<\/p>\n<ul>\n<li>Erektionsproblemer,<\/li>\n<li>endokrine lidelser, der p\u00e5virker den seksuelle sf\u00e6re (diabetes, hypothalamusinsufficiens, gonadeinsufficiens)<\/li>\n<li>kronisk tr\u00e6thedssyndrom (CFS)<\/li>\n<li>metabolisk syndrom<\/li>\n<li>fald i f\u00f8lelsesm\u00e6ssigt niveau og hum\u00f8r.<\/li>\n<\/ul>\n<\/div><\/div>","protected":false},"excerpt":{"rendered":"<p>F\u0151 funkci\u00f3ja: Kieg\u00e9sz\u00edt\u0151 eszk\u00f6z a kopul\u00e1ci\u00f3s rendelleness\u00e9gek megel\u0151z\u00e9s\u00e9re \u00e9s kezel\u00e9s\u00e9re, a nemi v\u00e1gy cs\u00f6kken\u00e9s\u00e9nek, a szexu\u00e1lis aktussal kapcsolatos \u00e9rzelmi-pszich\u00e9s rendelleness\u00e9gek kieg\u00e9sz\u00edt\u0151 kezel\u00e9s\u00e9re, a regener\u00e1ci\u00f3s folyamatok aktiv\u00e1l\u00e1s\u00e1t seg\u00edt\u0151 eszk\u00f6z a nemi szf\u00e9r\u00e1t \u00e9rint\u0151 betegs\u00e9gek kieg\u00e9sz\u00edt\u0151 kezel\u00e9s\u00e9ben. Aj\u00e1nlott a szakorvos (androl\u00f3gus, szexol\u00f3gus, endokrinol\u00f3gus) \u00e1ltal javasolt ter\u00e1pia melletti alkalmaz\u00e1sa. T\u00e1mogatja: a v\u00e9rkering\u00e9st, az immunrendszer munk\u00e1j\u00e1t, az anyagcser\u00e9t, megel\u0151zve [&hellip;]<\/p>\n","protected":false},"featured_media":4687,"comment_status":"open","ping_status":"closed","template":"","meta":[],"product_brand":[],"product_cat":[33,32],"product_tag":[],"class_list":{"0":"post-4688","1":"product","2":"type-product","3":"status-publish","4":"has-post-thumbnail","6":"product_cat-egeszseg-medalok","7":"product_cat-triomed","9":"first","10":"instock","11":"taxable","12":"shipping-taxable","13":"purchasable","14":"product-type-simple"},"_links":{"self":[{"href":"https:\/\/vetomshop.hu\/da\/wp-json\/wp\/v2\/product\/4688","targetHints":{"allow":["GET"]}}],"collection":[{"href":"https:\/\/vetomshop.hu\/da\/wp-json\/wp\/v2\/product"}],"about":[{"href":"https:\/\/vetomshop.hu\/da\/wp-json\/wp\/v2\/types\/product"}],"replies":[{"embeddable":true,"href":"https:\/\/vetomshop.hu\/da\/wp-json\/wp\/v2\/comments?post=4688"}],"wp:featuredmedia":[{"embeddable":true,"href":"https:\/\/vetomshop.hu\/da\/wp-json\/wp\/v2\/media\/4687"}],"wp:attachment":[{"href":"https:\/\/vetomshop.hu\/da\/wp-json\/wp\/v2\/media?parent=4688"}],"wp:term":[{"taxonomy":"product_brand","embeddable":true,"href":"https:\/\/vetomshop.hu\/da\/wp-json\/wp\/v2\/product_brand?post=4688"},{"taxonomy":"product_cat","embeddable":true,"href":"https:\/\/vetomshop.hu\/da\/wp-json\/wp\/v2\/product_cat?post=4688"},{"taxonomy":"product_tag","embeddable":true,"href":"https:\/\/vetomshop.hu\/da\/wp-json\/wp\/v2\/product_tag?post=4688"}],"curies":[{"name":"wp","href":"https:\/\/api.w.org\/{rel}","templated":true}]}}