{"id":4690,"date":"2023-11-11T14:33:49","date_gmt":"2023-11-11T13:33:49","guid":{"rendered":"https:\/\/vetomshop.hu\/termek\/elast-medal\/"},"modified":"2023-11-11T14:33:49","modified_gmt":"2023-11-11T13:33:49","slug":"elast-medal","status":"publish","type":"product","link":"https:\/\/vetomshop.hu\/da\/vare\/elast-medal\/","title":{"rendered":"Elast-medalje"},"content":{"rendered":"<p>Komplement\u00e6rt v\u00e6rkt\u00f8j til forebyggelse og behandling af ledb\u00e5ndssygdomme, aktivering af regenereringsprocesser og komplement\u00e6r behandling af kroniske ledb\u00e5ndssygdomme.<\/p>\n<p>Effekten af \u201eELAST\u201d-medaljen er rettet mod at genoprette normale metaboliske processer i cellerne og v\u00e6vene i ledb\u00e5ndene, hvilket bremser aldringsprocessen.<\/p>\n<p>Dette v\u00e6rkt\u00f8j har en positiv indvirkning p\u00e5 kroppens funktioner og kan bruges i kombination med andre metoder som et v\u00e6rkt\u00f8j til optimering og korrektion:<\/p>\n<ul>\n<li>\u00f8ger fleksibiliteten i ledb\u00e5nd og \u00f8ger amplituden af ledbev\u00e6gelser som reaktion p\u00e5 aldersrelaterede \u00e6ndringer<\/li>\n<li>reducerer sandsynligheden for skader p\u00e5 sener og ledb\u00e5nd<\/li>\n<li>reducere helingstiden efter ledb\u00e5ndsskader (forstuvninger, overrivninger)<\/li>\n<li>bremse aldersrelaterede forandringer i leddene<\/li>\n<li>styrker ledb\u00e5ndene i indre organer og forhindrer, at de falder sammen (livmoder, tarm, nyre, mave)<\/li>\n<\/ul>\n<div class=\"su-spoiler su-spoiler-style-defoult su-spoiler-icon-caret su-spoiler-closed\" data-scroll-offset=\"0\" data-anchor-in-url=\"no\"><div class=\"su-spoiler-title\" tabindex=\"0\" role=\"button\"><span class=\"su-spoiler-icon\"><\/span>Alle<\/div><div class=\"su-spoiler-content su-u-clearfix su-u-trim\">\n<strong>Effekter:<\/strong><\/p>\n<ul>\n<li>reparation af metaboliske processer i bindev\u00e6v i led og indre organer, herunder Dupuytrens kontraktur (kontraktur: forkortelse af sener og\/eller muskler, skrumpning, der for\u00e5rsager deformitet og\/eller indskr\u00e6nkning)<\/li>\n<li>bremse \u201ealdersrelaterede\u201d forandringer i bev\u00e6geapparatet<\/li>\n<li>forbedrer fleksibiliteten i muskler og ledb\u00e5nd<\/li>\n<li>fremskynder helingen efter skader og kirurgiske indgreb og forhindrer dannelsen af grove ar.<\/li>\n<\/ul>\n<\/div><\/div>","protected":false},"excerpt":{"rendered":"<p>Kieg\u00e9sz\u00edt\u0151 eszk\u00f6z a ligamentum betegs\u00e9geinek megel\u0151z\u00e9s\u00e9re \u00e9s kezel\u00e9s\u00e9re, regener\u00e1ci\u00f3s folyamatok aktiv\u00e1l\u00e1s\u00e1ra \u00e9s a ligamentum kr\u00f3nikus betegs\u00e9geinek kieg\u00e9sz\u00edt\u0151 kezel\u00e9s\u00e9re. A &#8222;ELAST&#8221; Med\u00e1l hat\u00e1sa a norm\u00e1lis anyagcsere-folyamatok helyre\u00e1ll\u00edt\u00e1s\u00e1ra ir\u00e1nyul a ligamentumok sejtjeiben \u00e9s sz\u00f6veteiben, lass\u00edtva az \u00f6reged\u00e9si folyamatokat is. Ez az eszk\u00f6z pozit\u00edv hat\u00e1ssal van a testfunkci\u00f3k \u00e1llapot\u00e1ra, az optimaliz\u00e1l\u00e1s \u00e9s korrekci\u00f3 eszk\u00f6zek\u00e9nt haszn\u00e1lhat\u00f3 egy\u00e9b m\u00f3dszerekkel is [&hellip;]<\/p>\n","protected":false},"featured_media":4689,"comment_status":"open","ping_status":"closed","template":"","meta":[],"product_brand":[],"product_cat":[33,32],"product_tag":[],"class_list":{"0":"post-4690","1":"product","2":"type-product","3":"status-publish","4":"has-post-thumbnail","6":"product_cat-egeszseg-medalok","7":"product_cat-triomed","9":"first","10":"instock","11":"taxable","12":"shipping-taxable","13":"purchasable","14":"product-type-simple"},"_links":{"self":[{"href":"https:\/\/vetomshop.hu\/da\/wp-json\/wp\/v2\/product\/4690","targetHints":{"allow":["GET"]}}],"collection":[{"href":"https:\/\/vetomshop.hu\/da\/wp-json\/wp\/v2\/product"}],"about":[{"href":"https:\/\/vetomshop.hu\/da\/wp-json\/wp\/v2\/types\/product"}],"replies":[{"embeddable":true,"href":"https:\/\/vetomshop.hu\/da\/wp-json\/wp\/v2\/comments?post=4690"}],"wp:featuredmedia":[{"embeddable":true,"href":"https:\/\/vetomshop.hu\/da\/wp-json\/wp\/v2\/media\/4689"}],"wp:attachment":[{"href":"https:\/\/vetomshop.hu\/da\/wp-json\/wp\/v2\/media?parent=4690"}],"wp:term":[{"taxonomy":"product_brand","embeddable":true,"href":"https:\/\/vetomshop.hu\/da\/wp-json\/wp\/v2\/product_brand?post=4690"},{"taxonomy":"product_cat","embeddable":true,"href":"https:\/\/vetomshop.hu\/da\/wp-json\/wp\/v2\/product_cat?post=4690"},{"taxonomy":"product_tag","embeddable":true,"href":"https:\/\/vetomshop.hu\/da\/wp-json\/wp\/v2\/product_tag?post=4690"}],"curies":[{"name":"wp","href":"https:\/\/api.w.org\/{rel}","templated":true}]}}