{"id":4704,"date":"2023-11-11T14:33:52","date_gmt":"2023-11-11T13:33:52","guid":{"rendered":"https:\/\/vetomshop.hu\/termek\/nefron-medal\/"},"modified":"2023-11-11T14:33:52","modified_gmt":"2023-11-11T13:33:52","slug":"nefron-medal","status":"publish","type":"product","link":"https:\/\/vetomshop.hu\/da\/vare\/nefron-medal\/","title":{"rendered":"Nefron-medalje"},"content":{"rendered":"<h4>Nefron Health Medal<\/h4>\n<p><strong>Hovedfunktion:<\/strong><\/p>\n<p>Underst\u00f8tter nyrernes og urinvejenes funktion og fremmer regulerende og regenerative processer.<\/p>\n<p><strong>St\u00f8ttet af:<\/strong><\/p>\n<ul>\n<li>forbedret blodcirkulation og stofskifte i urinvejene.<\/li>\n<li>reabsorption, filtrering, ionregulering, afgiftning, metaboliske processer<\/li>\n<li>reparation og regenerering af urinv\u00e6v,<\/li>\n<li>Lindre smerter, lindre spasmer, reducere inflammation,<\/li>\n<li>forebyggelse af sklerotiske l\u00e6sioner i nyrerne.<\/li>\n<\/ul>\n<p><strong>Hvorn\u00e5r kan Nefron Health Pendant bruges?<\/strong><\/p>\n<p>Apparatet har en positiv effekt p\u00e5 kroppens funktionelle funktion, det kan bruges som et supplerende apparat til optimering og korrektion af kroppens funktionelle funktion, til forebyggelse og supplerende behandling af f\u00f8lgende sygdomme:<\/p>\n<ul>\n<li>Akutte og kroniske inflammatoriske sygdomme i nyrerne, bl\u00e6ren og urinvejene,<\/li>\n<li>stofskiftesygdomme (herunder nyrestenssygdom),<\/li>\n<li>systemiske autoimmune sygdomme, der f\u00f8rer til nyreskader,<\/li>\n<li>autoimmun sygdom i nyrerne,<\/li>\n<li>giftige virkninger p\u00e5 nyrerne,<\/li>\n<li>sklerotiske l\u00e6sioner i nyrerne (nefrosklerose) p\u00e5 grund af diabetes, arteriel hypertension osv.<\/li>\n<\/ul>","protected":false},"excerpt":{"rendered":"<p>Nefron Eg\u00e9szs\u00e9g Med\u00e1l F\u0151 funkci\u00f3ja: A vese \u00e9s a h\u00fagyutak m\u0171k\u00f6d\u00e9s\u00e9nek t\u00e1mogat\u00e1sa, a szab\u00e1lyz\u00f3 \u00e9s regener\u00e1ci\u00f3s folyamatok el\u0151seg\u00edt\u00e9se. T\u00e1mogatja: a h\u00fagyutak v\u00e9rkering\u00e9s\u00e9nek javul\u00e1s\u00e1t \u00e9s anyagcser\u00e9j\u00e9t. a reabszorbci\u00f3t, a sz\u0171r\u00e9st, az ionszab\u00e1lyoz\u00e1st, a m\u00e9regtelen\u00edt\u00e9st, a metabolikus folyamatokat a h\u00fagyuti sz\u00f6vetek repar\u00e1ci\u00f3j\u00e1t \u00e9s regener\u00e1ci\u00f3j\u00e1t, a f\u00e1jdalomcsillap\u00edt\u00e1st, a g\u00f6rcsold\u00e1st, a gyullad\u00e1sok cs\u00f6kkent\u00e9s\u00e9t, a vese szklerotikus elv\u00e1ltoz\u00e1sainak megel\u0151z\u00e9s\u00e9t. Mikor [&hellip;]<\/p>\n","protected":false},"featured_media":4703,"comment_status":"open","ping_status":"closed","template":"","meta":[],"product_brand":[],"product_cat":[33,32],"product_tag":[],"class_list":{"0":"post-4704","1":"product","2":"type-product","3":"status-publish","4":"has-post-thumbnail","6":"product_cat-egeszseg-medalok","7":"product_cat-triomed","9":"first","10":"instock","11":"taxable","12":"shipping-taxable","13":"purchasable","14":"product-type-simple"},"_links":{"self":[{"href":"https:\/\/vetomshop.hu\/da\/wp-json\/wp\/v2\/product\/4704","targetHints":{"allow":["GET"]}}],"collection":[{"href":"https:\/\/vetomshop.hu\/da\/wp-json\/wp\/v2\/product"}],"about":[{"href":"https:\/\/vetomshop.hu\/da\/wp-json\/wp\/v2\/types\/product"}],"replies":[{"embeddable":true,"href":"https:\/\/vetomshop.hu\/da\/wp-json\/wp\/v2\/comments?post=4704"}],"wp:featuredmedia":[{"embeddable":true,"href":"https:\/\/vetomshop.hu\/da\/wp-json\/wp\/v2\/media\/4703"}],"wp:attachment":[{"href":"https:\/\/vetomshop.hu\/da\/wp-json\/wp\/v2\/media?parent=4704"}],"wp:term":[{"taxonomy":"product_brand","embeddable":true,"href":"https:\/\/vetomshop.hu\/da\/wp-json\/wp\/v2\/product_brand?post=4704"},{"taxonomy":"product_cat","embeddable":true,"href":"https:\/\/vetomshop.hu\/da\/wp-json\/wp\/v2\/product_cat?post=4704"},{"taxonomy":"product_tag","embeddable":true,"href":"https:\/\/vetomshop.hu\/da\/wp-json\/wp\/v2\/product_tag?post=4704"}],"curies":[{"name":"wp","href":"https:\/\/api.w.org\/{rel}","templated":true}]}}