{"id":4706,"date":"2023-11-11T14:33:52","date_gmt":"2023-11-11T13:33:52","guid":{"rendered":"https:\/\/vetomshop.hu\/termek\/odont-medal\/"},"modified":"2024-08-07T16:07:27","modified_gmt":"2024-08-07T14:07:27","slug":"odont-medal","status":"publish","type":"product","link":"https:\/\/vetomshop.hu\/da\/vare\/odont-medal\/","title":{"rendered":"Odont-medalje"},"content":{"rendered":"<h4>Odont-medalje<\/h4>\n<p>Det er en hj\u00e6lp til forebyggelse og rehabilitering af parodontale sygdomme og til at forbedre regenerative processer.<\/p>\n<p>Parodontium - det kompleks af v\u00e6v, der omgiver t\u00e6nderne.<\/p>\n<p>Parodontiet omgiver og st\u00f8tter t\u00e6nderne. Parodontiet giver en fleksibel forankring til tandens rod. De vigtigste dele af parodontiet er: tandk\u00f8d, periosteum, cement og parodontalligament. Deres oprindelse og funktion er f\u00e6lles.<\/p>\n<p>Effekten af \u201eODONT\u201d-vedh\u00e6nget er at aktivere kroppens forsvar, at genoprette de normale fysiologiske processer i celler og v\u00e6v i parodontiet og \u00f8ge modstandsdygtigheden over for negative milj\u00f8faktorer.<\/p>\n<p>Dette v\u00e6rkt\u00f8j har en positiv effekt p\u00e5 kroppens funktioner og kan bruges som et optimalt og korrigerende v\u00e6rkt\u00f8j til andre tilstande som tandk\u00f8dsbet\u00e6ndelse, parodontitis, paradentose, parodontale l\u00e6sioner, Itsenko-Cushings, Elers-Danlos, Shediak Higashi, Downs syndrom, blodforstyrrelser osv.<\/p>\n<div class=\"su-spoiler su-spoiler-style-defoult su-spoiler-icon-caret su-spoiler-closed\" data-scroll-offset=\"0\" data-anchor-in-url=\"no\"><div class=\"su-spoiler-title\" tabindex=\"0\" role=\"button\"><span class=\"su-spoiler-icon\"><\/span>Alle<\/div><div class=\"su-spoiler-content su-u-clearfix su-u-trim\">\n<strong>Effekter:<\/strong><\/p>\n<ul>\n<li>normaliserer blodcirkulationen, immunforsvaret og det parodontale stofskifte og forebygger udvikling af sygdomme;<\/li>\n<li>hj\u00e6lper med at forbedre parodontalfunktionen;<\/li>\n<li>reducerer sv\u00e6rhedsgraden af inflammatoriske og degenerative f\u00e6nomener i parodontal sygdom;<\/li>\n<li>hj\u00e6lper med at fremskynde regenerering og parodontale reparationsprocesser;<\/li>\n<li>hj\u00e6lper med at fjerne d\u00e5rlig \u00e5nde;<\/li>\n<li>hj\u00e6lper med at forhindre patologisk mobilitet af t\u00e6nderne.<\/li>\n<\/ul>\n<\/div><\/div>","protected":false},"excerpt":{"rendered":"<p>Odont Med\u00e1l Seg\u00e9deszk\u00f6z a periodont\u00e1lis betegs\u00e9gek megel\u0151z\u00e9s\u00e9re \u00e9s rehabilit\u00e1ci\u00f3j\u00e1ra, a regenerat\u00edv folyamatok fokoz\u00e1s\u00e1ra. A fog\u00e1gy (parodontium) &#8211; a fogakat k\u00f6r\u00fclvev\u0151 sz\u00f6vetek komplexuma. A parodontium k\u00f6r\u00fclveszi \u00e9s megt\u00e1masztja a fogakat. A fog\u00e1gy a fogak gy\u00f6ker\u00e9nek rugalmas elhorgonyz\u00e1s\u00e1t biztos\u00edtja. A parodontium f\u0151 r\u00e9szei: \u00edny, gy\u00f6k\u00e9rh\u00e1rtya, cement, fogmederny\u00falv\u00e1ny. Eredet\u00fck \u00e9s funkci\u00f3juk k\u00f6z\u00f6s. Az &#8222;ODONT&#8221; med\u00e1l hat\u00e1sa arra ir\u00e1nyul, [&hellip;]<\/p>\n","protected":false},"featured_media":4705,"comment_status":"open","ping_status":"closed","template":"","meta":[],"product_brand":[],"product_cat":[33,32],"product_tag":[],"class_list":{"0":"post-4706","1":"product","2":"type-product","3":"status-publish","4":"has-post-thumbnail","6":"product_cat-egeszseg-medalok","7":"product_cat-triomed","9":"first","10":"instock","11":"taxable","12":"shipping-taxable","13":"purchasable","14":"product-type-simple"},"_links":{"self":[{"href":"https:\/\/vetomshop.hu\/da\/wp-json\/wp\/v2\/product\/4706","targetHints":{"allow":["GET"]}}],"collection":[{"href":"https:\/\/vetomshop.hu\/da\/wp-json\/wp\/v2\/product"}],"about":[{"href":"https:\/\/vetomshop.hu\/da\/wp-json\/wp\/v2\/types\/product"}],"replies":[{"embeddable":true,"href":"https:\/\/vetomshop.hu\/da\/wp-json\/wp\/v2\/comments?post=4706"}],"wp:featuredmedia":[{"embeddable":true,"href":"https:\/\/vetomshop.hu\/da\/wp-json\/wp\/v2\/media\/4705"}],"wp:attachment":[{"href":"https:\/\/vetomshop.hu\/da\/wp-json\/wp\/v2\/media?parent=4706"}],"wp:term":[{"taxonomy":"product_brand","embeddable":true,"href":"https:\/\/vetomshop.hu\/da\/wp-json\/wp\/v2\/product_brand?post=4706"},{"taxonomy":"product_cat","embeddable":true,"href":"https:\/\/vetomshop.hu\/da\/wp-json\/wp\/v2\/product_cat?post=4706"},{"taxonomy":"product_tag","embeddable":true,"href":"https:\/\/vetomshop.hu\/da\/wp-json\/wp\/v2\/product_tag?post=4706"}],"curies":[{"name":"wp","href":"https:\/\/api.w.org\/{rel}","templated":true}]}}