{"id":4710,"date":"2023-11-11T14:33:53","date_gmt":"2023-11-11T13:33:53","guid":{"rendered":"https:\/\/vetomshop.hu\/termek\/prunus-cerasus-meggy-medal\/"},"modified":"2023-11-11T14:33:53","modified_gmt":"2023-11-11T13:33:53","slug":"prunus-cerasus-meggy-medal","status":"publish","type":"product","link":"https:\/\/vetomshop.hu\/da\/vare\/prunus-cerasus-meggy-medal\/","title":{"rendered":"Prunus cerasus - Meggy vedh\u00e6ng"},"content":{"rendered":"<h4>Prunus cerasus - Meggy Medal-Streptococcus, Staphylococcus til yderligere behandling af infektioner<\/h4>\n<p>Streptococcus pyogenes, ogs\u00e5 kendt som type A-streptokokker, er en ekstremt almindelig bakterie: N\u00e6ppe nogen har nogensinde haft ondt i halsen uden denne for det meste harml\u00f8se bakterie, der s\u00e6tter sig i halsen. Men den samme halsbakterie er ogs\u00e5 \u00e5rsag til skarlagensfeber, en b\u00f8rnesygdom med feber og udsl\u00e6t over hele kroppen, fordi den udskiller giftstoffer i blodbanen. Faktisk kan l\u00e6ngerevarende ubehandlede strep-infektioner f\u00f8re til gigtfeber, en alvorlig sygdom, der angriber leddene og hjertet.<\/p>\n<p>Staphylococcus aureus er en tilsvarende almindelig bakterie, der findes p\u00e5 stort set al vores hud, og som er en af \u00e5rsagerne til pustul\u00f8s akne og pustler. Mens disse hudl\u00e6sioner i bedste fald kan betragtes som ubehagelige, kan genstridige hudlidelser, is\u00e6r hos b\u00f8rn, s\u00e5som bylder eller abscesser p\u00e5 forskellige dele af kroppen, for\u00e5rsage alvorlige problemer, for ikke at n\u00e6vne alvorlige og potentielt d\u00f8delige infektioner s\u00e5som lungebet\u00e6ndelse, meningitis, osteomyelitis eller perikarditis. Stafylokokker, som for det meste koloniserer vores hud, kan for\u00e5rsage alt dette, hvis de f\u00e5r chancen.<\/p>\n<div class=\"su-spoiler su-spoiler-style-defoult su-spoiler-icon-caret su-spoiler-closed\" data-scroll-offset=\"0\" data-anchor-in-url=\"no\"><div class=\"su-spoiler-title\" tabindex=\"0\" role=\"button\"><span class=\"su-spoiler-icon\"><\/span>Alle<\/div><div class=\"su-spoiler-content su-u-clearfix su-u-trim\">\n<h5>Hvad kan hverdagsmikrober p\u00e5 det forkerte sted for\u00e5rsage?<\/h5>\n<p>L\u00e6ren er, at en tilsyneladende harml\u00f8s bakterie kun er relativt harml\u00f8s, indtil den befinder sig et sted, hvor den ikke har noget at g\u00f8re: is\u00e6r i dybe v\u00e6v og...<br \/>\nind i blodbanen. Hvis streptokokker eller stafylokokker for eksempel n\u00e5r subkutant v\u00e6v gennem en l\u00e6sion, kan de sprede sig ekstremt hurtigt og destruktivt langs bindev\u00e6vsfascierne, der omslutter muskler og nerver - i daglig tale kendt som \u201ek\u00f8d\u00e6dende\u201d. Et n\u00e5lestik, et insektbid, et bl\u00e5t m\u00e6rke kan v\u00e6re alt, hvad der skal til for at f\u00e5 dem gennem huden - det beh\u00f8ver ikke at v\u00e6re katastrofalt, et knap s\u00e5 synligt s\u00e5r er nok. Der er en \u00f8get risiko, hvis huden allerede er s\u00e5ret - f.eks. efter en operation, et akut udsl\u00e6t p\u00e5 grund af en virusinfektion eller som en komplikation til diabetes - eller hvis immunforsvaret er sv\u00e6kket.<\/p>\n<h5>\u201eSpiser den k\u00f8d\u00e6dende bakterie \u201dk\u00f8d\"?<\/h5>\n<p>\u201eK\u00f8d\u00e6dende bakterier\u201d udg\u00f8r ikke en skr\u00e6mmende og eksotisk gruppe af patogener: I de fleste tilf\u00e6lde er almindelige mikrober, der er placeret forkert, \u00e5rsagen til alvorlige sygdomme.<br \/>\nen proces, der involverer v\u00e6vs\u00f8del\u00e6ggelse, som er direkte livstruende.<\/p>\n<h5>Hvordan fungerer processen?<\/h5>\n<p>Den \u201ek\u00f8d\u00e6dende infektion\u201d, der formelt er kendt som nekrotiserende fasciitis, starter med f\u00e5 karakteristiske symptomer: h\u00e6velse, r\u00f8dme, smerte og muligvis bl\u00e6rer i det ber\u00f8rte omr\u00e5de. Da processen er dybtliggende, er der allerede sket en massiv \u00f8del\u00e6ggelse af det subkutane bl\u00f8ddelsv\u00e6v, n\u00e5r de lilla misfarvede omr\u00e5der af huden, de blodige bl\u00e6rer, er dannet.<\/p>\n<\/div><\/div>","protected":false},"excerpt":{"rendered":"<p>Prunus cerasus \u2013 Meggy Med\u00e1l-Streptococcus, Staphylococcus fert\u0151z\u00e9sek kieg\u00e9sz\u00edt\u0151 kezel\u00e9s\u00e9re A Streptococcus pyogenes, m\u00e1s nev\u00e9n az A-t\u00edpus\u00fa sztreptokokkusz rendk\u00edv\u00fcl k\u00f6z\u00f6ns\u00e9ges bakt\u00e9rium: aligha akad, akinek ne okozott volna m\u00e9g torokf\u00e1j\u00e1st ez a garatban megteleped\u0151, jobb\u00e1ra \u00e1rtalmatlan k\u00f3rokoz\u00f3. \u00c1m ugyanez a toroklak\u00f3 bakt\u00e9rium &#8211; a v\u00e9r\u00e1ramba kiv\u00e1lasztott m\u00e9reganyagai r\u00e9v\u00e9n &#8211; a skarl\u00e1t, a l\u00e1zzal \u00e9s a teljes testet [&hellip;]<\/p>\n","protected":false},"featured_media":4709,"comment_status":"open","ping_status":"closed","template":"","meta":[],"product_brand":[],"product_cat":[33,32],"product_tag":[],"class_list":{"0":"post-4710","1":"product","2":"type-product","3":"status-publish","4":"has-post-thumbnail","6":"product_cat-egeszseg-medalok","7":"product_cat-triomed","9":"first","10":"instock","11":"taxable","12":"shipping-taxable","13":"purchasable","14":"product-type-simple"},"_links":{"self":[{"href":"https:\/\/vetomshop.hu\/da\/wp-json\/wp\/v2\/product\/4710","targetHints":{"allow":["GET"]}}],"collection":[{"href":"https:\/\/vetomshop.hu\/da\/wp-json\/wp\/v2\/product"}],"about":[{"href":"https:\/\/vetomshop.hu\/da\/wp-json\/wp\/v2\/types\/product"}],"replies":[{"embeddable":true,"href":"https:\/\/vetomshop.hu\/da\/wp-json\/wp\/v2\/comments?post=4710"}],"wp:featuredmedia":[{"embeddable":true,"href":"https:\/\/vetomshop.hu\/da\/wp-json\/wp\/v2\/media\/4709"}],"wp:attachment":[{"href":"https:\/\/vetomshop.hu\/da\/wp-json\/wp\/v2\/media?parent=4710"}],"wp:term":[{"taxonomy":"product_brand","embeddable":true,"href":"https:\/\/vetomshop.hu\/da\/wp-json\/wp\/v2\/product_brand?post=4710"},{"taxonomy":"product_cat","embeddable":true,"href":"https:\/\/vetomshop.hu\/da\/wp-json\/wp\/v2\/product_cat?post=4710"},{"taxonomy":"product_tag","embeddable":true,"href":"https:\/\/vetomshop.hu\/da\/wp-json\/wp\/v2\/product_tag?post=4710"}],"curies":[{"name":"wp","href":"https:\/\/api.w.org\/{rel}","templated":true}]}}