{"id":4714,"date":"2023-11-11T14:33:54","date_gmt":"2023-11-11T13:33:54","guid":{"rendered":"https:\/\/vetomshop.hu\/termek\/triomed-compact\/"},"modified":"2023-11-11T14:33:54","modified_gmt":"2023-11-11T13:33:54","slug":"triomed-compact","status":"publish","type":"product","link":"https:\/\/vetomshop.hu\/da\/vare\/triomed-compact\/","title":{"rendered":"Triomed kompakt"},"content":{"rendered":"<h4>Smertelindring, reduktion af inflammation, genoptr\u00e6ning, kiropraktik, f\u00f8rstehj\u00e6lp, kroniske sygdomme, elektrosmog, stress, lysterapi<\/h4>\n<p>Innovationssystem til sundhedsbeskyttelse og -genopretning <strong>Triomed kompakt.<\/strong><\/p>\n<p>Vi h\u00f8rer n\u00e6sten dagligt, at vores milj\u00f8 er blevet mere og mere aggressivt.<\/p>\n<p>Kemikalier i mad og vand, luftforurening og det stadig hurtigere tempo i livet s\u00e6tter vores kroppe under alvorligt pres. Civilisationssygdomme, som er et resultat af \u00e6ndrede milj\u00f8faktorer og kostvaner, arbejdsforhold og stress, kan ogs\u00e5 give anledning til alvorlig bekymring. At helbrede dem er en stor udfordring for l\u00e6gerne, som ofte st\u00e5r hj\u00e6lpel\u00f8se over for denne udfordring. Efter langvarige unders\u00f8gelser f\u00e5r vi ofte et godt (eller rettere d\u00e5rligt) klingende latinsk navn for diagnosen og r\u00e5des til at leve med den.<\/p>\n<p>Men er det behageligt at leve et liv i s\u00e5dan en ulykkelig tilstand, hvor man tilbringer \u00e5rtier mellem sygdom og d\u00f8d? Hvor meget smerte, resignation, energi, penge, tid og skuffelse f\u00f8lger ikke patienten undervejs? Hvor mange uopfyldte planer, m\u00e5l, karrierer og \u00f8nsker smides v\u00e6k, fordi det hele fra da af handler om sygdommen?<\/p>\n<div class=\"su-spoiler su-spoiler-style-defoult su-spoiler-icon-caret su-spoiler-closed\" data-scroll-offset=\"0\" data-anchor-in-url=\"no\"><div class=\"su-spoiler-title\" tabindex=\"0\" role=\"button\"><span class=\"su-spoiler-icon\"><\/span>Alle<\/div><div class=\"su-spoiler-content su-u-clearfix su-u-trim\">\n<p>Sp\u00f8rgsm\u00e5let: Kan vi v\u00e6re sunde, hvis vi ikke \u00e6ndrer os?<\/p>\n<p>Om de grundl\u00e6ggende \u00e5rsager til sygdomme og kun delvise l\u00f8sninger?<\/p>\n<p>Svaret er klart NEJ! L\u00e6r et komplekst system at kende, som er unikt i sin art!<\/p>\n<p>Vores v\u00e6rkt\u00f8jer kan behandle dine sygdomme, forbedre din livskvalitet, hj\u00e6lpe dig med at tilpasse dig et skiftende og evigt foranderligt milj\u00f8 og \u00e6ndre det.<\/p>\n<p>Ikke kun i tilf\u00e6lde af forskellige sygdomme, smerter, bet\u00e6ndelser, autoimmune processer, d\u00e5rligt hum\u00f8r kan vi opn\u00e5 fremragende resultater, men ogs\u00e5 fjerne de grundl\u00e6ggende \u00e5rsager! Alt dette g\u00f8res ved, at enheden kommunikerer med din krop, og hver impuls er et svar p\u00e5 din aktuelle tilstand.<\/p>\n<p>Biofeedback - radiofrekvensomr\u00e5de.<\/p>\n<p>Systemisk sundhedsbeskyttelse! Unik tilgang!<\/p>\n<p>Med et tryk p\u00e5 en knap:<\/p>\n<ul>\n<li>Forbedr dit \u00f8kologiske milj\u00f8 - millimeterterapi p\u00e5 tv\u00e6rs af pladsen,<\/li>\n<li>Forbedrer kvaliteten af vand og mad - genopretter regelm\u00e6ssigheden af vand og vand i mad, hvilket reducerer skadelige virkninger.<\/li>\n<li>Det afhj\u00e6lper stress p\u00e5 arbejdet og andre steder og \u00f8ger vores modstandskraft.<\/li>\n<\/ul>\n<p>N\u00e6ste skridt: Anvend det som en kur til at l\u00f8se dine problemer!<\/p>\n<p>Triomed Compact - den professionelle!<\/p>\n<p><strong>Erfaring:<\/strong> Jeg har ogs\u00e5 haft rigtig gode erfaringer med Triomed og Compact. N\u00e5r vi blev syge, blev vi helt helbredt for selv de mest genstridige bakterier p\u00e5 to eller tre dage uden medicin. Jeg er gravid, og ved en af mine ultralydsunders\u00f8gelser fandt l\u00e6gen en cyste i kraniet p\u00e5 vores barn. Han forsikrede mig om, at intet ville g\u00e5 galt, og jeg var helt rolig, fordi jeg vidste, at cysten ville v\u00e6re helt v\u00e6k efter nogle f\u00e5 behandlinger. Og det gjorde den!!! Jeg ville bestemt ikke have v\u00e6ret en rolig mor, hvis jeg ikke havde kendt til eksistensen af disse apparater. Jeg er s\u00e5 glad for, at jeg fandt disse apparater, f\u00f8r barnet skulle f\u00f8des.<\/p>\n<p>V\u00e6r opm\u00e6rksom! Apparatet er ikke en erstatning for medicinsk behandling!<\/p>\n<p>Hver tilstand implementerer et specifikt program<\/p>\n<p>TRIOMED COMPACT FUNGERER I OTTE TILSTANDE.<\/p>\n<p>Hver tilstand implementerer et specifikt, unikt program.<\/p>\n<\/div><\/div>","protected":false},"excerpt":{"rendered":"<p>F\u00e1jdalomcsillap\u00edt\u00e1s, gyullad\u00e1s cs\u00f6kkent\u00e9s, lugos\u00edt\u00e1s, rehabilit\u00e1ci\u00f3, oki kezel\u00e9s, els\u0151seg\u00e9ly, kr\u00f3nikus betegs\u00e9gek, elektroszmog, stressz, f\u00e9nyter\u00e1pia Az eg\u00e9szs\u00e9g v\u00e9delm\u00e9nek \u00e9s vissza\u00e1ll\u00edt\u00e1s\u00e1nak innov\u00e1ci\u00f3s rendszere \u2013 Triomed compact. Szinte naponta hallunk arr\u00f3l, hogy k\u00f6rnyezet\u00fcnk egyre agressz\u00edvebb\u00e9 v\u00e1lt. Az \u00e9lelmiszerekben \u00e9s a v\u00edzben tal\u00e1lhat\u00f3 vegyszerek, a leveg\u0151 szennyezetts\u00e9ge, az egyre gyorsabb \u00e9lettemp\u00f3 komoly kih\u00edv\u00e1sok el\u00e9 \u00e1ll\u00edtja szervezet\u00fcnket. Komoly aggodalomra adhatnak okot [&hellip;]<\/p>\n","protected":false},"featured_media":4713,"comment_status":"open","ping_status":"closed","template":"","meta":[],"product_brand":[],"product_cat":[34,32],"product_tag":[],"class_list":{"0":"post-4714","1":"product","2":"type-product","3":"status-publish","4":"has-post-thumbnail","6":"product_cat-keszulekek","7":"product_cat-triomed","9":"first","10":"instock","11":"taxable","12":"shipping-taxable","13":"purchasable","14":"product-type-simple"},"_links":{"self":[{"href":"https:\/\/vetomshop.hu\/da\/wp-json\/wp\/v2\/product\/4714","targetHints":{"allow":["GET"]}}],"collection":[{"href":"https:\/\/vetomshop.hu\/da\/wp-json\/wp\/v2\/product"}],"about":[{"href":"https:\/\/vetomshop.hu\/da\/wp-json\/wp\/v2\/types\/product"}],"replies":[{"embeddable":true,"href":"https:\/\/vetomshop.hu\/da\/wp-json\/wp\/v2\/comments?post=4714"}],"wp:featuredmedia":[{"embeddable":true,"href":"https:\/\/vetomshop.hu\/da\/wp-json\/wp\/v2\/media\/4713"}],"wp:attachment":[{"href":"https:\/\/vetomshop.hu\/da\/wp-json\/wp\/v2\/media?parent=4714"}],"wp:term":[{"taxonomy":"product_brand","embeddable":true,"href":"https:\/\/vetomshop.hu\/da\/wp-json\/wp\/v2\/product_brand?post=4714"},{"taxonomy":"product_cat","embeddable":true,"href":"https:\/\/vetomshop.hu\/da\/wp-json\/wp\/v2\/product_cat?post=4714"},{"taxonomy":"product_tag","embeddable":true,"href":"https:\/\/vetomshop.hu\/da\/wp-json\/wp\/v2\/product_tag?post=4714"}],"curies":[{"name":"wp","href":"https:\/\/api.w.org\/{rel}","templated":true}]}}