{"id":4716,"date":"2023-11-11T14:33:55","date_gmt":"2023-11-11T13:33:55","guid":{"rendered":"https:\/\/vetomshop.hu\/termek\/triomed-mmw\/"},"modified":"2023-11-11T14:33:55","modified_gmt":"2023-11-11T13:33:55","slug":"triomed-mmw","status":"publish","type":"product","link":"https:\/\/vetomshop.hu\/da\/vare\/triomed-mmw\/","title":{"rendered":"Triomed MMW"},"content":{"rendered":"<h4>TRIOMED UNIVERSAL - SYGDOMSSPECIALISTEN<\/h4>\n<p>Hvad er n\u00f8glen til helbredelse? Hvad er l\u00f8sningen p\u00e5 de utallige sundhedsproblemer?<\/p>\n<p>Svaret er enkelt, men l\u00f8sningen kunne kun findes i nutidens moderne verden af it-opfindelser, da der blev skabt en superhurtig halvlederbaseret SiGe-generator, som genererer signaler, der er identiske med dem fra celler og organismer. Denne innovation har muliggjort biologisk kommunikation mellem en enhed og et menneske. Den medicinske innovation er blevet patenteret som BioTrEM-teknologi.<br \/>\nLad os se p\u00e5 et hverdagseksempel. Enhver sundhedsprofessionel ved, at selv om onkel Hans og tante Grete begge har forh\u00f8jet blodtryk, er den eneste lighed mellem de to personers tilstand deres symptomer. De har intet til f\u00e6lles, hverken i deres debut eller i andre parametre som alder, k\u00f8n, historie, \u00e5rsag eller sygdomsforl\u00f8b. Men begge personer tager den samme medicin, fordi behandlerne indtil nu ikke har haft mulighed for at behandle de to personer forskelligt.<\/p>\n<p>Triomed Universal-enheden er unik, fordi den behandler hver person forskelligt takket v\u00e6re dens sygdomsspecifikke emittere, der kan tilsluttes, f.eks. den s\u00e6rlige kardiologiske emitter, som koordineres med patienten i hvert \u00f8jeblik af behandlingen. Frekvensen p\u00e5 Cardiology Connectable to Triomed Universal svarer til den sunde frekvens i det kardiovaskul\u00e6re system og bruger disse subtile signaler til at tune kroppen tilbage til en sund funktion. Det g\u00f8r behandlingen personlig, idet den tilpasser sig de \u00e6ndringer, der sker i en persons krop, og er p\u00e5 linje med den i hvert \u00f8jeblik.<\/p>\n<div class=\"su-spoiler su-spoiler-style-defoult su-spoiler-icon-caret su-spoiler-closed\" data-scroll-offset=\"0\" data-anchor-in-url=\"no\"><div class=\"su-spoiler-title\" tabindex=\"0\" role=\"button\"><span class=\"su-spoiler-icon\"><\/span>Alle<\/div><div class=\"su-spoiler-content su-u-clearfix su-u-trim\">\n<p><strong>Biofeedback i radiofrekvensomr\u00e5det!<\/strong><\/p>\n<p>Denne innovative opfindelse er det, der g\u00f8r denne serie s\u00e5 unik og s\u00e5 effektiv!<\/p>\n<p>T\u00e6nk over det: Kender vi et apparat, som f\u00f8lger alle vores bev\u00e6gelser, som styres automatisk af os, uafh\u00e6ngigt af vores bevidsthed, og som - lad os v\u00e6re \u00e6rlige! - kan bedrage os?!<\/p>\n<p>TRIOMED UNIVERSAL har to topmoderne emittere i grundpakken, som kan bruges b\u00e5de til behandling og forebyggelse af sygdomme. Apparatet kan aktivere et stort antal programmer og underprogrammer - n\u00e6sten tusind. Til dette form\u00e5l kan enheden udvides med 11 plug-in-hoveder efter behov, hvilket tilf\u00f8jer nye funktioner og muligheder til den grundl\u00e6ggende enhed. Et fremragende v\u00e6rkt\u00f8j for l\u00e6ger, sundhedsinstitutioner, healere og den perfekte tilf\u00f8jelse til dit hjemmeapotek!<\/p>\n<p><strong>Den er nem at bruge, man kan sige: en leg!<\/strong><\/p>\n<p>Apparatet er klassificeret som et aktivt medicinsk udstyr til elektromagnetisk stimulering, der er beregnet til forebyggelse og behandling af patologiske tilstande ved at anvende lavintensiv, ekstrem h\u00f8jfrekvent og infrar\u00f8d (IV) elektromagnetisk str\u00e5ling gennem huden. Det hj\u00e6lper med at fremskynde helingsprocessen, reducere m\u00e6ngden og bivirkningerne af medicin og opn\u00e5 positive kliniske resultater hos patienter med d\u00e5rlig tolerance over for medicin. Apparatet kan bruges p\u00e5 sundhedsinstitutioner eller i hjemmet.<br \/>\nApparatet har antiinflammatoriske, smertestillende og \u00f8demd\u00e6mpende virkninger. Andre klinisk-fysiologiske virkninger viser sig i cellefornyelsesprocesser, forbedring af kroppens modstandskraft, forbedring af h\u00e6modynamikken, stresslindring og normalisering af reguleringen af det autonome nervesystem.<\/p>\n<\/div><\/div>","protected":false},"excerpt":{"rendered":"<p>TRIOMED UNIVERSAL \u2013 A BETEGS\u00c9GEK SPECIALIST\u00c1JA Mi a gy\u00f3gyul\u00e1s kulcsa? Mi lenne a megold\u00e1s a sz\u00e1mtalan eg\u00e9szs\u00e9g\u00fcgyi probl\u00e9m\u00e1ra? A v\u00e1lasz egyszer\u0171, de a megold\u00e1s csak a mai modern, informatikai tal\u00e1lm\u00e1nyokkal b\u0151velked\u0151 vil\u00e1gunkban tudott megval\u00f3sulni, mikor is siker\u00fclt l\u00e9trehozni egy olyan szupergyors f\u00e9lvezet\u0151 SiGe alap\u00fa gener\u00e1tort, mely a sejtekkel, szervezettel azonos jeleket gener\u00e1l. Ennek az innov\u00e1ci\u00f3nak [&hellip;]<\/p>\n","protected":false},"featured_media":4715,"comment_status":"open","ping_status":"closed","template":"","meta":[],"product_brand":[],"product_cat":[34,32],"product_tag":[],"class_list":{"0":"post-4716","1":"product","2":"type-product","3":"status-publish","4":"has-post-thumbnail","6":"product_cat-keszulekek","7":"product_cat-triomed","9":"first","10":"instock","11":"taxable","12":"shipping-taxable","13":"purchasable","14":"product-type-simple"},"_links":{"self":[{"href":"https:\/\/vetomshop.hu\/da\/wp-json\/wp\/v2\/product\/4716","targetHints":{"allow":["GET"]}}],"collection":[{"href":"https:\/\/vetomshop.hu\/da\/wp-json\/wp\/v2\/product"}],"about":[{"href":"https:\/\/vetomshop.hu\/da\/wp-json\/wp\/v2\/types\/product"}],"replies":[{"embeddable":true,"href":"https:\/\/vetomshop.hu\/da\/wp-json\/wp\/v2\/comments?post=4716"}],"wp:featuredmedia":[{"embeddable":true,"href":"https:\/\/vetomshop.hu\/da\/wp-json\/wp\/v2\/media\/4715"}],"wp:attachment":[{"href":"https:\/\/vetomshop.hu\/da\/wp-json\/wp\/v2\/media?parent=4716"}],"wp:term":[{"taxonomy":"product_brand","embeddable":true,"href":"https:\/\/vetomshop.hu\/da\/wp-json\/wp\/v2\/product_brand?post=4716"},{"taxonomy":"product_cat","embeddable":true,"href":"https:\/\/vetomshop.hu\/da\/wp-json\/wp\/v2\/product_cat?post=4716"},{"taxonomy":"product_tag","embeddable":true,"href":"https:\/\/vetomshop.hu\/da\/wp-json\/wp\/v2\/product_tag?post=4716"}],"curies":[{"name":"wp","href":"https:\/\/api.w.org\/{rel}","templated":true}]}}