{"id":4724,"date":"2023-11-11T14:33:57","date_gmt":"2023-11-11T13:33:57","guid":{"rendered":"https:\/\/vetomshop.hu\/termek\/gyulladascsokkento-jelado\/"},"modified":"2023-11-11T14:33:57","modified_gmt":"2023-11-11T13:33:57","slug":"gyulladascsokkento-jelado","status":"publish","type":"product","link":"https:\/\/vetomshop.hu\/da\/vare\/gyulladascsokkento-jelado\/","title":{"rendered":"Anti-inflammatorisk fyrt\u00e5rn"},"content":{"rendered":"<h4>Anti-inflammatorisk radiator, nr. 26.<\/h4>\n<p>Driftstid: 13 minutter<\/p>\n<p><strong>P\u00e5virkning:<\/strong><\/p>\n<p>Det virker p\u00e5 immunsystemet med en frekvens, der svarer til frekvensen i lymfesystemet og nogle strukturer i det autonome nervesystem (perifere, segmentale og suprasegmentale k\u00e6der).<\/p>\n<ul>\n<li>Forbedrer lymfecirkulationen,<\/li>\n<li>kvaliteten af lymfocytter,<\/li>\n<li>fremskynder udskillelsen af giftige stoffer fra den intercellul\u00e6re v\u00e6ske,<\/li>\n<li>Fremskynder s\u00e5rheling, celle- og v\u00e6vsregenerering,<\/li>\n<li>hj\u00e6lper med at afgifte kroppen,<\/li>\n<li>har en \u00f8demd\u00e6mpende effekt,<\/li>\n<li>smertestillende effekt,<\/li>\n<li>Immunforsvarsstyrkende effekt,<\/li>\n<li>anti-inflammatorisk effekt,<\/li>\n<li>eliminerer ardannelse,<\/li>\n<li>aktiverer knoglemarvens funktion,<\/li>\n<li>\u00f8ger kroppens modstandskraft,<\/li>\n<li>strukturer vand.<\/li>\n<\/ul>\n<div class=\"su-spoiler su-spoiler-style-defoult su-spoiler-icon-caret su-spoiler-closed\" data-scroll-offset=\"0\" data-anchor-in-url=\"no\"><div class=\"su-spoiler-title\" tabindex=\"0\" role=\"button\"><span class=\"su-spoiler-icon\"><\/span>Alle<\/div><div class=\"su-spoiler-content su-u-clearfix su-u-trim\">\n<p>Anbefalede anvendelsesomr\u00e5der: lymfatiske overfladezoner, lymfeknudeprojektioner, s\u00e5roverflader, biologisk aktive steder (BAT).<\/p>\n<p>G\u00e6lder for:<\/p>\n<ul>\n<li>at afgifte kroppen<\/li>\n<li>fremskynde regenerationsprocessen efter operation eller brud<\/li>\n<li>normalisering af blodtal efter kemoterapi og str\u00e5lebehandling<\/li>\n<li>i rehabiliteringsfasen efter alvorlige sygdomme og fysisk anstrengelse<\/li>\n<li>regulering af immunsystemet ved akutte og kroniske sygdomme<\/li>\n<li>nedsat lymfecirkulation af forskellige \u00e5rsager (herunder \u00f8demer), inflammatoriske processer<\/li>\n<li>i kosmetik: forbedrer hudens lymfecirkulation<\/li>\n<li>eliminering af forgiftning af forskellige \u00e5rsager (alkohol, narkotika, mad, kemikalier, alvorlig sygdom)<\/li>\n<li>i allergiske reaktioner.<\/li>\n<\/ul>\n<\/div><\/div>","protected":false},"excerpt":{"rendered":"<p>Gyullad\u00e1scs\u00f6kkent\u0151 sug\u00e1rz\u00f3, 26. sz. M\u0171k\u00f6d\u00e9s\u00e9nek ideje: 13 perc Hat\u00e1sa: Hat az immunrendszerre, rezg\u00e9se megegyezik a nyirokrendszer frekvenci\u00e1j\u00e1val, valamint a vegetat\u00edv idegrendszer n\u00e9h\u00e1ny strukt\u00far\u00e1j\u00e1val (perif\u00e9ri\u00e1s, szegment\u00e1lis, szegmens feletti l\u00e1ncok). Jav\u00edtja a nyirokkering\u00e9st, a limfocit\u00e1k min\u0151s\u00e9g\u00e9t, gyors\u00edtja a toxikus anyagok ki\u00fcr\u00edt\u00e9s\u00e9t a sejtk\u00f6zti folyad\u00e9kb\u00f3l, gyors\u00edtja a sebek begy\u00f3gyul\u00e1s\u00e1t, a sejtek \u00e9s sz\u00f6vetek regener\u00e1l\u00f3d\u00e1s\u00e1t, el\u0151seg\u00edti a szervezet m\u00e9regtelen\u00edt\u00e9s\u00e9t, [&hellip;]<\/p>\n","protected":false},"featured_media":4723,"comment_status":"open","ping_status":"closed","template":"","meta":[],"product_brand":[],"product_cat":[35,32],"product_tag":[],"class_list":{"0":"post-4724","1":"product","2":"type-product","3":"status-publish","4":"has-post-thumbnail","6":"product_cat-csatlakoztathato-jeladok","7":"product_cat-triomed","9":"first","10":"instock","11":"taxable","12":"shipping-taxable","13":"purchasable","14":"product-type-simple"},"_links":{"self":[{"href":"https:\/\/vetomshop.hu\/da\/wp-json\/wp\/v2\/product\/4724","targetHints":{"allow":["GET"]}}],"collection":[{"href":"https:\/\/vetomshop.hu\/da\/wp-json\/wp\/v2\/product"}],"about":[{"href":"https:\/\/vetomshop.hu\/da\/wp-json\/wp\/v2\/types\/product"}],"replies":[{"embeddable":true,"href":"https:\/\/vetomshop.hu\/da\/wp-json\/wp\/v2\/comments?post=4724"}],"wp:featuredmedia":[{"embeddable":true,"href":"https:\/\/vetomshop.hu\/da\/wp-json\/wp\/v2\/media\/4723"}],"wp:attachment":[{"href":"https:\/\/vetomshop.hu\/da\/wp-json\/wp\/v2\/media?parent=4724"}],"wp:term":[{"taxonomy":"product_brand","embeddable":true,"href":"https:\/\/vetomshop.hu\/da\/wp-json\/wp\/v2\/product_brand?post=4724"},{"taxonomy":"product_cat","embeddable":true,"href":"https:\/\/vetomshop.hu\/da\/wp-json\/wp\/v2\/product_cat?post=4724"},{"taxonomy":"product_tag","embeddable":true,"href":"https:\/\/vetomshop.hu\/da\/wp-json\/wp\/v2\/product_tag?post=4724"}],"curies":[{"name":"wp","href":"https:\/\/api.w.org\/{rel}","templated":true}]}}