{"id":4726,"date":"2023-11-11T14:33:58","date_gmt":"2023-11-11T13:33:58","guid":{"rendered":"https:\/\/vetomshop.hu\/termek\/infravoros-jelado\/"},"modified":"2023-11-11T14:33:58","modified_gmt":"2023-11-11T13:33:58","slug":"infravoros-jelado","status":"publish","type":"product","link":"https:\/\/vetomshop.hu\/da\/vare\/infravoros-jelado\/","title":{"rendered":"Infrar\u00f8dt fyrt\u00e5rn"},"content":{"rendered":"<h4>Infrar\u00f8d emitter IV<\/h4>\n<p>Infrar\u00f8d str\u00e5ling (IV-str\u00e5ling) - elektromagnetisk str\u00e5ling, en del af solens str\u00e5ler. IV-str\u00e5ler har antiinflammatoriske, antispasmodiske, dispergerende (absorberende) og smertestillende virkninger.<\/p>\n<p><strong>Fordelene ved Triomed Universal IV-radiatoren:<\/strong><\/p>\n<p>Takket v\u00e6re nye materialer og teknologier er det lykkedes os at skabe en lavintensiv pulserende, moduleret virkende IV-str\u00e5lingskilde, der arbejder i et specifikt program, som kan bruges til at ud\u00f8ve en energiinformerende effekt prim\u00e6rt p\u00e5 celleniveau - og p\u00e5 niveauet for cellens bestanddele.<\/p>\n<p>Det forsyner cellen med energi gennem resonans, som aktiverer de metaboliske processer og \u00f8ger energiniveauet i tilf\u00e6lde af iltmangel.<br \/>\nDisse processer hj\u00e6lper, ud over at v\u00e6re positive i sig selv, kroppen med at millimetere terapien og \u00f8ger i mange tilf\u00e6lde dens effektivitet.<\/p>\n<p>Brugen af IV-str\u00e5lebehandling er indiceret til: kroniske og postakutte (pr\u00e6akutte) ikke-purulente inflammatoriske indre organsygdomme, d\u00e5rligt helende s\u00e5r og s\u00e5r for\u00e5rsaget af trombose, smertefulde sygdomme i det perifere nervesystem, postoperativ behandling af forbr\u00e6ndinger og forfrysninger, vegetativ dysfunktion, sympathalgia.<\/p>\n<p>Kontraindikationer for brug af IV str\u00e5lebehandling: godartede eller ondartede neoplasmer, aktiv fase af tuberkulose, stadium III hypertension, bl\u00f8dning og grad IIIII kredsl\u00f8bssygdomme.<\/p>\n<div class=\"su-spoiler su-spoiler-style-defoult su-spoiler-icon-caret su-spoiler-closed\" data-scroll-offset=\"0\" data-anchor-in-url=\"no\"><div class=\"su-spoiler-title\" tabindex=\"0\" role=\"button\"><span class=\"su-spoiler-icon\"><\/span>Alle<\/div><div class=\"su-spoiler-content su-u-clearfix su-u-trim\"><strong>De vigtigste kliniske virkninger af Triomed Universal IV-bestr\u00e5leren:<\/strong><\/p>\n<ul>\n<li>forbedrer blodcirkulationen,<\/li>\n<li>normaliserer mikrocirkulationen,<\/li>\n<li>optimerer aktiviteten i nervesystemet, hormonsystemet og immunforsvaret,<\/li>\n<li>hj\u00e6lper med cellefornyelse.<\/li>\n<\/ul>\n<p><strong>S\u00e5dan bruger du den:<\/strong><\/p>\n<ul>\n<li>Den infrar\u00f8de lysdiode bruges til at p\u00e5virke de punkter og omr\u00e5der, der skal forberedes eller \u201evarmes op\u201d f\u00f8r den s\u00e6rlige millimeterbehandling. Behandlingen tager 5 minutter pr. omr\u00e5de.<\/li>\n<li>Det kan bruges til at fremme absorptionen af ar i 10 minutter om dagen i 2 uger.<\/li>\n<li>Til behandling af kroniske, langsomme inflammatoriske sygdomme (ved sygdommens fokus). Behandlingen varer 10 minutter, p\u00e5f\u00f8rt det ber\u00f8rte organ, i 2 uger.<\/li>\n<li>Ved type II-diabetes for at fremme insulinf\u00f8lsomheden og for at fremme insulinproduktionen. Behandl projektionen af bugspytkirtlen i 5 minutter om dagen i 2 uger.<\/li>\n<li>For at fremme helingen af forskellige s\u00e5r og trofiske s\u00e5r anbefales det at behandle \u00f8jenomr\u00e5det og tumorernes fokus i 5 minutter i l\u00f8bet af 2 uger f\u00f8r millimeterbehandlingen.<\/li>\n<\/ul>\n<\/div><\/div>","protected":false},"excerpt":{"rendered":"<p>Infrav\u00f6r\u00f6s sug\u00e1rz\u00f3 IV Az infrav\u00f6r\u00f6s sug\u00e1rz\u00e1s (IV-sug\u00e1rz\u00e1s) \u2013 elektrom\u00e1gneses sug\u00e1rz\u00e1s, a Nap sugarainak r\u00e9sze. Az IV-sugarak gyullad\u00e1scs\u00f6kkent\u0151, g\u00f6rcsold\u00f3, sz\u00e9toszlat\u00f3 (felsz\u00edv\u00f3d\u00e1st el\u0151seg\u00edt\u0151), f\u00e1jdalomcsillap\u00edt\u00f3 hat\u00e1ssal rendelkeznek. A Triomed Universal k\u00e9sz\u00fcl\u00e9k IV-sug\u00e1rz\u00f3j\u00e1nak el\u0151nyei: Az \u00faj anyagoknak \u00e9s technol\u00f3gi\u00e1knak k\u00f6sz\u00f6nhet\u0151en siker\u00fclt l\u00e9trehozni olyan speci\u00e1lis programban m\u0171k\u00f6d\u0151 alacsony intenzit\u00e1s\u00fa pulz\u00e1l\u00f3, modul\u00e1lt hat\u00e1s\u00fa IV-sug\u00e1rz\u00f3t, mely seg\u00edts\u00e9g\u00e9vel els\u0151sorban energoinform\u00e1ci\u00f3s hat\u00e1st tudunk gyakorolni [&hellip;]<\/p>\n","protected":false},"featured_media":4725,"comment_status":"open","ping_status":"closed","template":"","meta":[],"product_brand":[],"product_cat":[35,32],"product_tag":[],"class_list":{"0":"post-4726","1":"product","2":"type-product","3":"status-publish","4":"has-post-thumbnail","6":"product_cat-csatlakoztathato-jeladok","7":"product_cat-triomed","9":"first","10":"instock","11":"taxable","12":"shipping-taxable","13":"purchasable","14":"product-type-simple"},"_links":{"self":[{"href":"https:\/\/vetomshop.hu\/da\/wp-json\/wp\/v2\/product\/4726","targetHints":{"allow":["GET"]}}],"collection":[{"href":"https:\/\/vetomshop.hu\/da\/wp-json\/wp\/v2\/product"}],"about":[{"href":"https:\/\/vetomshop.hu\/da\/wp-json\/wp\/v2\/types\/product"}],"replies":[{"embeddable":true,"href":"https:\/\/vetomshop.hu\/da\/wp-json\/wp\/v2\/comments?post=4726"}],"wp:featuredmedia":[{"embeddable":true,"href":"https:\/\/vetomshop.hu\/da\/wp-json\/wp\/v2\/media\/4725"}],"wp:attachment":[{"href":"https:\/\/vetomshop.hu\/da\/wp-json\/wp\/v2\/media?parent=4726"}],"wp:term":[{"taxonomy":"product_brand","embeddable":true,"href":"https:\/\/vetomshop.hu\/da\/wp-json\/wp\/v2\/product_brand?post=4726"},{"taxonomy":"product_cat","embeddable":true,"href":"https:\/\/vetomshop.hu\/da\/wp-json\/wp\/v2\/product_cat?post=4726"},{"taxonomy":"product_tag","embeddable":true,"href":"https:\/\/vetomshop.hu\/da\/wp-json\/wp\/v2\/product_tag?post=4726"}],"curies":[{"name":"wp","href":"https:\/\/api.w.org\/{rel}","templated":true}]}}