{"id":4730,"date":"2023-11-11T14:33:58","date_gmt":"2023-11-11T13:33:58","guid":{"rendered":"https:\/\/vetomshop.hu\/termek\/oxigenizalo-jelado\/"},"modified":"2023-11-11T14:33:58","modified_gmt":"2023-11-11T13:33:58","slug":"oxigenizalo-jelado","status":"publish","type":"product","link":"https:\/\/vetomshop.hu\/da\/vare\/oxigenizalo-jelado\/","title":{"rendered":"Iltningstransmitter"},"content":{"rendered":"<h4>Oxygen emitter, nr. 11.<\/h4>\n<p><strong>Driftstid:<\/strong> 10 minutter.<\/p>\n<p>B\u00f8lgel\u00e6ngden svarer til respirationsk\u00e6dens frekvenser (blodets h\u00e6moglobin, mitokondrier, fermenter), forbedrer ilttransport og -udnyttelse, \u00f8ger ATP-syntesen, fremmer cellul\u00e6r respiration i v\u00e6vet. Den lave frekvens svarer til immunsystemets frekvens.<\/p>\n<ul>\n<li>Forbedrer mikrocirkulationen,<\/li>\n<li>Det har en immunmodulerende effekt,<\/li>\n<li>Det reducerer iltmangel i v\u00e6v, ilter v\u00e6v, har en disaggregerende effekt (forhindrer sammenklumpning af erytrocytter og andre blodceller) og reducerer blodpropper,<\/li>\n<li>Det fremmer helingen af s\u00e5r,<\/li>\n<li>Det hj\u00e6lper med at fjerne ardannelse,<\/li>\n<li>Det har en smertestillende effekt,<\/li>\n<li>Det hj\u00e6lper med at afgifte kroppen,<\/li>\n<li>Antispasmodisk effekt,<\/li>\n<li>Fremmer bloddannelsen, normaliserer blodprocenten,<\/li>\n<li>forbedrer mikrocirkulationen,<\/li>\n<li>Det har en immunmodulerende effekt,<\/li>\n<li>Reducerer iltmangel i v\u00e6v, beriger v\u00e6v med ilt,<\/li>\n<li>Det har en disaggregerende effekt (forhindrer sammenklumpning af erytrocytter og andre blodceller) og reducerer blodpropper,<\/li>\n<li>Det fremmer helingen af s\u00e5r,<\/li>\n<li>Det hj\u00e6lper med at fjerne ardannelse,<\/li>\n<li>Det har en smertestillende effekt,<\/li>\n<li>Det hj\u00e6lper med at afgifte kroppen,<\/li>\n<li>Antispasmodisk effekt,<\/li>\n<li>Fremmer bloddannelsen, normaliserer blodprocenten,<\/li>\n<li>Det har en foryngende effekt,<\/li>\n<li>Det strukturerer vandet.<\/li>\n<\/ul>\n<div class=\"su-spoiler su-spoiler-style-defoult su-spoiler-icon-caret su-spoiler-closed\" data-scroll-offset=\"0\" data-anchor-in-url=\"no\"><div class=\"su-spoiler-title\" tabindex=\"0\" role=\"button\"><span class=\"su-spoiler-icon\"><\/span>Alle<\/div><div class=\"su-spoiler-content su-u-clearfix su-u-trim\">\n<p>Anbefalet anvendelsesomr\u00e5de: store blodkarzoner - vener, arterier, biologisk aktive punkter.<\/p>\n<p><strong>G\u00e6lder for:<\/strong><\/p>\n<ul>\n<li>at normalisere immunsystemet ved akutte og kroniske sygdomme,<\/li>\n<li>forbedre det generelle velbefindende, udholdenhed og koncentration i tilf\u00e6lde af fysisk og psykisk stress,<\/li>\n<li>forebyggelse af hjerteanfald og slagtilf\u00e6lde,<\/li>\n<li>pleje efter infarkt og slagtilf\u00e6lde,<\/li>\n<li>fremskynde regenereringsprocesser,<\/li>\n<li>behandling af s\u00e5r og postoperative ar,<\/li>\n<li>h\u00e5ndtering af frakturer,<\/li>\n<li>normalisering af blodprocenten,<\/li>\n<li>efter str\u00e5lebehandling,<\/li>\n<li>genoptr\u00e6ning efter alvorlig sygdom og h\u00e5rdt fysisk arbejde,<\/li>\n<li>stimulering af hjernecirkulationen,2<\/li>\n<li>i kosmetik: hj\u00e6lper huden med at optage n\u00e6ringsstoffer,<\/li>\n<li>til sportsfolk: \u00f8ger udholdenheden,<\/li>\n<li>hj\u00e6lper skoleb\u00f8rn og studerende med at l\u00e6re,<\/li>\n<li>for at modvirke de skadelige virkninger af computere,<\/li>\n<li>i behandlingen af stress og kronisk tr\u00e6thedssyndrom,<\/li>\n<li>inden for kosmetik for at forbedre hudens tilstand,<\/li>\n<li>behandling eller forebyggelse af dyresygdomme<\/li>\n<\/ul>\n<\/div><\/div>","protected":false},"excerpt":{"rendered":"<p>Oxig\u00e9n sug\u00e1rz\u00f3, 11. sz. M\u0171k\u00f6d\u00e9si ideje: 10 perc. A hull\u00e1mhossz megfelel a l\u00e9gz\u00e9si l\u00e1nc frekvenci\u00e1inak (a v\u00e9r hemoglobinja, mitokondriumok, fermentumok), javul az oxig\u00e9n sz\u00e1ll\u00edt\u00e1sa \u00e9s hasznos\u00edt\u00e1sa, n\u00f6vekszik ATP-szint\u00e9zis, el\u0151seg\u00edti a sz\u00f6vetben a sejtek l\u00e9gz\u00e9s\u00e9t. Az alacsony frekvencia megfelel az immunrendszer frekvenci\u00e1j\u00e1nak. Jav\u00edtja a mikrokering\u00e9st, Immun-modul\u00e1ci\u00f3s hat\u00e1sa van, Cs\u00f6kkenti az oxig\u00e9nhi\u00e1nyt a sz\u00f6vetekben, oxig\u00e9nnel d\u00fas\u00edtja a [&hellip;]<\/p>\n","protected":false},"featured_media":4729,"comment_status":"open","ping_status":"closed","template":"","meta":[],"product_brand":[],"product_cat":[35,32],"product_tag":[],"class_list":{"0":"post-4730","1":"product","2":"type-product","3":"status-publish","4":"has-post-thumbnail","6":"product_cat-csatlakoztathato-jeladok","7":"product_cat-triomed","9":"first","10":"instock","11":"taxable","12":"shipping-taxable","13":"purchasable","14":"product-type-simple"},"_links":{"self":[{"href":"https:\/\/vetomshop.hu\/da\/wp-json\/wp\/v2\/product\/4730","targetHints":{"allow":["GET"]}}],"collection":[{"href":"https:\/\/vetomshop.hu\/da\/wp-json\/wp\/v2\/product"}],"about":[{"href":"https:\/\/vetomshop.hu\/da\/wp-json\/wp\/v2\/types\/product"}],"replies":[{"embeddable":true,"href":"https:\/\/vetomshop.hu\/da\/wp-json\/wp\/v2\/comments?post=4730"}],"wp:featuredmedia":[{"embeddable":true,"href":"https:\/\/vetomshop.hu\/da\/wp-json\/wp\/v2\/media\/4729"}],"wp:attachment":[{"href":"https:\/\/vetomshop.hu\/da\/wp-json\/wp\/v2\/media?parent=4730"}],"wp:term":[{"taxonomy":"product_brand","embeddable":true,"href":"https:\/\/vetomshop.hu\/da\/wp-json\/wp\/v2\/product_brand?post=4730"},{"taxonomy":"product_cat","embeddable":true,"href":"https:\/\/vetomshop.hu\/da\/wp-json\/wp\/v2\/product_cat?post=4730"},{"taxonomy":"product_tag","embeddable":true,"href":"https:\/\/vetomshop.hu\/da\/wp-json\/wp\/v2\/product_tag?post=4730"}],"curies":[{"name":"wp","href":"https:\/\/api.w.org\/{rel}","templated":true}]}}