{"id":4732,"date":"2023-11-11T14:33:59","date_gmt":"2023-11-11T13:33:59","guid":{"rendered":"https:\/\/vetomshop.hu\/termek\/specialis-111-es-jelado\/"},"modified":"2024-07-31T10:25:20","modified_gmt":"2024-07-31T08:25:20","slug":"specialis-111-es-jelado","status":"publish","type":"product","link":"https:\/\/vetomshop.hu\/da\/vare\/specialis-111-es-jelado\/","title":{"rendered":"S\u00e6rligt 111-fyrt\u00e5rn"},"content":{"rendered":"<h4>Speciel 111 informationsoptagelses-emitter<\/h4>\n<p><strong>Driftstid for emitteren:<\/strong> 15 mp<\/p>\n<p>Form\u00e5let er at \u201eoptage\u201d information (det elektromagnetiske b\u00f8lgespektrum i et givet omr\u00e5de) og \u201eoverf\u00f8re\u201d den til en udvalgt informationsb\u00e6rer (f.eks. vand) eller en biologisk aktiv zone for at optimere de funktionelle reserver og \u00f8ge kroppens tilpasningsevne, som kan v\u00e6re blevet beskadiget af milj\u00f8skader, sygdom eller andre \u00e5rsager.<\/p>\n<p>For at \u201eoptage\u201d oplysningerne skal du tilslutte den 111. emitter til Triomed, bringe den t\u00e6t p\u00e5 objektet med den flade overflade og trykke p\u00e5 \u201eStart\u201d-knappen. Nedt\u00e6llingen starter - 15 sekunder. F\u00f8rst n\u00e5r den programmerede tid er g\u00e5et, skal du fjerne emitteren fra objektet. I l\u00f8bet af denne tid \u201egemmes\u201d objektinformationen p\u00e5 emitteren, som forbliver u\u00e6ndret, indtil emitteren tilsluttes str\u00f8mforsyningen (indtil enheden startes).<\/p>\n<div class=\"su-spoiler su-spoiler-style-defoult su-spoiler-icon-caret su-spoiler-closed\" data-scroll-offset=\"0\" data-anchor-in-url=\"no\"><div class=\"su-spoiler-title\" tabindex=\"0\" role=\"button\"><span class=\"su-spoiler-icon\"><\/span>Alle<\/div><div class=\"su-spoiler-content su-u-clearfix su-u-trim\">\nFor at \u201eoverf\u00f8re\u201d informationen til vandet skal du bringe emitteren s\u00e5 t\u00e6t p\u00e5 vandet som muligt (glasset m\u00e5 ikke v\u00e6re tykkere end 2 mm), og vandoverfladen skal v\u00e6re h\u00f8jere end emitterens \u00f8verste kant. Vandet skal v\u00e6re rent og fri for kulsyre og andre tils\u00e6tningsstoffer. Drik et par slurke af det tilberedte \u201einformationsvand\u201d med det samme - f\u00f8r du overf\u00f8rer det til en anden beholder eller opbevarer det i l\u00e6ngere tid.<\/p>\n<p>Hvis du vil beholde det oprindelige signal i lang tid for at forhindre utilsigtet tilslutning til Triomed, skal du markere senderen med et tydeligt tegn.<br \/>\n<\/div><\/div>","protected":false},"excerpt":{"rendered":"<p>Speci\u00e1lis 111 sz. inform\u00e1ci\u00f3t r\u00f6gz\u00edt\u0151 sug\u00e1rz\u00f3 A sug\u00e1rz\u00f3 m\u0171k\u00f6d\u00e9si ideje: 15 mp Rendeltet\u00e9se: az inform\u00e1ci\u00f3 (az adott tartom\u00e1ny elektrom\u00e1gneses hull\u00e1mspektrum\u00e1nak) \u201er\u00f6gz\u00edt\u00e9se\u201d, valamint \u201e\u00e1tvitele\u201d a kiv\u00e1lasztott inform\u00e1ci\u00f3hordoz\u00f3ra (pl. v\u00edzre) vagy biol\u00f3giailag akt\u00edv z\u00f3n\u00e1ra a funkcion\u00e1lis tartal\u00e9kok optimaliz\u00e1ci\u00f3ja \u00e9s a szervezet adapt\u00e1ci\u00f3s lehet\u0151s\u00e9geinek n\u00f6vel\u00e9se c\u00e9lj\u00e1b\u00f3l, melyek a k\u00f6rnyezet k\u00e1ros hat\u00e1sai, betegs\u00e9g, vagy egy\u00e9b okok miatt s\u00e9r\u00fcltek. Az [&hellip;]<\/p>\n","protected":false},"featured_media":4731,"comment_status":"open","ping_status":"closed","template":"","meta":[],"product_brand":[],"product_cat":[35,32],"product_tag":[],"class_list":{"0":"post-4732","1":"product","2":"type-product","3":"status-publish","4":"has-post-thumbnail","6":"product_cat-csatlakoztathato-jeladok","7":"product_cat-triomed","9":"first","10":"instock","11":"taxable","12":"shipping-taxable","13":"purchasable","14":"product-type-simple"},"_links":{"self":[{"href":"https:\/\/vetomshop.hu\/da\/wp-json\/wp\/v2\/product\/4732","targetHints":{"allow":["GET"]}}],"collection":[{"href":"https:\/\/vetomshop.hu\/da\/wp-json\/wp\/v2\/product"}],"about":[{"href":"https:\/\/vetomshop.hu\/da\/wp-json\/wp\/v2\/types\/product"}],"replies":[{"embeddable":true,"href":"https:\/\/vetomshop.hu\/da\/wp-json\/wp\/v2\/comments?post=4732"}],"wp:featuredmedia":[{"embeddable":true,"href":"https:\/\/vetomshop.hu\/da\/wp-json\/wp\/v2\/media\/4731"}],"wp:attachment":[{"href":"https:\/\/vetomshop.hu\/da\/wp-json\/wp\/v2\/media?parent=4732"}],"wp:term":[{"taxonomy":"product_brand","embeddable":true,"href":"https:\/\/vetomshop.hu\/da\/wp-json\/wp\/v2\/product_brand?post=4732"},{"taxonomy":"product_cat","embeddable":true,"href":"https:\/\/vetomshop.hu\/da\/wp-json\/wp\/v2\/product_cat?post=4732"},{"taxonomy":"product_tag","embeddable":true,"href":"https:\/\/vetomshop.hu\/da\/wp-json\/wp\/v2\/product_tag?post=4732"}],"curies":[{"name":"wp","href":"https:\/\/api.w.org\/{rel}","templated":true}]}}