{"id":4735,"date":"2023-11-11T14:33:59","date_gmt":"2023-11-11T13:33:59","guid":{"rendered":"https:\/\/vetomshop.hu\/termek\/szabalyozo-jelado\/"},"modified":"2025-04-14T17:42:09","modified_gmt":"2025-04-14T15:42:09","slug":"szabalyozo-jelado","status":"publish","type":"product","link":"https:\/\/vetomshop.hu\/da\/vare\/szabalyozo-jelado\/","title":{"rendered":"Regulatorisk sender"},"content":{"rendered":"<h4>Regulering af radiator, nr. 52.<\/h4>\n<p><strong>Driftstid for emitteren<\/strong>: 15 minutter<\/p>\n<p>Dens frekvens svarer til hormonsystemets frekvens.<\/p>\n<p><strong>P\u00e5virkning:<\/strong><\/p>\n<ul>\n<li>Genopretter hormonsystemet.<\/li>\n<li>Genopretter det centrale, perifere og autonome nervesystem.<\/li>\n<li>Forbedrer nervefibrenes evne til at overf\u00f8re impulser.<\/li>\n<li>Fremmer regenerering af nerveceller.<\/li>\n<li>Det har en immunforsvarsstyrkende effekt.<\/li>\n<li>Det har en generel foryngende effekt.<\/li>\n<li>Det strukturerer vandet.<\/li>\n<\/ul>\n<p>Anbefalet anvendelsesomr\u00e5de: fremspring af endokrine kirtler, fremspring af store blodkar, 15-14 minutter per BAP-punkt eller zone.<\/p>\n<div class=\"su-spoiler su-spoiler-style-defoult su-spoiler-icon-caret su-spoiler-closed\" data-scroll-offset=\"0\" data-anchor-in-url=\"no\"><div class=\"su-spoiler-title\" tabindex=\"0\" role=\"button\"><span class=\"su-spoiler-icon\"><\/span>Alle<\/div><div class=\"su-spoiler-content su-u-clearfix su-u-trim\">\n<strong>G\u00e6lder for:<\/strong><\/p>\n<ul>\n<li>for vegetative lidelser,<\/li>\n<li>til kompleks behandling af det endokrine system og nervesystemet,<\/li>\n<li>inden for neurovidenskab,<\/li>\n<li>i behandlingen af allergiske sygdomme,<\/li>\n<li>i den komplekse behandling af \u00e5reknuder,<\/li>\n<li>i behandlingen af kronisk tr\u00e6thedssyndrom,<\/li>\n<li>kontrollere symptomerne p\u00e5 overgangsalderen hos b\u00e5de kvinder og m\u00e6nd,<\/li>\n<li>til korrektion af calciummetabolismen, forebyggelse af osteoporose,<\/li>\n<li>til at korrigere immunforsvaret.<\/li>\n<\/ul>\n<\/div><\/div>","protected":false},"excerpt":{"rendered":"<p>Szab\u00e1lyz\u00f3 sug\u00e1rz\u00f3, 52. sz. A sug\u00e1rz\u00f3 m\u0171k\u00f6d\u00e9si ideje: 15 perc Frekvenci\u00e1ja a hormonrendszer frekvenci\u00e1j\u00e1nak felel meg. Hat\u00e1sa: Helyre\u00e1ll\u00edtja a hormonrendszer m\u0171k\u00f6d\u00e9s\u00e9t. Helyre\u00e1ll\u00edtja a k\u00f6zponti, a perif\u00e9ri\u00e1s, valamint a vegetat\u00edv idegrendszer munk\u00e1j\u00e1t. Jav\u00edtja az idegsz\u00e1lak impulzus-tov\u00e1bb\u00edt\u00f3 k\u00e9pess\u00e9g\u00e9t. El\u0151seg\u00edti az idegsejtek regener\u00e1ci\u00f3j\u00e1t. Immunrendszer er\u0151s\u00edt\u0151 hat\u00e1ssal b\u00edr. \u00c1ltal\u00e1nos fiatal\u00edt\u00f3 hat\u00e1s\u00fa. Struktur\u00e1lja a vizet. Aj\u00e1nlott alkalmaz\u00e1si fel\u00fclet: az endokrin [&hellip;]<\/p>\n","protected":false},"featured_media":4734,"comment_status":"open","ping_status":"closed","template":"","meta":[],"product_brand":[],"product_cat":[35,32],"product_tag":[],"class_list":{"0":"post-4735","1":"product","2":"type-product","3":"status-publish","4":"has-post-thumbnail","6":"product_cat-csatlakoztathato-jeladok","7":"product_cat-triomed","9":"first","10":"instock","11":"taxable","12":"shipping-taxable","13":"purchasable","14":"product-type-simple"},"_links":{"self":[{"href":"https:\/\/vetomshop.hu\/da\/wp-json\/wp\/v2\/product\/4735","targetHints":{"allow":["GET"]}}],"collection":[{"href":"https:\/\/vetomshop.hu\/da\/wp-json\/wp\/v2\/product"}],"about":[{"href":"https:\/\/vetomshop.hu\/da\/wp-json\/wp\/v2\/types\/product"}],"replies":[{"embeddable":true,"href":"https:\/\/vetomshop.hu\/da\/wp-json\/wp\/v2\/comments?post=4735"}],"wp:featuredmedia":[{"embeddable":true,"href":"https:\/\/vetomshop.hu\/da\/wp-json\/wp\/v2\/media\/4734"}],"wp:attachment":[{"href":"https:\/\/vetomshop.hu\/da\/wp-json\/wp\/v2\/media?parent=4735"}],"wp:term":[{"taxonomy":"product_brand","embeddable":true,"href":"https:\/\/vetomshop.hu\/da\/wp-json\/wp\/v2\/product_brand?post=4735"},{"taxonomy":"product_cat","embeddable":true,"href":"https:\/\/vetomshop.hu\/da\/wp-json\/wp\/v2\/product_cat?post=4735"},{"taxonomy":"product_tag","embeddable":true,"href":"https:\/\/vetomshop.hu\/da\/wp-json\/wp\/v2\/product_tag?post=4735"}],"curies":[{"name":"wp","href":"https:\/\/api.w.org\/{rel}","templated":true}]}}