{"id":4737,"date":"2023-11-11T14:33:59","date_gmt":"2023-11-11T13:33:59","guid":{"rendered":"https:\/\/vetomshop.hu\/termek\/trio-men-jelado\/"},"modified":"2023-11-11T14:33:59","modified_gmt":"2023-11-11T13:33:59","slug":"trio-men-jelado","status":"publish","type":"product","link":"https:\/\/vetomshop.hu\/da\/vare\/trio-men-jelado\/","title":{"rendered":"Fyrt\u00e5rn med tre m\u00e6nd"},"content":{"rendered":"<h4>S\u00e6rlig Trio-men-sender<\/h4>\n<p>For m\u00e6nd, nr. 23.<\/p>\n<p>Det er indiceret til: optimering af funktionelle reserver og kroppens evne til at tilpasse sig negative milj\u00f8p\u00e5virkninger, livsstil eller sygdom.<br \/>\nKategori af medarbejdere: m\u00e6nd.<\/p>\n<p><strong>P\u00e5virkning:<\/strong> generel k\u00f8nsspecifik forst\u00e6rkende effekt (psyko-emotionelt niveau, neurohumoral regulering).<\/p>\n<p><strong>Virkningsmekanisme:<\/strong> Programmet (b\u00e6refrekvens, lavfrekvensmodulation og amplitudeparametre) er specielt designet til det mandlige organ for at hj\u00e6lpe det, n\u00e5r det bruges i et system.<\/p>\n<p>Ved at bruge Trio-men 23. radiant cure kan vi normalisere trofiske og metaboliske processer i v\u00e6v og celler, regenerere deres struktur, forbedre kroppens funktion b\u00e5de systemisk og som helhed, \u00f8ge kroppens specifikke modstandskraft.<\/p>\n<p>De positive resultater skyldes bioresonans-feedback fra cellerne, det atomare fysiologiske system og det neuro-humorale reguleringssystem samt aktivering af tilpasningsmekanismen (generelt tilpasningssyndrom).<\/p>\n<div class=\"su-spoiler su-spoiler-style-defoult su-spoiler-icon-caret su-spoiler-closed\" data-scroll-offset=\"0\" data-anchor-in-url=\"no\"><div class=\"su-spoiler-title\" tabindex=\"0\" role=\"button\"><span class=\"su-spoiler-icon\"><\/span>Alle<\/div><div class=\"su-spoiler-content su-u-clearfix su-u-trim\">\n<strong>Anbefales til:<\/strong><\/p>\n<ol>\n<li>Ved nedsat arbejdsevne og hum\u00f8rsvingninger, psyko-emotionel ustabilitet, s\u00f8vnl\u00f8shed som f\u00f8lge af kronisk tr\u00e6thed.<\/li>\n<li>Prostatasygdomme, mandlig overgangsalder.<\/li>\n<li>Almindelig fork\u00f8lelse og influenza.<\/li>\n<li>Generel sv\u00e6kkelse af immunforsvaret efter alvorlig sygdom, til genoptr\u00e6ning<\/li>\n<\/ol>\n<\/div><\/div>","protected":false},"excerpt":{"rendered":"<p>Speci\u00e1lis Trio-men sug\u00e1rz\u00f3 F\u00e9rfiak sz\u00e1m\u00e1ra, 23. sz. Javallott: a funkcion\u00e1lis tartal\u00e9kok \u00e9s az emberi szervezet adapt\u00e1ci\u00f3s lehet\u0151s\u00e9geinek optimiz\u00e1l\u00e1s\u00e1hoz, melyek a negat\u00edv k\u00f6rnyezeti hat\u00e1sok, \u00e9letm\u00f3d vagy betegs\u00e9g k\u00f6vetkezt\u00e9ben l\u00e9ptek fel. Az alkalmaz\u00f3k kateg\u00f3ri\u00e1ja: f\u00e9rfiak. Hat\u00e1sa: a nemi hovatartoz\u00e1st figyelembe vev\u0151 \u00e1ltal\u00e1nos er\u0151s\u00edt\u0151 hat\u00e1s (pszichoemocion\u00e1lis szint, neurohumor\u00e1lis regul\u00e1ci\u00f3). Hat\u00e1smechanizmus: A program (hordoz\u00f3 frekvencia, alacsony frekvenci\u00e1j\u00fa modul\u00e1ci\u00f3 \u00e9s [&hellip;]<\/p>\n","protected":false},"featured_media":4736,"comment_status":"open","ping_status":"closed","template":"","meta":[],"product_brand":[],"product_cat":[35,32],"product_tag":[],"class_list":{"0":"post-4737","1":"product","2":"type-product","3":"status-publish","4":"has-post-thumbnail","6":"product_cat-csatlakoztathato-jeladok","7":"product_cat-triomed","9":"first","10":"instock","11":"taxable","12":"shipping-taxable","13":"purchasable","14":"product-type-simple"},"_links":{"self":[{"href":"https:\/\/vetomshop.hu\/da\/wp-json\/wp\/v2\/product\/4737","targetHints":{"allow":["GET"]}}],"collection":[{"href":"https:\/\/vetomshop.hu\/da\/wp-json\/wp\/v2\/product"}],"about":[{"href":"https:\/\/vetomshop.hu\/da\/wp-json\/wp\/v2\/types\/product"}],"replies":[{"embeddable":true,"href":"https:\/\/vetomshop.hu\/da\/wp-json\/wp\/v2\/comments?post=4737"}],"wp:featuredmedia":[{"embeddable":true,"href":"https:\/\/vetomshop.hu\/da\/wp-json\/wp\/v2\/media\/4736"}],"wp:attachment":[{"href":"https:\/\/vetomshop.hu\/da\/wp-json\/wp\/v2\/media?parent=4737"}],"wp:term":[{"taxonomy":"product_brand","embeddable":true,"href":"https:\/\/vetomshop.hu\/da\/wp-json\/wp\/v2\/product_brand?post=4737"},{"taxonomy":"product_cat","embeddable":true,"href":"https:\/\/vetomshop.hu\/da\/wp-json\/wp\/v2\/product_cat?post=4737"},{"taxonomy":"product_tag","embeddable":true,"href":"https:\/\/vetomshop.hu\/da\/wp-json\/wp\/v2\/product_tag?post=4737"}],"curies":[{"name":"wp","href":"https:\/\/api.w.org\/{rel}","templated":true}]}}