{"id":4739,"date":"2023-11-11T14:34:00","date_gmt":"2023-11-11T13:34:00","guid":{"rendered":"https:\/\/vetomshop.hu\/termek\/trio-women-jelado\/"},"modified":"2023-11-11T14:34:00","modified_gmt":"2023-11-11T13:34:00","slug":"trio-women-jelado","status":"publish","type":"product","link":"https:\/\/vetomshop.hu\/da\/vare\/trio-women-jelado\/","title":{"rendered":"Fyrt\u00e5rn med tre kvinder"},"content":{"rendered":"<h4>S\u00e6rlig radiator til trio-kvinder<\/h4>\n<p>For kvinder, nr. 8.<\/p>\n<p>Anbefales: for at optimere menneskekroppens funktionelle reserver og tilpasningsevne som f\u00f8lge af negative milj\u00f8p\u00e5virkninger, livsstil eller sygdom.<\/p>\n<p><strong>Anbefales til: <\/strong>for piger og kvinder.<\/p>\n<p><strong>P\u00e5virkning:<\/strong> generel sundhedsfremmende effekt under hensyntagen til den kvindelige organismes karakteristika (psyko-emotionel sf\u00e6re, neurohumoral regulering).<\/p>\n<p><strong>Virkningsmekanisme:<\/strong> Programmet (b\u00e6refrekvens, lavfrekvensmodulation og amplitudeparametre) er specielt designet til at hj\u00e6lpe kvindekroppen, n\u00e5r det bruges i et system.<\/p>\n<p>Anvendelsen af str\u00e5lebehandling i et behandlingsforl\u00f8b normaliserer trofiske og metaboliske processer i celler og v\u00e6v, regenererer dem, har en generel harmoniserende effekt p\u00e5 organer, organsystemer og kroppen som helhed og \u00f8ger kroppens uspecifikke modstandskraft. De positive resultater skyldes p\u00e5 den ene side bioresonans-feedback fra cellerne, det atomare fysiologiske system og det neurogumorale reguleringssystem og p\u00e5 den anden side aktivering af tilpasningsmekanismen (generelt tilpasningssyndrom).<\/p>\n<div class=\"su-spoiler su-spoiler-style-defoult su-spoiler-icon-caret su-spoiler-closed\" data-scroll-offset=\"0\" data-anchor-in-url=\"no\"><div class=\"su-spoiler-title\" tabindex=\"0\" role=\"button\"><span class=\"su-spoiler-icon\"><\/span>Alle<\/div><div class=\"su-spoiler-content su-u-clearfix su-u-trim\">\n<p><strong>Anbefales til:<\/strong><\/p>\n<ol>\n<li>Ved nedsat arbejdsevne og hum\u00f8rsvingninger, psyko-emotionel ustabilitet, s\u00f8vnl\u00f8shed som f\u00f8lge af kronisk tr\u00e6thed.<\/li>\n<li>Til behandling og forebyggelse af kvindelige k\u00f8nsforstyrrelser og de ubehagelige symptomer, der f\u00f8lger med overgangsalderen, og til at styrke fertiliteten og den seksuelle sundhed.<\/li>\n<li>Almindelig ved fork\u00f8lelse.<\/li>\n<li>Specifik forebyggelse af influenza og fork\u00f8lelse.<\/li>\n<li>Sv\u00e6kkelse af immunforsvaret under genoptr\u00e6ning eller rehabilitering efter sygdom.<\/li>\n<\/ol>\n<\/div><\/div>","protected":false},"excerpt":{"rendered":"<p>Speci\u00e1lis Trio-Women sug\u00e1rz\u00f3 N\u0151k sz\u00e1m\u00e1ra, 8.sz. Javasolt: a funkcion\u00e1lis tartal\u00e9kok \u00e9s az emberi szervezet adapt\u00e1ci\u00f3s lehet\u0151s\u00e9geinek optimiz\u00e1l\u00e1s\u00e1hoz, melyek a negat\u00edv k\u00f6rnyezeti hat\u00e1sok, \u00e9letm\u00f3d vagy betegs\u00e9g k\u00f6vetkezt\u00e9ben l\u00e9ptek fel. Aj\u00e1nlott: l\u00e1nyok, n\u0151k sz\u00e1m\u00e1ra. Hat\u00e1sa: a n\u0151i szervezet jellemz\u0151it figyelembe vev\u0151 (pszicho-emocion\u00e1lis szf\u00e9ra, neurohumor\u00e1lis szab\u00e1lyoz\u00e1s) \u00e1ltal\u00e1nos eg\u00e9szs\u00e9gmeger\u0151s\u00edt\u0151 hat\u00e1s. Hat\u00e1smechanizmus: A program (hordoz\u00f3 frekvencia, alacsony frekvenci\u00e1j\u00fa modul\u00e1ci\u00f3 \u00e9s [&hellip;]<\/p>\n","protected":false},"featured_media":4738,"comment_status":"open","ping_status":"closed","template":"","meta":[],"product_brand":[],"product_cat":[35,32],"product_tag":[],"class_list":{"0":"post-4739","1":"product","2":"type-product","3":"status-publish","4":"has-post-thumbnail","6":"product_cat-csatlakoztathato-jeladok","7":"product_cat-triomed","9":"first","10":"instock","11":"taxable","12":"shipping-taxable","13":"purchasable","14":"product-type-simple"},"_links":{"self":[{"href":"https:\/\/vetomshop.hu\/da\/wp-json\/wp\/v2\/product\/4739","targetHints":{"allow":["GET"]}}],"collection":[{"href":"https:\/\/vetomshop.hu\/da\/wp-json\/wp\/v2\/product"}],"about":[{"href":"https:\/\/vetomshop.hu\/da\/wp-json\/wp\/v2\/types\/product"}],"replies":[{"embeddable":true,"href":"https:\/\/vetomshop.hu\/da\/wp-json\/wp\/v2\/comments?post=4739"}],"wp:featuredmedia":[{"embeddable":true,"href":"https:\/\/vetomshop.hu\/da\/wp-json\/wp\/v2\/media\/4738"}],"wp:attachment":[{"href":"https:\/\/vetomshop.hu\/da\/wp-json\/wp\/v2\/media?parent=4739"}],"wp:term":[{"taxonomy":"product_brand","embeddable":true,"href":"https:\/\/vetomshop.hu\/da\/wp-json\/wp\/v2\/product_brand?post=4739"},{"taxonomy":"product_cat","embeddable":true,"href":"https:\/\/vetomshop.hu\/da\/wp-json\/wp\/v2\/product_cat?post=4739"},{"taxonomy":"product_tag","embeddable":true,"href":"https:\/\/vetomshop.hu\/da\/wp-json\/wp\/v2\/product_tag?post=4739"}],"curies":[{"name":"wp","href":"https:\/\/api.w.org\/{rel}","templated":true}]}}