{"id":4741,"date":"2023-11-11T14:34:00","date_gmt":"2023-11-11T13:34:00","guid":{"rendered":"https:\/\/vetomshop.hu\/termek\/sigma-medal\/"},"modified":"2023-11-11T14:34:00","modified_gmt":"2023-11-11T13:34:00","slug":"sigma-medal","status":"publish","type":"product","link":"https:\/\/vetomshop.hu\/da\/vare\/sigma-medal\/","title":{"rendered":"Sigma-medalje"},"content":{"rendered":"<p>A <strong>SIGMA Sundhedsmedalje<\/strong> er at genoprette h\u00e5rs\u00e6kkenes normale fysiologiske processer, at \u00f8ge deres modstandsdygtighed over for negative milj\u00f8faktorer og \u00f8get stress, at forl\u00e6nge h\u00e5rets v\u00e6kstfase og dermed \u00f8ge den samlede h\u00e5rt\u00e6thed.<\/p>\n<p><strong>Effekter:<\/strong><\/p>\n<ul>\n<li>normaliserer blodcirkulationen, immunforsvaret og stofskiftet i h\u00e5rs\u00e6kkene og forhindrer udviklingen af atrofi;<\/li>\n<li>reducerer sv\u00e6rhedsgraden af inflammatoriske processer i huden og h\u00e5rs\u00e6kkene;<\/li>\n<li>hj\u00e6lper med at normalisere de metaboliske processer i huden og kroppen som helhed; forebygger udviklingen af alopecia areata (pletvist h\u00e5rtab).<\/li>\n<\/ul>\n<p>SIGMA Health-vedh\u00e6nget har en positiv effekt p\u00e5 kroppens funktioner og kan bruges som et v\u00e6rkt\u00f8j til optimering og korrektion i kombination med andre behandlinger for alopecia areata (pletvist h\u00e5rtab).<br \/>\nog andre metoder til forebyggelse.<\/p>\n<div class=\"su-spoiler su-spoiler-style-defoult su-spoiler-icon-caret su-spoiler-closed\" data-scroll-offset=\"0\" data-anchor-in-url=\"no\"><div class=\"su-spoiler-title\" tabindex=\"0\" role=\"button\"><span class=\"su-spoiler-icon\"><\/span>Alle<\/div><div class=\"su-spoiler-content su-u-clearfix su-u-trim\">\n<p><strong>Typer af pletvist h\u00e5rtab:<\/strong><\/p>\n<p>Baseret p\u00e5 omfanget af h\u00e5rtabet inddeles pletvist h\u00e5rtab i f\u00f8lgende typer:<\/p>\n<ul>\n<li>Alopecia areata unilocularis: h\u00e5ret falder kun ud i \u00e9n plet<\/li>\n<li>Alopecia areata multilocularis: flere pletter med ardannelse<\/li>\n<li>Alopecia areata subtotalis: h\u00e5ret falder ud n\u00e6sten over hele hovedbunden3<\/li>\n<li>Alopecia areata totalis: alle h\u00e5rene falder ud af hovedbunden Alopecia areata universalis: h\u00e5rtab p\u00e5virker hovedbunden og hele kroppen<\/li>\n<li>Ophiasis-type: en specifik form for alopecia areata, der er kendetegnet ved, at h\u00e5ret hovedsageligt falder af i de ydre omr\u00e5der af hovedbunden, normalt p\u00e5 bagsiden af hovedet, nogle gange i nakken.<br \/>\nfra tindingerne eller panden.<\/li>\n<\/ul>\n<p>Ud over de typer, der er n\u00e6vnt ovenfor, kan SIGMA Medallion bruges i tilf\u00e6lde af h\u00e5rtab for\u00e5rsaget af kemoterapi, str\u00e5lebehandling eller endokrin dysfunktion.<\/p>\n<\/div><\/div>","protected":false},"excerpt":{"rendered":"<p>A SIGMA Eg\u00e9szs\u00e9g Med\u00e1l feladata a sz\u0151rt\u00fcsz\u0151k norm\u00e1l fiziol\u00f3giai folyamatainak helyre\u00e1ll\u00edt\u00e1sa, a kedvez\u0151tlen k\u00f6rnyezeti t\u00e9nyez\u0151kkel \u00e9s a megn\u00f6vekedett stresszterhel\u00e9ssel szembeni ellen\u00e1ll\u00f3 k\u00e9pess\u00e9g\u00fck n\u00f6vel\u00e9se, a hajn\u00f6veked\u00e9s szakasz\u00e1nak meghosszabb\u00edt\u00e1sa, ez\u00e1ltal a teljes hajs\u0171r\u0171s\u00e9g n\u00f6vel\u00e9se. Hat\u00e1sok: normaliz\u00e1lja a v\u00e9rkering\u00e9st, az immun\u00e1llapotot \u00e9s az anyagcser\u00e9t a sz\u0151rt\u00fcsz\u0151kben, megel\u0151zve az atr\u00f3fia kialakul\u00e1s\u00e1t; cs\u00f6kkenti a b\u0151r \u00e9s a sz\u0151rt\u00fcsz\u0151k gyullad\u00e1sos folyamatainak [&hellip;]<\/p>\n","protected":false},"featured_media":4740,"comment_status":"open","ping_status":"closed","template":"","meta":[],"product_brand":[],"product_cat":[33,32],"product_tag":[],"class_list":{"0":"post-4741","1":"product","2":"type-product","3":"status-publish","4":"has-post-thumbnail","6":"product_cat-egeszseg-medalok","7":"product_cat-triomed","9":"first","10":"instock","11":"taxable","12":"shipping-taxable","13":"purchasable","14":"product-type-simple"},"_links":{"self":[{"href":"https:\/\/vetomshop.hu\/da\/wp-json\/wp\/v2\/product\/4741","targetHints":{"allow":["GET"]}}],"collection":[{"href":"https:\/\/vetomshop.hu\/da\/wp-json\/wp\/v2\/product"}],"about":[{"href":"https:\/\/vetomshop.hu\/da\/wp-json\/wp\/v2\/types\/product"}],"replies":[{"embeddable":true,"href":"https:\/\/vetomshop.hu\/da\/wp-json\/wp\/v2\/comments?post=4741"}],"wp:featuredmedia":[{"embeddable":true,"href":"https:\/\/vetomshop.hu\/da\/wp-json\/wp\/v2\/media\/4740"}],"wp:attachment":[{"href":"https:\/\/vetomshop.hu\/da\/wp-json\/wp\/v2\/media?parent=4741"}],"wp:term":[{"taxonomy":"product_brand","embeddable":true,"href":"https:\/\/vetomshop.hu\/da\/wp-json\/wp\/v2\/product_brand?post=4741"},{"taxonomy":"product_cat","embeddable":true,"href":"https:\/\/vetomshop.hu\/da\/wp-json\/wp\/v2\/product_cat?post=4741"},{"taxonomy":"product_tag","embeddable":true,"href":"https:\/\/vetomshop.hu\/da\/wp-json\/wp\/v2\/product_tag?post=4741"}],"curies":[{"name":"wp","href":"https:\/\/api.w.org\/{rel}","templated":true}]}}