{"id":4743,"date":"2023-11-11T14:34:00","date_gmt":"2023-11-11T13:34:00","guid":{"rendered":"https:\/\/vetomshop.hu\/termek\/siker-medal\/"},"modified":"2023-11-11T14:34:00","modified_gmt":"2023-11-11T13:34:00","slug":"siker-medal","status":"publish","type":"product","link":"https:\/\/vetomshop.hu\/da\/vare\/siker-medal\/","title":{"rendered":"Succes-medalje"},"content":{"rendered":"<h4>Succesmedalje til b\u00f8rn<\/h4>\n<p><strong>Form\u00e5l:<\/strong><\/p>\n<p>Kognitive funktioner (kognitive processer)<\/p>\n<ol>\n<li>opm\u00e6rksomhed, observation<\/li>\n<li>detektion-detektion<\/li>\n<li>hukommelse<\/li>\n<li>t\u00e6nkefunktioner<\/li>\n<\/ol>\n<p>- som et supplerende v\u00e6rkt\u00f8j til at hj\u00e6lpe med at aktivere, modvirke l\u00e6ringstr\u00e6thed og forbedre det f\u00f8lelsesm\u00e6ssige velbefindende.<\/p>\n<p>Det underst\u00f8tter restitution efter en betydelig informationsoverbelastning og forebygger kronisk tr\u00e6thed og udmattelsessyndrom.<\/p>\n<div class=\"su-spoiler su-spoiler-style-defoult su-spoiler-icon-caret su-spoiler-closed\" data-scroll-offset=\"0\" data-anchor-in-url=\"no\"><div class=\"su-spoiler-title\" tabindex=\"0\" role=\"button\"><span class=\"su-spoiler-icon\"><\/span>Alle<\/div><div class=\"su-spoiler-content su-u-clearfix su-u-trim\">\n<h4>Kort beskrivelse<\/h4>\n<p>Oplysningerne p\u00e5 den elektroniske informationsb\u00e6rer - SIKER Health Medal - svarer til spektret af elektromagnetiske vibrationer i centralnervesystemets celler og v\u00e6v og vibrationerne (elektromagnetisk spektrum) af antihomotoksiske stoffer, der \u00f8ger den mentale arbejdskapacitet, antistress-stabilitet hos studerende og intellektuelle arbejdere og opretholder en optimal psyko-emotionel baggrund. De studerendes aktiviteter ledsages af en h\u00f8j intensitet af mentale processer under tidspres og h\u00f8j informationst\u00e6thed, som har karakter af stress. T\u00e6nkning involverer de aktive aspekter af kognition: opm\u00e6rksomhed, opfattelse, associationsprocesser, dannelse af begreber og evalueringer, en del af den sociale persons realistiske aktivitet.<\/p>\n<p>T\u00e6nkning er relateret til hjernens aktivitet, men evnen til at t\u00e6nke abstrakt kommer fra tilegnelsen af praktisk eksistens, sprogregler, logik og kultur. T\u00e6nkning finder sted i forskellige former for intellektuel og praktisk aktivitet, hvor menneskers kognitive erfaringer generaliseres og aggregeres. T\u00e6nkning anses for at v\u00e6re kilden til og det grundl\u00e6ggende middel i den virkelige menneskelige eksistens.<\/p>\n<\/div><\/div>","protected":false},"excerpt":{"rendered":"<p>Siker Med\u00e1l gyerekeknek Rendeltet\u00e9se: A kognit\u00edv funkci\u00f3k (megismer\u0151 folyamatok) &#8211; figyelem, megfigyel\u0151k\u00e9pess\u00e9g \u00e9rz\u00e9kel\u00e9s-\u00e9szlel\u00e9s eml\u00e9kezet gondolkod\u00e1si funkci\u00f3k &#8211; aktiv\u00e1l\u00e1s\u00e1t seg\u00edt\u0151, a tanul\u00e1st k\u00eds\u00e9r\u0151 f\u00e1radts\u00e1g ellens\u00falyoz\u00e1s\u00e1t \u00e9s az emocion\u00e1lis k\u00f6z\u00e9rzet jav\u00edt\u00e1s\u00e1t szolg\u00e1l\u00f3 kieg\u00e9sz\u00edt\u0151 eszk\u00f6z. T\u00e1mogatja a jelent\u0151s inform\u00e1ci\u00f3s megterhel\u00e9s ut\u00e1ni helyre\u00e1ll\u00edt\u00e1st, a kr\u00f3nikus f\u00e1radts\u00e1g \u00e9s kimer\u00fclts\u00e9g szindr\u00f3ma megel\u0151z\u00e9s\u00e9t.<\/p>","protected":false},"featured_media":4742,"comment_status":"open","ping_status":"closed","template":"","meta":[],"product_brand":[],"product_cat":[33,32],"product_tag":[],"class_list":{"0":"post-4743","1":"product","2":"type-product","3":"status-publish","4":"has-post-thumbnail","6":"product_cat-egeszseg-medalok","7":"product_cat-triomed","9":"first","10":"instock","11":"taxable","12":"shipping-taxable","13":"purchasable","14":"product-type-simple"},"_links":{"self":[{"href":"https:\/\/vetomshop.hu\/da\/wp-json\/wp\/v2\/product\/4743","targetHints":{"allow":["GET"]}}],"collection":[{"href":"https:\/\/vetomshop.hu\/da\/wp-json\/wp\/v2\/product"}],"about":[{"href":"https:\/\/vetomshop.hu\/da\/wp-json\/wp\/v2\/types\/product"}],"replies":[{"embeddable":true,"href":"https:\/\/vetomshop.hu\/da\/wp-json\/wp\/v2\/comments?post=4743"}],"wp:featuredmedia":[{"embeddable":true,"href":"https:\/\/vetomshop.hu\/da\/wp-json\/wp\/v2\/media\/4742"}],"wp:attachment":[{"href":"https:\/\/vetomshop.hu\/da\/wp-json\/wp\/v2\/media?parent=4743"}],"wp:term":[{"taxonomy":"product_brand","embeddable":true,"href":"https:\/\/vetomshop.hu\/da\/wp-json\/wp\/v2\/product_brand?post=4743"},{"taxonomy":"product_cat","embeddable":true,"href":"https:\/\/vetomshop.hu\/da\/wp-json\/wp\/v2\/product_cat?post=4743"},{"taxonomy":"product_tag","embeddable":true,"href":"https:\/\/vetomshop.hu\/da\/wp-json\/wp\/v2\/product_tag?post=4743"}],"curies":[{"name":"wp","href":"https:\/\/api.w.org\/{rel}","templated":true}]}}