{"id":4751,"date":"2023-11-11T14:34:02","date_gmt":"2023-11-11T13:34:02","guid":{"rendered":"https:\/\/vetomshop.hu\/termek\/vita-medal\/"},"modified":"2023-11-11T14:34:02","modified_gmt":"2023-11-11T13:34:02","slug":"vita-medal","status":"publish","type":"product","link":"https:\/\/vetomshop.hu\/da\/vare\/vita-medal\/","title":{"rendered":"Debat-medalje"},"content":{"rendered":"<h4>Debat-medalje<\/h4>\n<p><strong>Hovedfunktion:\u00a0<\/strong>Det er et supplerende v\u00e6rkt\u00f8j til forebyggelse og supplerende behandling af ford\u00f8jelsessygdomme og til aktivering af regenereringsprocesser efter sygdomme.<\/p>\n<p><strong>Kort beskrivelse<\/strong><\/p>\n<p>Det spektrale m\u00f8nster, der er registreret p\u00e5 Vita Health Medallion, svarer til vibrationerne i organer, v\u00e6v og organer i ford\u00f8jelseskanalen. Det svarer til<br \/>\nvibration af antihomotoksiske l\u00e6gemidler, som har immunmodulerende, antiinflammatoriske, desensibiliserende (afsensibiliserende) virkninger.<\/p>\n<p>Ford\u00f8jelsessystemet er det s\u00e6t af fysiske, kemiske og fysiologiske processer, hvormed den indtagne mad omdannes til simple kemiske bindinger og optages af cellerne.<\/p>\n<div class=\"su-spoiler su-spoiler-style-defoult su-spoiler-icon-caret su-spoiler-closed\" data-scroll-offset=\"0\" data-anchor-in-url=\"no\"><div class=\"su-spoiler-title\" tabindex=\"0\" role=\"button\"><span class=\"su-spoiler-icon\"><\/span>Alle<\/div><div class=\"su-spoiler-content su-u-clearfix su-u-trim\">\nDisse processer foreg\u00e5r i en bestemt r\u00e6kkef\u00f8lge i ford\u00f8jelseskanalen (mundhule, hals, spiser\u00f8r, maves\u00e6k, tyndtarm og tyktarm, lever, galde og bugspytkirtel). Processen udf\u00f8res af reguleringsmekanismer p\u00e5 forskellige niveauer. Den sekventielle progression i ford\u00f8jelsessystemet, som resulterer i nedbrydning af mad til absorberbare monomerer, er essensen af dets funktion.<br \/>\n<\/div><\/div>","protected":false},"excerpt":{"rendered":"<p>Vita Med\u00e1l F\u0151 funkci\u00f3ja:\u00a0Kieg\u00e9sz\u00edt\u0151 eszk\u00f6z a az em\u00e9szt\u0151rendszeri betegs\u00e9gek megel\u0151z\u00e9s\u00e9re \u00e9s kieg\u00e9sz\u00edt\u0151 kezel\u00e9s\u00e9re, a betegs\u00e9gek ut\u00e1ni regener\u00e1ci\u00f3s folyamatok aktiv\u00e1l\u00e1s\u00e1ra. R\u00f6vid ismertet\u0151 A spektr\u00e1lis minta, mely a Vita Eg\u00e9szs\u00e9g Med\u00e1lon van r\u00f6gz\u00edtve, megfelel az em\u00e9szt\u0151rendszer szervei, sz\u00f6vetei \u00e9s szervei rezg\u00e9s\u00e9nek. Megfelel azoknak az antihomotoxikus k\u00e9sz\u00edtm\u00e9nyek rezg\u00e9s\u00e9nek, melyek immunmodul\u00e1l\u00f3, gyullad\u00e1scs\u00f6kkent\u0151, deszenzibiliz\u00e1l\u00f3 (\u00e9rz\u00e9kenys\u00e9get cs\u00f6kkent\u0151) hat\u00e1ssal b\u00edrnak. Az em\u00e9szt\u0151rendszer [&hellip;]<\/p>\n","protected":false},"featured_media":4750,"comment_status":"open","ping_status":"closed","template":"","meta":[],"product_brand":[],"product_cat":[33,32],"product_tag":[],"class_list":{"0":"post-4751","1":"product","2":"type-product","3":"status-publish","4":"has-post-thumbnail","6":"product_cat-egeszseg-medalok","7":"product_cat-triomed","9":"first","10":"instock","11":"taxable","12":"shipping-taxable","13":"purchasable","14":"product-type-simple"},"_links":{"self":[{"href":"https:\/\/vetomshop.hu\/da\/wp-json\/wp\/v2\/product\/4751","targetHints":{"allow":["GET"]}}],"collection":[{"href":"https:\/\/vetomshop.hu\/da\/wp-json\/wp\/v2\/product"}],"about":[{"href":"https:\/\/vetomshop.hu\/da\/wp-json\/wp\/v2\/types\/product"}],"replies":[{"embeddable":true,"href":"https:\/\/vetomshop.hu\/da\/wp-json\/wp\/v2\/comments?post=4751"}],"wp:featuredmedia":[{"embeddable":true,"href":"https:\/\/vetomshop.hu\/da\/wp-json\/wp\/v2\/media\/4750"}],"wp:attachment":[{"href":"https:\/\/vetomshop.hu\/da\/wp-json\/wp\/v2\/media?parent=4751"}],"wp:term":[{"taxonomy":"product_brand","embeddable":true,"href":"https:\/\/vetomshop.hu\/da\/wp-json\/wp\/v2\/product_brand?post=4751"},{"taxonomy":"product_cat","embeddable":true,"href":"https:\/\/vetomshop.hu\/da\/wp-json\/wp\/v2\/product_cat?post=4751"},{"taxonomy":"product_tag","embeddable":true,"href":"https:\/\/vetomshop.hu\/da\/wp-json\/wp\/v2\/product_tag?post=4751"}],"curies":[{"name":"wp","href":"https:\/\/api.w.org\/{rel}","templated":true}]}}