{"id":4755,"date":"2023-11-11T14:34:03","date_gmt":"2023-11-11T13:34:03","guid":{"rendered":"https:\/\/vetomshop.hu\/termek\/menedzser-kartya\/"},"modified":"2023-11-11T14:34:03","modified_gmt":"2023-11-11T13:34:03","slug":"menedzser-kartya","status":"publish","type":"product","link":"https:\/\/vetomshop.hu\/da\/vare\/menedzser-kartya\/","title":{"rendered":"Manager-kort"},"content":{"rendered":"<h4>Hvad er MENEDZSER CARD til?<\/h4>\n<p><strong>MANAGER CARD<\/strong> - et apparat til forebyggelse og behandling af kronisk tr\u00e6thed og overarbejdssyndrom, til at \u00f8ge arbejdskapaciteten, til at aktivere regenereringsprocesser efter stressende arbejdsbelastninger og til at \u00f8ge immunforsvaret.<\/p>\n<p>Funktionen af MENEDZSER CARD underst\u00f8tter kognitive processer. Det er rettet mod at aktivere hukommelsesprocesser, muligg\u00f8re \u00f8jeblikkelig memorering af n\u00f8dvendige oplysninger, \u00f8ge t\u00e6nkehastigheden, genoprette det normale forl\u00f8b af fysiologiske processer i cellerne og v\u00e6vene i centralnervesystemet og \u00f8ge deres stabilitet mod de skadelige virkninger af omverdenen.<\/p>\n<p><strong>Effekter:<\/strong><\/p>\n<ul>\n<li>underst\u00f8tter blodcirkulationen og de metaboliske processer i centralnervesystemet og hj\u00e6lper med at genoprette centralnervesystemets funktioner;<\/li>\n<li>hj\u00e6lper med at forbedre hukommelsen, s\u00e5 du kan absorbere mere information;<\/li>\n<li>underst\u00f8tter koncentrationen,<\/li>\n<li>reducerer tr\u00e6thed under aktivitet;<\/li>\n<li>reducerer neuro-emotionel sp\u00e6nding under computerbrug;<\/li>\n<li>harmoniserer den f\u00f8lelsesm\u00e6ssige-psykiske holdning;<\/li>\n<li>forbedrer intuitionen,<\/li>\n<li>hj\u00e6lper med at forebygge udviklingen af kronisk stress og tr\u00e6thed.<\/li>\n<\/ul>\n<div class=\"su-spoiler su-spoiler-style-defoult su-spoiler-icon-caret su-spoiler-closed\" data-scroll-offset=\"0\" data-anchor-in-url=\"no\"><div class=\"su-spoiler-title\" tabindex=\"0\" role=\"button\"><span class=\"su-spoiler-icon\"><\/span>Alle<\/div><div class=\"su-spoiler-content su-u-clearfix su-u-trim\">\n<strong>Med hj\u00e6lp fra:<\/strong><\/p>\n<ul>\n<li>vil fokusere p\u00e5 de vigtigste ting,<\/li>\n<li>fremmer en positiv holdning til livet og udviklingen af beslutsomhed,<\/li>\n<li>hj\u00e6lper dig med at fokusere p\u00e5 succes og form\u00e5l,<\/li>\n<li>underst\u00f8tter en f\u00f8lelse af pr\u00e6station, selvtillid og tro p\u00e5, at m\u00e5let lykkes!<\/li>\n<\/ul>\n<\/div><\/div>","protected":false},"excerpt":{"rendered":"<p>Mire szolg\u00e1l a MENEDZSER K\u00c1RTYA? MENEDZSER K\u00c1RTYA \u2013 a kr\u00f3nikus f\u00e1rad\u00e9konys\u00e1g \u00e9s a t\u00falhajszolts\u00e1g szindr\u00f3m\u00e1ja megel\u0151z\u00e9s\u00e9re \u00e9s kezel\u00e9s\u00e9re, a munkab\u00edr\u00e1s n\u00f6vel\u00e9s\u00e9re, az \u00e1tv\u00e9szelt stressz-megterhel\u00e9seket k\u00f6vet\u0151 regener\u00e1ci\u00f3s folyamatok aktiviz\u00e1l\u00e1s\u00e1ra, az immunit\u00e1s n\u00f6vel\u00e9s\u00e9re szolg\u00e1l\u00f3 k\u00e9sz\u00fcl\u00e9k. A MENEDZSER K\u00c1RTYA m\u0171k\u00f6d\u00e9se a kognit\u00edv folyamatok m\u0171k\u00f6d\u00e9s\u00e9t t\u00e1mogatja. Az eml\u00e9kez\u00e9s folyamatainak aktiviz\u00e1l\u00e1s\u00e1ra, a sz\u00fcks\u00e9ges inform\u00e1ci\u00f3 azonnali memoriz\u00e1l\u00e1s\u00e1nak lehet\u0151s\u00e9g\u00e9re, a gondolkod\u00e1s sebess\u00e9g\u00e9nek [&hellip;]<\/p>\n","protected":false},"featured_media":4754,"comment_status":"open","ping_status":"closed","template":"","meta":[],"product_brand":[],"product_cat":[33,32],"product_tag":[],"class_list":{"0":"post-4755","1":"product","2":"type-product","3":"status-publish","4":"has-post-thumbnail","6":"product_cat-egeszseg-medalok","7":"product_cat-triomed","9":"first","10":"instock","11":"taxable","12":"shipping-taxable","13":"purchasable","14":"product-type-simple"},"_links":{"self":[{"href":"https:\/\/vetomshop.hu\/da\/wp-json\/wp\/v2\/product\/4755","targetHints":{"allow":["GET"]}}],"collection":[{"href":"https:\/\/vetomshop.hu\/da\/wp-json\/wp\/v2\/product"}],"about":[{"href":"https:\/\/vetomshop.hu\/da\/wp-json\/wp\/v2\/types\/product"}],"replies":[{"embeddable":true,"href":"https:\/\/vetomshop.hu\/da\/wp-json\/wp\/v2\/comments?post=4755"}],"wp:featuredmedia":[{"embeddable":true,"href":"https:\/\/vetomshop.hu\/da\/wp-json\/wp\/v2\/media\/4754"}],"wp:attachment":[{"href":"https:\/\/vetomshop.hu\/da\/wp-json\/wp\/v2\/media?parent=4755"}],"wp:term":[{"taxonomy":"product_brand","embeddable":true,"href":"https:\/\/vetomshop.hu\/da\/wp-json\/wp\/v2\/product_brand?post=4755"},{"taxonomy":"product_cat","embeddable":true,"href":"https:\/\/vetomshop.hu\/da\/wp-json\/wp\/v2\/product_cat?post=4755"},{"taxonomy":"product_tag","embeddable":true,"href":"https:\/\/vetomshop.hu\/da\/wp-json\/wp\/v2\/product_tag?post=4755"}],"curies":[{"name":"wp","href":"https:\/\/api.w.org\/{rel}","templated":true}]}}