{"id":5820,"date":"2024-06-01T18:26:31","date_gmt":"2024-06-01T16:26:31","guid":{"rendered":"https:\/\/vetomshop.hu\/?post_type=product&#038;p=5820"},"modified":"2026-04-12T08:27:56","modified_gmt":"2026-04-12T06:27:56","slug":"vetom-1-1-probiotikum-por-500-g-etrend-kiegeszito","status":"publish","type":"product","link":"https:\/\/vetomshop.hu\/da\/vare\/vetom-1-1-probiotikum-por-500-g-etrend-kiegeszito\/","title":{"rendered":"Vetom <span style=\"color:red\">1.1<\/span> probiotisk <br>por <span style=\"color:red\">500 g<\/span> (kosttilskud)"},"content":{"rendered":"<p>De gavnlige virkninger af <strong>Bacillus subtilis<\/strong> gavnlige bakterier, der hovedsageligt formerer sig i tyktarmen og producerer: proteolytiske, amylolytiske, cellulolytiske enzymer; humane leukocytter a-2 interferon; bacitracin mg, som h\u00e6mmer v\u00e6ksten og udviklingen af patogene og potentielt patogene mikrofloraer; og andre biologisk aktive stoffer.<\/p>\n<p>Som f\u00f8lge heraf omdannes den bakterielle sammens\u00e6tning af tarmindholdet til den rette udviklingsnorm, tarmv\u00e6ggene renses for uford\u00f8jede rester, hvilket bidrager til aktiv fjernelse af toksiner fra kroppen og uhindret transport af biologisk aktive n\u00e6ringsstoffer.<\/p>\n<p>Ved hj\u00e6lp af Vetom 1.1 normaliseres stofskiftet, ford\u00f8jelsen og optagelsen af biologisk aktive f\u00f8devarekomponenter i mave-tarmkanalen.<\/p>\n<p>Et b\u00f8rnevenligt produkt, som er dejligt s\u00f8dt og endda kan spises alene.<\/p>\n<p>Vetom 1.1 \u00f8ger medicinens effektivitet og reducerer dens negative bivirkninger p\u00e5 menneskekroppen.<\/p>\n<p>Det er ikke et l\u00e6gemiddel.<\/p>\n<p><strong>Farmakologiske virkninger<\/strong>: immunmodulerende, antiviral, antiproliferativ, bakteriedr\u00e6bende, svampedr\u00e6bende, antiklamydial.<\/p>\n<h5>Funktioner:<\/h5>\n<ul>\n<li>Det har h\u00f8j antagonistisk aktivitet mod patogene og betinget patogene svampe og bakterier, antivirale, proteolytiske, amylytiske og cellulolytiske egenskaber.<\/li>\n<li>stimulerer cellul\u00e6re og humorale immunitetsfaktorer<\/li>\n<li>\u00f8ger kroppens uspecifikke modstandskraft<\/li>\n<li>Stabiliserer allergisk resistens<\/li>\n<li>normaliserer stofskiftet<\/li>\n<\/ul>\n<p>- INGEN BIVIRKNINGER<br \/>\n- INGEN ALDERSBEGR\u00c6NSNING<br \/>\n- INGEN OVERDOSERING<br \/>\n- IKKE VANEDANNENDE<\/p>\n<h5>Anvendelsesomr\u00e5de<\/h5>\n<p>Brug af probiotiske mikroorganismer som et biologisk aktivt f\u00f8devaretils\u00e6tningsstof anbefales til reparation af mave-tarmkanalen og genoprettelse af tarmens mikroflora.<\/p>\n<p><em><strong>Dosering:<\/strong><\/em> Anbefales i 10 dage, 3-5 teskefulde pulver dagligt f\u00f8r, under eller efter m\u00e5ltider, alene (kan ogs\u00e5 drikkes med vand eller juice). .<\/p>\n<p>Vetom 1.1 er ikke vanedannende.<\/p>\n<p>Det anbefales at gentage kurene efter 1-2 ugers pause, og det er tilr\u00e5deligt at skifte til et andet nummereret Vetom-produkt med mellemrum.<\/p>\n<h5>Kontraindikationer<\/h5>\n<p>Overf\u00f8lsomhed over for visse ingredienser i produktet.<\/p>\n<p>Tag ikke Vetom 1.1 samtidig med antibiotika og andre probiotika.<\/p>\n<h5>S\u00e6rlige instruktioner<\/h5>\n<p>M\u00e5 kun anvendes under graviditet og amning efter aftale med en l\u00e6ge.<\/p>\n<p>Pr\u00e6paratet p\u00e5virker ikke evnen til at k\u00f8re bil eller betjene potentielt farlige mekanismer.<\/p>\n<h5>Udlevering<\/h5>\n<p><strong>I pulverform, pakket i polymerbeholdere<\/strong><\/p>\n<h5><strong>Ingredienser:<\/strong><\/h5>\n<p>Vetom 1.1. er et biologisk aktivt tils\u00e6tningsstof, der bruges som en ekstra kilde til probiotiske mikroorganismer. 1 portion kosttilskud - 5 g, som ,<\/p>\n<p>Indeholder: majsekstrakt - 2000 mg; kartoffelstivelse - 1500 mg; puddersukker - 1000 mg; t\u00f8rkultur af probiotiske mikroorganismer Bacillus subtilis B-10641 (DSM 24613) stamme 1\u00d7108 CFU\/g - 500 mg. Vetom 1.1 administreres oralt.<\/p>\n<p>Indhold pr. 100 g produkt (gennemsnitsv\u00e6rdier): fedt - h\u00f8jst 0,1 g, proteiner - h\u00f8jst 1,0 g, kulhydrater - mindst 98,9 g. Energiv\u00e6rdi - h\u00f8jst 400 Kcal.<\/p>\n<h5>Opbevaringsforhold<\/h5>\n<p>Kan opbevares ved 75 % relativ luftfugtighed under 30\u00b0C.<\/p>\n<h5>Holdbarhed<\/h5>\n<p>2 \u00e5r fra fremstillingsdatoen. M\u00e5 ikke indtages efter udl\u00f8bsdatoen.<\/p>\n<p>Nettov\u00e6gt - 500 g<\/p>\n<p>Bruttov\u00e6gt - 547 g<\/p>","protected":false},"excerpt":{"rendered":"<p>De gavnlige virkninger af <strong>Bacillus subtilis<\/strong> gavnlige bakterier, som hovedsageligt produceres ved at formere sig i tyktarmen:<\/p>\n<ul class=\"vetom-list\">\n<li>proteolytiske, amylolytiske og cellulosolytiske enzymer;<\/li>\n<li>a-2 interferon i humane leukocytter;<\/li>\n<li>bacitracin mg, som h\u00e6mmer v\u00e6kst og udvikling af patogene og potentielt patogene mikrofloraer;<\/li>\n<li>og andre biologisk aktive stoffer.<\/li>\n<\/ul>\n<p>Som f\u00f8lge heraf omdannes den bakterielle sammens\u00e6tning af tarmindholdet til den rette udviklingsnorm, tarmv\u00e6ggene renses for uford\u00f8jede rester, hvilket bidrager til aktiv fjernelse af toksiner fra kroppen og uhindret transport af biologisk aktive n\u00e6ringsstoffer.<\/p>\n<div class=\"plashka\">A <strong>Vetom <span style=\"color: red;\">1.1<\/span><\/strong> normaliserer stofskiftet, ford\u00f8jelsen og optagelsen af biologisk aktive f\u00f8devarekomponenter i mave-tarmkanalen.<\/div>\n<p>Et b\u00f8rnevenligt produkt, som er dejligt s\u00f8dt og kan spises alene.<\/p>\n<p>A <strong>Vetom <span style=\"color: red;\">1.1<\/span><\/strong> \u00f8ger l\u00e6gemidlers effektivitet og reducerer deres negative bivirkninger p\u00e5 menneskekroppen.<\/p>\n<p>Det er ikke et l\u00e6gemiddel.<\/p>\n<div class=\"plashka\"><strong>Farmakologiske virkninger<\/strong>: immunmodulerende, antiviral, antiproliferativ, bakteriedr\u00e6bende, svampedr\u00e6bende, antiklamydial.<\/div>\n<h5>Funktioner:<\/h5>\n<ul class=\"vetom-list\">\n<li>Det har h\u00f8j antagonistisk aktivitet mod patogene og betinget patogene svampe og bakterier, antivirale, proteolytiske, amylytiske og cellulolytiske egenskaber.<\/li>\n<li>stimulerer cellul\u00e6re og humorale immunitetsfaktorer<\/li>\n<li>\u00f8ger kroppens uspecifikke modstandskraft<\/li>\n<li>Stabiliserer allergisk resistens<\/li>\n<li>normaliserer stofskiftet<\/li>\n<\/ul>","protected":false},"featured_media":5821,"comment_status":"open","ping_status":"closed","template":"","meta":[],"product_brand":[],"product_cat":[22],"product_tag":[],"class_list":{"0":"post-5820","1":"product","2":"type-product","3":"status-publish","4":"has-post-thumbnail","6":"product_cat-vetom-probiotikumok","8":"first","9":"instock","10":"featured","11":"taxable","12":"shipping-taxable","13":"purchasable","14":"product-type-simple"},"_links":{"self":[{"href":"https:\/\/vetomshop.hu\/da\/wp-json\/wp\/v2\/product\/5820","targetHints":{"allow":["GET"]}}],"collection":[{"href":"https:\/\/vetomshop.hu\/da\/wp-json\/wp\/v2\/product"}],"about":[{"href":"https:\/\/vetomshop.hu\/da\/wp-json\/wp\/v2\/types\/product"}],"replies":[{"embeddable":true,"href":"https:\/\/vetomshop.hu\/da\/wp-json\/wp\/v2\/comments?post=5820"}],"wp:featuredmedia":[{"embeddable":true,"href":"https:\/\/vetomshop.hu\/da\/wp-json\/wp\/v2\/media\/5821"}],"wp:attachment":[{"href":"https:\/\/vetomshop.hu\/da\/wp-json\/wp\/v2\/media?parent=5820"}],"wp:term":[{"taxonomy":"product_brand","embeddable":true,"href":"https:\/\/vetomshop.hu\/da\/wp-json\/wp\/v2\/product_brand?post=5820"},{"taxonomy":"product_cat","embeddable":true,"href":"https:\/\/vetomshop.hu\/da\/wp-json\/wp\/v2\/product_cat?post=5820"},{"taxonomy":"product_tag","embeddable":true,"href":"https:\/\/vetomshop.hu\/da\/wp-json\/wp\/v2\/product_tag?post=5820"}],"curies":[{"name":"wp","href":"https:\/\/api.w.org\/{rel}","templated":true}]}}